{"id":7351,"date":"2023-10-25T14:04:43","date_gmt":"2023-10-25T14:04:43","guid":{"rendered":"https:\/\/jamonesibericoseu.eu\/evenements\/les-medias-et-les-influenceurs-francais-eveillent-leur-sens-du-jambon-iberique\/"},"modified":"2024-09-09T16:38:04","modified_gmt":"2024-09-09T16:38:04","slug":"les-medias-et-les-influenceurs-francais-eveillent-leur-sens-du-jambon-iberique","status":"publish","type":"page","link":"https:\/\/jamonesibericoseu.eu\/fr\/evenements\/les-medias-et-les-influenceurs-francais-eveillent-leur-sens-du-jambon-iberique\/","title":{"rendered":"Les m\u00e9dias et les influenceurs fran\u00e7ais \u00e9veillent Leur Sens du Jambon Ib\u00e9rique"},"content":{"rendered":"<p>[et_pb_section fb_built=\u00a0\u00bb1&Prime; _builder_version=\u00a0\u00bb4.16&Prime; _module_preset=\u00a0\u00bbdefault\u00a0\u00bb global_colors_info=\u00a0\u00bb{}\u00a0\u00bb][et_pb_row _builder_version=\u00a0\u00bb4.16&Prime; _module_preset=\u00a0\u00bbdefault\u00a0\u00bb global_colors_info=\u00a0\u00bb{}\u00a0\u00bb][et_pb_column type=\u00a0\u00bb4_4&Prime; _builder_version=\u00a0\u00bb4.16&Prime; _module_preset=\u00a0\u00bbdefault\u00a0\u00bb global_colors_info=\u00a0\u00bb{}\u00a0\u00bb][et_pb_text _builder_version=\u00a0\u00bb4.16&Prime; _module_preset=\u00a0\u00bbdefault\u00a0\u00bb text_font_size=\u00a0\u00bb16px\u00a0\u00bb header_font=\u00a0\u00bb|700||on|||||\u00a0\u00bb header_text_align=\u00a0\u00bbcenter\u00a0\u00bb header_text_color=\u00a0\u00bb#a31c27&Prime; header_2_font=\u00a0\u00bb|700||on|||||\u00a0\u00bb header_2_text_align=\u00a0\u00bbcenter\u00a0\u00bb header_2_text_color=\u00a0\u00bb#a31c27&Prime; header_2_font_size=\u00a0\u00bb30px\u00a0\u00bb header_2_line_height=\u00a0\u00bb1.2em\u00a0\u00bb background_color=\u00a0\u00bbRGBA(0,0,0,0)\u00a0\u00bb z_index=\u00a0\u00bb500&Prime; width=\u00a0\u00bb80%\u00a0\u00bb module_alignment=\u00a0\u00bbcenter\u00a0\u00bb sticky_limit_bottom=\u00a0\u00bbbody\u00a0\u00bb global_colors_info=\u00a0\u00bb{}\u00a0\u00bb]<\/p>\n<h2>LES M\u00c9DIAS ET LES INFLUENCEURS FRAN\u00c7AIS \u00c9VEILLENT LEUR SENS DU JAMBON IB\u00c9RIQUE<\/h2>\n<p>[\/et_pb_text][et_pb_text _builder_version=\u00a0\u00bb4.16&Prime; _module_preset=\u00a0\u00bbdefault\u00a0\u00bb text_font_size=\u00a0\u00bb16px\u00a0\u00bb header_font=\u00a0\u00bb|700||on|||||\u00a0\u00bb header_text_color=\u00a0\u00bb#a31c27&Prime; header_2_font=\u00a0\u00bb|700||on|||||\u00a0\u00bb header_2_text_color=\u00a0\u00bb#a31c27&Prime; header_2_font_size=\u00a0\u00bb30px\u00a0\u00bb background_color=\u00a0\u00bbRGBA(0,0,0,0)\u00a0\u00bb z_index=\u00a0\u00bb500&Prime; sticky_limit_bottom=\u00a0\u00bbbody\u00a0\u00bb global_colors_info=\u00a0\u00bb{}\u00a0\u00bb]<\/p>\n<p>Le 10 octobre 2023, nous avons r\u00e9uni les plus importants m\u00e9dias et influenceurs fran\u00e7ais \u00e0 Lyon pour d\u00e9couvrir la saveur, la texture et l&rsquo;ar\u00f4me qui font du jambon ib\u00e9rique un produit gastronomique unique en Europe et dans le monde.<\/p>\n<p>L&rsquo;\u00e9v\u00e9nement s&rsquo;est d\u00e9roul\u00e9 sous le regard de Fourvi\u00e8re et du Mus\u00e9e des Confluences, au Cardinal Workside, un espace qui a offert une atmosph\u00e8re d\u00e9tendue et chic, parfaite pour que ces leaders d&rsquo;opinion r\u00e9veillent leur sens ib\u00e9rique \u00e0 travers le menu d\u00e9gustation pr\u00e9par\u00e9 par la prestigieuse chef fran\u00e7aise Amandine Chaignot et sa collaboratrice Margaux Bataillare, avec le jambon ib\u00e9rique comme protagoniste absolu d&rsquo;une proposition d&rsquo;avant-garde.<\/p>\n<p>Le menu \u00e9tait compos\u00e9 de trois plats qui d\u00e9montraient la versatilit\u00e9 du jambon ib\u00e9rique et mettaient en valeur ses qualit\u00e9s uniques.<\/p>\n<p>Selon la chef elle-m\u00eame, \u00ab\u00a0le jambon ib\u00e9rique est pour moi le meilleur ambassadeur de la gastronomie espagnole et europ\u00e9enne. C&rsquo;est un souvenir des grands repas et des r\u00e9unions entre amis. C&rsquo;est aussi un point de r\u00e9f\u00e9rence lorsque vous voyagez \u00e0 travers le monde, il ne vous d\u00e9cevra jamais. Dans ma cuisine, je l&rsquo;utilise seul, avec un verre de vin pour l&rsquo;ap\u00e9ritif. C&rsquo;est un produit tellement durable et puissant qu&rsquo;il peut \u00eatre une petite saveur suppl\u00e9mentaire pour terminer une recette. Son go\u00fbt de noisette, de bois et de pain grill\u00e9 reste sur les papilles et dans la m\u00e9moire. Quelques copeaux sur des \u0153ufs \u00e0 la mayonnaise, dans une salade, et \u00e7a change tout !<\/p>\n<p>[\/et_pb_text][\/et_pb_column][\/et_pb_row][et_pb_row use_custom_gutter=\u00a0\u00bbon\u00a0\u00bb gutter_width=\u00a0\u00bb2&Prime; _builder_version=\u00a0\u00bb4.16&Prime; _module_preset=\u00a0\u00bbdefault\u00a0\u00bb global_colors_info=\u00a0\u00bb{}\u00a0\u00bb][et_pb_column type=\u00a0\u00bb4_4&Prime; _builder_version=\u00a0\u00bb4.16&Prime; _module_preset=\u00a0\u00bbdefault\u00a0\u00bb global_colors_info=\u00a0\u00bb{}\u00a0\u00bb][et_pb_gallery gallery_ids=\u00a0\u00bb0,7335,7299,7315,7319,7323,7211,7215,7219,7223,7227,7231,7235,7239,7243,7247,7251,7255,7259,7263,7267,7271,7275,7279,7283,7287,7291,7295,7303,7307,7311,7327&Prime; posts_number=\u00a0\u00bb%22150%22&Prime; show_title_and_caption=\u00a0\u00bb%22off%22&Prime; show_pagination=\u00a0\u00bb%22off%22&Prime; _builder_version=\u00a0\u00bb4.16&Prime; _module_preset=\u00a0\u00bb%22default%22&Prime; global_colors_info=\u00a0\u00bb%22{}%22&Prime;][\/et_pb_gallery][\/et_pb_column][\/et_pb_row][\/et_pb_section][et_pb_section fb_built=\u00a0\u00bb1&Prime; _builder_version=\u00a0\u00bb4.16&Prime; _module_preset=\u00a0\u00bbdefault\u00a0\u00bb global_colors_info=\u00a0\u00bb{}\u00a0\u00bb][et_pb_row _builder_version=\u00a0\u00bb4.16&Prime; _module_preset=\u00a0\u00bbdefault\u00a0\u00bb global_colors_info=\u00a0\u00bb{}\u00a0\u00bb][et_pb_column type=\u00a0\u00bb4_4&Prime; _builder_version=\u00a0\u00bb4.16&Prime; _module_preset=\u00a0\u00bbdefault\u00a0\u00bb global_colors_info=\u00a0\u00bb{}\u00a0\u00bb][et_pb_text _builder_version=\u00a0\u00bb4.25.1&Prime; _module_preset=\u00a0\u00bbdefault\u00a0\u00bb width=\u00a0\u00bb80%\u00a0\u00bb module_alignment=\u00a0\u00bbcenter\u00a0\u00bb hover_enabled=\u00a0\u00bb0&Prime; global_colors_info=\u00a0\u00bb{}\u00a0\u00bb sticky_enabled=\u00a0\u00bb0&Prime;]<a class=\"vp-a vp-dr\" href=\"https:\/\/youtu.be\/T3cWyOqLtBA\" rel=\"nofollow\" data-width=\"1920\" data-height=\"1080\" data-dwrap=\"1\" data-iv=\"1\"><img decoding=\"async\" class=\"vp-img\" src=\"https:\/\/jamonesibericoseu.eu\/wp-content\/uploads\/2023\/10\/video_lyon.jpg\"><\/a>[\/et_pb_text][\/et_pb_column][\/et_pb_row][\/et_pb_section]<\/p>\n","protected":false},"excerpt":{"rendered":"<p>LES M\u00c9DIAS ET LES INFLUENCEURS FRAN\u00c7AIS \u00c9VEILLENT LEUR SENS DU JAMBON IB\u00c9RIQUELe 10 octobre 2023, nous avons r\u00e9uni les plus importants m\u00e9dias et influenceurs fran\u00e7ais \u00e0 Lyon pour d\u00e9couvrir la saveur, la texture et l&rsquo;ar\u00f4me qui font du jambon ib\u00e9rique un produit gastronomique unique en Europe et dans le monde. L&rsquo;\u00e9v\u00e9nement s&rsquo;est d\u00e9roul\u00e9 sous le regard de Fourvi\u00e8re et du Mus\u00e9e des Confluences, au Cardinal Workside, un espace qui a offert une atmosph\u00e8re d\u00e9tendue et chic, parfaite pour que ces leaders d&rsquo;opinion r\u00e9veillent leur sens ib\u00e9rique \u00e0 travers le menu d\u00e9gustation pr\u00e9par\u00e9 par la prestigieuse chef fran\u00e7aise Amandine Chaignot et sa collaboratrice Margaux Bataillare, avec le jambon ib\u00e9rique comme protagoniste absolu d&rsquo;une proposition d&rsquo;avant-garde. Le menu \u00e9tait compos\u00e9 de trois plats qui d\u00e9montraient la versatilit\u00e9 du jambon ib\u00e9rique et mettaient en valeur ses qualit\u00e9s uniques. Selon la chef elle-m\u00eame, \u00ab\u00a0le jambon ib\u00e9rique est pour moi le meilleur ambassadeur de la gastronomie espagnole et europ\u00e9enne. C&rsquo;est un souvenir des grands repas et des r\u00e9unions entre amis. C&rsquo;est aussi un point de r\u00e9f\u00e9rence lorsque vous voyagez \u00e0 travers le monde, il ne vous d\u00e9cevra jamais. Dans ma cuisine, je l&rsquo;utilise seul, avec un verre de vin pour l&rsquo;ap\u00e9ritif. C&rsquo;est un produit tellement [&hellip;]<\/p>\n","protected":false},"author":1,"featured_media":0,"parent":4303,"menu_order":1,"comment_status":"closed","ping_status":"closed","template":"","meta":{"_et_pb_use_builder":"on","_et_pb_old_content":"","_et_gb_content_width":"","footnotes":""},"class_list":["post-7351","page","type-page","status-publish","hentry"],"_links":{"self":[{"href":"https:\/\/jamonesibericoseu.eu\/fr\/wp-json\/wp\/v2\/pages\/7351","targetHints":{"allow":["GET"]}}],"collection":[{"href":"https:\/\/jamonesibericoseu.eu\/fr\/wp-json\/wp\/v2\/pages"}],"about":[{"href":"https:\/\/jamonesibericoseu.eu\/fr\/wp-json\/wp\/v2\/types\/page"}],"author":[{"embeddable":true,"href":"https:\/\/jamonesibericoseu.eu\/fr\/wp-json\/wp\/v2\/users\/1"}],"replies":[{"embeddable":true,"href":"https:\/\/jamonesibericoseu.eu\/fr\/wp-json\/wp\/v2\/comments?post=7351"}],"version-history":[{"count":7,"href":"https:\/\/jamonesibericoseu.eu\/fr\/wp-json\/wp\/v2\/pages\/7351\/revisions"}],"predecessor-version":[{"id":8988,"href":"https:\/\/jamonesibericoseu.eu\/fr\/wp-json\/wp\/v2\/pages\/7351\/revisions\/8988"}],"up":[{"embeddable":true,"href":"https:\/\/jamonesibericoseu.eu\/fr\/wp-json\/wp\/v2\/pages\/4303"}],"wp:attachment":[{"href":"https:\/\/jamonesibericoseu.eu\/fr\/wp-json\/wp\/v2\/media?parent=7351"}],"curies":[{"name":"wp","href":"https:\/\/api.w.org\/{rel}","templated":true}]}}