{"id":6993,"date":"2023-06-27T13:13:52","date_gmt":"2023-06-27T13:13:52","guid":{"rendered":"https:\/\/jamonesibericoseu.eu\/?page_id=6993"},"modified":"2023-08-04T12:35:44","modified_gmt":"2023-08-04T12:35:44","slug":"le-sens-de-liberite-seveille-a-berlin-pour-lancer-la-troisieme-annee-de-la-campagne","status":"publish","type":"page","link":"https:\/\/jamonesibericoseu.eu\/fr\/evenements\/le-sens-de-liberite-seveille-a-berlin-pour-lancer-la-troisieme-annee-de-la-campagne\/","title":{"rendered":"Le Sens de L&rsquo;iberite s&rsquo;eveille a Berlin pour lancer la troisi\u00e8me ann\u00e9e de la campagne"},"content":{"rendered":"<p>[et_pb_section fb_built=\u00a0\u00bb1&Prime; _builder_version=\u00a0\u00bb4.10.8&Prime; _module_preset=\u00a0\u00bbdefault\u00a0\u00bb global_colors_info=\u00a0\u00bb{}\u00a0\u00bb][et_pb_row _builder_version=\u00a0\u00bb4.10.8&Prime; _module_preset=\u00a0\u00bbdefault\u00a0\u00bb global_colors_info=\u00a0\u00bb{}\u00a0\u00bb][et_pb_column type=\u00a0\u00bb4_4&Prime; _builder_version=\u00a0\u00bb4.10.8&Prime; _module_preset=\u00a0\u00bbdefault\u00a0\u00bb global_colors_info=\u00a0\u00bb{}\u00a0\u00bb][et_pb_text _builder_version=\u00a0\u00bb4.13.0&Prime; _module_preset=\u00a0\u00bbdefault\u00a0\u00bb text_font_size=\u00a0\u00bb16px\u00a0\u00bb header_font=\u00a0\u00bb|700||on|||||\u00a0\u00bb header_text_align=\u00a0\u00bbcenter\u00a0\u00bb header_text_color=\u00a0\u00bb#a31c27&Prime; header_2_font=\u00a0\u00bb|700||on|||||\u00a0\u00bb header_2_text_align=\u00a0\u00bbcenter\u00a0\u00bb header_2_text_color=\u00a0\u00bb#a31c27&Prime; header_2_font_size=\u00a0\u00bb30px\u00a0\u00bb header_2_line_height=\u00a0\u00bb1.2em\u00a0\u00bb background_color=\u00a0\u00bbRGBA(0,0,0,0)\u00a0\u00bb z_index=\u00a0\u00bb500&Prime; width=\u00a0\u00bb80%\u00a0\u00bb module_alignment=\u00a0\u00bbcenter\u00a0\u00bb sticky_limit_bottom=\u00a0\u00bbbody\u00a0\u00bb global_colors_info=\u00a0\u00bb{}\u00a0\u00bb]<\/p>\n<h2>LE SENS DE L&rsquo;IBERITE S&rsquo;EVEILLE A BERLIN POUR LANCER LA TROISI\u00c8ME ANN\u00c9E DE LA CAMPAGNE<\/h2>\n<p>[\/et_pb_text][et_pb_text _builder_version=\u00a0\u00bb4.13.0&Prime; _module_preset=\u00a0\u00bbdefault\u00a0\u00bb text_font_size=\u00a0\u00bb16px\u00a0\u00bb header_font=\u00a0\u00bb|700||on|||||\u00a0\u00bb header_text_color=\u00a0\u00bb#a31c27&Prime; header_2_font=\u00a0\u00bb|700||on|||||\u00a0\u00bb header_2_text_color=\u00a0\u00bb#a31c27&Prime; header_2_font_size=\u00a0\u00bb30px\u00a0\u00bb background_color=\u00a0\u00bbRGBA(0,0,0,0)\u00a0\u00bb z_index=\u00a0\u00bb500&Prime; sticky_limit_bottom=\u00a0\u00bbbody\u00a0\u00bb global_colors_info=\u00a0\u00bb{}\u00a0\u00bb]<\/p>\n<p><strong>Le 14 juin 2023<\/strong>, nous avons pr\u00e9sent\u00e9 \u00e0 Berlin le projet le plus ambitieux de l&rsquo;histoire du secteur ib\u00e9rique: \u00ab\u00a0<strong>Jamones Ib\u00e9ricos de Espa\u00f1a, Embajadores de Europa en el mundo. R\u00e9veillez votre sens ib\u00e9rique\u00a0\u00bb.<\/strong><\/p>\n<p>L&rsquo;\u00e9v\u00e9nement s&rsquo;est d\u00e9roul\u00e9 en pr\u00e9sence <strong>de l&rsquo;ambassadeur d&rsquo;Espagne en Allemagne<\/strong>, Ricardo Mart\u00ednez V\u00e1zquez, du <strong>pr\u00e9sident de l&rsquo;Interprofesional del Cerdo Ib\u00e9rico<\/strong>, Ra\u00fal Garc\u00eda, et des <strong>chefs ambassadeurs de la campagne<\/strong> : le chef espagnol aux deux \u00e9toiles Michelin <strong>Mario Sandoval<\/strong> et le prestigieux chef allemand aux \u00e9toiles Michelin <strong>Christian Sturm-Willms.<\/strong><\/p>\n<p>Une occasion unique de d\u00e9couvrir la campagne et d&rsquo;apprendre de premi\u00e8re main les <strong>qualit\u00e9s diff\u00e9rentielles<\/strong> de ce <strong>produit gastronomique<\/strong> unique, en Europe et dans le monde, de la part de <strong>professionnels du secteur.<\/strong><\/p>\n<p>Point de d\u00e9part de la <strong>troisi\u00e8me ann\u00e9e de promotion<\/strong> de cette campagne, l&rsquo;\u00e9v\u00e9nement a r\u00e9uni plusieurs talents de la cuisine, tels que <strong>Mario Sandoval et Christian Sturm-Willms, <\/strong>d\u00e9j\u00e0 cit\u00e9s, ainsi que le chef allemand <strong>Michael Kempf<\/strong>. Des r\u00e9f\u00e9rences authentiques de la haute cuisine qui ont r\u00e9gal\u00e9 les participants avec un menu d\u00e9gustation dont le jambon ib\u00e9rique est l&rsquo;ingr\u00e9dient phare.<\/p>\n<p>Tout cela pour continuer \u00e0 \u00e9veiller <strong>le Sentido Ib\u00e9rico<\/strong> en <strong>Allemagne<\/strong>, en Europe et dans <strong>le monde.<\/strong><\/p>\n<p>[\/et_pb_text][\/et_pb_column][\/et_pb_row][et_pb_row use_custom_gutter=\u00a0\u00bbon\u00a0\u00bb gutter_width=\u00a0\u00bb2&Prime; _builder_version=\u00a0\u00bb4.13.0&Prime; _module_preset=\u00a0\u00bbdefault\u00a0\u00bb global_colors_info=\u00a0\u00bb{}\u00a0\u00bb][et_pb_column type=\u00a0\u00bb4_4&Prime; _builder_version=\u00a0\u00bb4.13.0&Prime; _module_preset=\u00a0\u00bbdefault\u00a0\u00bb global_colors_info=\u00a0\u00bb{}\u00a0\u00bb][et_pb_gallery gallery_ids=\u00a0\u00bb6996,7000,7004,7008,7012,7016,7020,7024,7028,7032,7036,7040,7044,7048,7052,7056,7060,7064,7068,7072,7076,7080,7084,7088,7092,7096,7100,7104&Prime; posts_number=\u00a0\u00bb150&Prime; show_title_and_caption=\u00a0\u00bboff\u00a0\u00bb show_pagination=\u00a0\u00bboff\u00a0\u00bb _builder_version=\u00a0\u00bb4.13.0&Prime; _module_preset=\u00a0\u00bbdefault\u00a0\u00bb hover_enabled=\u00a0\u00bb0&Prime; global_colors_info=\u00a0\u00bb{}\u00a0\u00bb sticky_enabled=\u00a0\u00bb0&Prime;][\/et_pb_gallery][\/et_pb_column][\/et_pb_row][\/et_pb_section]<\/p>\n","protected":false},"excerpt":{"rendered":"<p>LE SENS DE L&rsquo;IBERITE S&rsquo;EVEILLE A BERLIN POUR LANCER LA TROISI\u00c8ME ANN\u00c9E DE LA CAMPAGNELe 14 juin 2023, nous avons pr\u00e9sent\u00e9 \u00e0 Berlin le projet le plus ambitieux de l&rsquo;histoire du secteur ib\u00e9rique: \u00ab\u00a0Jamones Ib\u00e9ricos de Espa\u00f1a, Embajadores de Europa en el mundo. R\u00e9veillez votre sens ib\u00e9rique\u00a0\u00bb. L&rsquo;\u00e9v\u00e9nement s&rsquo;est d\u00e9roul\u00e9 en pr\u00e9sence de l&rsquo;ambassadeur d&rsquo;Espagne en Allemagne, Ricardo Mart\u00ednez V\u00e1zquez, du pr\u00e9sident de l&rsquo;Interprofesional del Cerdo Ib\u00e9rico, Ra\u00fal Garc\u00eda, et des chefs ambassadeurs de la campagne : le chef espagnol aux deux \u00e9toiles Michelin Mario Sandoval et le prestigieux chef allemand aux \u00e9toiles Michelin Christian Sturm-Willms. Une occasion unique de d\u00e9couvrir la campagne et d&rsquo;apprendre de premi\u00e8re main les qualit\u00e9s diff\u00e9rentielles de ce produit gastronomique unique, en Europe et dans le monde, de la part de professionnels du secteur. Point de d\u00e9part de la troisi\u00e8me ann\u00e9e de promotion de cette campagne, l&rsquo;\u00e9v\u00e9nement a r\u00e9uni plusieurs talents de la cuisine, tels que Mario Sandoval et Christian Sturm-Willms, d\u00e9j\u00e0 cit\u00e9s, ainsi que le chef allemand Michael Kempf. Des r\u00e9f\u00e9rences authentiques de la haute cuisine qui ont r\u00e9gal\u00e9 les participants avec un menu d\u00e9gustation dont le jambon ib\u00e9rique est l&rsquo;ingr\u00e9dient phare. Tout cela pour continuer \u00e0 \u00e9veiller le Sentido Ib\u00e9rico en Allemagne, en [&hellip;]<\/p>\n","protected":false},"author":1,"featured_media":0,"parent":4303,"menu_order":1,"comment_status":"closed","ping_status":"closed","template":"","meta":{"_et_pb_use_builder":"on","_et_pb_old_content":"","_et_gb_content_width":"","footnotes":""},"class_list":["post-6993","page","type-page","status-publish","hentry"],"_links":{"self":[{"href":"https:\/\/jamonesibericoseu.eu\/fr\/wp-json\/wp\/v2\/pages\/6993","targetHints":{"allow":["GET"]}}],"collection":[{"href":"https:\/\/jamonesibericoseu.eu\/fr\/wp-json\/wp\/v2\/pages"}],"about":[{"href":"https:\/\/jamonesibericoseu.eu\/fr\/wp-json\/wp\/v2\/types\/page"}],"author":[{"embeddable":true,"href":"https:\/\/jamonesibericoseu.eu\/fr\/wp-json\/wp\/v2\/users\/1"}],"replies":[{"embeddable":true,"href":"https:\/\/jamonesibericoseu.eu\/fr\/wp-json\/wp\/v2\/comments?post=6993"}],"version-history":[{"count":5,"href":"https:\/\/jamonesibericoseu.eu\/fr\/wp-json\/wp\/v2\/pages\/6993\/revisions"}],"predecessor-version":[{"id":7167,"href":"https:\/\/jamonesibericoseu.eu\/fr\/wp-json\/wp\/v2\/pages\/6993\/revisions\/7167"}],"up":[{"embeddable":true,"href":"https:\/\/jamonesibericoseu.eu\/fr\/wp-json\/wp\/v2\/pages\/4303"}],"wp:attachment":[{"href":"https:\/\/jamonesibericoseu.eu\/fr\/wp-json\/wp\/v2\/media?parent=6993"}],"curies":[{"name":"wp","href":"https:\/\/api.w.org\/{rel}","templated":true}]}}