{"id":6893,"date":"2023-05-25T10:44:01","date_gmt":"2023-05-25T10:44:01","guid":{"rendered":"https:\/\/jamonesibericoseu.eu\/evenements\/lumieres-camera-et-jambon-le-sens-iberique-se-reveille-au-festival-du-film-de-san-sebastian\/"},"modified":"2023-05-25T11:02:04","modified_gmt":"2023-05-25T11:02:04","slug":"lumieres-camera-et-jambon-le-sens-iberique-se-reveille-au-festival-du-film-de-san-sebastian","status":"publish","type":"page","link":"https:\/\/jamonesibericoseu.eu\/fr\/evenements\/lumieres-camera-et-jambon-le-sens-iberique-se-reveille-au-festival-du-film-de-san-sebastian\/","title":{"rendered":"Lumi\u00e8res, cam\u00e9ra et jambon ! le Sens Ib\u00e9rique se r\u00e9veille au Festival du Film de San Sebasti\u00e1n"},"content":{"rendered":"<p>[et_pb_section fb_built=\u00a0\u00bb1&Prime; _builder_version=\u00a0\u00bb4.10.8&Prime; _module_preset=\u00a0\u00bbdefault\u00a0\u00bb global_colors_info=\u00a0\u00bb{}\u00a0\u00bb][et_pb_row _builder_version=\u00a0\u00bb4.10.8&Prime; _module_preset=\u00a0\u00bbdefault\u00a0\u00bb global_colors_info=\u00a0\u00bb{}\u00a0\u00bb][et_pb_column type=\u00a0\u00bb4_4&Prime; _builder_version=\u00a0\u00bb4.10.8&Prime; _module_preset=\u00a0\u00bbdefault\u00a0\u00bb global_colors_info=\u00a0\u00bb{}\u00a0\u00bb][et_pb_text _builder_version=\u00a0\u00bb4.13.0&Prime; _module_preset=\u00a0\u00bbdefault\u00a0\u00bb text_font_size=\u00a0\u00bb16px\u00a0\u00bb header_font=\u00a0\u00bb|700||on|||||\u00a0\u00bb header_text_align=\u00a0\u00bbcenter\u00a0\u00bb header_text_color=\u00a0\u00bb#a31c27&Prime; header_2_font=\u00a0\u00bb|700||on|||||\u00a0\u00bb header_2_text_align=\u00a0\u00bbcenter\u00a0\u00bb header_2_text_color=\u00a0\u00bb#a31c27&Prime; header_2_font_size=\u00a0\u00bb30px\u00a0\u00bb header_2_line_height=\u00a0\u00bb1.2em\u00a0\u00bb background_color=\u00a0\u00bbRGBA(0,0,0,0)\u00a0\u00bb z_index=\u00a0\u00bb500&Prime; width=\u00a0\u00bb80%\u00a0\u00bb module_alignment=\u00a0\u00bbcenter\u00a0\u00bb sticky_limit_bottom=\u00a0\u00bbbody\u00a0\u00bb hover_enabled=\u00a0\u00bb0&Prime; global_colors_info=\u00a0\u00bb{}\u00a0\u00bb sticky_enabled=\u00a0\u00bb0&Prime;]<\/p>\n<h2>LUMI\u00c8RES, CAM\u00c9RA ET JAMBON ! LE SENS IB\u00c9RIQUE SE R\u00c9VEILLE AU FESTIVAL DU FILM DE SAN SEBASTI\u00c1N<\/h2>\n<p>[\/et_pb_text][et_pb_text _builder_version=\u00a0\u00bb4.13.0&Prime; _module_preset=\u00a0\u00bbdefault\u00a0\u00bb text_font_size=\u00a0\u00bb16px\u00a0\u00bb header_font=\u00a0\u00bb|700||on|||||\u00a0\u00bb header_text_color=\u00a0\u00bb#a31c27&Prime; header_2_font=\u00a0\u00bb|700||on|||||\u00a0\u00bb header_2_text_color=\u00a0\u00bb#a31c27&Prime; header_2_font_size=\u00a0\u00bb30px\u00a0\u00bb background_color=\u00a0\u00bbRGBA(0,0,0,0)\u00a0\u00bb z_index=\u00a0\u00bb500&Prime; sticky_limit_bottom=\u00a0\u00bbbody\u00a0\u00bb hover_enabled=\u00a0\u00bb0&Prime; global_colors_info=\u00a0\u00bb{}\u00a0\u00bb sticky_enabled=\u00a0\u00bb0&Prime;]<\/p>\n<p>Pour une ann\u00e9e suppl\u00e9mentaire, <strong>le cin\u00e9ma et la gastronomie <\/strong>se sont retrouv\u00e9s dans la capitale du Gipuzkoa, \u00e0 l&rsquo;occasion d&rsquo;une nouvelle \u00e9dition du <strong>Festival international du film de San Sebasti\u00e1n. <\/strong>Rendez-vous auquel, les <strong>Jambons Ib\u00e9riques d&rsquo;Espagne <\/strong>, en tant <strong>qu&rsquo;ambassadeurs de la culture europ\u00e9enne, <\/strong>ne pouvaient pas manquer.<\/p>\n<p>La campagne <strong>\u00ab\u00a0Jambons ib\u00e9riques d&rsquo;Espagne, ambassadeurs de l&rsquo;Europe dans le monde\u00a0\u00bb, <\/strong>promue par l&rsquo;ASICI, avec le soutien de l&rsquo;UE, a de nouveau parrain\u00e9 cet \u00e9v\u00e9nement, pour la <strong>huiti\u00e8me ann\u00e9e cons\u00e9cutive, <\/strong>en raison de son <strong>impact mondial et de sa projection internationale claire <\/strong>, valeurs partag\u00e9es avec <strong>le jambon ib\u00e9rique. <\/strong>Selon <strong>Antonio Prieto, pr\u00e9sident de l&rsquo;ASICI <\/strong>, \u00ab Comme le cin\u00e9ma, le jambon ib\u00e9rique est une exp\u00e9rience unique, passionnante et sensorielle. D&rsquo;o\u00f9 l&rsquo;union naturelle qui, ann\u00e9e apr\u00e8s ann\u00e9e, s&rsquo;est forg\u00e9e dans le cadre incomparable du Festival international du film de Saint-S\u00e9bastien.<\/p>\n<p>Tout cela repr\u00e9sentait une <strong>\u00ab opportunit\u00e9 cin\u00e9matographique \u00bb <\/strong>pour consolider l&rsquo; <strong>image du jambon ib\u00e9rique <\/strong>en tant que <strong>produit gastronomique <\/strong>unique au monde, ainsi que pour <strong>\u00e9veiller le sens ib\u00e9rique <\/strong>chez <strong>les amateurs du septi\u00e8me art.<\/strong><\/p>\n<p>Au cours de la <strong>70e \u00e9dition <\/strong>de cet <strong>\u00e9v\u00e9nement prestigieux, <\/strong>San Sebasti\u00e1n est redevenu une <strong>grande sc\u00e8ne <\/strong>pour <strong>le cin\u00e9ma et la gastronomie, <\/strong>dans laquelle <strong>les jambons ib\u00e9riques <\/strong>ont de nouveau \u00e9t\u00e9 les <strong>protagonistes, <\/strong>\u00e0 travers diff\u00e9rentes activit\u00e9s, telles que <strong>des d\u00e9gustations gratuites <\/strong>, sur le Bulevar devant la Ville Hall, \u00e0 travers lequel des milliers de personnes ont pu d\u00e9couvrir sa <strong>saveur, son ar\u00f4me et sa texture incomparables.<\/strong><\/p>\n<p>De plus, tant lors de la <strong>soir\u00e9e d&rsquo;ouverture <\/strong>au Mus\u00e9e San Telmo que lors de la <strong>c\u00e9r\u00e9monie de cl\u00f4ture de <\/strong>l&rsquo;\u00e9v\u00e9nement au Palais Miramar, les participants ont pu profiter <strong>d&rsquo;expositions sur l&rsquo;art de couper <\/strong>le jambon ib\u00e9rique, par <strong>des ma\u00eetres coupeurs <\/strong>. <br \/><strong><br \/><\/strong>Comme point culminant, de <strong>Jamones Ib\u00e9ricos de Espa\u00f1a, <\/strong>nous avons voulu honorer l&rsquo;actrice <strong>Cristina Casta\u00f1o <\/strong>pour sa brillante carri\u00e8re avec la livraison d&rsquo;un jambon ib\u00e9rique, un prix qui lors des \u00e9ditions pr\u00e9c\u00e9dentes du festival a d\u00e9j\u00e0 re\u00e7u des stars telles que <strong>Karra Elejalde, Javier C\u00e1mara, Mar\u00eda Le\u00f3n, Jos\u00e9 Coronado, Ricardo Dar\u00edn , Los Javis , Santiago Segura, Elena Anaya, Juan Antonio Bayona <\/strong>ou <strong>Isaki Lacuesta , <\/strong>entre autres.<\/p>\n<p>[\/et_pb_text][\/et_pb_column][\/et_pb_row][et_pb_row use_custom_gutter=\u00a0\u00bbon\u00a0\u00bb gutter_width=\u00a0\u00bb2&Prime; _builder_version=\u00a0\u00bb4.13.0&Prime; _module_preset=\u00a0\u00bbdefault\u00a0\u00bb global_colors_info=\u00a0\u00bb{}\u00a0\u00bb][et_pb_column type=\u00a0\u00bb4_4&Prime; _builder_version=\u00a0\u00bb4.13.0&Prime; _module_preset=\u00a0\u00bbdefault\u00a0\u00bb global_colors_info=\u00a0\u00bb{}\u00a0\u00bb][et_pb_image src=\u00a0\u00bbhttps:\/\/jamonesibericoseu.eu\/wp-content\/uploads\/2023\/02\/Cristina-Castan\u0303o_entrega-galardon-web.jpg\u00a0\u00bb title_text=\u00a0\u00bbCristina Castan\u0303o_entrega galardon web\u00a0\u00bb align=\u00a0\u00bbcenter\u00a0\u00bb _builder_version=\u00a0\u00bb4.13.0&Prime; _module_preset=\u00a0\u00bbdefault\u00a0\u00bb global_colors_info=\u00a0\u00bb{}\u00a0\u00bb][\/et_pb_image][\/et_pb_column][\/et_pb_row][et_pb_row column_structure=\u00a0\u00bb1_4,1_4,1_4,1_4&Prime; use_custom_gutter=\u00a0\u00bbon\u00a0\u00bb gutter_width=\u00a0\u00bb2&Prime; _builder_version=\u00a0\u00bb4.13.0&Prime; _module_preset=\u00a0\u00bbdefault\u00a0\u00bb global_colors_info=\u00a0\u00bb{}\u00a0\u00bb][et_pb_column type=\u00a0\u00bb1_4&Prime; _builder_version=\u00a0\u00bb4.13.0&Prime; _module_preset=\u00a0\u00bbdefault\u00a0\u00bb global_colors_info=\u00a0\u00bb{}\u00a0\u00bb][et_pb_image src=\u00a0\u00bbhttps:\/\/jamonesibericoseu.eu\/wp-content\/uploads\/2023\/02\/Degustacio\u0301n-gratuita-de-Jamo\u0301n-Ibe\u0301rico-web.jpg\u00a0\u00bb title_text=\u00a0\u00bbDegustacio\u0301n gratuita de Jamo\u0301n Ibe\u0301rico web\u00a0\u00bb _builder_version=\u00a0\u00bb4.13.0&Prime; _module_preset=\u00a0\u00bbdefault\u00a0\u00bb global_colors_info=\u00a0\u00bb{}\u00a0\u00bb][\/et_pb_image][\/et_pb_column][et_pb_column type=\u00a0\u00bb1_4&Prime; _builder_version=\u00a0\u00bb4.13.0&Prime; _module_preset=\u00a0\u00bbdefault\u00a0\u00bb global_colors_info=\u00a0\u00bb{}\u00a0\u00bb][et_pb_image src=\u00a0\u00bbhttps:\/\/jamonesibericoseu.eu\/wp-content\/uploads\/2023\/02\/Cristina-Castan\u0303o-recibe-el-premio-de-la-mano-del-presidente-de-ASICI-web.jpg\u00a0\u00bb title_text=\u00a0\u00bbCristina Castan\u0303o recibe el premio de la mano del presidente de ASICI web\u00a0\u00bb _builder_version=\u00a0\u00bb4.13.0&Prime; _module_preset=\u00a0\u00bbdefault\u00a0\u00bb global_colors_info=\u00a0\u00bb{}\u00a0\u00bb][\/et_pb_image][\/et_pb_column][et_pb_column type=\u00a0\u00bb1_4&Prime; _builder_version=\u00a0\u00bb4.13.0&Prime; _module_preset=\u00a0\u00bbdefault\u00a0\u00bb global_colors_info=\u00a0\u00bb{}\u00a0\u00bb][et_pb_image src=\u00a0\u00bbhttps:\/\/jamonesibericoseu.eu\/wp-content\/uploads\/2023\/02\/Ganadores-concha-de-oro_Los-reyes-del-mundo-web.jpg\u00a0\u00bb title_text=\u00a0\u00bbGanadores concha de oro_Los reyes del mundo web\u00a0\u00bb _builder_version=\u00a0\u00bb4.13.0&Prime; _module_preset=\u00a0\u00bbdefault\u00a0\u00bb global_colors_info=\u00a0\u00bb{}\u00a0\u00bb][\/et_pb_image][\/et_pb_column][et_pb_column type=\u00a0\u00bb1_4&Prime; _builder_version=\u00a0\u00bb4.13.0&Prime; _module_preset=\u00a0\u00bbdefault\u00a0\u00bb global_colors_info=\u00a0\u00bb{}\u00a0\u00bb][et_pb_image src=\u00a0\u00bbhttps:\/\/jamonesibericoseu.eu\/wp-content\/uploads\/2023\/02\/Stand-exterior-web.jpg\u00a0\u00bb title_text=\u00a0\u00bbStand exterior web\u00a0\u00bb _builder_version=\u00a0\u00bb4.13.0&Prime; _module_preset=\u00a0\u00bbdefault\u00a0\u00bb global_colors_info=\u00a0\u00bb{}\u00a0\u00bb][\/et_pb_image][\/et_pb_column][\/et_pb_row][\/et_pb_section]<\/p>\n","protected":false},"excerpt":{"rendered":"<p>LUMI\u00c8RES, CAM\u00c9RA ET JAMBON ! LE SENS IB\u00c9RIQUE SE R\u00c9VEILLE AU FESTIVAL DU FILM DE SAN SEBASTI\u00c1NPour une ann\u00e9e suppl\u00e9mentaire, le cin\u00e9ma et la gastronomie se sont retrouv\u00e9s dans la capitale du Gipuzkoa, \u00e0 l&rsquo;occasion d&rsquo;une nouvelle \u00e9dition du Festival international du film de San Sebasti\u00e1n. Rendez-vous auquel, les Jambons Ib\u00e9riques d&rsquo;Espagne , en tant qu&rsquo;ambassadeurs de la culture europ\u00e9enne, ne pouvaient pas manquer. La campagne \u00ab\u00a0Jambons ib\u00e9riques d&rsquo;Espagne, ambassadeurs de l&rsquo;Europe dans le monde\u00a0\u00bb, promue par l&rsquo;ASICI, avec le soutien de l&rsquo;UE, a de nouveau parrain\u00e9 cet \u00e9v\u00e9nement, pour la huiti\u00e8me ann\u00e9e cons\u00e9cutive, en raison de son impact mondial et de sa projection internationale claire , valeurs partag\u00e9es avec le jambon ib\u00e9rique. Selon Antonio Prieto, pr\u00e9sident de l&rsquo;ASICI , \u00ab Comme le cin\u00e9ma, le jambon ib\u00e9rique est une exp\u00e9rience unique, passionnante et sensorielle. D&rsquo;o\u00f9 l&rsquo;union naturelle qui, ann\u00e9e apr\u00e8s ann\u00e9e, s&rsquo;est forg\u00e9e dans le cadre incomparable du Festival international du film de Saint-S\u00e9bastien. Tout cela repr\u00e9sentait une \u00ab opportunit\u00e9 cin\u00e9matographique \u00bb pour consolider l&rsquo; image du jambon ib\u00e9rique en tant que produit gastronomique unique au monde, ainsi que pour \u00e9veiller le sens ib\u00e9rique chez les amateurs du septi\u00e8me art. Au cours de la 70e \u00e9dition de cet \u00e9v\u00e9nement prestigieux, [&hellip;]<\/p>\n","protected":false},"author":1,"featured_media":0,"parent":4303,"menu_order":1,"comment_status":"closed","ping_status":"closed","template":"","meta":{"_et_pb_use_builder":"on","_et_pb_old_content":"","_et_gb_content_width":"","footnotes":""},"class_list":["post-6893","page","type-page","status-publish","hentry"],"_links":{"self":[{"href":"https:\/\/jamonesibericoseu.eu\/fr\/wp-json\/wp\/v2\/pages\/6893","targetHints":{"allow":["GET"]}}],"collection":[{"href":"https:\/\/jamonesibericoseu.eu\/fr\/wp-json\/wp\/v2\/pages"}],"about":[{"href":"https:\/\/jamonesibericoseu.eu\/fr\/wp-json\/wp\/v2\/types\/page"}],"author":[{"embeddable":true,"href":"https:\/\/jamonesibericoseu.eu\/fr\/wp-json\/wp\/v2\/users\/1"}],"replies":[{"embeddable":true,"href":"https:\/\/jamonesibericoseu.eu\/fr\/wp-json\/wp\/v2\/comments?post=6893"}],"version-history":[{"count":3,"href":"https:\/\/jamonesibericoseu.eu\/fr\/wp-json\/wp\/v2\/pages\/6893\/revisions"}],"predecessor-version":[{"id":6900,"href":"https:\/\/jamonesibericoseu.eu\/fr\/wp-json\/wp\/v2\/pages\/6893\/revisions\/6900"}],"up":[{"embeddable":true,"href":"https:\/\/jamonesibericoseu.eu\/fr\/wp-json\/wp\/v2\/pages\/4303"}],"wp:attachment":[{"href":"https:\/\/jamonesibericoseu.eu\/fr\/wp-json\/wp\/v2\/media?parent=6893"}],"curies":[{"name":"wp","href":"https:\/\/api.w.org\/{rel}","templated":true}]}}