{"id":6831,"date":"2023-05-24T17:35:32","date_gmt":"2023-05-24T17:35:32","guid":{"rendered":"https:\/\/jamonesibericoseu.eu\/evenements\/cest-comment-nous-eveillons-le-sens-iberique-dans-les-medias-francais\/"},"modified":"2023-08-04T12:33:33","modified_gmt":"2023-08-04T12:33:33","slug":"cest-comment-nous-eveillons-le-sens-iberique-dans-les-medias-francais","status":"publish","type":"page","link":"https:\/\/jamonesibericoseu.eu\/fr\/evenements\/cest-comment-nous-eveillons-le-sens-iberique-dans-les-medias-francais\/","title":{"rendered":"C&rsquo;est comment nous \u00e9veillons le Sens Ib\u00e9rique dans les m\u00e9dias Fran\u00e7ais"},"content":{"rendered":"<p>[et_pb_section fb_built=\u00a0\u00bb1&Prime; _builder_version=\u00a0\u00bb4.10.8&Prime; _module_preset=\u00a0\u00bbdefault\u00a0\u00bb global_colors_info=\u00a0\u00bb{}\u00a0\u00bb][et_pb_row _builder_version=\u00a0\u00bb4.10.8&Prime; _module_preset=\u00a0\u00bbdefault\u00a0\u00bb global_colors_info=\u00a0\u00bb{}\u00a0\u00bb][et_pb_column type=\u00a0\u00bb4_4&Prime; _builder_version=\u00a0\u00bb4.10.8&Prime; _module_preset=\u00a0\u00bbdefault\u00a0\u00bb global_colors_info=\u00a0\u00bb{}\u00a0\u00bb][et_pb_text _builder_version=\u00a0\u00bb4.13.0&Prime; _module_preset=\u00a0\u00bbdefault\u00a0\u00bb text_font_size=\u00a0\u00bb16px\u00a0\u00bb header_font=\u00a0\u00bb|700||on|||||\u00a0\u00bb header_text_align=\u00a0\u00bbcenter\u00a0\u00bb header_text_color=\u00a0\u00bb#a31c27&Prime; header_2_font=\u00a0\u00bb|700||on|||||\u00a0\u00bb header_2_text_align=\u00a0\u00bbcenter\u00a0\u00bb header_2_text_color=\u00a0\u00bb#a31c27&Prime; header_2_font_size=\u00a0\u00bb30px\u00a0\u00bb header_2_line_height=\u00a0\u00bb1.2em\u00a0\u00bb background_color=\u00a0\u00bbRGBA(0,0,0,0)\u00a0\u00bb z_index=\u00a0\u00bb500&Prime; width=\u00a0\u00bb80%\u00a0\u00bb module_alignment=\u00a0\u00bbcenter\u00a0\u00bb sticky_limit_bottom=\u00a0\u00bbbody\u00a0\u00bb global_colors_info=\u00a0\u00bb{}\u00a0\u00bb]<\/p>\n<h2>C&rsquo;EST COMMENT NOUS \u00c9VEILLONS LE SENS IB\u00c9RIQUE DANS LES M\u00c9DIAS FRAN\u00c7AIS<\/h2>\n<p>[\/et_pb_text][et_pb_text _builder_version=\u00a0\u00bb4.13.0&Prime; _module_preset=\u00a0\u00bbdefault\u00a0\u00bb text_font_size=\u00a0\u00bb16px\u00a0\u00bb header_font=\u00a0\u00bb|700||on|||||\u00a0\u00bb header_text_color=\u00a0\u00bb#a31c27&Prime; header_2_font=\u00a0\u00bb|700||on|||||\u00a0\u00bb header_2_text_color=\u00a0\u00bb#a31c27&Prime; header_2_font_size=\u00a0\u00bb30px\u00a0\u00bb background_color=\u00a0\u00bbRGBA(0,0,0,0)\u00a0\u00bb z_index=\u00a0\u00bb500&Prime; sticky_limit_bottom=\u00a0\u00bbbody\u00a0\u00bb global_colors_info=\u00a0\u00bb{}\u00a0\u00bb]<\/p>\n<p>En d\u00e9cembre 2022, nous avons voulu r\u00e9unir les <strong>principaux m\u00e9dias fran\u00e7ais pour <\/strong>d\u00e9couvrir cette <strong>saveur, <\/strong>cette texture et <strong>cet ar\u00f4me <\/strong>incomparables qui font <strong>du Jambon Ib\u00e9rique <\/strong>un <strong>produit gastronomique unique <\/strong>en Europe et dans le monde.<\/p>\n<p>Pour y parvenir, nous avons organis\u00e9 un <strong>\u00ab Media Tasting Table Event \u00bb <\/strong>\u00e0 Paris, o\u00f9 plusieurs journalistes ont pu \u00e9veiller leur <strong>sens ib\u00e9rique <\/strong>\u00e0 travers la d\u00e9gustation d&rsquo;un menu pr\u00e9par\u00e9 par la <strong>chef fran\u00e7aise Amandine Chaignot, <\/strong>chef du c\u00e9l\u00e8bre <strong>restaurant Pouliche , <\/strong>laur\u00e9at du prix \u00ab Bocuse \u00a0\u00bb prix. d&rsquo;Or \u00bb, au concours \u00ab bocuse d&rsquo;or France\u00bb, nomm\u00e9 <strong>\u00ab\u00a0Chevalier de l&rsquo;Ordre des Arts et des Lettres\u00a0\u00bb <\/strong>par le minist\u00e8re fran\u00e7ais de la Culture, et jury de <strong>Masterchef France.<\/strong><\/p>\n<p>Selon les mots du chef elle-m\u00eame, \u00ab <strong>Le jambon ib\u00e9rique est pour moi le meilleur de tous les jambons. C&rsquo;est un souvenir de grands repas et de rencontres entre amis. C&rsquo;est aussi une r\u00e9f\u00e9rence lorsque vous voyagez \u00e0 travers le monde, c&rsquo;est s\u00fbr que vous ne serez jamais d\u00e9\u00e7u.<\/strong>\u00a0<strong>Dans ma cuisine, je l&rsquo;utilise seul, avec un verre de vin \u00e0 l&rsquo;ap\u00e9ritif, ou comme condiment&#8230; C&rsquo;est un produit tellement r\u00e9sistant et puissant qu&rsquo;il peut \u00eatre un petit plus pour finir une recette.<\/strong>\u00a0<strong>Quelques copeaux sur des \u0153ufs et de la mayonnaise, sur une salade, et \u00e7a change tout !\u201d<\/strong><\/p>\n<p>Toute cette polyvalence a \u00e9t\u00e9 appr\u00e9ci\u00e9e par <strong>les journalistes des principaux m\u00e9dias fran\u00e7ais, <\/strong>alors qu&rsquo;ils d\u00e9couvraient la campagne <strong>\u00ab Jambons Ib\u00e9riques d&rsquo;Espagne, Ambassadeurs de l&rsquo;Europe dans le monde. R\u00e9veillez votre sens ib\u00e9rique \u00bb.<\/strong><\/p>\n<p>[\/et_pb_text][\/et_pb_column][\/et_pb_row][et_pb_row use_custom_gutter=\u00a0\u00bbon\u00a0\u00bb gutter_width=\u00a0\u00bb2&Prime; _builder_version=\u00a0\u00bb4.13.0&Prime; _module_preset=\u00a0\u00bbdefault\u00a0\u00bb global_colors_info=\u00a0\u00bb{}\u00a0\u00bb][et_pb_column type=\u00a0\u00bb4_4&Prime; _builder_version=\u00a0\u00bb4.13.0&Prime; _module_preset=\u00a0\u00bbdefault\u00a0\u00bb global_colors_info=\u00a0\u00bb{}\u00a0\u00bb][et_pb_gallery gallery_ids=\u00a0\u00bb0,6429,6433,6437,6441,6445,6449,6453,6457,6461,6465,6469,6473,6477,6481,6485&Prime; posts_number=\u00a0\u00bb150&Prime; show_title_and_caption=\u00a0\u00bb%22off%22&Prime; show_pagination=\u00a0\u00bb%22off%22&Prime; _builder_version=\u00a0\u00bb4.13.0&Prime; _module_preset=\u00a0\u00bb%22default%22&Prime; hover_enabled=\u00a0\u00bb0&Prime; global_colors_info=\u00a0\u00bb%22{}%22&Prime; sticky_enabled=\u00a0\u00bb0&Prime;][\/et_pb_gallery][\/et_pb_column][\/et_pb_row][\/et_pb_section][et_pb_section fb_built=\u00a0\u00bb1&Prime; _builder_version=\u00a0\u00bb4.13.0&Prime; _module_preset=\u00a0\u00bbdefault\u00a0\u00bb global_colors_info=\u00a0\u00bb{}\u00a0\u00bb][et_pb_row _builder_version=\u00a0\u00bb4.13.0&Prime; _module_preset=\u00a0\u00bbdefault\u00a0\u00bb global_colors_info=\u00a0\u00bb{}\u00a0\u00bb][et_pb_column type=\u00a0\u00bb4_4&Prime; _builder_version=\u00a0\u00bb4.13.0&Prime; _module_preset=\u00a0\u00bbdefault\u00a0\u00bb global_colors_info=\u00a0\u00bb{}\u00a0\u00bb][et_pb_text _builder_version=\u00a0\u00bb4.13.0&Prime; _module_preset=\u00a0\u00bbdefault\u00a0\u00bb width=\u00a0\u00bb80%\u00a0\u00bb module_alignment=\u00a0\u00bbcenter\u00a0\u00bb global_colors_info=\u00a0\u00bb{}\u00a0\u00bb]<a class=\"vp-a vp-dr\" href=\"https:\/\/youtu.be\/R0OxDCC5gLE\" rel=\"nofollow\" data-width=\"1920\" data-height=\"1080\" data-dwrap=\"1\" data-iv=\"1\"><img decoding=\"async\" class=\"vp-img\" src=\"https:\/\/jamonesibericoseu.eu\/wp-content\/uploads\/2023\/05\/mediatasting-francia.jpg\"><\/a>[\/et_pb_text][\/et_pb_column][\/et_pb_row][\/et_pb_section]<\/p>\n","protected":false},"excerpt":{"rendered":"<p>C&rsquo;EST COMMENT NOUS \u00c9VEILLONS LE SENS IB\u00c9RIQUE DANS LES M\u00c9DIAS FRAN\u00c7AISEn d\u00e9cembre 2022, nous avons voulu r\u00e9unir les principaux m\u00e9dias fran\u00e7ais pour d\u00e9couvrir cette saveur, cette texture et cet ar\u00f4me incomparables qui font du Jambon Ib\u00e9rique un produit gastronomique unique en Europe et dans le monde. Pour y parvenir, nous avons organis\u00e9 un \u00ab Media Tasting Table Event \u00bb \u00e0 Paris, o\u00f9 plusieurs journalistes ont pu \u00e9veiller leur sens ib\u00e9rique \u00e0 travers la d\u00e9gustation d&rsquo;un menu pr\u00e9par\u00e9 par la chef fran\u00e7aise Amandine Chaignot, chef du c\u00e9l\u00e8bre restaurant Pouliche , laur\u00e9at du prix \u00ab Bocuse \u00a0\u00bb prix. d&rsquo;Or \u00bb, au concours \u00ab bocuse d&rsquo;or France\u00bb, nomm\u00e9 \u00ab\u00a0Chevalier de l&rsquo;Ordre des Arts et des Lettres\u00a0\u00bb par le minist\u00e8re fran\u00e7ais de la Culture, et jury de Masterchef France. Selon les mots du chef elle-m\u00eame, \u00ab Le jambon ib\u00e9rique est pour moi le meilleur de tous les jambons. C&rsquo;est un souvenir de grands repas et de rencontres entre amis. C&rsquo;est aussi une r\u00e9f\u00e9rence lorsque vous voyagez \u00e0 travers le monde, c&rsquo;est s\u00fbr que vous ne serez jamais d\u00e9\u00e7u.\u00a0Dans ma cuisine, je l&rsquo;utilise seul, avec un verre de vin \u00e0 l&rsquo;ap\u00e9ritif, ou comme condiment&#8230; C&rsquo;est un produit tellement r\u00e9sistant et puissant qu&rsquo;il peut \u00eatre un [&hellip;]<\/p>\n","protected":false},"author":1,"featured_media":0,"parent":4303,"menu_order":1,"comment_status":"closed","ping_status":"closed","template":"","meta":{"_et_pb_use_builder":"on","_et_pb_old_content":"","_et_gb_content_width":"","footnotes":""},"class_list":["post-6831","page","type-page","status-publish","hentry"],"_links":{"self":[{"href":"https:\/\/jamonesibericoseu.eu\/fr\/wp-json\/wp\/v2\/pages\/6831","targetHints":{"allow":["GET"]}}],"collection":[{"href":"https:\/\/jamonesibericoseu.eu\/fr\/wp-json\/wp\/v2\/pages"}],"about":[{"href":"https:\/\/jamonesibericoseu.eu\/fr\/wp-json\/wp\/v2\/types\/page"}],"author":[{"embeddable":true,"href":"https:\/\/jamonesibericoseu.eu\/fr\/wp-json\/wp\/v2\/users\/1"}],"replies":[{"embeddable":true,"href":"https:\/\/jamonesibericoseu.eu\/fr\/wp-json\/wp\/v2\/comments?post=6831"}],"version-history":[{"count":9,"href":"https:\/\/jamonesibericoseu.eu\/fr\/wp-json\/wp\/v2\/pages\/6831\/revisions"}],"predecessor-version":[{"id":7162,"href":"https:\/\/jamonesibericoseu.eu\/fr\/wp-json\/wp\/v2\/pages\/6831\/revisions\/7162"}],"up":[{"embeddable":true,"href":"https:\/\/jamonesibericoseu.eu\/fr\/wp-json\/wp\/v2\/pages\/4303"}],"wp:attachment":[{"href":"https:\/\/jamonesibericoseu.eu\/fr\/wp-json\/wp\/v2\/media?parent=6831"}],"curies":[{"name":"wp","href":"https:\/\/api.w.org\/{rel}","templated":true}]}}