{"id":6786,"date":"2023-05-24T17:15:28","date_gmt":"2023-05-24T17:15:28","guid":{"rendered":"https:\/\/jamonesibericoseu.eu\/evenements\/decouvrez-tout-sur-la-deuxieme-edition-du-concours-international-de-decoupe-de-jambon-iberique\/"},"modified":"2023-08-04T12:35:03","modified_gmt":"2023-08-04T12:35:03","slug":"decouvrez-tout-sur-la-deuxieme-edition-du-concours-international-de-decoupe-de-jambon-iberique","status":"publish","type":"page","link":"https:\/\/jamonesibericoseu.eu\/fr\/evenements\/decouvrez-tout-sur-la-deuxieme-edition-du-concours-international-de-decoupe-de-jambon-iberique\/","title":{"rendered":"D\u00e9couvrez tout sur la deuxi\u00e8me \u00e9dition du Concours International de D\u00e9coupe de Jambon Ib\u00e9rique"},"content":{"rendered":"<p>[et_pb_section fb_built=\u00a0\u00bb1&Prime; _builder_version=\u00a0\u00bb4.10.8&Prime; _module_preset=\u00a0\u00bbdefault\u00a0\u00bb global_colors_info=\u00a0\u00bb{}\u00a0\u00bb][et_pb_row _builder_version=\u00a0\u00bb4.10.8&Prime; _module_preset=\u00a0\u00bbdefault\u00a0\u00bb global_colors_info=\u00a0\u00bb{}\u00a0\u00bb][et_pb_column type=\u00a0\u00bb4_4&Prime; _builder_version=\u00a0\u00bb4.10.8&Prime; _module_preset=\u00a0\u00bbdefault\u00a0\u00bb global_colors_info=\u00a0\u00bb{}\u00a0\u00bb][et_pb_text _builder_version=\u00a0\u00bb4.13.0&Prime; _module_preset=\u00a0\u00bbdefault\u00a0\u00bb text_font_size=\u00a0\u00bb16px\u00a0\u00bb header_font=\u00a0\u00bb|700||on|||||\u00a0\u00bb header_text_align=\u00a0\u00bbcenter\u00a0\u00bb header_text_color=\u00a0\u00bb#a31c27&Prime; header_2_font=\u00a0\u00bb|700||on|||||\u00a0\u00bb header_2_text_align=\u00a0\u00bbcenter\u00a0\u00bb header_2_text_color=\u00a0\u00bb#a31c27&Prime; header_2_font_size=\u00a0\u00bb30px\u00a0\u00bb header_2_line_height=\u00a0\u00bb1.2em\u00a0\u00bb background_color=\u00a0\u00bbRGBA(0,0,0,0)\u00a0\u00bb z_index=\u00a0\u00bb500&Prime; width=\u00a0\u00bb80%\u00a0\u00bb module_alignment=\u00a0\u00bbcenter\u00a0\u00bb sticky_limit_bottom=\u00a0\u00bbbody\u00a0\u00bb global_colors_info=\u00a0\u00bb{}\u00a0\u00bb]<\/p>\n<h2><strong>D\u00c9COUVREZ TOUT SUR LA DEUXI\u00c8ME \u00c9DITION DU CONCOURS INTERNATIONAL DE D\u00c9COUPE DE JAMBON IB\u00c9RIQUE<\/strong><\/h2>\n<p>[\/et_pb_text][et_pb_text _builder_version=\u00a0\u00bb4.13.0&Prime; _module_preset=\u00a0\u00bbdefault\u00a0\u00bb text_font_size=\u00a0\u00bb16px\u00a0\u00bb header_font=\u00a0\u00bb|700||on|||||\u00a0\u00bb header_text_color=\u00a0\u00bb#a31c27&Prime; header_2_font=\u00a0\u00bb|700||on|||||\u00a0\u00bb header_2_text_color=\u00a0\u00bb#a31c27&Prime; header_2_font_size=\u00a0\u00bb30px\u00a0\u00bb background_color=\u00a0\u00bbRGBA(0,0,0,0)\u00a0\u00bb z_index=\u00a0\u00bb500&Prime; sticky_limit_bottom=\u00a0\u00bbbody\u00a0\u00bb global_colors_info=\u00a0\u00bb{}\u00a0\u00bb]<\/p>\n<p><strong>Trois \u00e9coles h\u00f4teli\u00e8res <\/strong>d&rsquo;Espagne, de France et d&rsquo;Allemagne, <strong>dix participants <\/strong>et <strong>un gagnant. <\/strong>C&rsquo;\u00e9tait la grande finale de la deuxi\u00e8me \u00e9dition du <strong>Concours International de Coupe de Jambon Ib\u00e9rique, <\/strong>qui s&rsquo;est tenue le 10 mars au M\u00e9ridien \u00c9toile de Paris.<\/p>\n<p>Le concours, promu par l&rsquo;Association interprofessionnelle du porc ib\u00e9rique (ASICI), avec le soutien de l&rsquo;UE et dans le cadre de la campagne \u00ab\u00a0Jambons ib\u00e9riques d&rsquo;Espagne, ambassadeurs de l&rsquo;Europe dans le monde\u00a0\u00bb, a r\u00e9uni 10 candidats, issus des ateliers <strong>professionnels <\/strong>organis\u00e9 par l&rsquo;ASICI, sur le jambon ib\u00e9rique et l&rsquo; <strong>art de la coupe, <\/strong>dans les principales <strong>\u00e9coles h\u00f4teli\u00e8res <\/strong>de <strong>Barcelone, Paris et Berlin. Les 10 finalistes ont d\u00e9montr\u00e9 tout leur <\/strong>savoir-faire pour \u00ab\u00a0sculpter\u00a0\u00bb un jambon ib\u00e9rique, en maximisant sa <strong>saveur, <\/strong>sa texture et <strong>son ar\u00f4me. <\/strong><strong><br \/><\/strong><br \/>Le <strong>jury, <\/strong>pr\u00e9sid\u00e9 par <strong>Jes\u00fas P\u00e9rez Aguilar,<\/strong>\u00a0<strong>Le directeur de la communication de l&rsquo;ASICI, <\/strong>a impos\u00e9 <strong>des tests rigoureux de coupe, d&rsquo;esth\u00e9tique, de pr\u00e9sentation, de poids et de cr\u00e9ativit\u00e9 des plats, <\/strong>auxquels les participants ont fait face avec comp\u00e9tence et d\u00e9termination pendant plus de deux heures.<\/p>\n<p>Enfin, l&rsquo;espagnol Maic Rovira a \u00e9t\u00e9 proclam\u00e9 <strong>\u00ab\u00a0Meilleur coupeur de jambon ib\u00e9rique\u00a0\u00bb, <\/strong>dans un concours difficile mais <strong>passionnant, <\/strong>qui a servi \u00e0 valoriser le travail essentiel du <strong>coupeur de jambon ib\u00e9rique professionnel, <\/strong>dans le <strong>secteur de l&rsquo;h\u00f4tellerie, <\/strong>et en m\u00eame temps, transmettre les caract\u00e9ristiques qui font du Jambon Ib\u00e9rique un <strong>produit gastronomique unique <\/strong>en Europe et dans le monde.<\/p>\n<p>\u00ab\u00a0Je suis tr\u00e8s heureuse et fi\u00e8re d&rsquo;\u00eatre ici et de pouvoir repr\u00e9senter mon \u00e9cole \u00e0 travers <strong>un produit aussi exclusif \u00e0 notre pays que le jambon ib\u00e9rique\u00a0\u00bb, <\/strong>a d\u00e9clar\u00e9 Maic Rovira apr\u00e8s avoir re\u00e7u le prix, qui a \u00e9galement soulign\u00e9 les qualit\u00e9s du produit : \u00a0\u00bb Nous avons la chance d&rsquo;avoir <strong>un produit aussi embl\u00e9matique de notre gastronomie. <\/strong>C&rsquo;est <strong>un produit unique, d&rsquo;excellente qualit\u00e9, <\/strong>dont <strong>la polyvalence <\/strong>nous offre des possibilit\u00e9s infinies, ce qui le rend tr\u00e8s facile \u00e0 travailler.\u00a0\u00bb<\/p>\n<p>Un concours qui a permis de <strong>valoriser le talent des futurs h\u00f4teliers, <\/strong>mais aussi d&rsquo;\u00e9veiller en eux le <strong>Sens Ib\u00e9rique.<\/strong><\/p>\n<p>[\/et_pb_text][\/et_pb_column][\/et_pb_row][et_pb_row use_custom_gutter=\u00a0\u00bbon\u00a0\u00bb gutter_width=\u00a0\u00bb2&Prime; _builder_version=\u00a0\u00bb4.13.0&Prime; _module_preset=\u00a0\u00bbdefault\u00a0\u00bb global_colors_info=\u00a0\u00bb{}\u00a0\u00bb][et_pb_column type=\u00a0\u00bb4_4&Prime; _builder_version=\u00a0\u00bb4.13.0&Prime; _module_preset=\u00a0\u00bbdefault\u00a0\u00bb global_colors_info=\u00a0\u00bb{}\u00a0\u00bb][et_pb_gallery gallery_ids=\u00a0\u00bb0,6497,6501,6505,6509,6513,6517,6521,6525,6529,6533,6537,6541,6545,6549,6553,6557,6561,6565,6569&Prime; posts_number=\u00a0\u00bb150&Prime; show_title_and_caption=\u00a0\u00bb%22off%22&Prime; show_pagination=\u00a0\u00bb%22off%22&Prime; _builder_version=\u00a0\u00bb4.13.0&Prime; _module_preset=\u00a0\u00bb%22default%22&Prime; hover_enabled=\u00a0\u00bb0&Prime; global_colors_info=\u00a0\u00bb%22{}%22&Prime; sticky_enabled=\u00a0\u00bb0&Prime;][\/et_pb_gallery][\/et_pb_column][\/et_pb_row][\/et_pb_section][et_pb_section fb_built=\u00a0\u00bb1&Prime; _builder_version=\u00a0\u00bb4.13.0&Prime; _module_preset=\u00a0\u00bbdefault\u00a0\u00bb global_colors_info=\u00a0\u00bb{}\u00a0\u00bb][et_pb_row _builder_version=\u00a0\u00bb4.13.0&Prime; _module_preset=\u00a0\u00bbdefault\u00a0\u00bb global_colors_info=\u00a0\u00bb{}\u00a0\u00bb][et_pb_column type=\u00a0\u00bb4_4&Prime; _builder_version=\u00a0\u00bb4.13.0&Prime; _module_preset=\u00a0\u00bbdefault\u00a0\u00bb global_colors_info=\u00a0\u00bb{}\u00a0\u00bb][et_pb_text _builder_version=\u00a0\u00bb4.13.0&Prime; _module_preset=\u00a0\u00bbdefault\u00a0\u00bb width=\u00a0\u00bb80%\u00a0\u00bb module_alignment=\u00a0\u00bbcenter\u00a0\u00bb global_colors_info=\u00a0\u00bb{}\u00a0\u00bb]<a class=\"vp-a vp-dr\" href=\"https:\/\/youtu.be\/EgG24doT98s\" rel=\"nofollow\" data-width=\"1920\" data-height=\"1080\" data-dwrap=\"1\" data-iv=\"1\"><img decoding=\"async\" class=\"vp-img\" src=\"https:\/\/jamonesibericoseu.eu\/wp-content\/uploads\/2023\/05\/concurso-corte-internacional-video.jpg\"><\/a>[\/et_pb_text][\/et_pb_column][\/et_pb_row][\/et_pb_section]<\/p>\n","protected":false},"excerpt":{"rendered":"<p>D\u00c9COUVREZ TOUT SUR LA DEUXI\u00c8ME \u00c9DITION DU CONCOURS INTERNATIONAL DE D\u00c9COUPE DE JAMBON IB\u00c9RIQUETrois \u00e9coles h\u00f4teli\u00e8res d&rsquo;Espagne, de France et d&rsquo;Allemagne, dix participants et un gagnant. C&rsquo;\u00e9tait la grande finale de la deuxi\u00e8me \u00e9dition du Concours International de Coupe de Jambon Ib\u00e9rique, qui s&rsquo;est tenue le 10 mars au M\u00e9ridien \u00c9toile de Paris. Le concours, promu par l&rsquo;Association interprofessionnelle du porc ib\u00e9rique (ASICI), avec le soutien de l&rsquo;UE et dans le cadre de la campagne \u00ab\u00a0Jambons ib\u00e9riques d&rsquo;Espagne, ambassadeurs de l&rsquo;Europe dans le monde\u00a0\u00bb, a r\u00e9uni 10 candidats, issus des ateliers professionnels organis\u00e9 par l&rsquo;ASICI, sur le jambon ib\u00e9rique et l&rsquo; art de la coupe, dans les principales \u00e9coles h\u00f4teli\u00e8res de Barcelone, Paris et Berlin. Les 10 finalistes ont d\u00e9montr\u00e9 tout leur savoir-faire pour \u00ab\u00a0sculpter\u00a0\u00bb un jambon ib\u00e9rique, en maximisant sa saveur, sa texture et son ar\u00f4me. Le jury, pr\u00e9sid\u00e9 par Jes\u00fas P\u00e9rez Aguilar,\u00a0Le directeur de la communication de l&rsquo;ASICI, a impos\u00e9 des tests rigoureux de coupe, d&rsquo;esth\u00e9tique, de pr\u00e9sentation, de poids et de cr\u00e9ativit\u00e9 des plats, auxquels les participants ont fait face avec comp\u00e9tence et d\u00e9termination pendant plus de deux heures. Enfin, l&rsquo;espagnol Maic Rovira a \u00e9t\u00e9 proclam\u00e9 \u00ab\u00a0Meilleur coupeur de jambon ib\u00e9rique\u00a0\u00bb, dans un concours difficile mais passionnant, [&hellip;]<\/p>\n","protected":false},"author":1,"featured_media":0,"parent":4303,"menu_order":1,"comment_status":"closed","ping_status":"closed","template":"","meta":{"_et_pb_use_builder":"on","_et_pb_old_content":"","_et_gb_content_width":"","footnotes":""},"class_list":["post-6786","page","type-page","status-publish","hentry"],"_links":{"self":[{"href":"https:\/\/jamonesibericoseu.eu\/fr\/wp-json\/wp\/v2\/pages\/6786","targetHints":{"allow":["GET"]}}],"collection":[{"href":"https:\/\/jamonesibericoseu.eu\/fr\/wp-json\/wp\/v2\/pages"}],"about":[{"href":"https:\/\/jamonesibericoseu.eu\/fr\/wp-json\/wp\/v2\/types\/page"}],"author":[{"embeddable":true,"href":"https:\/\/jamonesibericoseu.eu\/fr\/wp-json\/wp\/v2\/users\/1"}],"replies":[{"embeddable":true,"href":"https:\/\/jamonesibericoseu.eu\/fr\/wp-json\/wp\/v2\/comments?post=6786"}],"version-history":[{"count":9,"href":"https:\/\/jamonesibericoseu.eu\/fr\/wp-json\/wp\/v2\/pages\/6786\/revisions"}],"predecessor-version":[{"id":7166,"href":"https:\/\/jamonesibericoseu.eu\/fr\/wp-json\/wp\/v2\/pages\/6786\/revisions\/7166"}],"up":[{"embeddable":true,"href":"https:\/\/jamonesibericoseu.eu\/fr\/wp-json\/wp\/v2\/pages\/4303"}],"wp:attachment":[{"href":"https:\/\/jamonesibericoseu.eu\/fr\/wp-json\/wp\/v2\/media?parent=6786"}],"curies":[{"name":"wp","href":"https:\/\/api.w.org\/{rel}","templated":true}]}}