{"id":6714,"date":"2023-05-24T15:44:59","date_gmt":"2023-05-24T15:44:59","guid":{"rendered":"https:\/\/jamonesibericoseu.eu\/evenements\/le-sens-iberique-seveille-chez-les-meilleurs-chefs-despagne\/"},"modified":"2023-08-04T12:41:14","modified_gmt":"2023-08-04T12:41:14","slug":"le-sens-iberique-seveille-chez-les-meilleurs-chefs-despagne","status":"publish","type":"page","link":"https:\/\/jamonesibericoseu.eu\/fr\/evenements\/le-sens-iberique-seveille-chez-les-meilleurs-chefs-despagne\/","title":{"rendered":"Le Sens Ib\u00e9rique s&rsquo;\u00e9veille chez les meilleurs chefs D&rsquo;Espagne"},"content":{"rendered":"<p>[et_pb_section fb_built=\u00a0\u00bb1&Prime; _builder_version=\u00a0\u00bb4.10.8&Prime; _module_preset=\u00a0\u00bbdefault\u00a0\u00bb global_colors_info=\u00a0\u00bb{}\u00a0\u00bb][et_pb_row _builder_version=\u00a0\u00bb4.10.8&Prime; _module_preset=\u00a0\u00bbdefault\u00a0\u00bb global_colors_info=\u00a0\u00bb{}\u00a0\u00bb][et_pb_column type=\u00a0\u00bb4_4&Prime; _builder_version=\u00a0\u00bb4.10.8&Prime; _module_preset=\u00a0\u00bbdefault\u00a0\u00bb global_colors_info=\u00a0\u00bb{}\u00a0\u00bb][et_pb_text _builder_version=\u00a0\u00bb4.13.0&Prime; _module_preset=\u00a0\u00bbdefault\u00a0\u00bb text_font_size=\u00a0\u00bb16px\u00a0\u00bb header_font=\u00a0\u00bb|700||on|||||\u00a0\u00bb header_text_align=\u00a0\u00bbcenter\u00a0\u00bb header_text_color=\u00a0\u00bb#a31c27&Prime; header_2_font=\u00a0\u00bb|700||on|||||\u00a0\u00bb header_2_text_align=\u00a0\u00bbcenter\u00a0\u00bb header_2_text_color=\u00a0\u00bb#a31c27&Prime; header_2_font_size=\u00a0\u00bb30px\u00a0\u00bb header_2_line_height=\u00a0\u00bb1.2em\u00a0\u00bb background_color=\u00a0\u00bbRGBA(0,0,0,0)\u00a0\u00bb z_index=\u00a0\u00bb500&Prime; width=\u00a0\u00bb80%\u00a0\u00bb module_alignment=\u00a0\u00bbcenter\u00a0\u00bb sticky_limit_bottom=\u00a0\u00bbbody\u00a0\u00bb global_colors_info=\u00a0\u00bb{}\u00a0\u00bb]<\/p>\n<h2>LE SENS IB\u00c9RIQUE S&rsquo;\u00c9VEILLE CHEZ LES MEILLEURS CHEFS D&rsquo;ESPAGNE<\/h2>\n<p>[\/et_pb_text][et_pb_text _builder_version=\u00a0\u00bb4.13.0&Prime; _module_preset=\u00a0\u00bbdefault\u00a0\u00bb text_font_size=\u00a0\u00bb16px\u00a0\u00bb header_font=\u00a0\u00bb|700||on|||||\u00a0\u00bb header_text_color=\u00a0\u00bb#a31c27&Prime; header_2_font=\u00a0\u00bb|700||on|||||\u00a0\u00bb header_2_text_color=\u00a0\u00bb#a31c27&Prime; header_2_font_size=\u00a0\u00bb30px\u00a0\u00bb background_color=\u00a0\u00bbRGBA(0,0,0,0)\u00a0\u00bb z_index=\u00a0\u00bb500&Prime; sticky_limit_bottom=\u00a0\u00bbbody\u00a0\u00bb global_colors_info=\u00a0\u00bb{}\u00a0\u00bb]<\/p>\n<p>Les jambons ib\u00e9riques <strong>d&rsquo;Espagne, <\/strong>en tant que <strong>produit gastronomique <\/strong>de <strong>la gastronomie espagnole et europ\u00e9enne, <\/strong>ne pouvaient manquer lors d&rsquo;un \u00e9v\u00e9nement aussi embl\u00e9matique que l&rsquo; <strong>assembl\u00e9e Euro-Toques, <\/strong>une organisation internationale qui int\u00e8gre <strong>plus de 3 500 chefs de 18 pays, <\/strong>dans le but de prot\u00e9ger <strong>l&rsquo;Europe patrimoine culinaire.<\/strong><\/p>\n<p>\u00c0 cette occasion, <strong>Jamones Ib\u00e9ricos de Espa\u00f1a <\/strong>a parrain\u00e9 l&rsquo;assembl\u00e9e, qui s&rsquo;est tenue du 17 au 26 avril 2022, dans un espace aussi <strong>unique <\/strong>et charg\u00e9 <strong>d&rsquo;histoire <\/strong>que l&rsquo; <strong>Alcazar de Tol\u00e8de.<\/strong><\/p>\n<p>Une <strong>occasion unique, <\/strong>et dans un <strong>cadre incomparable, <\/strong>de transmettre aux <strong>plus de 200 chefs internationaux <\/strong>qui ont assist\u00e9 \u00e0 l&rsquo;\u00e9v\u00e9nement, les <strong>valeurs diff\u00e9rentielles <\/strong>du <strong>jambon ib\u00e9rique, <\/strong>ainsi que de pr\u00e9senter le projet le plus ambitieux du secteur ib\u00e9rique de toute son histoire : <strong>\u00ab\u00a0James Ibericos d&rsquo;Espagne, ambassadeurs de l&rsquo;Europe dans le monde. R\u00e9veillez votre sens ib\u00e9rique \u00bb.<\/strong><\/p>\n<p>Les participants ont pu d\u00e9couvrir tous les d\u00e9tails sur le produit, le <strong>projet europ\u00e9en <\/strong>et l&rsquo; <strong>internationalisation du secteur, <\/strong>\u00e0 travers ce programme, dirig\u00e9 par <strong>Antonio Prieto, <\/strong>pr\u00e9sident de l&rsquo;Interprofessional del Cerdo Ib\u00e9rico (ASICI), ainsi que <strong>d\u00e9couvrir la campagne <\/strong>\u00e0 travers en visitant le <strong>spot, <\/strong>et bien s\u00fbr, <strong>en \u00e9veillant votre sens ib\u00e9rique <\/strong>\u00e0 travers les diff\u00e9rentes <strong>d\u00e9gustations de produits <\/strong>qui ont \u00e9t\u00e9 r\u00e9alis\u00e9es.<\/p>\n<p>Un acte qui a encore renforc\u00e9 l&rsquo;accord conclu entre <strong>Jamones Ib\u00e9ricos de Espa\u00f1a <\/strong>et <strong>Euro-Toques <\/strong>pour <strong>promouvoir la restauration <\/strong>et <strong>la consommation de jambon ib\u00e9rique, <\/strong>et qui a servi \u00e0 \u00e9veiller le sens ib\u00e9rique parmi l&rsquo;un des plus grands alli\u00e9s pour atteindre cet objectif : <strong>les chefs .<\/strong><\/p>\n<p>[\/et_pb_text][\/et_pb_column][\/et_pb_row][et_pb_row use_custom_gutter=\u00a0\u00bbon\u00a0\u00bb gutter_width=\u00a0\u00bb2&Prime; _builder_version=\u00a0\u00bb4.13.0&Prime; _module_preset=\u00a0\u00bbdefault\u00a0\u00bb global_colors_info=\u00a0\u00bb{}\u00a0\u00bb][et_pb_column type=\u00a0\u00bb4_4&Prime; _builder_version=\u00a0\u00bb4.13.0&Prime; _module_preset=\u00a0\u00bbdefault\u00a0\u00bb global_colors_info=\u00a0\u00bb{}\u00a0\u00bb][\/et_pb_column][\/et_pb_row][\/et_pb_section]<\/p>\n","protected":false},"excerpt":{"rendered":"<p>LE SENS IB\u00c9RIQUE S&rsquo;\u00c9VEILLE CHEZ LES MEILLEURS CHEFS D&rsquo;ESPAGNELes jambons ib\u00e9riques d&rsquo;Espagne, en tant que produit gastronomique de la gastronomie espagnole et europ\u00e9enne, ne pouvaient manquer lors d&rsquo;un \u00e9v\u00e9nement aussi embl\u00e9matique que l&rsquo; assembl\u00e9e Euro-Toques, une organisation internationale qui int\u00e8gre plus de 3 500 chefs de 18 pays, dans le but de prot\u00e9ger l&rsquo;Europe patrimoine culinaire. \u00c0 cette occasion, Jamones Ib\u00e9ricos de Espa\u00f1a a parrain\u00e9 l&rsquo;assembl\u00e9e, qui s&rsquo;est tenue du 17 au 26 avril 2022, dans un espace aussi unique et charg\u00e9 d&rsquo;histoire que l&rsquo; Alcazar de Tol\u00e8de. Une occasion unique, et dans un cadre incomparable, de transmettre aux plus de 200 chefs internationaux qui ont assist\u00e9 \u00e0 l&rsquo;\u00e9v\u00e9nement, les valeurs diff\u00e9rentielles du jambon ib\u00e9rique, ainsi que de pr\u00e9senter le projet le plus ambitieux du secteur ib\u00e9rique de toute son histoire : \u00ab\u00a0James Ibericos d&rsquo;Espagne, ambassadeurs de l&rsquo;Europe dans le monde. R\u00e9veillez votre sens ib\u00e9rique \u00bb. Les participants ont pu d\u00e9couvrir tous les d\u00e9tails sur le produit, le projet europ\u00e9en et l&rsquo; internationalisation du secteur, \u00e0 travers ce programme, dirig\u00e9 par Antonio Prieto, pr\u00e9sident de l&rsquo;Interprofessional del Cerdo Ib\u00e9rico (ASICI), ainsi que d\u00e9couvrir la campagne \u00e0 travers en visitant le spot, et bien s\u00fbr, en \u00e9veillant votre sens ib\u00e9rique \u00e0 [&hellip;]<\/p>\n","protected":false},"author":1,"featured_media":0,"parent":4303,"menu_order":1,"comment_status":"closed","ping_status":"closed","template":"","meta":{"_et_pb_use_builder":"on","_et_pb_old_content":"","_et_gb_content_width":"","footnotes":""},"class_list":["post-6714","page","type-page","status-publish","hentry"],"_links":{"self":[{"href":"https:\/\/jamonesibericoseu.eu\/fr\/wp-json\/wp\/v2\/pages\/6714","targetHints":{"allow":["GET"]}}],"collection":[{"href":"https:\/\/jamonesibericoseu.eu\/fr\/wp-json\/wp\/v2\/pages"}],"about":[{"href":"https:\/\/jamonesibericoseu.eu\/fr\/wp-json\/wp\/v2\/types\/page"}],"author":[{"embeddable":true,"href":"https:\/\/jamonesibericoseu.eu\/fr\/wp-json\/wp\/v2\/users\/1"}],"replies":[{"embeddable":true,"href":"https:\/\/jamonesibericoseu.eu\/fr\/wp-json\/wp\/v2\/comments?post=6714"}],"version-history":[{"count":8,"href":"https:\/\/jamonesibericoseu.eu\/fr\/wp-json\/wp\/v2\/pages\/6714\/revisions"}],"predecessor-version":[{"id":7181,"href":"https:\/\/jamonesibericoseu.eu\/fr\/wp-json\/wp\/v2\/pages\/6714\/revisions\/7181"}],"up":[{"embeddable":true,"href":"https:\/\/jamonesibericoseu.eu\/fr\/wp-json\/wp\/v2\/pages\/4303"}],"wp:attachment":[{"href":"https:\/\/jamonesibericoseu.eu\/fr\/wp-json\/wp\/v2\/media?parent=6714"}],"curies":[{"name":"wp","href":"https:\/\/api.w.org\/{rel}","templated":true}]}}