{"id":6699,"date":"2023-05-24T15:27:55","date_gmt":"2023-05-24T15:27:55","guid":{"rendered":"https:\/\/jamonesibericoseu.eu\/evenements\/le-sens-iberique-seveille-a-levenement-gastronomique-taste-of-paris\/"},"modified":"2023-08-04T12:38:03","modified_gmt":"2023-08-04T12:38:03","slug":"le-sens-iberique-seveille-a-levenement-gastronomique-taste-of-paris","status":"publish","type":"page","link":"https:\/\/jamonesibericoseu.eu\/fr\/evenements\/le-sens-iberique-seveille-a-levenement-gastronomique-taste-of-paris\/","title":{"rendered":"Le Sens Ib\u00e9rique s&rsquo;\u00e9veille \u00e0 l&rsquo;\u00e9v\u00e9nement gastronomique Taste of Paris"},"content":{"rendered":"<p>[et_pb_section fb_built=\u00a0\u00bb1&Prime; _builder_version=\u00a0\u00bb4.10.8&Prime; _module_preset=\u00a0\u00bbdefault\u00a0\u00bb global_colors_info=\u00a0\u00bb{}\u00a0\u00bb][et_pb_row _builder_version=\u00a0\u00bb4.10.8&Prime; _module_preset=\u00a0\u00bbdefault\u00a0\u00bb global_colors_info=\u00a0\u00bb{}\u00a0\u00bb][et_pb_column type=\u00a0\u00bb4_4&Prime; _builder_version=\u00a0\u00bb4.10.8&Prime; _module_preset=\u00a0\u00bbdefault\u00a0\u00bb global_colors_info=\u00a0\u00bb{}\u00a0\u00bb][et_pb_text _builder_version=\u00a0\u00bb4.13.0&Prime; _module_preset=\u00a0\u00bbdefault\u00a0\u00bb text_font_size=\u00a0\u00bb16px\u00a0\u00bb header_font=\u00a0\u00bb|700||on|||||\u00a0\u00bb header_text_align=\u00a0\u00bbcenter\u00a0\u00bb header_text_color=\u00a0\u00bb#a31c27&Prime; header_2_font=\u00a0\u00bb|700||on|||||\u00a0\u00bb header_2_text_align=\u00a0\u00bbcenter\u00a0\u00bb header_2_text_color=\u00a0\u00bb#a31c27&Prime; header_2_font_size=\u00a0\u00bb30px\u00a0\u00bb header_2_line_height=\u00a0\u00bb1.2em\u00a0\u00bb background_color=\u00a0\u00bbRGBA(0,0,0,0)\u00a0\u00bb z_index=\u00a0\u00bb500&Prime; width=\u00a0\u00bb80%\u00a0\u00bb module_alignment=\u00a0\u00bbcenter\u00a0\u00bb sticky_limit_bottom=\u00a0\u00bbbody\u00a0\u00bb global_colors_info=\u00a0\u00bb{}\u00a0\u00bb]<\/p>\n<h2>LE SENS IB\u00c9RIQUE S&rsquo;\u00c9VEILLE \u00c0 L&rsquo;\u00c9V\u00c9NEMENT GASTRONOMIQUE TASTE OF PARIS<\/h2>\n<p>[\/et_pb_text][et_pb_text _builder_version=\u00a0\u00bb4.13.0&Prime; _module_preset=\u00a0\u00bbdefault\u00a0\u00bb text_font_size=\u00a0\u00bb16px\u00a0\u00bb header_font=\u00a0\u00bb|700||on|||||\u00a0\u00bb header_text_color=\u00a0\u00bb#a31c27&Prime; header_2_font=\u00a0\u00bb|700||on|||||\u00a0\u00bb header_2_text_color=\u00a0\u00bb#a31c27&Prime; header_2_font_size=\u00a0\u00bb30px\u00a0\u00bb background_color=\u00a0\u00bbRGBA(0,0,0,0)\u00a0\u00bb z_index=\u00a0\u00bb500&Prime; sticky_limit_bottom=\u00a0\u00bbbody\u00a0\u00bb global_colors_info=\u00a0\u00bb{}\u00a0\u00bb]<\/p>\n<p>Un produit gastronomique unique de <strong>la gastronomie europ\u00e9enne , <\/strong>tel que <strong>le jambon ib\u00e9rique, <\/strong>ne pouvait manquer \u00e0 l&rsquo; <strong>un des \u00e9v\u00e9nements gastronomiques les plus importants de France, <\/strong>tant au niveau national qu&rsquo;international, comme le <strong>Taste of Paris.<\/strong><\/p>\n<p>Ce salon, qui s&rsquo;est tenu les 12, 13, 14 et 15 mai 2022, au <strong>Grand Palais \u00c9ph\u00e9m\u00e8re , prestigieuse salle d&rsquo;expositions temporaires du Champ de Mars, situ\u00e9e au centre de la ville de Paris, r\u00e9unit <\/strong>chaque ann\u00e9e <strong>les chefs les plus prestigieux du pays <\/strong>pour proposer aux visiteurs leurs cr\u00e9ations, et montrer l&rsquo;utilisation des <strong>meilleurs produits gourmands, <\/strong>parmi lesquels le <strong>jambon ib\u00e9rique ne pouvait pas manquer.<\/strong><\/p>\n<p>Dans le cadre de la campagne <strong>\u00ab\u00a0Jambons Ib\u00e9riques d&rsquo;Espagne, Ambassadeurs de l&rsquo;Europe dans le monde. R\u00e9veillez votre sens ib\u00e9rique \u00bb, <\/strong>promu par ASICI, avec le soutien de l&rsquo;UE, nous \u00e9tions pr\u00e9sents \u00e0 ce salon en tant que sponsor.<\/p>\n<p>Nous r\u00e9alisons diff\u00e9rentes activit\u00e9s, comme un <strong>showcooking\u00a0<\/strong>mettant en vedette notre <strong>chef ambassadrice, Amandine Chaignot, <\/strong>ainsi qu&rsquo;une <strong>d\u00e9gustation de produits.<\/strong><\/p>\n<p>Le salon, qui a r\u00e9uni au total <strong>plus de 1 000 participants, <\/strong>a \u00e9t\u00e9 une occasion unique d&rsquo;internationaliser davantage les jambons ib\u00e9riques espagnols, de montrer leurs qualit\u00e9s diff\u00e9rentielles et aussi d&rsquo;\u00e9veiller le <strong>sens ib\u00e9rique chez tous les participants.<\/strong><\/p>\n<p>[\/et_pb_text][\/et_pb_column][\/et_pb_row][et_pb_row use_custom_gutter=\u00a0\u00bbon\u00a0\u00bb gutter_width=\u00a0\u00bb2&Prime; _builder_version=\u00a0\u00bb4.13.0&Prime; _module_preset=\u00a0\u00bbdefault\u00a0\u00bb global_colors_info=\u00a0\u00bb{}\u00a0\u00bb][et_pb_column type=\u00a0\u00bb4_4&Prime; _builder_version=\u00a0\u00bb4.13.0&Prime; _module_preset=\u00a0\u00bbdefault\u00a0\u00bb global_colors_info=\u00a0\u00bb{}\u00a0\u00bb][et_pb_gallery gallery_ids=\u00a0\u00bb0,6325,6329,6333&Prime; posts_number=\u00a0\u00bb150&Prime; show_title_and_caption=\u00a0\u00bb%22off%22&Prime; show_pagination=\u00a0\u00bb%22off%22&Prime; _builder_version=\u00a0\u00bb4.13.0&Prime; _module_preset=\u00a0\u00bb%22default%22&Prime; hover_enabled=\u00a0\u00bb0&Prime; global_colors_info=\u00a0\u00bb{}\u00a0\u00bb sticky_enabled=\u00a0\u00bb0&Prime;][\/et_pb_gallery][\/et_pb_column][\/et_pb_row][\/et_pb_section]<\/p>\n","protected":false},"excerpt":{"rendered":"<p>LE SENS IB\u00c9RIQUE S&rsquo;\u00c9VEILLE \u00c0 L&rsquo;\u00c9V\u00c9NEMENT GASTRONOMIQUE TASTE OF PARISUn produit gastronomique unique de la gastronomie europ\u00e9enne , tel que le jambon ib\u00e9rique, ne pouvait manquer \u00e0 l&rsquo; un des \u00e9v\u00e9nements gastronomiques les plus importants de France, tant au niveau national qu&rsquo;international, comme le Taste of Paris. Ce salon, qui s&rsquo;est tenu les 12, 13, 14 et 15 mai 2022, au Grand Palais \u00c9ph\u00e9m\u00e8re , prestigieuse salle d&rsquo;expositions temporaires du Champ de Mars, situ\u00e9e au centre de la ville de Paris, r\u00e9unit chaque ann\u00e9e les chefs les plus prestigieux du pays pour proposer aux visiteurs leurs cr\u00e9ations, et montrer l&rsquo;utilisation des meilleurs produits gourmands, parmi lesquels le jambon ib\u00e9rique ne pouvait pas manquer. Dans le cadre de la campagne \u00ab\u00a0Jambons Ib\u00e9riques d&rsquo;Espagne, Ambassadeurs de l&rsquo;Europe dans le monde. R\u00e9veillez votre sens ib\u00e9rique \u00bb, promu par ASICI, avec le soutien de l&rsquo;UE, nous \u00e9tions pr\u00e9sents \u00e0 ce salon en tant que sponsor. Nous r\u00e9alisons diff\u00e9rentes activit\u00e9s, comme un showcooking\u00a0mettant en vedette notre chef ambassadrice, Amandine Chaignot, ainsi qu&rsquo;une d\u00e9gustation de produits. Le salon, qui a r\u00e9uni au total plus de 1 000 participants, a \u00e9t\u00e9 une occasion unique d&rsquo;internationaliser davantage les jambons ib\u00e9riques espagnols, de montrer leurs qualit\u00e9s diff\u00e9rentielles et aussi [&hellip;]<\/p>\n","protected":false},"author":1,"featured_media":0,"parent":4303,"menu_order":1,"comment_status":"closed","ping_status":"closed","template":"","meta":{"_et_pb_use_builder":"on","_et_pb_old_content":"","_et_gb_content_width":"","footnotes":""},"class_list":["post-6699","page","type-page","status-publish","hentry"],"_links":{"self":[{"href":"https:\/\/jamonesibericoseu.eu\/fr\/wp-json\/wp\/v2\/pages\/6699","targetHints":{"allow":["GET"]}}],"collection":[{"href":"https:\/\/jamonesibericoseu.eu\/fr\/wp-json\/wp\/v2\/pages"}],"about":[{"href":"https:\/\/jamonesibericoseu.eu\/fr\/wp-json\/wp\/v2\/types\/page"}],"author":[{"embeddable":true,"href":"https:\/\/jamonesibericoseu.eu\/fr\/wp-json\/wp\/v2\/users\/1"}],"replies":[{"embeddable":true,"href":"https:\/\/jamonesibericoseu.eu\/fr\/wp-json\/wp\/v2\/comments?post=6699"}],"version-history":[{"count":7,"href":"https:\/\/jamonesibericoseu.eu\/fr\/wp-json\/wp\/v2\/pages\/6699\/revisions"}],"predecessor-version":[{"id":7172,"href":"https:\/\/jamonesibericoseu.eu\/fr\/wp-json\/wp\/v2\/pages\/6699\/revisions\/7172"}],"up":[{"embeddable":true,"href":"https:\/\/jamonesibericoseu.eu\/fr\/wp-json\/wp\/v2\/pages\/4303"}],"wp:attachment":[{"href":"https:\/\/jamonesibericoseu.eu\/fr\/wp-json\/wp\/v2\/media?parent=6699"}],"curies":[{"name":"wp","href":"https:\/\/api.w.org\/{rel}","templated":true}]}}