{"id":5027,"date":"2022-09-07T12:01:18","date_gmt":"2022-09-07T12:01:18","guid":{"rendered":"https:\/\/jamonesibericoseu.eu\/evenements\/paris-se-pare-de-ses-plus-beaux-atours-pour-reveiller-son-sens-iberico\/"},"modified":"2022-09-07T13:09:32","modified_gmt":"2022-09-07T13:09:32","slug":"paris-se-pare-de-ses-plus-beaux-atours-pour-reveiller-son-sens-iberico","status":"publish","type":"page","link":"https:\/\/jamonesibericoseu.eu\/fr\/evenements\/paris-se-pare-de-ses-plus-beaux-atours-pour-reveiller-son-sens-iberico\/","title":{"rendered":"Paris se pare de ses plus beaux atours pour r\u00e9veiller son sens ib\u00e9rico"},"content":{"rendered":"<p>[et_pb_section fb_built=\u00a0\u00bb1&Prime; _builder_version=\u00a0\u00bb4.10.8&Prime; _module_preset=\u00a0\u00bbdefault\u00a0\u00bb global_colors_info=\u00a0\u00bb{}\u00a0\u00bb][et_pb_row _builder_version=\u00a0\u00bb4.10.8&Prime; _module_preset=\u00a0\u00bbdefault\u00a0\u00bb global_colors_info=\u00a0\u00bb{}\u00a0\u00bb][et_pb_column type=\u00a0\u00bb4_4&Prime; _builder_version=\u00a0\u00bb4.10.8&Prime; _module_preset=\u00a0\u00bbdefault\u00a0\u00bb global_colors_info=\u00a0\u00bb{}\u00a0\u00bb][et_pb_text _builder_version=\u00a0\u00bb4.13.0&Prime; _module_preset=\u00a0\u00bbdefault\u00a0\u00bb text_font_size=\u00a0\u00bb16px\u00a0\u00bb header_font=\u00a0\u00bb|700||on|||||\u00a0\u00bb header_text_align=\u00a0\u00bbcenter\u00a0\u00bb header_text_color=\u00a0\u00bb#a31c27&Prime; header_2_font=\u00a0\u00bb|700||on|||||\u00a0\u00bb header_2_text_align=\u00a0\u00bbcenter\u00a0\u00bb header_2_text_color=\u00a0\u00bb#a31c27&Prime; header_2_font_size=\u00a0\u00bb30px\u00a0\u00bb header_2_line_height=\u00a0\u00bb1.2em\u00a0\u00bb background_color=\u00a0\u00bbRGBA(0,0,0,0)\u00a0\u00bb z_index=\u00a0\u00bb500&Prime; width=\u00a0\u00bb80%\u00a0\u00bb module_alignment=\u00a0\u00bbcenter\u00a0\u00bb sticky_limit_bottom=\u00a0\u00bbbody\u00a0\u00bb global_colors_info=\u00a0\u00bb{}\u00a0\u00bb]<\/p>\n<h2>PARIS SE PARE DE SES PLUS BEAUX ATOURS POUR R\u00c9VEILLER SON SENS IB\u00c9RICO<\/h2>\n<p>[\/et_pb_text][et_pb_text _builder_version=\u00a0\u00bb4.13.0&Prime; _module_preset=\u00a0\u00bbdefault\u00a0\u00bb text_font_size=\u00a0\u00bb16px\u00a0\u00bb header_font=\u00a0\u00bb|700||on|||||\u00a0\u00bb header_text_color=\u00a0\u00bb#a31c27&Prime; header_2_font=\u00a0\u00bb|700||on|||||\u00a0\u00bb header_2_text_color=\u00a0\u00bb#a31c27&Prime; header_2_font_size=\u00a0\u00bb30px\u00a0\u00bb background_color=\u00a0\u00bbRGBA(0,0,0,0)\u00a0\u00bb z_index=\u00a0\u00bb500&Prime; sticky_limit_bottom=\u00a0\u00bbbody\u00a0\u00bb hover_enabled=\u00a0\u00bb0&Prime; global_colors_info=\u00a0\u00bb{}\u00a0\u00bb sticky_enabled=\u00a0\u00bb0&Prime;]<\/p>\n<p>Le 14 juin 2022, nous avons pr\u00e9sent\u00e9 la campagne promotionnelle la plus importante de l&rsquo;histoire du secteur Ib\u00e9rico\u00a0: \u00ab\u00a0Jamones Ib\u00e9ricos d\u2019Espagne. Ambassadeurs de l\u2019Europe dans le monde\u00a0\u00bb \u00e0 l&rsquo;ambassade d&rsquo;Espagne de Paris.<\/p>\n<p>Une <strong>c\u00e9r\u00e9monie<\/strong> en l\u2019honneur de <strong>l&rsquo;un des produits les plus embl\u00e9matiques de la gastronomie europ\u00e9enne<\/strong> \u00e0 laquelle ont assist\u00e9 <strong>l&rsquo;ambassadeur d&rsquo;Espagne en France, <\/strong>Victorio Redondo, ainsi que le <strong>pr\u00e9sident de l\u2019Association Interprofessionnelle du Porc Ib\u00e9rique espagnole,<\/strong> Antonio Prieto, et les <strong>chefs cuisiniers ambassadeurs du Jam\u00f3n Ib\u00e9rico\u00a0:<\/strong> le chef espagnol aux deux \u00e9toiles Michelin, <strong>Mario Sandoval, <\/strong>et la prestigieuse chef fran\u00e7aise <strong>Amandine Chaignot.<\/strong><\/p>\n<p>Une <strong>occasion unique<\/strong>, dans un <strong>cadre exceptionnel<\/strong>, de r\u00e9veiller le <strong>sens Ib\u00e9rico<\/strong> <strong>en France.<\/strong> En effet, depuis un an, l&rsquo;hexagone est devenu <strong>le principal march\u00e9 international des jamones et palettes espagnols affin\u00e9s<\/strong>, avec des ventes d\u00e9passant les <strong>111\u00a0millions d&rsquo;euros<\/strong>, apr\u00e8s avoir connu <strong>une croissance de 11,7\u00a0% <\/strong>au cours de l\u2019ann\u00e9e derni\u00e8re.<\/p>\n<p>Lors de son discours, <strong>l&rsquo;ambassadeur d&rsquo;Espagne en France,<\/strong> Victor Redondo, a soulign\u00e9 que <strong>\u00ab\u00a0les Jamones Ib\u00e9ricos espagnols sont un exemple de qualit\u00e9 gastronomique.<\/strong> Un paysage culturel et social compos\u00e9 d&rsquo;agriculteurs, d&rsquo;industriels et d&rsquo;entreprises, qui repr\u00e9sentent l&rsquo;identit\u00e9 de la production espagnole dans le monde\u00a0\u00bb.<\/p>\n<p>Le <strong>pr\u00e9sident de l&rsquo;ASICI<\/strong>, Antonio Prieto, a ajout\u00e9 que <strong>\u00ab\u00a0le Jam\u00f3n Ib\u00e9rico est devenu une ic\u00f4ne qui a d\u00e9pass\u00e9 les limites de la gastronomie pour devenir un authentique embl\u00e8me culturel d&rsquo;Europe, d&rsquo;Espagne et du r\u00e9gime sain de la M\u00e9diterran\u00e9e\u00a0\u00bb.<\/strong><\/p>\n<p>Par ailleurs, la <strong>chef fran\u00e7aise Amandine Chaignot <\/strong>a d\u00e9clar\u00e9 que le Jam\u00f3n Ib\u00e9rico repr\u00e9sente un souvenir de bons repas et de r\u00e9unions entre amis. Un point de rep\u00e8re lorsque l&rsquo;on parcourt le monde. \u00ab\u00a0Dans ma cuisine, je l&rsquo;utilise seul, avec un verre de vin \u00e0 l&rsquo;ap\u00e9ritif ou comme condiment. <strong>C&rsquo;est un produit tellement puissant qu&rsquo;il peut constituer un petit plus pour rehausser n&rsquo;importe quelle recette\u00a0\u00bb.<\/strong><\/p>\n<p>Les campagnes telles que \u00ab Jamones Ib\u00e9ricos d&rsquo;Espagne, ambassadeurs de l\u2019Europe dans le monde \u00bb illustrent <strong>l&rsquo;importance du Jam\u00f3n Ib\u00e9rico dans la culture et la gastronomie europ\u00e9ennes<\/strong> et prouvent que <strong>le sens Ib\u00e9rico s&rsquo;est d\u00e9j\u00e0 r\u00e9veill\u00e9 en France.<\/strong><\/p>\n<p>[\/et_pb_text][\/et_pb_column][\/et_pb_row][et_pb_row use_custom_gutter=\u00a0\u00bbon\u00a0\u00bb gutter_width=\u00a0\u00bb2&Prime; _builder_version=\u00a0\u00bb4.13.0&Prime; _module_preset=\u00a0\u00bbdefault\u00a0\u00bb global_colors_info=\u00a0\u00bb{}\u00a0\u00bb][et_pb_column type=\u00a0\u00bb4_4&Prime; _builder_version=\u00a0\u00bb4.13.0&Prime; _module_preset=\u00a0\u00bbdefault\u00a0\u00bb global_colors_info=\u00a0\u00bb{}\u00a0\u00bb][et_pb_image src=\u00a0\u00bbhttps:\/\/jamonesibericoseu.eu\/wp-content\/uploads\/2022\/09\/embajada_paris_01.jpg\u00a0\u00bb title_text=\u00a0\u00bbembajada_paris_01&Prime; align=\u00a0\u00bbcenter\u00a0\u00bb _builder_version=\u00a0\u00bb4.13.0&Prime; _module_preset=\u00a0\u00bbdefault\u00a0\u00bb global_colors_info=\u00a0\u00bb{}\u00a0\u00bb][\/et_pb_image][\/et_pb_column][\/et_pb_row][et_pb_row column_structure=\u00a0\u00bb1_3,1_3,1_3&Prime; use_custom_gutter=\u00a0\u00bbon\u00a0\u00bb gutter_width=\u00a0\u00bb2&Prime; _builder_version=\u00a0\u00bb4.13.0&Prime; _module_preset=\u00a0\u00bbdefault\u00a0\u00bb custom_padding=\u00a0\u00bb0px||||false|false\u00a0\u00bb global_colors_info=\u00a0\u00bb{}\u00a0\u00bb][et_pb_column type=\u00a0\u00bb1_3&Prime; _builder_version=\u00a0\u00bb4.13.0&Prime; _module_preset=\u00a0\u00bbdefault\u00a0\u00bb global_colors_info=\u00a0\u00bb{}\u00a0\u00bb][et_pb_image src=\u00a0\u00bbhttps:\/\/jamonesibericoseu.eu\/wp-content\/uploads\/2022\/09\/embajada_paris_02.jpg\u00a0\u00bb title_text=\u00a0\u00bbembajada_paris_02&Prime; align=\u00a0\u00bbcenter\u00a0\u00bb _builder_version=\u00a0\u00bb4.13.0&Prime; _module_preset=\u00a0\u00bbdefault\u00a0\u00bb global_colors_info=\u00a0\u00bb{}\u00a0\u00bb][\/et_pb_image][\/et_pb_column][et_pb_column type=\u00a0\u00bb1_3&Prime; _builder_version=\u00a0\u00bb4.13.0&Prime; _module_preset=\u00a0\u00bbdefault\u00a0\u00bb global_colors_info=\u00a0\u00bb{}\u00a0\u00bb][et_pb_image src=\u00a0\u00bbhttps:\/\/jamonesibericoseu.eu\/wp-content\/uploads\/2022\/09\/embajada_paris_03.jpg\u00a0\u00bb title_text=\u00a0\u00bbembajada_paris_03&Prime; _builder_version=\u00a0\u00bb4.13.0&Prime; _module_preset=\u00a0\u00bbdefault\u00a0\u00bb global_colors_info=\u00a0\u00bb{}\u00a0\u00bb][\/et_pb_image][\/et_pb_column][et_pb_column type=\u00a0\u00bb1_3&Prime; _builder_version=\u00a0\u00bb4.13.0&Prime; _module_preset=\u00a0\u00bbdefault\u00a0\u00bb global_colors_info=\u00a0\u00bb{}\u00a0\u00bb][et_pb_image src=\u00a0\u00bbhttps:\/\/jamonesibericoseu.eu\/wp-content\/uploads\/2022\/09\/embajada_paris_04.jpg\u00a0\u00bb title_text=\u00a0\u00bbembajada_paris_04&Prime; _builder_version=\u00a0\u00bb4.13.0&Prime; _module_preset=\u00a0\u00bbdefault\u00a0\u00bb global_colors_info=\u00a0\u00bb{}\u00a0\u00bb][\/et_pb_image][\/et_pb_column][\/et_pb_row][\/et_pb_section]<\/p>\n","protected":false},"excerpt":{"rendered":"<p>PARIS SE PARE DE SES PLUS BEAUX ATOURS POUR R\u00c9VEILLER SON SENS IB\u00c9RICOLe 14 juin 2022, nous avons pr\u00e9sent\u00e9 la campagne promotionnelle la plus importante de l&rsquo;histoire du secteur Ib\u00e9rico\u00a0: \u00ab\u00a0Jamones Ib\u00e9ricos d\u2019Espagne. Ambassadeurs de l\u2019Europe dans le monde\u00a0\u00bb \u00e0 l&rsquo;ambassade d&rsquo;Espagne de Paris. Une c\u00e9r\u00e9monie en l\u2019honneur de l&rsquo;un des produits les plus embl\u00e9matiques de la gastronomie europ\u00e9enne \u00e0 laquelle ont assist\u00e9 l&rsquo;ambassadeur d&rsquo;Espagne en France, Victorio Redondo, ainsi que le pr\u00e9sident de l\u2019Association Interprofessionnelle du Porc Ib\u00e9rique espagnole, Antonio Prieto, et les chefs cuisiniers ambassadeurs du Jam\u00f3n Ib\u00e9rico\u00a0: le chef espagnol aux deux \u00e9toiles Michelin, Mario Sandoval, et la prestigieuse chef fran\u00e7aise Amandine Chaignot. Une occasion unique, dans un cadre exceptionnel, de r\u00e9veiller le sens Ib\u00e9rico en France. En effet, depuis un an, l&rsquo;hexagone est devenu le principal march\u00e9 international des jamones et palettes espagnols affin\u00e9s, avec des ventes d\u00e9passant les 111\u00a0millions d&rsquo;euros, apr\u00e8s avoir connu une croissance de 11,7\u00a0% au cours de l\u2019ann\u00e9e derni\u00e8re. Lors de son discours, l&rsquo;ambassadeur d&rsquo;Espagne en France, Victor Redondo, a soulign\u00e9 que \u00ab\u00a0les Jamones Ib\u00e9ricos espagnols sont un exemple de qualit\u00e9 gastronomique. Un paysage culturel et social compos\u00e9 d&rsquo;agriculteurs, d&rsquo;industriels et d&rsquo;entreprises, qui repr\u00e9sentent l&rsquo;identit\u00e9 de la production espagnole dans le monde\u00a0\u00bb. [&hellip;]<\/p>\n","protected":false},"author":1,"featured_media":0,"parent":4303,"menu_order":1,"comment_status":"closed","ping_status":"closed","template":"","meta":{"_et_pb_use_builder":"on","_et_pb_old_content":"","_et_gb_content_width":"","footnotes":""},"class_list":["post-5027","page","type-page","status-publish","hentry"],"_links":{"self":[{"href":"https:\/\/jamonesibericoseu.eu\/fr\/wp-json\/wp\/v2\/pages\/5027","targetHints":{"allow":["GET"]}}],"collection":[{"href":"https:\/\/jamonesibericoseu.eu\/fr\/wp-json\/wp\/v2\/pages"}],"about":[{"href":"https:\/\/jamonesibericoseu.eu\/fr\/wp-json\/wp\/v2\/types\/page"}],"author":[{"embeddable":true,"href":"https:\/\/jamonesibericoseu.eu\/fr\/wp-json\/wp\/v2\/users\/1"}],"replies":[{"embeddable":true,"href":"https:\/\/jamonesibericoseu.eu\/fr\/wp-json\/wp\/v2\/comments?post=5027"}],"version-history":[{"count":4,"href":"https:\/\/jamonesibericoseu.eu\/fr\/wp-json\/wp\/v2\/pages\/5027\/revisions"}],"predecessor-version":[{"id":5033,"href":"https:\/\/jamonesibericoseu.eu\/fr\/wp-json\/wp\/v2\/pages\/5027\/revisions\/5033"}],"up":[{"embeddable":true,"href":"https:\/\/jamonesibericoseu.eu\/fr\/wp-json\/wp\/v2\/pages\/4303"}],"wp:attachment":[{"href":"https:\/\/jamonesibericoseu.eu\/fr\/wp-json\/wp\/v2\/media?parent=5027"}],"curies":[{"name":"wp","href":"https:\/\/api.w.org\/{rel}","templated":true}]}}