{"id":5024,"date":"2022-09-07T11:59:39","date_gmt":"2022-09-07T11:59:39","guid":{"rendered":"https:\/\/jamonesibericoseu.eu\/evenements\/le-sens-iberico-se-reveille-au-festival-de-cannes\/"},"modified":"2023-08-04T12:36:07","modified_gmt":"2023-08-04T12:36:07","slug":"le-sens-iberico-se-reveille-au-festival-de-cannes","status":"publish","type":"page","link":"https:\/\/jamonesibericoseu.eu\/fr\/evenements\/le-sens-iberico-se-reveille-au-festival-de-cannes\/","title":{"rendered":"le sens ib\u00e9rico se r\u00e9veille au festival de cannes"},"content":{"rendered":"<p>[et_pb_section fb_built=\u00a0\u00bb1&Prime; _builder_version=\u00a0\u00bb4.10.8&Prime; _module_preset=\u00a0\u00bbdefault\u00a0\u00bb global_colors_info=\u00a0\u00bb{}\u00a0\u00bb][et_pb_row _builder_version=\u00a0\u00bb4.10.8&Prime; _module_preset=\u00a0\u00bbdefault\u00a0\u00bb global_colors_info=\u00a0\u00bb{}\u00a0\u00bb][et_pb_column type=\u00a0\u00bb4_4&Prime; _builder_version=\u00a0\u00bb4.10.8&Prime; _module_preset=\u00a0\u00bbdefault\u00a0\u00bb global_colors_info=\u00a0\u00bb{}\u00a0\u00bb][et_pb_text _builder_version=\u00a0\u00bb4.13.0&Prime; _module_preset=\u00a0\u00bbdefault\u00a0\u00bb text_font_size=\u00a0\u00bb16px\u00a0\u00bb header_font=\u00a0\u00bb|700||on|||||\u00a0\u00bb header_text_align=\u00a0\u00bbcenter\u00a0\u00bb header_text_color=\u00a0\u00bb#a31c27&Prime; header_2_font=\u00a0\u00bb|700||on|||||\u00a0\u00bb header_2_text_align=\u00a0\u00bbcenter\u00a0\u00bb header_2_text_color=\u00a0\u00bb#a31c27&Prime; header_2_font_size=\u00a0\u00bb30px\u00a0\u00bb header_2_line_height=\u00a0\u00bb1.2em\u00a0\u00bb background_color=\u00a0\u00bbRGBA(0,0,0,0)\u00a0\u00bb z_index=\u00a0\u00bb500&Prime; width=\u00a0\u00bb80%\u00a0\u00bb module_alignment=\u00a0\u00bbcenter\u00a0\u00bb sticky_limit_bottom=\u00a0\u00bbbody\u00a0\u00bb global_colors_info=\u00a0\u00bb{}\u00a0\u00bb]<\/p>\n<h2>LE SENS IB\u00c9RICO SE R\u00c9VEILLE AU FESTIVAL DE CANNES<\/h2>\n<p>[\/et_pb_text][et_pb_text _builder_version=\u00a0\u00bb4.13.0&Prime; _module_preset=\u00a0\u00bbdefault\u00a0\u00bb text_font_size=\u00a0\u00bb16px\u00a0\u00bb header_font=\u00a0\u00bb|700||on|||||\u00a0\u00bb header_text_color=\u00a0\u00bb#a31c27&Prime; header_2_font=\u00a0\u00bb|700||on|||||\u00a0\u00bb header_2_text_color=\u00a0\u00bb#a31c27&Prime; header_2_font_size=\u00a0\u00bb30px\u00a0\u00bb background_color=\u00a0\u00bbRGBA(0,0,0,0)\u00a0\u00bb z_index=\u00a0\u00bb500&Prime; sticky_limit_bottom=\u00a0\u00bbbody\u00a0\u00bb global_colors_info=\u00a0\u00bb{}\u00a0\u00bb]<\/p>\n<p>La campagne <strong>\u00ab\u00a0Jamones Ib\u00e9ricos d\u2019Espagne, ambassadeurs de l\u2019Europe dans le monde\u00a0\u00bb<\/strong>, promue par l\u2019ASICI et l\u2019UE, engage une relation fructueuse avec le <strong>Festival international du film de Cannes<\/strong>, l&rsquo;un des \u00e9v\u00e9nements les plus importants du secteur cin\u00e9matographique.<\/p>\n<p>Les 20 et 22 <strong>mai derniers<\/strong>, Jamones Ib\u00e9ricos a eu une pr\u00e9sence remarquable au Festival en tant que sponsor officiel de <strong>The Members Club (TMC)<\/strong>, un espace privil\u00e9gi\u00e9 et l&rsquo;un des points de rencontre les plus importants de l&rsquo;industrie cin\u00e9matographique \u00e0 Cannes, o\u00f9 se c\u00f4toient producteurs, acteurs, c\u00e9l\u00e9brit\u00e9s, r\u00e9alisateurs, distributeurs et professionnels du secteur, l&rsquo;occasion pour nous de proposer des d\u00e9gustations de produits et du merchandising de la campagne.<\/p>\n<p>Gr\u00e2ce \u00e0 un stand situ\u00e9 dans une zone strat\u00e9gique, les participants ont pu savourer le <strong>go\u00fbt<\/strong>, <strong>l&rsquo;ar\u00f4me<\/strong> et la <strong>texture<\/strong> des <strong>Jamones Ib\u00e9ricos d&rsquo;Espagne<\/strong> et r\u00e9veiller leur <strong>sens Ib\u00e9rico<\/strong>.<\/p>\n<p>Ces activit\u00e9s promotionnelles et ces d\u00e9gustations ont \u00e9galement eu lieu dans la zone <strong>Deadline Studio<\/strong><strong>, <\/strong>cr\u00e9\u00e9e par la prestigieuse <strong>publication cin\u00e9matographique am\u00e9ricaine Deadline. <\/strong>Un salon priv\u00e9 et exclusif situ\u00e9 au c\u0153ur du Festival, auquel se sont rendues les <strong>personnalit\u00e9s de l&rsquo;univers cin\u00e9matographique<\/strong> et o\u00f9 elles ont pu d\u00e9guster nos <strong>Jamones Ib\u00e9ricos.<\/strong><\/p>\n<p>Par ailleurs, d\u00e9cern\u00e9 le prix <strong>Ib\u00e9rico Ham Award<\/strong>, une distinction honorifique pour l&rsquo;ensemble d&rsquo;une carri\u00e8re, au r\u00e9alisateur <strong>J\u00e9r\u00f4me Paillard<\/strong>, pour son long et fructueux parcours professionnel.<\/p>\n<p>Selon ses propres mots : \u00ab Ma relation avec le Jam\u00f3n Ib\u00e9rico ne date pas d\u2019hier. Je visite Saint-S\u00e9bastien chaque ann\u00e9e et j&rsquo;essaie toujours de commander une assiette de Jam\u00f3n Ib\u00e9rico. Comme tout fin gourmet, j&rsquo;appr\u00e9cie le Jam\u00f3n Ib\u00e9rico. C&rsquo;est le meilleur prix que je puisse recevoir, c&rsquo;est une reconnaissance fantastique \u00bb, a d\u00e9clar\u00e9 J\u00e9r\u00f4me Paillard, apr\u00e8s avoir re\u00e7u le spectaculaire Jam\u00f3n Ib\u00e9rico de la part du pr\u00e9sident de l&rsquo;ASICI, Antonio Prieto.<\/p>\n<p>Pour <strong>Antonio Prieto, <\/strong>\u00ab\u00a0le Jam\u00f3n Ib\u00e9rico, comme le cin\u00e9ma, entretient un lien \u00e9troit avec la culture et la tradition de tout un peuple. Il essaie de raconter une histoire \u00e0 travers le go\u00fbt et l&rsquo;ar\u00f4me. Notre relation avec le cin\u00e9ma a commenc\u00e9 il y a 8 ans avec le Festival international du film de Saint-S\u00e9bastien. Aujourd&rsquo;hui, nous nous unissons \u00e0 l&rsquo;un des plus importants festivals de cin\u00e9ma au monde, le Festival de Cannes, pour boucler la boucle et perp\u00e9tuer le lien entre le cin\u00e9ma et le Jam\u00f3n Ib\u00e9rico, produit embl\u00e9matique de notre univers gastronomique\u00a0\u00bb.<\/p>\n<p>Tout cela, pour continuer \u00e0 r\u00e9veiller le <strong>sens Ib\u00e9rico<\/strong> chez les <strong>amoureux du septi\u00e8me art.<\/strong><\/p>\n<p>[\/et_pb_text][\/et_pb_column][\/et_pb_row][et_pb_row column_structure=\u00a0\u00bb1_4,1_4,1_4,1_4&Prime; use_custom_gutter=\u00a0\u00bbon\u00a0\u00bb gutter_width=\u00a0\u00bb2&Prime; _builder_version=\u00a0\u00bb4.13.0&Prime; _module_preset=\u00a0\u00bbdefault\u00a0\u00bb global_colors_info=\u00a0\u00bb{}\u00a0\u00bb][et_pb_column type=\u00a0\u00bb1_4&Prime; _builder_version=\u00a0\u00bb4.13.0&Prime; _module_preset=\u00a0\u00bbdefault\u00a0\u00bb global_colors_info=\u00a0\u00bb{}\u00a0\u00bb][et_pb_image src=\u00a0\u00bbhttps:\/\/jamonesibericoseu.eu\/wp-content\/uploads\/2022\/09\/cannes_01.jpg\u00a0\u00bb title_text=\u00a0\u00bbcannes_01&Prime; align=\u00a0\u00bbcenter\u00a0\u00bb _builder_version=\u00a0\u00bb4.13.0&Prime; _module_preset=\u00a0\u00bbdefault\u00a0\u00bb global_colors_info=\u00a0\u00bb{}\u00a0\u00bb][\/et_pb_image][\/et_pb_column][et_pb_column type=\u00a0\u00bb1_4&Prime; _builder_version=\u00a0\u00bb4.13.0&Prime; _module_preset=\u00a0\u00bbdefault\u00a0\u00bb global_colors_info=\u00a0\u00bb{}\u00a0\u00bb][et_pb_image src=\u00a0\u00bbhttps:\/\/jamonesibericoseu.eu\/wp-content\/uploads\/2022\/09\/cannes_02.jpg\u00a0\u00bb title_text=\u00a0\u00bbcannes_02&Prime; _builder_version=\u00a0\u00bb4.13.0&Prime; _module_preset=\u00a0\u00bbdefault\u00a0\u00bb global_colors_info=\u00a0\u00bb{}\u00a0\u00bb][\/et_pb_image][\/et_pb_column][et_pb_column type=\u00a0\u00bb1_4&Prime; _builder_version=\u00a0\u00bb4.13.0&Prime; _module_preset=\u00a0\u00bbdefault\u00a0\u00bb global_colors_info=\u00a0\u00bb{}\u00a0\u00bb][et_pb_image src=\u00a0\u00bbhttps:\/\/jamonesibericoseu.eu\/wp-content\/uploads\/2022\/09\/cannes_03.jpg\u00a0\u00bb title_text=\u00a0\u00bbcannes_03&Prime; _builder_version=\u00a0\u00bb4.13.0&Prime; _module_preset=\u00a0\u00bbdefault\u00a0\u00bb global_colors_info=\u00a0\u00bb{}\u00a0\u00bb][\/et_pb_image][\/et_pb_column][et_pb_column type=\u00a0\u00bb1_4&Prime; _builder_version=\u00a0\u00bb4.13.0&Prime; _module_preset=\u00a0\u00bbdefault\u00a0\u00bb global_colors_info=\u00a0\u00bb{}\u00a0\u00bb][et_pb_image src=\u00a0\u00bbhttps:\/\/jamonesibericoseu.eu\/wp-content\/uploads\/2022\/09\/cannes_04.jpg\u00a0\u00bb title_text=\u00a0\u00bbcannes_04&Prime; _builder_version=\u00a0\u00bb4.13.0&Prime; _module_preset=\u00a0\u00bbdefault\u00a0\u00bb global_colors_info=\u00a0\u00bb{}\u00a0\u00bb][\/et_pb_image][\/et_pb_column][\/et_pb_row][et_pb_row column_structure=\u00a0\u00bb1_4,1_4,1_4,1_4&Prime; use_custom_gutter=\u00a0\u00bbon\u00a0\u00bb gutter_width=\u00a0\u00bb2&Prime; _builder_version=\u00a0\u00bb4.13.0&Prime; _module_preset=\u00a0\u00bbdefault\u00a0\u00bb custom_padding=\u00a0\u00bb0px||||false|false\u00a0\u00bb global_colors_info=\u00a0\u00bb{}\u00a0\u00bb][et_pb_column type=\u00a0\u00bb1_4&Prime; _builder_version=\u00a0\u00bb4.13.0&Prime; _module_preset=\u00a0\u00bbdefault\u00a0\u00bb global_colors_info=\u00a0\u00bb{}\u00a0\u00bb][et_pb_image src=\u00a0\u00bbhttps:\/\/jamonesibericoseu.eu\/wp-content\/uploads\/2022\/09\/cannes_05.jpg\u00a0\u00bb title_text=\u00a0\u00bbcannes_05&Prime; align=\u00a0\u00bbcenter\u00a0\u00bb _builder_version=\u00a0\u00bb4.13.0&Prime; _module_preset=\u00a0\u00bbdefault\u00a0\u00bb global_colors_info=\u00a0\u00bb{}\u00a0\u00bb][\/et_pb_image][\/et_pb_column][et_pb_column type=\u00a0\u00bb1_4&Prime; _builder_version=\u00a0\u00bb4.13.0&Prime; _module_preset=\u00a0\u00bbdefault\u00a0\u00bb global_colors_info=\u00a0\u00bb{}\u00a0\u00bb][et_pb_image src=\u00a0\u00bbhttps:\/\/jamonesibericoseu.eu\/wp-content\/uploads\/2022\/09\/cannes_06.jpg\u00a0\u00bb title_text=\u00a0\u00bbcannes_06&Prime; _builder_version=\u00a0\u00bb4.13.0&Prime; _module_preset=\u00a0\u00bbdefault\u00a0\u00bb global_colors_info=\u00a0\u00bb{}\u00a0\u00bb][\/et_pb_image][\/et_pb_column][et_pb_column type=\u00a0\u00bb1_4&Prime; _builder_version=\u00a0\u00bb4.13.0&Prime; _module_preset=\u00a0\u00bbdefault\u00a0\u00bb global_colors_info=\u00a0\u00bb{}\u00a0\u00bb][et_pb_image src=\u00a0\u00bbhttps:\/\/jamonesibericoseu.eu\/wp-content\/uploads\/2022\/09\/cannes_07.jpg\u00a0\u00bb title_text=\u00a0\u00bbDeadline Studio at Cannes Film Festival &#8211; Arrivals\u00a0\u00bb _builder_version=\u00a0\u00bb4.13.0&Prime; _module_preset=\u00a0\u00bbdefault\u00a0\u00bb global_colors_info=\u00a0\u00bb{}\u00a0\u00bb][\/et_pb_image][\/et_pb_column][et_pb_column type=\u00a0\u00bb1_4&Prime; _builder_version=\u00a0\u00bb4.13.0&Prime; _module_preset=\u00a0\u00bbdefault\u00a0\u00bb global_colors_info=\u00a0\u00bb{}\u00a0\u00bb][et_pb_image src=\u00a0\u00bbhttps:\/\/jamonesibericoseu.eu\/wp-content\/uploads\/2022\/09\/cannes_08.jpg\u00a0\u00bb title_text=\u00a0\u00bbcannes_08&Prime; _builder_version=\u00a0\u00bb4.13.0&Prime; _module_preset=\u00a0\u00bbdefault\u00a0\u00bb global_colors_info=\u00a0\u00bb{}\u00a0\u00bb][\/et_pb_image][\/et_pb_column][\/et_pb_row][et_pb_row _builder_version=\u00a0\u00bb4.13.0&Prime; _module_preset=\u00a0\u00bbdefault\u00a0\u00bb module_alignment=\u00a0\u00bbcenter\u00a0\u00bb global_colors_info=\u00a0\u00bb{}\u00a0\u00bb][et_pb_column type=\u00a0\u00bb4_4&Prime; _builder_version=\u00a0\u00bb4.13.0&Prime; _module_preset=\u00a0\u00bbdefault\u00a0\u00bb global_colors_info=\u00a0\u00bb{}\u00a0\u00bb][et_pb_text _builder_version=\u00a0\u00bb4.13.0&Prime; _module_preset=\u00a0\u00bbdefault\u00a0\u00bb width=\u00a0\u00bb70%\u00a0\u00bb module_alignment=\u00a0\u00bbcenter\u00a0\u00bb global_colors_info=\u00a0\u00bb{}\u00a0\u00bb]<\/p>\n<a class=\"vp-a vp-dr\" href=\"https:\/\/youtu.be\/q_oGzZO7bn0\" rel=\"nofollow\" data-width=\"1920\" data-height=\"1080\" data-dwrap=\"1\" data-controls=\"1\" data-iv=\"1\"><img decoding=\"async\" class=\"vp-img\" src=\"https:\/\/jamonesibericoseu.eu\/wp-content\/uploads\/2022\/09\/video_cannes.jpg\"><\/a>\n<p>[\/et_pb_text][\/et_pb_column][\/et_pb_row][\/et_pb_section]<\/p>\n","protected":false},"excerpt":{"rendered":"<p>LE SENS IB\u00c9RICO SE R\u00c9VEILLE AU FESTIVAL DE CANNESLa campagne \u00ab\u00a0Jamones Ib\u00e9ricos d\u2019Espagne, ambassadeurs de l\u2019Europe dans le monde\u00a0\u00bb, promue par l\u2019ASICI et l\u2019UE, engage une relation fructueuse avec le Festival international du film de Cannes, l&rsquo;un des \u00e9v\u00e9nements les plus importants du secteur cin\u00e9matographique. Les 20 et 22 mai derniers, Jamones Ib\u00e9ricos a eu une pr\u00e9sence remarquable au Festival en tant que sponsor officiel de The Members Club (TMC), un espace privil\u00e9gi\u00e9 et l&rsquo;un des points de rencontre les plus importants de l&rsquo;industrie cin\u00e9matographique \u00e0 Cannes, o\u00f9 se c\u00f4toient producteurs, acteurs, c\u00e9l\u00e9brit\u00e9s, r\u00e9alisateurs, distributeurs et professionnels du secteur, l&rsquo;occasion pour nous de proposer des d\u00e9gustations de produits et du merchandising de la campagne. Gr\u00e2ce \u00e0 un stand situ\u00e9 dans une zone strat\u00e9gique, les participants ont pu savourer le go\u00fbt, l&rsquo;ar\u00f4me et la texture des Jamones Ib\u00e9ricos d&rsquo;Espagne et r\u00e9veiller leur sens Ib\u00e9rico. Ces activit\u00e9s promotionnelles et ces d\u00e9gustations ont \u00e9galement eu lieu dans la zone Deadline Studio, cr\u00e9\u00e9e par la prestigieuse publication cin\u00e9matographique am\u00e9ricaine Deadline. Un salon priv\u00e9 et exclusif situ\u00e9 au c\u0153ur du Festival, auquel se sont rendues les personnalit\u00e9s de l&rsquo;univers cin\u00e9matographique et o\u00f9 elles ont pu d\u00e9guster nos Jamones Ib\u00e9ricos. Par ailleurs, d\u00e9cern\u00e9 le prix Ib\u00e9rico [&hellip;]<\/p>\n","protected":false},"author":1,"featured_media":0,"parent":4303,"menu_order":1,"comment_status":"closed","ping_status":"closed","template":"","meta":{"_et_pb_use_builder":"on","_et_pb_old_content":"","_et_gb_content_width":"","footnotes":""},"class_list":["post-5024","page","type-page","status-publish","hentry"],"_links":{"self":[{"href":"https:\/\/jamonesibericoseu.eu\/fr\/wp-json\/wp\/v2\/pages\/5024","targetHints":{"allow":["GET"]}}],"collection":[{"href":"https:\/\/jamonesibericoseu.eu\/fr\/wp-json\/wp\/v2\/pages"}],"about":[{"href":"https:\/\/jamonesibericoseu.eu\/fr\/wp-json\/wp\/v2\/types\/page"}],"author":[{"embeddable":true,"href":"https:\/\/jamonesibericoseu.eu\/fr\/wp-json\/wp\/v2\/users\/1"}],"replies":[{"embeddable":true,"href":"https:\/\/jamonesibericoseu.eu\/fr\/wp-json\/wp\/v2\/comments?post=5024"}],"version-history":[{"count":7,"href":"https:\/\/jamonesibericoseu.eu\/fr\/wp-json\/wp\/v2\/pages\/5024\/revisions"}],"predecessor-version":[{"id":7168,"href":"https:\/\/jamonesibericoseu.eu\/fr\/wp-json\/wp\/v2\/pages\/5024\/revisions\/7168"}],"up":[{"embeddable":true,"href":"https:\/\/jamonesibericoseu.eu\/fr\/wp-json\/wp\/v2\/pages\/4303"}],"wp:attachment":[{"href":"https:\/\/jamonesibericoseu.eu\/fr\/wp-json\/wp\/v2\/media?parent=5024"}],"curies":[{"name":"wp","href":"https:\/\/api.w.org\/{rel}","templated":true}]}}