{"id":4884,"date":"2022-09-02T09:49:58","date_gmt":"2022-09-02T09:49:58","guid":{"rendered":"https:\/\/jamonesibericoseu.eu\/politique-de-cookies\/"},"modified":"2022-09-02T09:54:11","modified_gmt":"2022-09-02T09:54:11","slug":"politique-de-cookies","status":"publish","type":"page","link":"https:\/\/jamonesibericoseu.eu\/fr\/politique-de-cookies\/","title":{"rendered":"Politique de cookies"},"content":{"rendered":"<p>[et_pb_section fb_built=\u00a0\u00bb1&Prime; _builder_version=\u00a0\u00bb4.13.0&Prime; _module_preset=\u00a0\u00bbdefault\u00a0\u00bb width=\u00a0\u00bb100%\u00a0\u00bb global_colors_info=\u00a0\u00bb{}\u00a0\u00bb][et_pb_row _builder_version=\u00a0\u00bb4.13.0&Prime; _module_preset=\u00a0\u00bbdefault\u00a0\u00bb global_colors_info=\u00a0\u00bb{}\u00a0\u00bb][et_pb_column type=\u00a0\u00bb4_4&Prime; _builder_version=\u00a0\u00bb4.13.0&Prime; _module_preset=\u00a0\u00bbdefault\u00a0\u00bb global_colors_info=\u00a0\u00bb{}\u00a0\u00bb][et_pb_text _builder_version=\u00a0\u00bb4.13.0&Prime; _module_preset=\u00a0\u00bbdefault\u00a0\u00bb text_font_size=\u00a0\u00bb16px\u00a0\u00bb hover_enabled=\u00a0\u00bb0&Prime; global_colors_info=\u00a0\u00bb{}\u00a0\u00bb sticky_enabled=\u00a0\u00bb0&Prime;]<\/p>\n<h1><strong>Politique de cookies<\/strong><\/h1>\n<p>Conform\u00e9ment aux dispositions de l&rsquo;article 22.2 de la Loi 34\/2002 du 11 juillet relative aux services de la soci\u00e9t\u00e9 de l&rsquo;information et du commerce \u00e9lectronique, le pr\u00e9sent site vous informe, dans cette section, sur la\u00a0<strong>politique de collecte et de traitement des cookies<\/strong>.<\/p>\n<p><strong>QUE SONT LES COOKIES\u00a0?<\/strong><\/p>\n<p>Un cookie est un fichier qui est t\u00e9l\u00e9charg\u00e9 dans votre ordinateur lorsque vous acc\u00e9dez \u00e0 certaines pages web. Les cookies permettent \u00e0 une page web, entre autres, de stocker et de r\u00e9cup\u00e9rer des informations sur les habitudes de navigation d&rsquo;un utilisateur ou de son dispositif et, en fonction des informations contenues et du type d&rsquo;utilisation, ils peuvent \u00eatre utilis\u00e9s pour reconna\u00eetre l&rsquo;utilisateur.\u00a0<\/p>\n<p><strong>TYPES DE COOKIES UTILIS\u00c9S PAR LE SITE<\/strong><\/p>\n<p>Le pr\u00e9sent site utilise les types de cookies suivants :<\/p>\n<p><strong><u>Cookies d&rsquo;analyse<\/u><\/strong> : Ce sont les cookies qui, s&rsquo;ils sont correctement trait\u00e9s par nous ou par des tiers, nous permettent de calculer le nombre d&rsquo;utilisateurs, et par cons\u00e9quent d&rsquo;effectuer un calcul et une analyse statistique de l&rsquo;utilisation du service propos\u00e9 de la part des utilisateurs. Pour ce faire nous analysons leur navigation sur notre site afin d&rsquo;am\u00e9liorer l&rsquo;offre de produits ou de services que nous proposons.<\/p>\n<p><strong><u>Cookies techniques<\/u><\/strong> : Ce sont les cookies qui permettent \u00e0 l&rsquo;utilisateur de naviguer dans une zone restreinte et d&rsquo;utiliser diff\u00e9rentes fonctions, comme par exemple effectuer la proc\u00e9dure d&rsquo;achat d&rsquo;un article.<\/p>\n<p><strong><u>Cookies de personnalisation<\/u><\/strong>\u00a0: Ce sont ceux qui permettent \u00e0 l&rsquo;utilisateur d&rsquo;acc\u00e9der au service avec certaines caract\u00e9ristiques \u00e0 caract\u00e8re g\u00e9n\u00e9ral pr\u00e9d\u00e9finies en fonction d&rsquo;une s\u00e9rie de crit\u00e8res dans le terminal de l&rsquo;utilisateur, comme par exemple la langue ou le type de navigateur avec lequel il se connecte au service.<\/p>\n<p><strong><u>Cookies publicitaires<\/u><\/strong>\u00a0: Ce sont ceux qui, correctement trait\u00e9s par ce site ou par des tiers, permettent de g\u00e9rer de mani\u00e8re plus efficace possible l&rsquo;offre des espaces publicitaires du site, en adaptant le contenu de l&rsquo;annonce au contenu du service demand\u00e9 ou \u00e0 l&rsquo;utilisation faite de notre site. Pour cela nous pouvons analyser vos habitudes de navigation sur Internet et vous montrer des publicit\u00e9s en rapport avec votre profil de navigation.<\/p>\n<p><strong><u>Cookies de publicit\u00e9 comportementale<\/u><\/strong> : Ce sont ceux qui permettent de g\u00e9rer, de la fa\u00e7on la plus efficace possible, les espaces publicitaires inclus le cas \u00e9ch\u00e9ant par l&rsquo;\u00e9diteur dans un site, une application ou une plateforme depuis lequel il assure le service demand\u00e9. Ce type de cookies stocke des informations sur le comportement des visiteurs, obtenues par le biais de l&rsquo;observation continue de leurs habitudes de navigation, ce qui permet de d\u00e9velopper un profil sp\u00e9cifique pour afficher des annonces publicitaires en fonction de celui-ci.<\/p>\n<p><strong>D\u00c9SACTIVER LES COOKIES.<\/strong><\/p>\n<p>Vous pouvez\u00a0<strong>autoriser, bloquer ou \u00e9liminer les cookies<\/strong>\u00a0install\u00e9s dans votre dispositif en param\u00e9trant les options du navigateur install\u00e9 dans votre ordinateur.<\/p>\n<p>Dans la plupart des navigateurs web il est possible d&rsquo;autoriser, de d\u00e9bloquer ou d&rsquo;\u00e9liminer les cookies install\u00e9s dans votre ordinateur.<\/p>\n<p>Vous pourrez acc\u00e9der ci-dessous aux principaux navigateurs web pour accepter, installer ou d\u00e9sactiver les cookies :<\/p>\n<p><a href=\"https:\/\/support.google.com\/chrome\/answer\/95647?hl=es\">Param\u00e9trer les cookies sur Google Chrome<\/a><\/p>\n<p><a href=\"http:\/\/windows.microsoft.com\/es-es\/windows7\/how-to-manage-cookies-in-internet-explorer-9\">Param\u00e9trer les cookies sur Microsoft Internet Explorer<\/a><\/p>\n<p><a href=\"https:\/\/support.mozilla.org\/es\/kb\/habilitar-y-deshabilitar-cookies-sitios-web-rastrear-preferencias?redirectlocale=es&amp;redirectslug=habilitar-y-deshabilitar-cookies-que-los-sitios-we\">Param\u00e9trer les cookies sur Mozilla Firefox<\/a><\/p>\n<p><a href=\"https:\/\/support.apple.com\/es-es\/HT201265\">Param\u00e9trer les cookies sur Safari (Apple)<\/a><\/p>\n<p><strong>COOKIES DE TIERS.<\/strong><\/p>\n<p>Ce site utilise les services de tiers pour collecter des informations \u00e0 des fins statistiques et d&rsquo;utilisation du site. Des cookies de DoubleClick sont utilis\u00e9s pour am\u00e9liorer la publicit\u00e9 affich\u00e9e sur le site. Ces cookies sont utilis\u00e9s pour orienter la publicit\u00e9 selon le contenu qui s&rsquo;av\u00e8re important pour un utilisateur, ce qui permet d&rsquo;am\u00e9liorer sa qualit\u00e9 d&rsquo;exp\u00e9rience.<\/p>\n<p>Plus pr\u00e9cis\u00e9ment, nous utilisons les services Google Adsense et Google Analytics pour nos statistiques et publicit\u00e9s. Certains cookies sont essentiels au fonctionnement du site, par exemple le moteur de recherche int\u00e9gr\u00e9.<\/p>\n<p>Notre site inclut d&rsquo;autres fonctionnalit\u00e9s fournies par des tiers. Vous pouvez partager en toute simplicit\u00e9 le contenu sur les r\u00e9seaux sociaux tels que Facebook, Twitter ou Google +, en utilisant les boutons mis \u00e0 votre disposition pour cela.<\/p>\n<p><strong>AVERTISSEMENT CONCERNANT L&rsquo;\u00c9LIMINATION DE COOKIES.<\/strong><\/p>\n<p>Vous pouvez \u00e9liminer et bloquer tous les cookies de ce site, mais dans ce cas certaines fonctions de celui-ci ne seront plus disponibles et il se peut que la qualit\u00e9 du site en soit modifi\u00e9e.<\/p>\n<p>En cas de doute concernant notre politique de cookies, vous pouvez contacter ce site par un quelconque moyen de contact parmi ceux mis \u00e0 votre disposition.<\/p>\n<p>[\/et_pb_text][\/et_pb_column][\/et_pb_row][\/et_pb_section]<\/p>\n","protected":false},"excerpt":{"rendered":"<p>Politique de cookies Conform\u00e9ment aux dispositions de l&rsquo;article 22.2 de la Loi 34\/2002 du 11 juillet relative aux services de la soci\u00e9t\u00e9 de l&rsquo;information et du commerce \u00e9lectronique, le pr\u00e9sent site vous informe, dans cette section, sur la\u00a0politique de collecte et de traitement des cookies. QUE SONT LES COOKIES\u00a0? Un cookie est un fichier qui est t\u00e9l\u00e9charg\u00e9 dans votre ordinateur lorsque vous acc\u00e9dez \u00e0 certaines pages web. Les cookies permettent \u00e0 une page web, entre autres, de stocker et de r\u00e9cup\u00e9rer des informations sur les habitudes de navigation d&rsquo;un utilisateur ou de son dispositif et, en fonction des informations contenues et du type d&rsquo;utilisation, ils peuvent \u00eatre utilis\u00e9s pour reconna\u00eetre l&rsquo;utilisateur.\u00a0 TYPES DE COOKIES UTILIS\u00c9S PAR LE SITE Le pr\u00e9sent site utilise les types de cookies suivants : Cookies d&rsquo;analyse : Ce sont les cookies qui, s&rsquo;ils sont correctement trait\u00e9s par nous ou par des tiers, nous permettent de calculer le nombre d&rsquo;utilisateurs, et par cons\u00e9quent d&rsquo;effectuer un calcul et une analyse statistique de l&rsquo;utilisation du service propos\u00e9 de la part des utilisateurs. Pour ce faire nous analysons leur navigation sur notre site afin d&rsquo;am\u00e9liorer l&rsquo;offre de produits ou de services que nous proposons. Cookies techniques : Ce sont les [&hellip;]<\/p>\n","protected":false},"author":1,"featured_media":0,"parent":0,"menu_order":0,"comment_status":"closed","ping_status":"closed","template":"","meta":{"_et_pb_use_builder":"on","_et_pb_old_content":"","_et_gb_content_width":"","footnotes":""},"class_list":["post-4884","page","type-page","status-publish","hentry"],"_links":{"self":[{"href":"https:\/\/jamonesibericoseu.eu\/fr\/wp-json\/wp\/v2\/pages\/4884","targetHints":{"allow":["GET"]}}],"collection":[{"href":"https:\/\/jamonesibericoseu.eu\/fr\/wp-json\/wp\/v2\/pages"}],"about":[{"href":"https:\/\/jamonesibericoseu.eu\/fr\/wp-json\/wp\/v2\/types\/page"}],"author":[{"embeddable":true,"href":"https:\/\/jamonesibericoseu.eu\/fr\/wp-json\/wp\/v2\/users\/1"}],"replies":[{"embeddable":true,"href":"https:\/\/jamonesibericoseu.eu\/fr\/wp-json\/wp\/v2\/comments?post=4884"}],"version-history":[{"count":5,"href":"https:\/\/jamonesibericoseu.eu\/fr\/wp-json\/wp\/v2\/pages\/4884\/revisions"}],"predecessor-version":[{"id":4895,"href":"https:\/\/jamonesibericoseu.eu\/fr\/wp-json\/wp\/v2\/pages\/4884\/revisions\/4895"}],"wp:attachment":[{"href":"https:\/\/jamonesibericoseu.eu\/fr\/wp-json\/wp\/v2\/media?parent=4884"}],"curies":[{"name":"wp","href":"https:\/\/api.w.org\/{rel}","templated":true}]}}