{"id":4653,"date":"2022-04-18T11:30:45","date_gmt":"2022-04-18T11:30:45","guid":{"rendered":"https:\/\/jamonesibericoseu.eu\/evenements\/resume-du-premier-concours-international-de-decoupe-de-jamon-iberico\/"},"modified":"2022-04-18T11:39:55","modified_gmt":"2022-04-18T11:39:55","slug":"resume-du-premier-concours-international-de-decoupe-de-jamon-iberico","status":"publish","type":"page","link":"https:\/\/jamonesibericoseu.eu\/fr\/evenements\/resume-du-premier-concours-international-de-decoupe-de-jamon-iberico\/","title":{"rendered":"R\u00e9sum\u00e9 du Premier Concours International de D\u00e9coupe de Jam\u00f3n Ib\u00e9rico"},"content":{"rendered":"<p>[et_pb_section fb_built=\u00a0\u00bb1&Prime; _builder_version=\u00a0\u00bb4.10.8&Prime; _module_preset=\u00a0\u00bbdefault\u00a0\u00bb global_colors_info=\u00a0\u00bb{}\u00a0\u00bb][et_pb_row _builder_version=\u00a0\u00bb4.10.8&Prime; _module_preset=\u00a0\u00bbdefault\u00a0\u00bb global_colors_info=\u00a0\u00bb{}\u00a0\u00bb][et_pb_column type=\u00a0\u00bb4_4&Prime; _builder_version=\u00a0\u00bb4.10.8&Prime; _module_preset=\u00a0\u00bbdefault\u00a0\u00bb global_colors_info=\u00a0\u00bb{}\u00a0\u00bb][et_pb_text _builder_version=\u00a0\u00bb4.13.0&Prime; _module_preset=\u00a0\u00bbdefault\u00a0\u00bb text_font_size=\u00a0\u00bb16px\u00a0\u00bb header_font=\u00a0\u00bb|700||on|||||\u00a0\u00bb header_text_align=\u00a0\u00bbcenter\u00a0\u00bb header_text_color=\u00a0\u00bb#a31c27&Prime; header_2_font=\u00a0\u00bb|700||on|||||\u00a0\u00bb header_2_text_align=\u00a0\u00bbcenter\u00a0\u00bb header_2_text_color=\u00a0\u00bb#a31c27&Prime; header_2_font_size=\u00a0\u00bb30px\u00a0\u00bb header_2_line_height=\u00a0\u00bb1.2em\u00a0\u00bb background_color=\u00a0\u00bbRGBA(0,0,0,0)\u00a0\u00bb z_index=\u00a0\u00bb500&Prime; width=\u00a0\u00bb80%\u00a0\u00bb module_alignment=\u00a0\u00bbcenter\u00a0\u00bb sticky_limit_bottom=\u00a0\u00bbbody\u00a0\u00bb global_colors_info=\u00a0\u00bb{}\u00a0\u00bb]<\/p>\n<h2>R\u00c9SUM\u00c9 DU PREMIER CONCOURS INTERNATIONAL DE D\u00c9COUPE DE JAM\u00d3N IB\u00c9RICO<\/h2>\n<p>[\/et_pb_text][et_pb_text _builder_version=\u00a0\u00bb4.13.0&Prime; _module_preset=\u00a0\u00bbdefault\u00a0\u00bb text_font_size=\u00a0\u00bb16px\u00a0\u00bb header_font=\u00a0\u00bb|700||on|||||\u00a0\u00bb header_text_color=\u00a0\u00bb#a31c27&Prime; header_2_font=\u00a0\u00bb|700||on|||||\u00a0\u00bb header_2_text_color=\u00a0\u00bb#a31c27&Prime; header_2_font_size=\u00a0\u00bb30px\u00a0\u00bb background_color=\u00a0\u00bbRGBA(0,0,0,0)\u00a0\u00bb z_index=\u00a0\u00bb500&Prime; sticky_limit_bottom=\u00a0\u00bbbody\u00a0\u00bb hover_enabled=\u00a0\u00bb0&Prime; global_colors_info=\u00a0\u00bb{}\u00a0\u00bb sticky_enabled=\u00a0\u00bb0&Prime;]<\/p>\n<p>Le <strong>30 novembre 2021<\/strong> a eu lieu la grande finale du <strong>premier concours international de d\u00e9coupe de Jam\u00f3n Ib\u00e9rico<\/strong>, promu par le <strong>XIe Congr\u00e8s mondial du Jam\u00f3n et l&rsquo;Association Nationale des Coupeurs de Jam\u00f3n (ANCJ)<\/strong> avec la collaboration de<strong> Jamon Lovers<\/strong> et le parrainage officiel de <strong>l\u2019ASICI.<\/strong><\/p>\n<p>Parmi les <strong>coupeurs<\/strong> qui se sont inscrits pour participer \u00e0 la <strong>phase pr\u00e9liminaire<\/strong> du concours, <strong>10 demi-finalistes<\/strong> ont \u00e9t\u00e9 choisis, \u00e0 travers un <strong>vote en ligne<\/strong> sur le site web :<a href=\"\/\/congresomundialdeljamon.es\/concurso-remate-jamon-votaciones\/%22\"> http:\/\/congresomundialdeljamon.es\/concurso-remate-jamon-votaciones\/<\/a><\/p>\n<p>Parmi ces 10 demi-finalistes, <strong>le jury du concours a choisi les 4 meilleurs<\/strong> pour participer \u00e0 la <strong>grande finale<\/strong>, en pr\u00e9sentiel, \u00e0 Madrid.<\/p>\n<p>Les finalistes devaient r\u00e9ussir <strong>deux \u00e9preuves :<\/strong> une \u00e9preuve <strong>th\u00e9orique<\/strong>, dans laquelle les participants disposaient de 5 minutes pour expliquer la position correcte pour effectuer la troisi\u00e8me d\u00e9coupe du Jam\u00f3n Ib\u00e9rico, et une \u00e9preuve <strong>pratique<\/strong>, dans laquelle ils avaient 30 minutes pour <strong>couper un Jam\u00f3n Ib\u00e9rico complet<\/strong> et effectuer la <strong>troisi\u00e8me coupe et la finition du Jam\u00f3n<\/strong>.<\/p>\n<p>Le jury a \u00e9valu\u00e9 des aspects tels que <strong>l&rsquo;\u00e9paisseur et la taille de la tranche<\/strong>, sa qualit\u00e9, la propret\u00e9 g\u00e9n\u00e9rale (du poste de d\u00e9coupe et du sol), <strong>le dressage, le style de d\u00e9coupe<\/strong>, l&rsquo;attitude adopt\u00e9e lors de cette derni\u00e8re, les param\u00e8tres sensoriels des tranches de la troisi\u00e8me d\u00e9coupe, <strong>la technique de d\u00e9coupe et l&rsquo;ex\u00e9cution des plats.<\/strong><\/p>\n<p>Tous ces aspects sont fondamentaux pour <strong>\u00e9veiller le sens Ib\u00e9rico<\/strong> chez les <strong>consommateurs du monde entier<\/strong>.<\/p>\n<p>[\/et_pb_text][\/et_pb_column][\/et_pb_row][et_pb_row use_custom_gutter=\u00a0\u00bbon\u00a0\u00bb gutter_width=\u00a0\u00bb2&Prime; _builder_version=\u00a0\u00bb4.13.0&Prime; _module_preset=\u00a0\u00bbdefault\u00a0\u00bb global_colors_info=\u00a0\u00bb{}\u00a0\u00bb][et_pb_column type=\u00a0\u00bb4_4&Prime; _builder_version=\u00a0\u00bb4.13.0&Prime; _module_preset=\u00a0\u00bbdefault\u00a0\u00bb global_colors_info=\u00a0\u00bb{}\u00a0\u00bb][et_pb_image src=\u00a0\u00bbhttps:\/\/jamonesibericoseu.eu\/wp-content\/uploads\/2022\/04\/Concurso_cortadores.jpg\u00a0\u00bb title_text=\u00a0\u00bbConcurso_cortadores\u00a0\u00bb align=\u00a0\u00bbcenter\u00a0\u00bb _builder_version=\u00a0\u00bb4.13.0&Prime; _module_preset=\u00a0\u00bbdefault\u00a0\u00bb global_colors_info=\u00a0\u00bb{}\u00a0\u00bb][\/et_pb_image][\/et_pb_column][\/et_pb_row][\/et_pb_section]<\/p>\n","protected":false},"excerpt":{"rendered":"<p>R\u00c9SUM\u00c9 DU PREMIER CONCOURS INTERNATIONAL DE D\u00c9COUPE DE JAM\u00d3N IB\u00c9RICOLe 30 novembre 2021 a eu lieu la grande finale du premier concours international de d\u00e9coupe de Jam\u00f3n Ib\u00e9rico, promu par le XIe Congr\u00e8s mondial du Jam\u00f3n et l&rsquo;Association Nationale des Coupeurs de Jam\u00f3n (ANCJ) avec la collaboration de Jamon Lovers et le parrainage officiel de l\u2019ASICI. Parmi les coupeurs qui se sont inscrits pour participer \u00e0 la phase pr\u00e9liminaire du concours, 10 demi-finalistes ont \u00e9t\u00e9 choisis, \u00e0 travers un vote en ligne sur le site web : http:\/\/congresomundialdeljamon.es\/concurso-remate-jamon-votaciones\/ Parmi ces 10 demi-finalistes, le jury du concours a choisi les 4 meilleurs pour participer \u00e0 la grande finale, en pr\u00e9sentiel, \u00e0 Madrid. Les finalistes devaient r\u00e9ussir deux \u00e9preuves : une \u00e9preuve th\u00e9orique, dans laquelle les participants disposaient de 5 minutes pour expliquer la position correcte pour effectuer la troisi\u00e8me d\u00e9coupe du Jam\u00f3n Ib\u00e9rico, et une \u00e9preuve pratique, dans laquelle ils avaient 30 minutes pour couper un Jam\u00f3n Ib\u00e9rico complet et effectuer la troisi\u00e8me coupe et la finition du Jam\u00f3n. Le jury a \u00e9valu\u00e9 des aspects tels que l&rsquo;\u00e9paisseur et la taille de la tranche, sa qualit\u00e9, la propret\u00e9 g\u00e9n\u00e9rale (du poste de d\u00e9coupe et du sol), le dressage, le style de [&hellip;]<\/p>\n","protected":false},"author":1,"featured_media":0,"parent":4303,"menu_order":1,"comment_status":"closed","ping_status":"closed","template":"","meta":{"_et_pb_use_builder":"on","_et_pb_old_content":"","_et_gb_content_width":"","footnotes":""},"class_list":["post-4653","page","type-page","status-publish","hentry"],"_links":{"self":[{"href":"https:\/\/jamonesibericoseu.eu\/fr\/wp-json\/wp\/v2\/pages\/4653","targetHints":{"allow":["GET"]}}],"collection":[{"href":"https:\/\/jamonesibericoseu.eu\/fr\/wp-json\/wp\/v2\/pages"}],"about":[{"href":"https:\/\/jamonesibericoseu.eu\/fr\/wp-json\/wp\/v2\/types\/page"}],"author":[{"embeddable":true,"href":"https:\/\/jamonesibericoseu.eu\/fr\/wp-json\/wp\/v2\/users\/1"}],"replies":[{"embeddable":true,"href":"https:\/\/jamonesibericoseu.eu\/fr\/wp-json\/wp\/v2\/comments?post=4653"}],"version-history":[{"count":5,"href":"https:\/\/jamonesibericoseu.eu\/fr\/wp-json\/wp\/v2\/pages\/4653\/revisions"}],"predecessor-version":[{"id":4664,"href":"https:\/\/jamonesibericoseu.eu\/fr\/wp-json\/wp\/v2\/pages\/4653\/revisions\/4664"}],"up":[{"embeddable":true,"href":"https:\/\/jamonesibericoseu.eu\/fr\/wp-json\/wp\/v2\/pages\/4303"}],"wp:attachment":[{"href":"https:\/\/jamonesibericoseu.eu\/fr\/wp-json\/wp\/v2\/media?parent=4653"}],"curies":[{"name":"wp","href":"https:\/\/api.w.org\/{rel}","templated":true}]}}