{"id":4457,"date":"2022-03-21T12:18:13","date_gmt":"2022-03-21T12:18:13","guid":{"rendered":"https:\/\/jamonesibericoseu.eu\/presse\/dossier-de-presse\/"},"modified":"2024-01-18T11:39:07","modified_gmt":"2024-01-18T11:39:07","slug":"dossier-de-presse","status":"publish","type":"page","link":"https:\/\/jamonesibericoseu.eu\/fr\/presse\/dossier-de-presse\/","title":{"rendered":"Dossier de presse"},"content":{"rendered":"<p>[et_pb_section fb_built=\u00a0\u00bb1&Prime; _builder_version=\u00a0\u00bb4.10.8&Prime; _module_preset=\u00a0\u00bbdefault\u00a0\u00bb custom_margin=\u00a0\u00bb||0px||false|false\u00a0\u00bb custom_padding=\u00a0\u00bb||0px||false|false\u00a0\u00bb global_colors_info=\u00a0\u00bb{}\u00a0\u00bb][et_pb_row column_structure=\u00a0\u00bb1_2,1_2&Prime; _builder_version=\u00a0\u00bb4.10.8&Prime; _module_preset=\u00a0\u00bbdefault\u00a0\u00bb global_colors_info=\u00a0\u00bb{}\u00a0\u00bb][et_pb_column type=\u00a0\u00bb1_2&Prime; _builder_version=\u00a0\u00bb4.10.8&Prime; _module_preset=\u00a0\u00bbdefault\u00a0\u00bb global_colors_info=\u00a0\u00bb{}\u00a0\u00bb][et_pb_image src=\u00a0\u00bbhttps:\/\/jamonesibericoseu.eu\/wp-content\/uploads\/2021\/09\/dossier-prensa.jpg\u00a0\u00bb title_text=\u00a0\u00bbVertical brochure or booklet cover mock up.\u00a0\u00bb url=\u00a0\u00bbhttps:\/\/jamonesibericoseu.eu\/wp-content\/uploads\/2024\/01\/dossier-prensa-FR2023.pdf\u00a0\u00bb _builder_version=\u00a0\u00bb4.13.0&Prime; _module_preset=\u00a0\u00bbdefault\u00a0\u00bb hover_enabled=\u00a0\u00bb0&Prime; global_colors_info=\u00a0\u00bb{}\u00a0\u00bb sticky_enabled=\u00a0\u00bb0&Prime;][\/et_pb_image][\/et_pb_column][et_pb_column type=\u00a0\u00bb1_2&Prime; _builder_version=\u00a0\u00bb4.10.8&Prime; _module_preset=\u00a0\u00bbdefault\u00a0\u00bb global_colors_info=\u00a0\u00bb{}\u00a0\u00bb][et_pb_text _builder_version=\u00a0\u00bb4.13.0&Prime; _module_preset=\u00a0\u00bbdefault\u00a0\u00bb text_font_size=\u00a0\u00bb16px\u00a0\u00bb header_font=\u00a0\u00bb|700|||||||\u00a0\u00bb header_text_color=\u00a0\u00bb#a31c27&Prime; custom_margin=\u00a0\u00bb32px||48px||false|false\u00a0\u00bb global_colors_info=\u00a0\u00bb{}\u00a0\u00bb]<\/p>\n<h1>DOSSIER DE PRESSE<\/h1>\n<p>Pour VRAIMENT r\u00e9veiller votre sens Ib\u00e9rico, vous devez t\u00e9l\u00e9charger ce dossier. Vous y trouverez tout ce que vous devez savoir sur le Jam\u00f3n Ib\u00e9rico, ses propri\u00e9t\u00e9s et le secteur Ib\u00e9rico.<\/p>\n<p>[\/et_pb_text][et_pb_button button_url=\u00a0\u00bbhttps:\/\/jamonesibericoseu.eu\/wp-content\/uploads\/2024\/01\/dossier-prensa-FR2023.pdf\u00a0\u00bb url_new_window=\u00a0\u00bbon\u00a0\u00bb button_text=\u00a0\u00bbT\u00c9L\u00c9CHARGEZ-LE ICI\u00a0\u00bb button_alignment=\u00a0\u00bbcenter\u00a0\u00bb disabled_on=\u00a0\u00bboff|off|off\u00a0\u00bb _builder_version=\u00a0\u00bb4.13.0&Prime; _module_preset=\u00a0\u00bbdefault\u00a0\u00bb custom_button=\u00a0\u00bbon\u00a0\u00bb button_text_color=\u00a0\u00bb#FFFFFF\u00a0\u00bb button_bg_color=\u00a0\u00bb#000000&Prime; button_border_width=\u00a0\u00bb8px\u00a0\u00bb button_border_color=\u00a0\u00bb#000000&Prime; button_font=\u00a0\u00bbglow||||||||\u00a0\u00bb hover_enabled=\u00a0\u00bb0&Prime; global_colors_info=\u00a0\u00bb{}\u00a0\u00bb sticky_enabled=\u00a0\u00bb0&Prime;][\/et_pb_button][\/et_pb_column][\/et_pb_row][\/et_pb_section]<\/p>\n","protected":false},"excerpt":{"rendered":"<p>DOSSIER DE PRESSE Pour VRAIMENT r\u00e9veiller votre sens Ib\u00e9rico, vous devez t\u00e9l\u00e9charger ce dossier. Vous y trouverez tout ce que vous devez savoir sur le Jam\u00f3n Ib\u00e9rico, ses propri\u00e9t\u00e9s et le secteur Ib\u00e9rico.<\/p>\n","protected":false},"author":1,"featured_media":0,"parent":4401,"menu_order":0,"comment_status":"closed","ping_status":"closed","template":"","meta":{"_et_pb_use_builder":"on","_et_pb_old_content":"","_et_gb_content_width":"","footnotes":""},"class_list":["post-4457","page","type-page","status-publish","hentry"],"_links":{"self":[{"href":"https:\/\/jamonesibericoseu.eu\/fr\/wp-json\/wp\/v2\/pages\/4457","targetHints":{"allow":["GET"]}}],"collection":[{"href":"https:\/\/jamonesibericoseu.eu\/fr\/wp-json\/wp\/v2\/pages"}],"about":[{"href":"https:\/\/jamonesibericoseu.eu\/fr\/wp-json\/wp\/v2\/types\/page"}],"author":[{"embeddable":true,"href":"https:\/\/jamonesibericoseu.eu\/fr\/wp-json\/wp\/v2\/users\/1"}],"replies":[{"embeddable":true,"href":"https:\/\/jamonesibericoseu.eu\/fr\/wp-json\/wp\/v2\/comments?post=4457"}],"version-history":[{"count":8,"href":"https:\/\/jamonesibericoseu.eu\/fr\/wp-json\/wp\/v2\/pages\/4457\/revisions"}],"predecessor-version":[{"id":7429,"href":"https:\/\/jamonesibericoseu.eu\/fr\/wp-json\/wp\/v2\/pages\/4457\/revisions\/7429"}],"up":[{"embeddable":true,"href":"https:\/\/jamonesibericoseu.eu\/fr\/wp-json\/wp\/v2\/pages\/4401"}],"wp:attachment":[{"href":"https:\/\/jamonesibericoseu.eu\/fr\/wp-json\/wp\/v2\/media?parent=4457"}],"curies":[{"name":"wp","href":"https:\/\/api.w.org\/{rel}","templated":true}]}}