{"id":4363,"date":"2022-03-07T16:20:02","date_gmt":"2022-03-07T16:20:02","guid":{"rendered":"https:\/\/jamonesibericoseu.eu\/ateliers-de-la-chambre-de-commerce\/"},"modified":"2022-05-04T11:22:32","modified_gmt":"2022-05-04T11:22:32","slug":"ateliers-de-la-chambre-de-commerce","status":"publish","type":"page","link":"https:\/\/jamonesibericoseu.eu\/fr\/ateliers-de-la-chambre-de-commerce\/","title":{"rendered":"Ateliers de la chambre de commerce"},"content":{"rendered":"<p>[et_pb_section fb_built=\u00a0\u00bb1&Prime; _builder_version=\u00a0\u00bb4.10.8&Prime; _module_preset=\u00a0\u00bbdefault\u00a0\u00bb global_colors_info=\u00a0\u00bb{}\u00a0\u00bb][et_pb_row _builder_version=\u00a0\u00bb4.10.8&Prime; _module_preset=\u00a0\u00bbdefault\u00a0\u00bb global_colors_info=\u00a0\u00bb{}\u00a0\u00bb][et_pb_column type=\u00a0\u00bb4_4&Prime; _builder_version=\u00a0\u00bb4.10.8&Prime; _module_preset=\u00a0\u00bbdefault\u00a0\u00bb global_colors_info=\u00a0\u00bb{}\u00a0\u00bb][et_pb_text _builder_version=\u00a0\u00bb4.13.0&Prime; _module_preset=\u00a0\u00bbdefault\u00a0\u00bb text_font_size=\u00a0\u00bb16px\u00a0\u00bb header_font=\u00a0\u00bb|700||on|||||\u00a0\u00bb header_text_align=\u00a0\u00bbcenter\u00a0\u00bb header_text_color=\u00a0\u00bb#a31c27&Prime; header_2_font=\u00a0\u00bb|700||on|||||\u00a0\u00bb header_2_text_align=\u00a0\u00bbcenter\u00a0\u00bb header_2_text_color=\u00a0\u00bb#a31c27&Prime; header_2_font_size=\u00a0\u00bb30px\u00a0\u00bb header_2_line_height=\u00a0\u00bb1.2em\u00a0\u00bb background_color=\u00a0\u00bbRGBA(0,0,0,0)\u00a0\u00bb z_index=\u00a0\u00bb500&Prime; width=\u00a0\u00bb80%\u00a0\u00bb module_alignment=\u00a0\u00bbcenter\u00a0\u00bb sticky_limit_bottom=\u00a0\u00bbbody\u00a0\u00bb global_colors_info=\u00a0\u00bb{}\u00a0\u00bb]<\/p>\n<h2>ATELIERS DE LA CHAMBRE DE COMMERCE<\/h2>\n<p>[\/et_pb_text][et_pb_text _builder_version=\u00a0\u00bb4.13.0&Prime; _module_preset=\u00a0\u00bbdefault\u00a0\u00bb text_font_size=\u00a0\u00bb16px\u00a0\u00bb header_font=\u00a0\u00bb|700||on|||||\u00a0\u00bb header_text_color=\u00a0\u00bb#a31c27&Prime; header_2_font=\u00a0\u00bb|700||on|||||\u00a0\u00bb header_2_text_color=\u00a0\u00bb#a31c27&Prime; header_2_font_size=\u00a0\u00bb30px\u00a0\u00bb background_color=\u00a0\u00bbRGBA(0,0,0,0)\u00a0\u00bb z_index=\u00a0\u00bb500&Prime; sticky_limit_bottom=\u00a0\u00bbbody\u00a0\u00bb global_colors_info=\u00a0\u00bb{}\u00a0\u00bb]<\/p>\n<p>Un accord de collaboration a \u00e9t\u00e9 sign\u00e9 avec la Chambre de commerce d&rsquo;Espagne, d&rsquo;Allemagne, de France et du Mexique pour la mise en \u0153uvre de cycles de formation destin\u00e9s aux professionnels de la restauration, de l&rsquo;h\u00f4tellerie, aux distributeurs, aux bouchers, aux charcutiers et autres dans le but de consolider et de renforcer leur r\u00f4le de prescripteurs de produits Ib\u00e9ricos.<br \/>Cet accord de collaboration nous a permis de r\u00e9aliser une s\u00e9rie de formations en Espagne, en France, en Allemagne et au Mexique sur l&rsquo;art, la culture et la tradition d&rsquo;un produit irr\u00e9sistible comme le Jam\u00f3n Ib\u00e9rico. Ces sessions de formation favorisent \u00e9galement la connaissance et l&rsquo;appr\u00e9ciation des produits Ib\u00e9ricos gr\u00e2ce \u00e0 une formation pratique dans l&rsquo;art de la coupe du Jam\u00f3n Ib\u00e9rico.<br \/>En termes de contenus th\u00e9oriques, soulignons l&rsquo;explication des valeurs distinctives du Jam\u00f3n Ib\u00e9rico (origine, liens avec le milieu rural, race, alimentation), la connaissance des quatre cat\u00e9gories de Jam\u00f3n Ib\u00e9rico pr\u00e9sentes sur le march\u00e9, le processus et le temps d&rsquo;\u00e9laboration du produit, ainsi que les contenus th\u00e9oriques sur les ustensiles n\u00e9cessaires pour commencer \u00e0 couper le Jam\u00f3n Ib\u00e9rico, le positionnement correct de la pi\u00e8ce sur le porte-jambon et la ma\u00eetrise pour obtenir un maximum de rendement de la pi\u00e8ce.<br \/>La campagne de promotion du Jam\u00f3n Ib\u00e9rico, \u00e0 travers un accord avec la Chambre de Commerce espagnole, d\u00e9veloppe ce dipl\u00f4me officiel en mati\u00e8re de Jam\u00f3n Ib\u00e9rico et l&rsquo;art de la coupe, qui engendrera des centaines d&#8217;emplois dans le monde entier. Elle se centre \u00e9galement sur le produit, en am\u00e9liorant la connaissance de ses attributs distinctifs et de sa valeur ajout\u00e9e sur les march\u00e9s internationaux, et sur la figure du ma\u00eetre coupeur \u00e0 travers la professionnalisation.<\/p>\n<p>&nbsp;<\/p>\n<blockquote>\n<p><em>La Chambre officielle de commerce, d&rsquo;industrie et de services de Madrid, cr\u00e9\u00e9e en 1993, a pour mission de contribuer \u00e0 la professionnalisation du secteur de l&rsquo;h\u00f4tellerie via la formation de ses travailleurs, dans le but de rechercher l&rsquo;excellence et la sp\u00e9cialisation de chacun de ses \u00e9tudiants. Elle forme actuellement des professionnels pr\u00e9sentant les profils les plus recherch\u00e9s dans le secteur de l&rsquo;h\u00f4tellerie : sommeliers, chefs de salle, ma\u00eetres d&rsquo;h\u00f4tel, mixologues et bartenders, directeurs d&rsquo;h\u00f4tel, experts en fromage, sommeliers de la bi\u00e8re, directeurs d&rsquo;\u00e9tablissements de restauration, serveurs\u2026<\/em><\/p>\n<\/blockquote>\n<p>[\/et_pb_text][\/et_pb_column][\/et_pb_row][et_pb_row column_structure=\u00a0\u00bb1_4,1_4,1_4,1_4&Prime; use_custom_gutter=\u00a0\u00bbon\u00a0\u00bb gutter_width=\u00a0\u00bb2&Prime; _builder_version=\u00a0\u00bb4.13.0&Prime; _module_preset=\u00a0\u00bbdefault\u00a0\u00bb global_colors_info=\u00a0\u00bb{}\u00a0\u00bb][et_pb_column type=\u00a0\u00bb1_4&Prime; _builder_version=\u00a0\u00bb4.13.0&Prime; _module_preset=\u00a0\u00bbdefault\u00a0\u00bb global_colors_info=\u00a0\u00bb{}\u00a0\u00bb][et_pb_image src=\u00a0\u00bbhttps:\/\/jamonesibericoseu.eu\/wp-content\/uploads\/2022\/05\/01_camara-comercio-FR.jpg\u00a0\u00bb title_text=\u00a0\u00bb01_camara comercio FR\u00a0\u00bb _builder_version=\u00a0\u00bb4.13.0&Prime; _module_preset=\u00a0\u00bbdefault\u00a0\u00bb hover_enabled=\u00a0\u00bb0&Prime; global_colors_info=\u00a0\u00bb{}\u00a0\u00bb sticky_enabled=\u00a0\u00bb0&Prime;][\/et_pb_image][\/et_pb_column][et_pb_column type=\u00a0\u00bb1_4&Prime; _builder_version=\u00a0\u00bb4.13.0&Prime; _module_preset=\u00a0\u00bbdefault\u00a0\u00bb global_colors_info=\u00a0\u00bb{}\u00a0\u00bb][et_pb_image src=\u00a0\u00bbhttps:\/\/jamonesibericoseu.eu\/wp-content\/uploads\/2022\/05\/02_camara-comercio-FR.jpg\u00a0\u00bb title_text=\u00a0\u00bb02_camara comercio FR\u00a0\u00bb _builder_version=\u00a0\u00bb4.13.0&Prime; _module_preset=\u00a0\u00bbdefault\u00a0\u00bb hover_enabled=\u00a0\u00bb0&Prime; global_colors_info=\u00a0\u00bb{}\u00a0\u00bb sticky_enabled=\u00a0\u00bb0&Prime;][\/et_pb_image][\/et_pb_column][et_pb_column type=\u00a0\u00bb1_4&Prime; _builder_version=\u00a0\u00bb4.13.0&Prime; _module_preset=\u00a0\u00bbdefault\u00a0\u00bb global_colors_info=\u00a0\u00bb{}\u00a0\u00bb][et_pb_image src=\u00a0\u00bbhttps:\/\/jamonesibericoseu.eu\/wp-content\/uploads\/2022\/05\/03_camara-comercio-FR.jpg\u00a0\u00bb title_text=\u00a0\u00bb03_camara comercio FR\u00a0\u00bb _builder_version=\u00a0\u00bb4.13.0&Prime; _module_preset=\u00a0\u00bbdefault\u00a0\u00bb hover_enabled=\u00a0\u00bb0&Prime; global_colors_info=\u00a0\u00bb{}\u00a0\u00bb sticky_enabled=\u00a0\u00bb0&Prime;][\/et_pb_image][\/et_pb_column][et_pb_column type=\u00a0\u00bb1_4&Prime; _builder_version=\u00a0\u00bb4.13.0&Prime; _module_preset=\u00a0\u00bbdefault\u00a0\u00bb global_colors_info=\u00a0\u00bb{}\u00a0\u00bb][et_pb_image src=\u00a0\u00bbhttps:\/\/jamonesibericoseu.eu\/wp-content\/uploads\/2022\/05\/04_camara-comercio-FR.jpg\u00a0\u00bb title_text=\u00a0\u00bb04_camara comercio FR\u00a0\u00bb _builder_version=\u00a0\u00bb4.13.0&Prime; _module_preset=\u00a0\u00bbdefault\u00a0\u00bb hover_enabled=\u00a0\u00bb0&Prime; global_colors_info=\u00a0\u00bb{}\u00a0\u00bb sticky_enabled=\u00a0\u00bb0&Prime;][\/et_pb_image][\/et_pb_column][\/et_pb_row][et_pb_row _builder_version=\u00a0\u00bb4.13.0&Prime; _module_preset=\u00a0\u00bbdefault\u00a0\u00bb global_colors_info=\u00a0\u00bb{}\u00a0\u00bb][et_pb_column type=\u00a0\u00bb4_4&Prime; _builder_version=\u00a0\u00bb4.13.0&Prime; _module_preset=\u00a0\u00bbdefault\u00a0\u00bb global_colors_info=\u00a0\u00bb{}\u00a0\u00bb][et_pb_text _builder_version=\u00a0\u00bb4.13.0&Prime; _module_preset=\u00a0\u00bbdefault\u00a0\u00bb width=\u00a0\u00bb60%\u00a0\u00bb module_alignment=\u00a0\u00bbcenter\u00a0\u00bb hover_enabled=\u00a0\u00bb0&Prime; global_colors_info=\u00a0\u00bb{}\u00a0\u00bb sticky_enabled=\u00a0\u00bb0&Prime;]<a class=\"vp-a vp-dr\" href=\"https:\/\/youtu.be\/rgooGIJZ04M\" rel=\"nofollow\" data-width=\"1920\" data-height=\"1080\" data-dwrap=\"1\" data-iv=\"1\"><img decoding=\"async\" class=\"vp-img\" src=\"https:\/\/jamonesibericoseu.eu\/wp-content\/uploads\/2022\/05\/Camara-de-comercio-FR.jpg\"><\/a>[\/et_pb_text][\/et_pb_column][\/et_pb_row][\/et_pb_section]<\/p>\n","protected":false},"excerpt":{"rendered":"<p>ATELIERS DE LA CHAMBRE DE COMMERCEUn accord de collaboration a \u00e9t\u00e9 sign\u00e9 avec la Chambre de commerce d&rsquo;Espagne, d&rsquo;Allemagne, de France et du Mexique pour la mise en \u0153uvre de cycles de formation destin\u00e9s aux professionnels de la restauration, de l&rsquo;h\u00f4tellerie, aux distributeurs, aux bouchers, aux charcutiers et autres dans le but de consolider et de renforcer leur r\u00f4le de prescripteurs de produits Ib\u00e9ricos.Cet accord de collaboration nous a permis de r\u00e9aliser une s\u00e9rie de formations en Espagne, en France, en Allemagne et au Mexique sur l&rsquo;art, la culture et la tradition d&rsquo;un produit irr\u00e9sistible comme le Jam\u00f3n Ib\u00e9rico. Ces sessions de formation favorisent \u00e9galement la connaissance et l&rsquo;appr\u00e9ciation des produits Ib\u00e9ricos gr\u00e2ce \u00e0 une formation pratique dans l&rsquo;art de la coupe du Jam\u00f3n Ib\u00e9rico.En termes de contenus th\u00e9oriques, soulignons l&rsquo;explication des valeurs distinctives du Jam\u00f3n Ib\u00e9rico (origine, liens avec le milieu rural, race, alimentation), la connaissance des quatre cat\u00e9gories de Jam\u00f3n Ib\u00e9rico pr\u00e9sentes sur le march\u00e9, le processus et le temps d&rsquo;\u00e9laboration du produit, ainsi que les contenus th\u00e9oriques sur les ustensiles n\u00e9cessaires pour commencer \u00e0 couper le Jam\u00f3n Ib\u00e9rico, le positionnement correct de la pi\u00e8ce sur le porte-jambon et la ma\u00eetrise pour obtenir un maximum de rendement de [&hellip;]<\/p>\n","protected":false},"author":1,"featured_media":0,"parent":0,"menu_order":1,"comment_status":"closed","ping_status":"closed","template":"","meta":{"_et_pb_use_builder":"on","_et_pb_old_content":"","_et_gb_content_width":"","footnotes":""},"class_list":["post-4363","page","type-page","status-publish","hentry"],"_links":{"self":[{"href":"https:\/\/jamonesibericoseu.eu\/fr\/wp-json\/wp\/v2\/pages\/4363","targetHints":{"allow":["GET"]}}],"collection":[{"href":"https:\/\/jamonesibericoseu.eu\/fr\/wp-json\/wp\/v2\/pages"}],"about":[{"href":"https:\/\/jamonesibericoseu.eu\/fr\/wp-json\/wp\/v2\/types\/page"}],"author":[{"embeddable":true,"href":"https:\/\/jamonesibericoseu.eu\/fr\/wp-json\/wp\/v2\/users\/1"}],"replies":[{"embeddable":true,"href":"https:\/\/jamonesibericoseu.eu\/fr\/wp-json\/wp\/v2\/comments?post=4363"}],"version-history":[{"count":6,"href":"https:\/\/jamonesibericoseu.eu\/fr\/wp-json\/wp\/v2\/pages\/4363\/revisions"}],"predecessor-version":[{"id":4771,"href":"https:\/\/jamonesibericoseu.eu\/fr\/wp-json\/wp\/v2\/pages\/4363\/revisions\/4771"}],"wp:attachment":[{"href":"https:\/\/jamonesibericoseu.eu\/fr\/wp-json\/wp\/v2\/media?parent=4363"}],"curies":[{"name":"wp","href":"https:\/\/api.w.org\/{rel}","templated":true}]}}