{"id":4313,"date":"2022-03-07T15:21:35","date_gmt":"2022-03-07T15:21:35","guid":{"rendered":"https:\/\/jamonesibericoseu.eu\/evenements\/festival-international-du-cinema-de-saint-sebastien\/"},"modified":"2022-03-07T15:45:15","modified_gmt":"2022-03-07T15:45:15","slug":"festival-international-du-cinema-de-saint-sebastien","status":"publish","type":"page","link":"https:\/\/jamonesibericoseu.eu\/fr\/evenements\/festival-international-du-cinema-de-saint-sebastien\/","title":{"rendered":"Festival international du cin\u00e9ma de Saint-S\u00e9bastien"},"content":{"rendered":"<p>[et_pb_section fb_built=\u00a0\u00bb1&Prime; _builder_version=\u00a0\u00bb4.10.8&Prime; _module_preset=\u00a0\u00bbdefault\u00a0\u00bb global_colors_info=\u00a0\u00bb{}\u00a0\u00bb][et_pb_row _builder_version=\u00a0\u00bb4.10.8&Prime; _module_preset=\u00a0\u00bbdefault\u00a0\u00bb global_colors_info=\u00a0\u00bb{}\u00a0\u00bb][et_pb_column type=\u00a0\u00bb4_4&Prime; _builder_version=\u00a0\u00bb4.10.8&Prime; _module_preset=\u00a0\u00bbdefault\u00a0\u00bb global_colors_info=\u00a0\u00bb{}\u00a0\u00bb][et_pb_text _builder_version=\u00a0\u00bb4.13.0&Prime; _module_preset=\u00a0\u00bbdefault\u00a0\u00bb text_font_size=\u00a0\u00bb16px\u00a0\u00bb header_font=\u00a0\u00bb|700||on|||||\u00a0\u00bb header_text_color=\u00a0\u00bb#a31c27&Prime; header_2_font=\u00a0\u00bb|700||on|||||\u00a0\u00bb header_2_text_align=\u00a0\u00bbcenter\u00a0\u00bb header_2_text_color=\u00a0\u00bb#a31c27&Prime; header_2_font_size=\u00a0\u00bb30px\u00a0\u00bb background_color=\u00a0\u00bbRGBA(0,0,0,0)\u00a0\u00bb z_index=\u00a0\u00bb500&Prime; width=\u00a0\u00bb80%\u00a0\u00bb module_alignment=\u00a0\u00bbcenter\u00a0\u00bb sticky_limit_bottom=\u00a0\u00bbbody\u00a0\u00bb hover_enabled=\u00a0\u00bb0&Prime; global_colors_info=\u00a0\u00bb{}\u00a0\u00bb sticky_enabled=\u00a0\u00bb0&Prime;]<\/p>\n<h2>LES JAMONES IB\u00c9RICOS D\u2019ESPAGNE, \u00ab AMBASSADEURS \u00bb DU FESTIVAL DU CIN\u00c9MA LE PLUS SAVOUREUX<\/h2>\n<p>[\/et_pb_text][et_pb_text _builder_version=\u00a0\u00bb4.13.0&Prime; _module_preset=\u00a0\u00bbdefault\u00a0\u00bb text_font_size=\u00a0\u00bb16px\u00a0\u00bb header_font=\u00a0\u00bb|700||on|||||\u00a0\u00bb header_text_color=\u00a0\u00bb#a31c27&Prime; header_2_font=\u00a0\u00bb|700||on|||||\u00a0\u00bb header_2_text_color=\u00a0\u00bb#a31c27&Prime; header_2_font_size=\u00a0\u00bb30px\u00a0\u00bb background_color=\u00a0\u00bbRGBA(0,0,0,0)\u00a0\u00bb z_index=\u00a0\u00bb500&Prime; sticky_limit_bottom=\u00a0\u00bbbody\u00a0\u00bb hover_enabled=\u00a0\u00bb0&Prime; global_colors_info=\u00a0\u00bb{}\u00a0\u00bb sticky_enabled=\u00a0\u00bb0&Prime;]<\/p>\n<p>Les <strong>Jamones Ib\u00e9ricos d&rsquo;Espagne<\/strong>, en qualit\u00e9 <strong>d&rsquo;ambassadeurs de la culture europ\u00e9enne,<\/strong> ne pouvaient pas manquer <strong>l&rsquo;un des festivals espagnols de cin\u00e9ma les plus embl\u00e9matiques, le Festival international du cin\u00e9ma de Saint-S\u00e9bastien.<\/strong><\/p>\n<p>Cette ann\u00e9e encore, et avec le soutien de l&rsquo;UE, nous avons \u00e9t\u00e9 pr\u00e9sents \u00e0 l&rsquo;\u00e9v\u00e9nement en tant que sponsor, en raison de sa<strong> r\u00e9percussion mondiale et de son \u00e9vidente port\u00e9e internationale<\/strong> : des valeurs partag\u00e9es avec le Jam\u00f3n Ib\u00e9rico.<\/p>\n<p>Une <strong>\u00ab opportunit\u00e9 digne d&rsquo;un film \u00bb<\/strong> pour consolider <strong>l&rsquo;image du Jam\u00f3n Ib\u00e9rico<\/strong> en tant que <strong>produit gourmet<\/strong> unique au monde, ainsi que pour <strong>r\u00e9veiller le sens Ib\u00e9rico<\/strong> chez des milliers de personnes dans le monde.<\/p>\n<p>Comme le souligne <strong>Antonio Prieto, pr\u00e9sident de l&rsquo;ASICI,<\/strong> \u00ab le Jam\u00f3n Ib\u00e9rico et le cin\u00e9ma sont des <strong>exp\u00e9riences sensorielles uniques<\/strong> qui rendent chaque moment inoubliable. D&rsquo;o\u00f9 la relation naturelle qui existe entre le cin\u00e9ma et le Jam\u00f3n Ib\u00e9rico \u00bb.<\/p>\n<p>En effet, le Jam\u00f3n Ib\u00e9rico a \u00e9t\u00e9 le protagoniste de grands films tout au long de l&rsquo;histoire du cin\u00e9ma, notamment dans La Vaquilla, Jam\u00f3n, Jam\u00f3n, La Gran Familia, Ocho Apellidos Vascos et le film laur\u00e9at d&rsquo;un Oscar Entre Copas (Sideways), un autre exemple du lien \u00e9troit entre le Jam\u00f3n Ib\u00e9rico et le septi\u00e8me art.<\/p>\n<p>Pendant ce festival, le Jam\u00f3n Ib\u00e9rico a \u00e9t\u00e9 \u00ab sur toutes les l\u00e8vres \u00bb, et les <strong>c\u00e9l\u00e9brit\u00e9s du grand \u00e9cran<\/strong> ont pu profiter des <strong>d\u00e9monstrations de coupe<\/strong> de nos ma\u00eetres coupeurs et d\u00e9guster sa <strong>saveur, son ar\u00f4me et sa texture inimitables.<\/strong><\/p>\n<p>Par ailleurs, le pr\u00e9sident de l&rsquo;ASICI a remis un Jam\u00f3n Ib\u00e9rico \u00e0 l&rsquo;acteur Karra <strong>Elejalde<\/strong>, en reconnaissance de sa <strong>remarquable carri\u00e8re couronn\u00e9e de succ\u00e8s. Le Jam\u00f3n Ib\u00e9rico<\/strong>, a d\u00e9j\u00e0 \u00e9t\u00e9 remis au cours d\u2019\u00e9ditions pr\u00e9c\u00e9dentes \u00e0 des <strong>stars<\/strong> de l\u2019envergure de <strong>Viggo Mortensen, Johnny Depp ou Ricardo Dar\u00edn<\/strong>, entre autres.<\/p>\n<p>Une fois de plus, les Jamons Ib\u00e9ricos ont <strong>particip\u00e9 activement aux actions organis\u00e9es dans le cadre du Festival.<\/strong> Du Boulvear, devant l&rsquo;h\u00f4tel de ville, o\u00f9 le <strong>stand du Jam\u00f3n Ib\u00e9rico<\/strong> est devenu le point de rencontre pour d\u00e9couvrir l&rsquo;univers passionnant de ce <strong>joyau de notre gastronomie,<\/strong> aux <strong>d\u00eeners \u00e0 th\u00e8me du Basque Culinary Center<\/strong>, o\u00f9 les participants ont pu appr\u00e9cier une <strong>d\u00e9monstration de l&rsquo;art de la coupe du ma\u00eetre coupeur Sylvain Foucad<\/strong>, qui a port\u00e9 la pr\u00e9sentation de nos <strong>Jamones Ib\u00e9ricos<\/strong> \u00e0 des sommets artistiques, \u00e0 la hauteur <strong>des grandes stars du grand \u00e9cran.<\/strong><\/p>\n<p>[\/et_pb_text][\/et_pb_column][\/et_pb_row][et_pb_row column_structure=\u00a0\u00bb1_4,1_4,1_4,1_4&Prime; use_custom_gutter=\u00a0\u00bbon\u00a0\u00bb gutter_width=\u00a0\u00bb2&Prime; _builder_version=\u00a0\u00bb4.13.0&Prime; _module_preset=\u00a0\u00bbdefault\u00a0\u00bb global_colors_info=\u00a0\u00bb{}\u00a0\u00bb][et_pb_column type=\u00a0\u00bb1_4&Prime; _builder_version=\u00a0\u00bb4.13.0&Prime; _module_preset=\u00a0\u00bbdefault\u00a0\u00bb global_colors_info=\u00a0\u00bb{}\u00a0\u00bb][et_pb_image src=\u00a0\u00bbhttps:\/\/jamonesibericoseu.eu\/wp-content\/uploads\/2022\/01\/san_sebastian_01.jpg\u00a0\u00bb title_text=\u00a0\u00bbsan_sebastian_01&Prime; _builder_version=\u00a0\u00bb4.13.0&Prime; _module_preset=\u00a0\u00bbdefault\u00a0\u00bb global_colors_info=\u00a0\u00bb{}\u00a0\u00bb][\/et_pb_image][et_pb_image src=\u00a0\u00bbhttps:\/\/jamonesibericoseu.eu\/wp-content\/uploads\/2022\/01\/san_sebastian_05.jpg\u00a0\u00bb title_text=\u00a0\u00bbsan_sebastian_05&Prime; _builder_version=\u00a0\u00bb4.13.0&Prime; _module_preset=\u00a0\u00bbdefault\u00a0\u00bb global_colors_info=\u00a0\u00bb{}\u00a0\u00bb][\/et_pb_image][et_pb_image src=\u00a0\u00bbhttps:\/\/jamonesibericoseu.eu\/wp-content\/uploads\/2022\/01\/san_sebastian_09.jpg\u00a0\u00bb title_text=\u00a0\u00bbsan_sebastian_09&Prime; _builder_version=\u00a0\u00bb4.13.0&Prime; _module_preset=\u00a0\u00bbdefault\u00a0\u00bb global_colors_info=\u00a0\u00bb{}\u00a0\u00bb][\/et_pb_image][\/et_pb_column][et_pb_column type=\u00a0\u00bb1_4&Prime; _builder_version=\u00a0\u00bb4.13.0&Prime; _module_preset=\u00a0\u00bbdefault\u00a0\u00bb global_colors_info=\u00a0\u00bb{}\u00a0\u00bb][et_pb_image src=\u00a0\u00bbhttps:\/\/jamonesibericoseu.eu\/wp-content\/uploads\/2022\/01\/san_sebastian_02.jpg\u00a0\u00bb title_text=\u00a0\u00bbsan_sebastian_02&Prime; _builder_version=\u00a0\u00bb4.13.0&Prime; _module_preset=\u00a0\u00bbdefault\u00a0\u00bb global_colors_info=\u00a0\u00bb{}\u00a0\u00bb][\/et_pb_image][et_pb_image src=\u00a0\u00bbhttps:\/\/jamonesibericoseu.eu\/wp-content\/uploads\/2022\/01\/san_sebastian_06.jpg\u00a0\u00bb title_text=\u00a0\u00bbsan_sebastian_06&Prime; _builder_version=\u00a0\u00bb4.13.0&Prime; _module_preset=\u00a0\u00bbdefault\u00a0\u00bb global_colors_info=\u00a0\u00bb{}\u00a0\u00bb][\/et_pb_image][et_pb_image src=\u00a0\u00bbhttps:\/\/jamonesibericoseu.eu\/wp-content\/uploads\/2022\/01\/san_sebastian_10.jpg\u00a0\u00bb title_text=\u00a0\u00bbsan_sebastian_10&Prime; _builder_version=\u00a0\u00bb4.13.0&Prime; _module_preset=\u00a0\u00bbdefault\u00a0\u00bb global_colors_info=\u00a0\u00bb{}\u00a0\u00bb][\/et_pb_image][\/et_pb_column][et_pb_column type=\u00a0\u00bb1_4&Prime; _builder_version=\u00a0\u00bb4.13.0&Prime; _module_preset=\u00a0\u00bbdefault\u00a0\u00bb global_colors_info=\u00a0\u00bb{}\u00a0\u00bb][et_pb_image src=\u00a0\u00bbhttps:\/\/jamonesibericoseu.eu\/wp-content\/uploads\/2022\/01\/san_sebastian_03.jpg\u00a0\u00bb title_text=\u00a0\u00bbsan_sebastian_03&Prime; _builder_version=\u00a0\u00bb4.13.0&Prime; _module_preset=\u00a0\u00bbdefault\u00a0\u00bb global_colors_info=\u00a0\u00bb{}\u00a0\u00bb][\/et_pb_image][et_pb_image src=\u00a0\u00bbhttps:\/\/jamonesibericoseu.eu\/wp-content\/uploads\/2022\/01\/san_sebastian_07.jpg\u00a0\u00bb title_text=\u00a0\u00bbsan_sebastian_07&Prime; _builder_version=\u00a0\u00bb4.13.0&Prime; _module_preset=\u00a0\u00bbdefault\u00a0\u00bb global_colors_info=\u00a0\u00bb{}\u00a0\u00bb][\/et_pb_image][et_pb_image src=\u00a0\u00bbhttps:\/\/jamonesibericoseu.eu\/wp-content\/uploads\/2022\/01\/san_sebastian_11.jpg\u00a0\u00bb title_text=\u00a0\u00bbsan_sebastian_11&Prime; _builder_version=\u00a0\u00bb4.13.0&Prime; _module_preset=\u00a0\u00bbdefault\u00a0\u00bb global_colors_info=\u00a0\u00bb{}\u00a0\u00bb][\/et_pb_image][\/et_pb_column][et_pb_column type=\u00a0\u00bb1_4&Prime; _builder_version=\u00a0\u00bb4.13.0&Prime; _module_preset=\u00a0\u00bbdefault\u00a0\u00bb global_colors_info=\u00a0\u00bb{}\u00a0\u00bb][et_pb_image src=\u00a0\u00bbhttps:\/\/jamonesibericoseu.eu\/wp-content\/uploads\/2022\/01\/san_sebastian_04.jpg\u00a0\u00bb title_text=\u00a0\u00bbsan_sebastian_04&Prime; _builder_version=\u00a0\u00bb4.13.0&Prime; _module_preset=\u00a0\u00bbdefault\u00a0\u00bb global_colors_info=\u00a0\u00bb{}\u00a0\u00bb][\/et_pb_image][et_pb_image src=\u00a0\u00bbhttps:\/\/jamonesibericoseu.eu\/wp-content\/uploads\/2022\/01\/san_sebastian_08.jpg\u00a0\u00bb title_text=\u00a0\u00bbsan_sebastian_08&Prime; _builder_version=\u00a0\u00bb4.13.0&Prime; _module_preset=\u00a0\u00bbdefault\u00a0\u00bb global_colors_info=\u00a0\u00bb{}\u00a0\u00bb][\/et_pb_image][et_pb_image src=\u00a0\u00bbhttps:\/\/jamonesibericoseu.eu\/wp-content\/uploads\/2022\/01\/san_sebastian_12.jpg\u00a0\u00bb title_text=\u00a0\u00bbsan_sebastian_12&Prime; _builder_version=\u00a0\u00bb4.13.0&Prime; _module_preset=\u00a0\u00bbdefault\u00a0\u00bb global_colors_info=\u00a0\u00bb{}\u00a0\u00bb][\/et_pb_image][\/et_pb_column][\/et_pb_row][et_pb_row _builder_version=\u00a0\u00bb4.13.0&Prime; _module_preset=\u00a0\u00bbdefault\u00a0\u00bb global_colors_info=\u00a0\u00bb{}\u00a0\u00bb][et_pb_column type=\u00a0\u00bb4_4&Prime; _builder_version=\u00a0\u00bb4.13.0&Prime; _module_preset=\u00a0\u00bbdefault\u00a0\u00bb global_colors_info=\u00a0\u00bb{}\u00a0\u00bb][et_pb_text _builder_version=\u00a0\u00bb4.13.0&Prime; _module_preset=\u00a0\u00bbdefault\u00a0\u00bb width=\u00a0\u00bb60%\u00a0\u00bb module_alignment=\u00a0\u00bbcenter\u00a0\u00bb hover_enabled=\u00a0\u00bb0&Prime; global_colors_info=\u00a0\u00bb{}\u00a0\u00bb sticky_enabled=\u00a0\u00bb0&Prime;]<a class=\"vp-a vp-dr\" href=\"https:\/\/youtu.be\/FWsA3wMPChM\" rel=\"nofollow\" data-width=\"1920\" data-height=\"1080\" data-dwrap=\"1\" data-controls=\"1\" data-iv=\"1\"><img decoding=\"async\" class=\"vp-img\" src=\"https:\/\/jamonesibericoseu.eu\/wp-content\/uploads\/2022\/01\/video_san_sebastian.jpg\"><\/a>[\/et_pb_text][\/et_pb_column][\/et_pb_row][\/et_pb_section]<\/p>\n","protected":false},"excerpt":{"rendered":"<p>LES JAMONES IB\u00c9RICOS D\u2019ESPAGNE, \u00ab AMBASSADEURS \u00bb DU FESTIVAL DU CIN\u00c9MA LE PLUS SAVOUREUXLes Jamones Ib\u00e9ricos d&rsquo;Espagne, en qualit\u00e9 d&rsquo;ambassadeurs de la culture europ\u00e9enne, ne pouvaient pas manquer l&rsquo;un des festivals espagnols de cin\u00e9ma les plus embl\u00e9matiques, le Festival international du cin\u00e9ma de Saint-S\u00e9bastien. Cette ann\u00e9e encore, et avec le soutien de l&rsquo;UE, nous avons \u00e9t\u00e9 pr\u00e9sents \u00e0 l&rsquo;\u00e9v\u00e9nement en tant que sponsor, en raison de sa r\u00e9percussion mondiale et de son \u00e9vidente port\u00e9e internationale : des valeurs partag\u00e9es avec le Jam\u00f3n Ib\u00e9rico. Une \u00ab opportunit\u00e9 digne d&rsquo;un film \u00bb pour consolider l&rsquo;image du Jam\u00f3n Ib\u00e9rico en tant que produit gourmet unique au monde, ainsi que pour r\u00e9veiller le sens Ib\u00e9rico chez des milliers de personnes dans le monde. Comme le souligne Antonio Prieto, pr\u00e9sident de l&rsquo;ASICI, \u00ab le Jam\u00f3n Ib\u00e9rico et le cin\u00e9ma sont des exp\u00e9riences sensorielles uniques qui rendent chaque moment inoubliable. D&rsquo;o\u00f9 la relation naturelle qui existe entre le cin\u00e9ma et le Jam\u00f3n Ib\u00e9rico \u00bb. En effet, le Jam\u00f3n Ib\u00e9rico a \u00e9t\u00e9 le protagoniste de grands films tout au long de l&rsquo;histoire du cin\u00e9ma, notamment dans La Vaquilla, Jam\u00f3n, Jam\u00f3n, La Gran Familia, Ocho Apellidos Vascos et le film laur\u00e9at d&rsquo;un Oscar Entre Copas (Sideways), un autre [&hellip;]<\/p>\n","protected":false},"author":1,"featured_media":0,"parent":4303,"menu_order":3,"comment_status":"closed","ping_status":"closed","template":"","meta":{"_et_pb_use_builder":"on","_et_pb_old_content":"","_et_gb_content_width":"","footnotes":""},"class_list":["post-4313","page","type-page","status-publish","hentry"],"_links":{"self":[{"href":"https:\/\/jamonesibericoseu.eu\/fr\/wp-json\/wp\/v2\/pages\/4313","targetHints":{"allow":["GET"]}}],"collection":[{"href":"https:\/\/jamonesibericoseu.eu\/fr\/wp-json\/wp\/v2\/pages"}],"about":[{"href":"https:\/\/jamonesibericoseu.eu\/fr\/wp-json\/wp\/v2\/types\/page"}],"author":[{"embeddable":true,"href":"https:\/\/jamonesibericoseu.eu\/fr\/wp-json\/wp\/v2\/users\/1"}],"replies":[{"embeddable":true,"href":"https:\/\/jamonesibericoseu.eu\/fr\/wp-json\/wp\/v2\/comments?post=4313"}],"version-history":[{"count":7,"href":"https:\/\/jamonesibericoseu.eu\/fr\/wp-json\/wp\/v2\/pages\/4313\/revisions"}],"predecessor-version":[{"id":4333,"href":"https:\/\/jamonesibericoseu.eu\/fr\/wp-json\/wp\/v2\/pages\/4313\/revisions\/4333"}],"up":[{"embeddable":true,"href":"https:\/\/jamonesibericoseu.eu\/fr\/wp-json\/wp\/v2\/pages\/4303"}],"wp:attachment":[{"href":"https:\/\/jamonesibericoseu.eu\/fr\/wp-json\/wp\/v2\/media?parent=4313"}],"curies":[{"name":"wp","href":"https:\/\/api.w.org\/{rel}","templated":true}]}}