{"id":4210,"date":"2022-02-21T17:29:13","date_gmt":"2022-02-21T17:29:13","guid":{"rendered":"https:\/\/jamonesibericoseu.eu\/durabilite-environnementale-sociale-et-economique\/"},"modified":"2022-02-21T17:35:40","modified_gmt":"2022-02-21T17:35:40","slug":"durabilite-environnementale-sociale-et-economique","status":"publish","type":"page","link":"https:\/\/jamonesibericoseu.eu\/fr\/origen\/durabilite-environnementale-sociale-et-economique\/","title":{"rendered":"Durabilit\u00e9 environnementale, sociale et \u00e9conomique"},"content":{"rendered":"<p>[et_pb_section fb_built=\u00a0\u00bb1&Prime; _builder_version=\u00a0\u00bb4.10.8&Prime; _module_preset=\u00a0\u00bbdefault\u00a0\u00bb global_colors_info=\u00a0\u00bb{}\u00a0\u00bb][et_pb_row _builder_version=\u00a0\u00bb4.13.0&Prime; _module_preset=\u00a0\u00bbdefault\u00a0\u00bb global_colors_info=\u00a0\u00bb{}\u00a0\u00bb][et_pb_column type=\u00a0\u00bb4_4&Prime; _builder_version=\u00a0\u00bb4.13.0&Prime; _module_preset=\u00a0\u00bbdefault\u00a0\u00bb global_colors_info=\u00a0\u00bb{}\u00a0\u00bb][et_pb_text _builder_version=\u00a0\u00bb4.13.0&Prime; _module_preset=\u00a0\u00bbdefault\u00a0\u00bb text_text_color=\u00a0\u00bb#000000&Prime; text_font_size=\u00a0\u00bb16px\u00a0\u00bb text_line_height=\u00a0\u00bb1.3em\u00a0\u00bb header_2_font=\u00a0\u00bb|700||on|||||\u00a0\u00bb header_2_text_align=\u00a0\u00bbcenter\u00a0\u00bb header_2_text_color=\u00a0\u00bb#a31c27&Prime; header_2_font_size=\u00a0\u00bb30px\u00a0\u00bb header_2_line_height=\u00a0\u00bb2em\u00a0\u00bb hover_enabled=\u00a0\u00bb0&Prime; global_colors_info=\u00a0\u00bb{}\u00a0\u00bb sticky_enabled=\u00a0\u00bb0&Prime;]<\/p>\n<h2>DURABILIT\u00c9 ENVIRONNEMENTALE, SOCIALE ET \u00c9CONOMIQUE<\/h2>\n<p>Le secteur Ib\u00e9rico a adh\u00e9r\u00e9 au Pacte vert pour l&rsquo;Europe (Green Deal) et \u00e0 ses engagements (impact climatique neutre d&rsquo;ici 2050) dans cette transition n\u00e9cessaire vers un syst\u00e8me alimentaire plus durable. Il s&rsquo;aligne \u00e9galement avec les Objectifs de d\u00e9veloppement durable (ODD) fix\u00e9s par l&rsquo;ONU. Dans cette optique, le secteur entend faire un usage efficace des ressources dans le cadre d&rsquo;une \u00e9conomie propre et circulaire, en r\u00e9duisant l&rsquo;impact de son activit\u00e9 de production sur l&rsquo;environnement et en compensant son empreinte \u00e9cologique.<\/p>\n<p>L&rsquo;engagement du secteur de l&rsquo;Ib\u00e9rico envers l&rsquo;environnement est absolu, mais il n&rsquo;en est pas moins important pour le d\u00e9veloppement social et \u00e9conomique des zones rurales. C&rsquo;est pourquoi, depuis des ann\u00e9es, il m\u00e8ne une s\u00e9rie d&rsquo;initiatives qui refl\u00e8tent son engagement profond en faveur de l&rsquo;environnement et renforcent son r\u00f4le fondamental d&rsquo;agent social et \u00e9conomique aupr\u00e8s du monde rural.<\/p>\n<p>[\/et_pb_text][\/et_pb_column][\/et_pb_row][et_pb_row column_structure=\u00a0\u00bb1_2,1_2&Prime; _builder_version=\u00a0\u00bb4.10.8&Prime; _module_preset=\u00a0\u00bbdefault\u00a0\u00bb global_colors_info=\u00a0\u00bb{}\u00a0\u00bb][et_pb_column type=\u00a0\u00bb1_2&Prime; _builder_version=\u00a0\u00bb4.10.8&Prime; _module_preset=\u00a0\u00bbdefault\u00a0\u00bb global_colors_info=\u00a0\u00bb{}\u00a0\u00bb][et_pb_text module_class=\u00a0\u00bbdivicon_rojo\u00a0\u00bb _builder_version=\u00a0\u00bb4.13.0&Prime; _module_preset=\u00a0\u00bbdefault\u00a0\u00bb text_font_size=\u00a0\u00bb16px\u00a0\u00bb ul_font_size=\u00a0\u00bb16px\u00a0\u00bb header_font=\u00a0\u00bb|700||on|||||\u00a0\u00bb header_text_color=\u00a0\u00bb#a31c27&Prime; header_2_font=\u00a0\u00bb|700||on|||||\u00a0\u00bb header_2_text_color=\u00a0\u00bb#a31c27&Prime; header_2_font_size=\u00a0\u00bb30px\u00a0\u00bb header_3_font=\u00a0\u00bb|700|||||||\u00a0\u00bb header_3_text_color=\u00a0\u00bb#a31c27&Prime; background_color=\u00a0\u00bbRGBA(0,0,0,0)\u00a0\u00bb z_index=\u00a0\u00bb500&Prime; sticky_limit_bottom=\u00a0\u00bbbody\u00a0\u00bb hover_enabled=\u00a0\u00bb0&Prime; global_colors_info=\u00a0\u00bb{}\u00a0\u00bb sticky_enabled=\u00a0\u00bb0&Prime;]<\/p>\n<h3>EMPREINTE CARBONE<\/h3>\n<ul>\n<li>\n<ul>\n<li>Le Dehesa comme source d&rsquo;absorption de CO2.<\/li>\n<li>Engagement en faveur des fourrages naturels et des cultures locales (c\u00e9r\u00e9ales).<\/li>\n<li>R\u00e9duction des gaz \u00e0 effet de serre.<\/li>\n<li>Compensation de l&#8217;empreinte \u00e9cologique par le reboisement des for\u00eats.<\/li>\n<li>Plans visant \u00e0 minimiser l&#8217;empreinte carbone (remplacement des \u00e9quipements obsol\u00e8tes par des \u00e9quipements plus efficaces, r\u00e9duction de la consommation d&rsquo;\u00e9lectricit\u00e9, r\u00e9glage de la temp\u00e9rature des eaux de nettoyage, etc.).<\/li>\n<\/ul>\n<\/li>\n<\/ul>\n<p>[\/et_pb_text][\/et_pb_column][et_pb_column type=\u00a0\u00bb1_2&Prime; _builder_version=\u00a0\u00bb4.10.8&Prime; _module_preset=\u00a0\u00bbdefault\u00a0\u00bb global_colors_info=\u00a0\u00bb{}\u00a0\u00bb][et_pb_image src=\u00a0\u00bbhttps:\/\/jamonesibericoseu.eu\/wp-content\/uploads\/2022\/01\/carbon_fingerprint.jpg\u00a0\u00bb title_text=\u00a0\u00bbcarbon_fingerprint\u00a0\u00bb _builder_version=\u00a0\u00bb4.13.0&Prime; _module_preset=\u00a0\u00bbdefault\u00a0\u00bb global_colors_info=\u00a0\u00bb{}\u00a0\u00bb][\/et_pb_image][\/et_pb_column][\/et_pb_row][et_pb_row column_structure=\u00a0\u00bb1_2,1_2&Prime; _builder_version=\u00a0\u00bb4.10.8&Prime; _module_preset=\u00a0\u00bbdefault\u00a0\u00bb global_colors_info=\u00a0\u00bb{}\u00a0\u00bb][et_pb_column type=\u00a0\u00bb1_2&Prime; _builder_version=\u00a0\u00bb4.10.8&Prime; _module_preset=\u00a0\u00bbdefault\u00a0\u00bb global_colors_info=\u00a0\u00bb{}\u00a0\u00bb][et_pb_text module_class=\u00a0\u00bbdivicon_rojo\u00a0\u00bb _builder_version=\u00a0\u00bb4.13.0&Prime; _module_preset=\u00a0\u00bbdefault\u00a0\u00bb text_font_size=\u00a0\u00bb16px\u00a0\u00bb ul_font_size=\u00a0\u00bb16px\u00a0\u00bb header_font=\u00a0\u00bb|700||on|||||\u00a0\u00bb header_text_color=\u00a0\u00bb#a31c27&Prime; header_2_font=\u00a0\u00bb|700||on|||||\u00a0\u00bb header_2_text_color=\u00a0\u00bb#a31c27&Prime; header_2_font_size=\u00a0\u00bb30px\u00a0\u00bb header_3_font=\u00a0\u00bb|700|||||||\u00a0\u00bb header_3_text_color=\u00a0\u00bb#a31c27&Prime; background_color=\u00a0\u00bbRGBA(0,0,0,0)\u00a0\u00bb z_index=\u00a0\u00bb500&Prime; sticky_limit_bottom=\u00a0\u00bbbody\u00a0\u00bb hover_enabled=\u00a0\u00bb0&Prime; global_colors_info=\u00a0\u00bb{}\u00a0\u00bb sticky_enabled=\u00a0\u00bb0&Prime;]<\/p>\n<h3>EMPREINTE HYDRIQUE<\/h3>\n<ul>\n<li>\n<ul>\n<li>Gestion durable de l&rsquo;eau.<\/li>\n<li>Optimisation de la consommation d&rsquo;eau. R\u00e9duction de la consommation d&rsquo;eau de 30 % au cours des derni\u00e8res ann\u00e9es.<\/li>\n<li>Construction obligatoire de bassins cl\u00f4tur\u00e9s et imperm\u00e9abilis\u00e9s pour \u00e9viter le risque d&rsquo;infiltration et de pollution des eaux de surface et souterraines.<\/li>\n<\/ul>\n<\/li>\n<\/ul>\n<p>[\/et_pb_text][\/et_pb_column][et_pb_column type=\u00a0\u00bb1_2&Prime; _builder_version=\u00a0\u00bb4.10.8&Prime; _module_preset=\u00a0\u00bbdefault\u00a0\u00bb global_colors_info=\u00a0\u00bb{}\u00a0\u00bb][et_pb_image src=\u00a0\u00bbhttps:\/\/jamonesibericoseu.eu\/wp-content\/uploads\/2022\/01\/water_fingerprint.jpg\u00a0\u00bb title_text=\u00a0\u00bbwater_fingerprint\u00a0\u00bb _builder_version=\u00a0\u00bb4.13.0&Prime; _module_preset=\u00a0\u00bbdefault\u00a0\u00bb global_colors_info=\u00a0\u00bb{}\u00a0\u00bb][\/et_pb_image][\/et_pb_column][\/et_pb_row][et_pb_row column_structure=\u00a0\u00bb1_2,1_2&Prime; _builder_version=\u00a0\u00bb4.10.8&Prime; _module_preset=\u00a0\u00bbdefault\u00a0\u00bb global_colors_info=\u00a0\u00bb{}\u00a0\u00bb][et_pb_column type=\u00a0\u00bb1_2&Prime; _builder_version=\u00a0\u00bb4.10.8&Prime; _module_preset=\u00a0\u00bbdefault\u00a0\u00bb global_colors_info=\u00a0\u00bb{}\u00a0\u00bb][et_pb_text module_class=\u00a0\u00bbdivicon_rojo\u00a0\u00bb _builder_version=\u00a0\u00bb4.13.0&Prime; _module_preset=\u00a0\u00bbdefault\u00a0\u00bb text_font_size=\u00a0\u00bb16px\u00a0\u00bb ul_font_size=\u00a0\u00bb16px\u00a0\u00bb header_font=\u00a0\u00bb|700||on|||||\u00a0\u00bb header_text_color=\u00a0\u00bb#a31c27&Prime; header_2_font=\u00a0\u00bb|700||on|||||\u00a0\u00bb header_2_text_color=\u00a0\u00bb#a31c27&Prime; header_2_font_size=\u00a0\u00bb30px\u00a0\u00bb header_3_font=\u00a0\u00bb|700|||||||\u00a0\u00bb header_3_text_color=\u00a0\u00bb#a31c27&Prime; background_color=\u00a0\u00bbRGBA(0,0,0,0)\u00a0\u00bb z_index=\u00a0\u00bb500&Prime; sticky_limit_bottom=\u00a0\u00bbbody\u00a0\u00bb hover_enabled=\u00a0\u00bb0&Prime; global_colors_info=\u00a0\u00bb{}\u00a0\u00bb sticky_enabled=\u00a0\u00bb0&Prime;]<\/p>\n<h3>\u00c9NERGIES RENOUVELABLES<\/h3>\n<ul>\n<li>\n<ul>\n<li>Engagement en faveur d\u2019une \u00e9nergie provenant de sources renouvelables.<\/li>\n<li>R\u00e9duction de la consommation \u00e9nerg\u00e9tique.<\/li>\n<\/ul>\n<\/li>\n<\/ul>\n<p>[\/et_pb_text][et_pb_text module_class=\u00a0\u00bbdivicon_rojo\u00a0\u00bb _builder_version=\u00a0\u00bb4.13.0&Prime; _module_preset=\u00a0\u00bbdefault\u00a0\u00bb text_font_size=\u00a0\u00bb16px\u00a0\u00bb ul_font_size=\u00a0\u00bb16px\u00a0\u00bb header_font=\u00a0\u00bb|700||on|||||\u00a0\u00bb header_text_color=\u00a0\u00bb#a31c27&Prime; header_2_font=\u00a0\u00bb|700||on|||||\u00a0\u00bb header_2_text_color=\u00a0\u00bb#a31c27&Prime; header_2_font_size=\u00a0\u00bb30px\u00a0\u00bb header_3_font=\u00a0\u00bb|700|||||||\u00a0\u00bb header_3_text_color=\u00a0\u00bb#a31c27&Prime; background_color=\u00a0\u00bbRGBA(0,0,0,0)\u00a0\u00bb z_index=\u00a0\u00bb500&Prime; sticky_limit_bottom=\u00a0\u00bbbody\u00a0\u00bb hover_enabled=\u00a0\u00bb0&Prime; global_colors_info=\u00a0\u00bb{}\u00a0\u00bb sticky_enabled=\u00a0\u00bb0&Prime;]<\/p>\n<h3>GESTION DES D\u00c9CHETS<\/h3>\n<ul>\n<li>\n<ul>\n<li>Plans de gestion des d\u00e9chets d&#8217;emballages usag\u00e9s.<\/li>\n<li>R\u00e9duire les plastiques \u00e0 usage unique. Emballages plus respectueux de l&rsquo;environnement.<\/li>\n<\/ul>\n<\/li>\n<\/ul>\n<p>[\/et_pb_text][\/et_pb_column][et_pb_column type=\u00a0\u00bb1_2&Prime; _builder_version=\u00a0\u00bb4.10.8&Prime; _module_preset=\u00a0\u00bbdefault\u00a0\u00bb global_colors_info=\u00a0\u00bb{}\u00a0\u00bb][et_pb_image src=\u00a0\u00bbhttps:\/\/jamonesibericoseu.eu\/wp-content\/uploads\/2022\/01\/renewable_energy.jpg\u00a0\u00bb title_text=\u00a0\u00bbrenewable_energy\u00a0\u00bb _builder_version=\u00a0\u00bb4.13.0&Prime; _module_preset=\u00a0\u00bbdefault\u00a0\u00bb global_colors_info=\u00a0\u00bb{}\u00a0\u00bb][\/et_pb_image][\/et_pb_column][\/et_pb_row][et_pb_row column_structure=\u00a0\u00bb1_2,1_2&Prime; _builder_version=\u00a0\u00bb4.10.8&Prime; _module_preset=\u00a0\u00bbdefault\u00a0\u00bb global_colors_info=\u00a0\u00bb{}\u00a0\u00bb][et_pb_column type=\u00a0\u00bb1_2&Prime; _builder_version=\u00a0\u00bb4.10.8&Prime; _module_preset=\u00a0\u00bbdefault\u00a0\u00bb global_colors_info=\u00a0\u00bb{}\u00a0\u00bb][et_pb_text module_class=\u00a0\u00bbdivicon_rojo\u00a0\u00bb _builder_version=\u00a0\u00bb4.13.0&Prime; _module_preset=\u00a0\u00bbdefault\u00a0\u00bb text_font_size=\u00a0\u00bb16px\u00a0\u00bb ul_font_size=\u00a0\u00bb16px\u00a0\u00bb header_font=\u00a0\u00bb|700||on|||||\u00a0\u00bb header_text_color=\u00a0\u00bb#a31c27&Prime; header_2_font=\u00a0\u00bb|700||on|||||\u00a0\u00bb header_2_text_color=\u00a0\u00bb#a31c27&Prime; header_2_font_size=\u00a0\u00bb30px\u00a0\u00bb header_3_font=\u00a0\u00bb|700|||||||\u00a0\u00bb header_3_text_color=\u00a0\u00bb#a31c27&Prime; background_color=\u00a0\u00bbRGBA(0,0,0,0)\u00a0\u00bb z_index=\u00a0\u00bb500&Prime; sticky_limit_bottom=\u00a0\u00bbbody\u00a0\u00bb hover_enabled=\u00a0\u00bb0&Prime; global_colors_info=\u00a0\u00bb{}\u00a0\u00bb sticky_enabled=\u00a0\u00bb0&Prime;]<\/p>\n<h3>DURABILIT\u00c9 SOCIALE<\/h3>\n<ul>\n<li>\n<ul>\n<li>Moteur \u00e9conomique de l&rsquo;Espagne rurale, donnant de la vie dans les zones les plus d\u00e9favoris\u00e9es.<\/li>\n<li>Colonne vert\u00e9brale des zones rurales. Le secteur Ib\u00e9rico comme antidote au d\u00e9fi d\u00e9mographique europ\u00e9en.<\/li>\n<li>Il g\u00e9n\u00e8re des richesses et des emplois, assure l&rsquo;avenir des villages en contribuant \u00e0 implanter des habitants dans un environnement menac\u00e9 de d\u00e9peuplement.<\/li>\n<li>Engagement en faveur de l&rsquo;\u00e9galit\u00e9 des chances pour atteindre 50 % d\u2019activit\u00e9 f\u00e9minine.<\/li>\n<li>Il favorise l&#8217;emploi dans les secteurs connexes et g\u00e9n\u00e8re d&rsquo;importantes activit\u00e9s de recherche et de d\u00e9veloppement, contribuant ainsi au progr\u00e8s scientifique et technique du pays.<\/li>\n<li>Les entreprises privil\u00e9gient les fournisseurs locaux ou de proximit\u00e9 (industrie auxiliaire, fourrages, services professionnels, etc.).<\/li>\n<\/ul>\n<\/li>\n<\/ul>\n<p>[\/et_pb_text][\/et_pb_column][et_pb_column type=\u00a0\u00bb1_2&Prime; _builder_version=\u00a0\u00bb4.10.8&Prime; _module_preset=\u00a0\u00bbdefault\u00a0\u00bb global_colors_info=\u00a0\u00bb{}\u00a0\u00bb][et_pb_image src=\u00a0\u00bbhttps:\/\/jamonesibericoseu.eu\/wp-content\/uploads\/2022\/01\/social_sustainability.jpg\u00a0\u00bb title_text=\u00a0\u00bbStreet in the village of San Martin de Trevejo, village of Caceres, Spain\u00a0\u00bb _builder_version=\u00a0\u00bb4.13.0&Prime; _module_preset=\u00a0\u00bbdefault\u00a0\u00bb global_colors_info=\u00a0\u00bb{}\u00a0\u00bb][\/et_pb_image][\/et_pb_column][\/et_pb_row][et_pb_row column_structure=\u00a0\u00bb1_2,1_2&Prime; _builder_version=\u00a0\u00bb4.10.8&Prime; _module_preset=\u00a0\u00bbdefault\u00a0\u00bb global_colors_info=\u00a0\u00bb{}\u00a0\u00bb][et_pb_column type=\u00a0\u00bb1_2&Prime; _builder_version=\u00a0\u00bb4.10.8&Prime; _module_preset=\u00a0\u00bbdefault\u00a0\u00bb global_colors_info=\u00a0\u00bb{}\u00a0\u00bb][et_pb_text module_class=\u00a0\u00bbdivicon_rojo\u00a0\u00bb _builder_version=\u00a0\u00bb4.13.0&Prime; _module_preset=\u00a0\u00bbdefault\u00a0\u00bb text_font_size=\u00a0\u00bb16px\u00a0\u00bb ul_font_size=\u00a0\u00bb16px\u00a0\u00bb header_font=\u00a0\u00bb|700||on|||||\u00a0\u00bb header_text_color=\u00a0\u00bb#a31c27&Prime; header_2_font=\u00a0\u00bb|700||on|||||\u00a0\u00bb header_2_text_color=\u00a0\u00bb#a31c27&Prime; header_2_font_size=\u00a0\u00bb30px\u00a0\u00bb header_3_font=\u00a0\u00bb|700|||||||\u00a0\u00bb header_3_text_color=\u00a0\u00bb#a31c27&Prime; background_color=\u00a0\u00bbRGBA(0,0,0,0)\u00a0\u00bb z_index=\u00a0\u00bb500&Prime; sticky_limit_bottom=\u00a0\u00bbbody\u00a0\u00bb hover_enabled=\u00a0\u00bb0&Prime; global_colors_info=\u00a0\u00bb{}\u00a0\u00bb sticky_enabled=\u00a0\u00bb0&Prime;]<\/p>\n<h3>DURABILIT\u00c9 \u00c9CONOMIQUE<\/h3>\n<ul>\n<li>\n<ul>\n<li>Renforcer l&rsquo;\u00e9conomie circulaire tout au long de la cha\u00eene, sur la base du principe \u00ab R\u00e9duire-R\u00e9utiliser-Recycler \u00bb.<\/li>\n<li>Responsabilit\u00e9 soci\u00e9tale des entreprises.<\/li>\n<li>Rendement \u00e9conomique \u00e9quitable dans la cha\u00eene alimentaire.<\/li>\n<\/ul>\n<\/li>\n<\/ul>\n<p>[\/et_pb_text][\/et_pb_column][et_pb_column type=\u00a0\u00bb1_2&Prime; _builder_version=\u00a0\u00bb4.10.8&Prime; _module_preset=\u00a0\u00bbdefault\u00a0\u00bb global_colors_info=\u00a0\u00bb{}\u00a0\u00bb][et_pb_image src=\u00a0\u00bbhttps:\/\/jamonesibericoseu.eu\/wp-content\/uploads\/2022\/01\/sostenibilidad_economica.jpg\u00a0\u00bb title_text=\u00a0\u00bbSierra de Fuentes at dawn\u00a0\u00bb _builder_version=\u00a0\u00bb4.13.0&Prime; _module_preset=\u00a0\u00bbdefault\u00a0\u00bb global_colors_info=\u00a0\u00bb{}\u00a0\u00bb][\/et_pb_image][\/et_pb_column][\/et_pb_row][\/et_pb_section]<\/p>\n","protected":false},"excerpt":{"rendered":"<p>DURABILIT\u00c9 ENVIRONNEMENTALE, SOCIALE ET \u00c9CONOMIQUE Le secteur Ib\u00e9rico a adh\u00e9r\u00e9 au Pacte vert pour l&rsquo;Europe (Green Deal) et \u00e0 ses engagements (impact climatique neutre d&rsquo;ici 2050) dans cette transition n\u00e9cessaire vers un syst\u00e8me alimentaire plus durable. Il s&rsquo;aligne \u00e9galement avec les Objectifs de d\u00e9veloppement durable (ODD) fix\u00e9s par l&rsquo;ONU. Dans cette optique, le secteur entend faire un usage efficace des ressources dans le cadre d&rsquo;une \u00e9conomie propre et circulaire, en r\u00e9duisant l&rsquo;impact de son activit\u00e9 de production sur l&rsquo;environnement et en compensant son empreinte \u00e9cologique. L&rsquo;engagement du secteur de l&rsquo;Ib\u00e9rico envers l&rsquo;environnement est absolu, mais il n&rsquo;en est pas moins important pour le d\u00e9veloppement social et \u00e9conomique des zones rurales. C&rsquo;est pourquoi, depuis des ann\u00e9es, il m\u00e8ne une s\u00e9rie d&rsquo;initiatives qui refl\u00e8tent son engagement profond en faveur de l&rsquo;environnement et renforcent son r\u00f4le fondamental d&rsquo;agent social et \u00e9conomique aupr\u00e8s du monde rural.EMPREINTE CARBONE Le Dehesa comme source d&rsquo;absorption de CO2. Engagement en faveur des fourrages naturels et des cultures locales (c\u00e9r\u00e9ales). R\u00e9duction des gaz \u00e0 effet de serre. Compensation de l&#8217;empreinte \u00e9cologique par le reboisement des for\u00eats. Plans visant \u00e0 minimiser l&#8217;empreinte carbone (remplacement des \u00e9quipements obsol\u00e8tes par des \u00e9quipements plus efficaces, r\u00e9duction de la consommation d&rsquo;\u00e9lectricit\u00e9, r\u00e9glage de la [&hellip;]<\/p>\n","protected":false},"author":1,"featured_media":0,"parent":5710,"menu_order":1,"comment_status":"closed","ping_status":"closed","template":"","meta":{"_et_pb_use_builder":"on","_et_pb_old_content":"","_et_gb_content_width":"","footnotes":""},"class_list":["post-4210","page","type-page","status-publish","hentry"],"_links":{"self":[{"href":"https:\/\/jamonesibericoseu.eu\/fr\/wp-json\/wp\/v2\/pages\/4210","targetHints":{"allow":["GET"]}}],"collection":[{"href":"https:\/\/jamonesibericoseu.eu\/fr\/wp-json\/wp\/v2\/pages"}],"about":[{"href":"https:\/\/jamonesibericoseu.eu\/fr\/wp-json\/wp\/v2\/types\/page"}],"author":[{"embeddable":true,"href":"https:\/\/jamonesibericoseu.eu\/fr\/wp-json\/wp\/v2\/users\/1"}],"replies":[{"embeddable":true,"href":"https:\/\/jamonesibericoseu.eu\/fr\/wp-json\/wp\/v2\/comments?post=4210"}],"version-history":[{"count":5,"href":"https:\/\/jamonesibericoseu.eu\/fr\/wp-json\/wp\/v2\/pages\/4210\/revisions"}],"predecessor-version":[{"id":4216,"href":"https:\/\/jamonesibericoseu.eu\/fr\/wp-json\/wp\/v2\/pages\/4210\/revisions\/4216"}],"up":[{"embeddable":true,"href":"https:\/\/jamonesibericoseu.eu\/fr\/wp-json\/wp\/v2\/pages\/5710"}],"wp:attachment":[{"href":"https:\/\/jamonesibericoseu.eu\/fr\/wp-json\/wp\/v2\/media?parent=4210"}],"curies":[{"name":"wp","href":"https:\/\/api.w.org\/{rel}","templated":true}]}}