{"id":2249,"date":"2021-11-02T12:44:57","date_gmt":"2021-11-02T12:44:57","guid":{"rendered":"https:\/\/jamonesibericoseu.eu\/?page_id=2249"},"modified":"2021-11-18T12:27:18","modified_gmt":"2021-11-18T12:27:18","slug":"si-vous-etes-arrivee-jusquici","status":"publish","type":"page","link":"https:\/\/jamonesibericoseu.eu\/fr\/si-vous-etes-arrivee-jusquici\/","title":{"rendered":"Si vous \u00eates arriv\u00e9(e) jusqu&rsquo;ici"},"content":{"rendered":"<p>[et_pb_section fb_built=\u00a0\u00bb1&Prime; _builder_version=\u00a0\u00bb4.10.8&Prime; _module_preset=\u00a0\u00bbdefault\u00a0\u00bb global_colors_info=\u00a0\u00bb{}\u00a0\u00bb][et_pb_row column_structure=\u00a0\u00bb1_2,1_2&Prime; _builder_version=\u00a0\u00bb4.10.8&Prime; _module_preset=\u00a0\u00bbdefault\u00a0\u00bb global_colors_info=\u00a0\u00bb{}\u00a0\u00bb][et_pb_column type=\u00a0\u00bb1_2&Prime; _builder_version=\u00a0\u00bb4.10.8&Prime; _module_preset=\u00a0\u00bbdefault\u00a0\u00bb global_colors_info=\u00a0\u00bb{}\u00a0\u00bb][et_pb_image src=\u00a0\u00bbhttps:\/\/jamonesibericoseu.eu\/wp-content\/uploads\/2021\/11\/Grafica-FR-3-scaled.jpg\u00a0\u00bb title_text=\u00a0\u00bbGrafica FR\u00a0\u00bb _builder_version=\u00a0\u00bb4.10.8&Prime; _module_preset=\u00a0\u00bbdefault\u00a0\u00bb global_colors_info=\u00a0\u00bb{}\u00a0\u00bb][\/et_pb_image][\/et_pb_column][et_pb_column type=\u00a0\u00bb1_2&Prime; _builder_version=\u00a0\u00bb4.10.8&Prime; _module_preset=\u00a0\u00bbdefault\u00a0\u00bb global_colors_info=\u00a0\u00bb{}\u00a0\u00bb][et_pb_text _builder_version=\u00a0\u00bb4.10.8&Prime; _module_preset=\u00a0\u00bbdefault\u00a0\u00bb text_font_size=\u00a0\u00bb16px\u00a0\u00bb header_font=\u00a0\u00bb|700|||||||\u00a0\u00bb header_text_color=\u00a0\u00bb#a31c27&Prime; header_line_height=\u00a0\u00bb1.2em\u00a0\u00bb custom_margin=\u00a0\u00bb16px||||false|false\u00a0\u00bb global_colors_info=\u00a0\u00bb{}\u00a0\u00bb]<\/p>\n<h1><strong>Si vous \u00eates arriv\u00e9(e) jusqu&rsquo;ici, vous \u00eates sur le point d\u2019\u00e9veiller votre Sens Ib\u00e9rique<\/strong><\/h1>\n<p>Nous pensons tout savoir sur nous-m\u00eames&#8230; et si nous avions encore des choses \u00e0 d\u00e9couvrir sur notre personne?<\/p>\n<p>Si vous pensez n&rsquo;avoir que 5 sens, vous vous trompez. Un autre sens sommeille en vous\u00a0: il est la <strong>somme de tous les autres<\/strong>, qui vous ram\u00e8ne \u00e0 l&rsquo;<strong>essence de votre \u00eatre<\/strong> et <strong>\u00e9l\u00e8ve votre capacit\u00e9 d\u2019appr\u00e9ciation<\/strong> \u00e0 une tout autre dimension.<\/p>\n<p>Un sens bien sup\u00e9rieur \u00e0 l&rsquo;odorat, la vue, l&rsquo;ou\u00efe, le go\u00fbt ou le toucher. Il consiste \u00e0 <strong>ressentir, partager appr\u00e9cier. <\/strong>Car c&rsquo;est un sentiment <strong>qui ne peut \u00eatre d\u00e9crit. Il peut seulement \u00eatre v\u00e9cu.<br \/>\n<\/strong><br \/>\nUn sentiment n\u00e9 de l&rsquo;union entre quelque chose d&rsquo;aussi unique que le<strong> Jambon Ib\u00e9rique<\/strong> et quelque chose d&rsquo;aussi extraordinaire qu&rsquo;une fa\u00e7on particuli\u00e8re de <strong>comprendre et de profiter de la vie\u00a0<\/strong>:<strong> LE SENS IB\u00c9RIQUE<br \/>\n<\/strong><\/p>\n<p>Un sentiment qui <strong>est en vous, peu importe d&rsquo;o\u00f9 vous veniez&#8230; vous l&rsquo;avez. <\/strong>Une tranche de <strong>Jambon Ib\u00e9rique<\/strong> suffit pour l\u2019\u00e9veiller.<\/p>\n<p><strong>\u00c9veillez votre Sens Ib\u00e9rique avec les jambons ib\u00e9riques d&rsquo;Espagne.<\/strong>[\/et_pb_text][\/et_pb_column][\/et_pb_row][et_pb_row column_structure=\u00a0\u00bb1_2,1_2&Prime; _builder_version=\u00a0\u00bb4.10.8&Prime; _module_preset=\u00a0\u00bbdefault\u00a0\u00bb global_colors_info=\u00a0\u00bb{}\u00a0\u00bb][et_pb_column type=\u00a0\u00bb1_2&Prime; _builder_version=\u00a0\u00bb4.10.8&Prime; _module_preset=\u00a0\u00bbdefault\u00a0\u00bb global_colors_info=\u00a0\u00bb{}\u00a0\u00bb][et_pb_image src=\u00a0\u00bbhttps:\/\/jamonesibericoseu.eu\/wp-content\/uploads\/2021\/11\/Grafica-FR-1-scaled.jpg\u00a0\u00bb title_text=\u00a0\u00bbGrafica FR\u00a0\u00bb _builder_version=\u00a0\u00bb4.10.8&Prime; _module_preset=\u00a0\u00bbdefault\u00a0\u00bb global_colors_info=\u00a0\u00bb{}\u00a0\u00bb][\/et_pb_image][\/et_pb_column][et_pb_column type=\u00a0\u00bb1_2&Prime; _builder_version=\u00a0\u00bb4.10.8&Prime; _module_preset=\u00a0\u00bbdefault\u00a0\u00bb global_colors_info=\u00a0\u00bb{}\u00a0\u00bb][et_pb_image src=\u00a0\u00bbhttps:\/\/jamonesibericoseu.eu\/wp-content\/uploads\/2021\/11\/Grafica-FR-2-scaled.jpg\u00a0\u00bb title_text=\u00a0\u00bbGrafica FR\u00a0\u00bb _builder_version=\u00a0\u00bb4.10.8&Prime; _module_preset=\u00a0\u00bbdefault\u00a0\u00bb global_colors_info=\u00a0\u00bb{}\u00a0\u00bb][\/et_pb_image][\/et_pb_column][\/et_pb_row][et_pb_row _builder_version=\u00a0\u00bb4.10.8&Prime; _module_preset=\u00a0\u00bbdefault\u00a0\u00bb global_colors_info=\u00a0\u00bb{}\u00a0\u00bb][et_pb_column type=\u00a0\u00bb4_4&Prime; _builder_version=\u00a0\u00bb4.10.8&Prime; _module_preset=\u00a0\u00bbdefault\u00a0\u00bb global_colors_info=\u00a0\u00bb{}\u00a0\u00bb][et_pb_text _builder_version=\u00a0\u00bb4.13.0&Prime; _module_preset=\u00a0\u00bbdefault\u00a0\u00bb hover_enabled=\u00a0\u00bb0&Prime; global_colors_info=\u00a0\u00bb{}\u00a0\u00bb sticky_enabled=\u00a0\u00bb0&Prime;]<\/p>\n<a class=\"vp-a vp-dr\" href=\"https:\/\/youtu.be\/zVbq6bIkCL0\" rel=\"nofollow\" data-width=\"1920\" data-height=\"1080\" data-dwrap=\"1\" data-iv=\"1\"><img decoding=\"async\" class=\"vp-img\" src=\"https:\/\/jamonesibericoseu.eu\/wp-content\/uploads\/2021\/09\/spot.jpg\"><\/a>\n<p>[\/et_pb_text][\/et_pb_column][\/et_pb_row][et_pb_row _builder_version=\u00a0\u00bb4.10.8&Prime; _module_preset=\u00a0\u00bbdefault\u00a0\u00bb global_colors_info=\u00a0\u00bb{}\u00a0\u00bb][et_pb_column type=\u00a0\u00bb4_4&Prime; _builder_version=\u00a0\u00bb4.10.8&Prime; _module_preset=\u00a0\u00bbdefault\u00a0\u00bb global_colors_info=\u00a0\u00bb{}\u00a0\u00bb][et_pb_text _builder_version=\u00a0\u00bb4.10.8&Prime; _module_preset=\u00a0\u00bbdefault\u00a0\u00bb global_colors_info=\u00a0\u00bb{}\u00a0\u00bb]<\/p>\n<a class=\"vp-a vp-dr\" href=\"https:\/\/youtu.be\/J66_OTphetM\" rel=\"nofollow\" data-width=\"1920\" data-height=\"1080\" data-dwrap=\"1\" data-iv=\"1\"><img decoding=\"async\" class=\"vp-img\" src=\"https:\/\/jamonesibericoseu.eu\/wp-content\/uploads\/2021\/09\/making-of.jpg\"><\/a>\n<p>[\/et_pb_text][\/et_pb_column][\/et_pb_row][\/et_pb_section]<\/p>\n","protected":false},"excerpt":{"rendered":"<p>Si vous \u00eates arriv\u00e9(e) jusqu&rsquo;ici, vous \u00eates sur le point d\u2019\u00e9veiller votre Sens Ib\u00e9rique Nous pensons tout savoir sur nous-m\u00eames&#8230; et si nous avions encore des choses \u00e0 d\u00e9couvrir sur notre personne? Si vous pensez n&rsquo;avoir que 5 sens, vous vous trompez. Un autre sens sommeille en vous\u00a0: il est la somme de tous les autres, qui vous ram\u00e8ne \u00e0 l&rsquo;essence de votre \u00eatre et \u00e9l\u00e8ve votre capacit\u00e9 d\u2019appr\u00e9ciation \u00e0 une tout autre dimension. Un sens bien sup\u00e9rieur \u00e0 l&rsquo;odorat, la vue, l&rsquo;ou\u00efe, le go\u00fbt ou le toucher. Il consiste \u00e0 ressentir, partager appr\u00e9cier. Car c&rsquo;est un sentiment qui ne peut \u00eatre d\u00e9crit. Il peut seulement \u00eatre v\u00e9cu. Un sentiment n\u00e9 de l&rsquo;union entre quelque chose d&rsquo;aussi unique que le Jambon Ib\u00e9rique et quelque chose d&rsquo;aussi extraordinaire qu&rsquo;une fa\u00e7on particuli\u00e8re de comprendre et de profiter de la vie\u00a0: LE SENS IB\u00c9RIQUE Un sentiment qui est en vous, peu importe d&rsquo;o\u00f9 vous veniez&#8230; vous l&rsquo;avez. Une tranche de Jambon Ib\u00e9rique suffit pour l\u2019\u00e9veiller. \u00c9veillez votre Sens Ib\u00e9rique avec les jambons ib\u00e9riques d&rsquo;Espagne.<a class=\"vp-a vp-dr\" href=\"https:\/\/youtu.be\/zVbq6bIkCL0\" rel=\"nofollow\" data-width=\"1920\" data-height=\"1080\" data-dwrap=\"1\" data-iv=\"1\"><img decoding=\"async\" class=\"vp-img\" src=\"https:\/\/jamonesibericoseu.eu\/wp-content\/uploads\/2021\/09\/spot.jpg\"><\/a><a class=\"vp-a vp-dr\" href=\"https:\/\/youtu.be\/J66_OTphetM\" rel=\"nofollow\" data-width=\"1920\" data-height=\"1080\" data-dwrap=\"1\" data-iv=\"1\"><img decoding=\"async\" class=\"vp-img\" src=\"https:\/\/jamonesibericoseu.eu\/wp-content\/uploads\/2021\/09\/making-of.jpg\"><\/a><\/p>\n","protected":false},"author":1,"featured_media":0,"parent":0,"menu_order":0,"comment_status":"closed","ping_status":"closed","template":"","meta":{"_et_pb_use_builder":"on","_et_pb_old_content":"","_et_gb_content_width":"","footnotes":""},"class_list":["post-2249","page","type-page","status-publish","hentry"],"_links":{"self":[{"href":"https:\/\/jamonesibericoseu.eu\/fr\/wp-json\/wp\/v2\/pages\/2249","targetHints":{"allow":["GET"]}}],"collection":[{"href":"https:\/\/jamonesibericoseu.eu\/fr\/wp-json\/wp\/v2\/pages"}],"about":[{"href":"https:\/\/jamonesibericoseu.eu\/fr\/wp-json\/wp\/v2\/types\/page"}],"author":[{"embeddable":true,"href":"https:\/\/jamonesibericoseu.eu\/fr\/wp-json\/wp\/v2\/users\/1"}],"replies":[{"embeddable":true,"href":"https:\/\/jamonesibericoseu.eu\/fr\/wp-json\/wp\/v2\/comments?post=2249"}],"version-history":[{"count":7,"href":"https:\/\/jamonesibericoseu.eu\/fr\/wp-json\/wp\/v2\/pages\/2249\/revisions"}],"predecessor-version":[{"id":3631,"href":"https:\/\/jamonesibericoseu.eu\/fr\/wp-json\/wp\/v2\/pages\/2249\/revisions\/3631"}],"wp:attachment":[{"href":"https:\/\/jamonesibericoseu.eu\/fr\/wp-json\/wp\/v2\/media?parent=2249"}],"curies":[{"name":"wp","href":"https:\/\/api.w.org\/{rel}","templated":true}]}}