{"id":2228,"date":"2021-11-02T12:31:09","date_gmt":"2021-11-02T12:31:09","guid":{"rendered":"https:\/\/jamonesibericoseu.eu\/?page_id=2228"},"modified":"2021-11-18T12:26:16","modified_gmt":"2021-11-18T12:26:16","slug":"je-me-presente-je-suis-leandro-de-la-dehesa","status":"publish","type":"page","link":"https:\/\/jamonesibericoseu.eu\/fr\/je-me-presente-je-suis-leandro-de-la-dehesa\/","title":{"rendered":"Je me pr\u00e9sente, je suis Leandro de la Dehesa"},"content":{"rendered":"<p>[et_pb_section fb_built=\u00a0\u00bb1&Prime; _builder_version=\u00a0\u00bb4.10.8&Prime; _module_preset=\u00a0\u00bbdefault\u00a0\u00bb global_colors_info=\u00a0\u00bb{}\u00a0\u00bb][et_pb_row column_structure=\u00a0\u00bb1_2,1_2&Prime; _builder_version=\u00a0\u00bb4.10.8&Prime; _module_preset=\u00a0\u00bbdefault\u00a0\u00bb global_colors_info=\u00a0\u00bb{}\u00a0\u00bb][et_pb_column type=\u00a0\u00bb1_2&Prime; _builder_version=\u00a0\u00bb4.10.8&Prime; _module_preset=\u00a0\u00bbdefault\u00a0\u00bb global_colors_info=\u00a0\u00bb{}\u00a0\u00bb][et_pb_image src=\u00a0\u00bbhttps:\/\/jamonesibericoseu.eu\/wp-content\/uploads\/2021\/09\/cv_leandro.jpg\u00a0\u00bb title_text=\u00a0\u00bbcv_leandro\u00a0\u00bb _builder_version=\u00a0\u00bb4.10.8&Prime; _module_preset=\u00a0\u00bbdefault\u00a0\u00bb global_colors_info=\u00a0\u00bb{}\u00a0\u00bb][\/et_pb_image][\/et_pb_column][et_pb_column type=\u00a0\u00bb1_2&Prime; _builder_version=\u00a0\u00bb4.10.8&Prime; _module_preset=\u00a0\u00bbdefault\u00a0\u00bb global_colors_info=\u00a0\u00bb{}\u00a0\u00bb][et_pb_text _builder_version=\u00a0\u00bb4.10.8&Prime; _module_preset=\u00a0\u00bbdefault\u00a0\u00bb text_font_size=\u00a0\u00bb16px\u00a0\u00bb header_font=\u00a0\u00bb|700|||||||\u00a0\u00bb header_text_color=\u00a0\u00bb#a31c27&Prime; global_colors_info=\u00a0\u00bb{}\u00a0\u00bb]<\/p>\n<h1><strong>Je me pr\u00e9sente, je suis Leandro de la Dehesa<\/strong><\/h1>\n<p>Hola, hello, salut, hallo, N\u01d0 h\u01ceo\u2026 Je m\u2019appelle <strong>Leandro de la Dehesa <\/strong>et je suis l\u00e0 pour vous aider \u00e0 \u00e9veiller <strong>quelque chose d\u2019incroyable qui sommeille en vous.<\/strong><\/p>\n<p><em>Je suis ma\u00eetre dans l\u2019art d\u2019\u00e9veiller <strong>LE SENS IB\u00c9RIQUE.<\/strong><\/em><\/p>\n<p>Un sentiment qui \u00e9l\u00e8ve votre capacit\u00e9 d\u2019appr\u00e9ciation \u00e0 une tout autre dimension, et qui s&rsquo;\u00e9veille chaque fois que vous d\u00e9gustez du<strong> Jambon Ib\u00e9rique<\/strong>.<\/p>\n<p><strong>Plus vous y go\u00fbtez, plus vous le d\u00e9veloppez.<\/strong><\/p>\n<p>C&rsquo;est pour cette raison que je me trouve ici, pour vous aider \u00e0 <strong>\u00e9veiller votre Sens Ib\u00e9rique. <\/strong><\/p>\n<p>Commen\u00e7ons&#8230;[\/et_pb_text][\/et_pb_column][\/et_pb_row][et_pb_row _builder_version=\u00a0\u00bb4.10.8&Prime; _module_preset=\u00a0\u00bbdefault\u00a0\u00bb global_colors_info=\u00a0\u00bb{}\u00a0\u00bb][et_pb_column type=\u00a0\u00bb4_4&Prime; _builder_version=\u00a0\u00bb4.10.8&Prime; _module_preset=\u00a0\u00bbdefault\u00a0\u00bb global_colors_info=\u00a0\u00bb{}\u00a0\u00bb][et_pb_text _builder_version=\u00a0\u00bb4.13.0&Prime; _module_preset=\u00a0\u00bbdefault\u00a0\u00bb text_orientation=\u00a0\u00bbcenter\u00a0\u00bb hover_enabled=\u00a0\u00bb0&Prime; global_colors_info=\u00a0\u00bb{}\u00a0\u00bb sticky_enabled=\u00a0\u00bb0&Prime;]<\/p>\n<p center=\"\"><a class=\"vp-a vp-dr\" href=\"https:\/\/youtu.be\/h4Q7ULz8BB4\" rel=\"nofollow\" data-width=\"1920\" data-height=\"1080\" data-dwrap=\"1\" data-iv=\"1\"><img decoding=\"async\" class=\"vp-img\" src=\"https:\/\/jamonesibericoseu.eu\/wp-content\/uploads\/2021\/10\/Video-leandro.jpg\"><\/a><\/p>\n<p>[\/et_pb_text][\/et_pb_column][\/et_pb_row][et_pb_row _builder_version=\u00a0\u00bb4.10.8&Prime; _module_preset=\u00a0\u00bbdefault\u00a0\u00bb global_colors_info=\u00a0\u00bb{}\u00a0\u00bb][et_pb_column type=\u00a0\u00bb4_4&Prime; _builder_version=\u00a0\u00bb4.10.8&Prime; _module_preset=\u00a0\u00bbdefault\u00a0\u00bb global_colors_info=\u00a0\u00bb{}\u00a0\u00bb][et_pb_text _builder_version=\u00a0\u00bb4.10.8&Prime; _module_preset=\u00a0\u00bbdefault\u00a0\u00bb text_font_size=\u00a0\u00bb16px\u00a0\u00bb header_2_font=\u00a0\u00bb|700|||||||\u00a0\u00bb header_2_text_color=\u00a0\u00bb#a31c27&Prime; header_2_font_size=\u00a0\u00bb30px\u00a0\u00bb global_colors_info=\u00a0\u00bb{}\u00a0\u00bb]<\/p>\n<h2 style=\"text-align: center;\">Expert &#8230;<\/h2>\n<p style=\"text-align: center;\"><strong>en exp\u00e9riences sensorielles<\/strong><\/p>\n<p style=\"text-align: center;\">dans l&rsquo;\u00e9veil du Sens Ib\u00e9rique<\/p>\n<p style=\"text-align: center;\">en cr\u00e9ation de moments ib\u00e9riques<\/p>\n<p style=\"text-align: center;\">en Origine et dans l\u2019Art de la d\u00e9coupe<\/p>\n<p style=\"text-align: center;\">en c\u00e9l\u00e9bration de la vie<\/p>\n<p style=\"text-align: center;\">en accord mets et vins<\/p>\n<p>[\/et_pb_text][\/et_pb_column][\/et_pb_row][\/et_pb_section]<\/p>\n","protected":false},"excerpt":{"rendered":"<p>Je me pr\u00e9sente, je suis Leandro de la Dehesa Hola, hello, salut, hallo, N\u01d0 h\u01ceo\u2026 Je m\u2019appelle Leandro de la Dehesa et je suis l\u00e0 pour vous aider \u00e0 \u00e9veiller quelque chose d\u2019incroyable qui sommeille en vous. Je suis ma\u00eetre dans l\u2019art d\u2019\u00e9veiller LE SENS IB\u00c9RIQUE. Un sentiment qui \u00e9l\u00e8ve votre capacit\u00e9 d\u2019appr\u00e9ciation \u00e0 une tout autre dimension, et qui s&rsquo;\u00e9veille chaque fois que vous d\u00e9gustez du Jambon Ib\u00e9rique. Plus vous y go\u00fbtez, plus vous le d\u00e9veloppez. C&rsquo;est pour cette raison que je me trouve ici, pour vous aider \u00e0 \u00e9veiller votre Sens Ib\u00e9rique. Commen\u00e7ons&#8230;<a class=\"vp-a vp-dr\" href=\"https:\/\/youtu.be\/h4Q7ULz8BB4\" rel=\"nofollow\" data-width=\"1920\" data-height=\"1080\" data-dwrap=\"1\" data-iv=\"1\"><img decoding=\"async\" class=\"vp-img\" src=\"https:\/\/jamonesibericoseu.eu\/wp-content\/uploads\/2021\/10\/Video-leandro.jpg\"><\/a>Expert &#8230; en exp\u00e9riences sensorielles dans l&rsquo;\u00e9veil du Sens Ib\u00e9rique en cr\u00e9ation de moments ib\u00e9riques en Origine et dans l\u2019Art de la d\u00e9coupe en c\u00e9l\u00e9bration de la vie en accord mets et vins<\/p>\n","protected":false},"author":1,"featured_media":0,"parent":0,"menu_order":0,"comment_status":"closed","ping_status":"closed","template":"","meta":{"_et_pb_use_builder":"on","_et_pb_old_content":"","_et_gb_content_width":"","footnotes":""},"class_list":["post-2228","page","type-page","status-publish","hentry"],"_links":{"self":[{"href":"https:\/\/jamonesibericoseu.eu\/fr\/wp-json\/wp\/v2\/pages\/2228","targetHints":{"allow":["GET"]}}],"collection":[{"href":"https:\/\/jamonesibericoseu.eu\/fr\/wp-json\/wp\/v2\/pages"}],"about":[{"href":"https:\/\/jamonesibericoseu.eu\/fr\/wp-json\/wp\/v2\/types\/page"}],"author":[{"embeddable":true,"href":"https:\/\/jamonesibericoseu.eu\/fr\/wp-json\/wp\/v2\/users\/1"}],"replies":[{"embeddable":true,"href":"https:\/\/jamonesibericoseu.eu\/fr\/wp-json\/wp\/v2\/comments?post=2228"}],"version-history":[{"count":7,"href":"https:\/\/jamonesibericoseu.eu\/fr\/wp-json\/wp\/v2\/pages\/2228\/revisions"}],"predecessor-version":[{"id":3629,"href":"https:\/\/jamonesibericoseu.eu\/fr\/wp-json\/wp\/v2\/pages\/2228\/revisions\/3629"}],"wp:attachment":[{"href":"https:\/\/jamonesibericoseu.eu\/fr\/wp-json\/wp\/v2\/media?parent=2228"}],"curies":[{"name":"wp","href":"https:\/\/api.w.org\/{rel}","templated":true}]}}