{"id":2099,"date":"2021-11-02T10:24:11","date_gmt":"2021-11-02T10:24:11","guid":{"rendered":"https:\/\/jamonesibericoseu.eu\/?page_id=2099"},"modified":"2021-11-02T14:48:52","modified_gmt":"2021-11-02T14:48:52","slug":"alimentacion","status":"publish","type":"page","link":"https:\/\/jamonesibericoseu.eu\/fr\/origen\/alimentacion\/","title":{"rendered":"Alimentation"},"content":{"rendered":"<p>[et_pb_section fb_built=\u00a0\u00bb1&Prime; _builder_version=\u00a0\u00bb4.10.8&Prime; _module_preset=\u00a0\u00bbdefault\u00a0\u00bb global_colors_info=\u00a0\u00bb{}\u00a0\u00bb][et_pb_row column_structure=\u00a0\u00bb1_2,1_2&Prime; _builder_version=\u00a0\u00bb4.10.8&Prime; _module_preset=\u00a0\u00bbdefault\u00a0\u00bb global_colors_info=\u00a0\u00bb{}\u00a0\u00bb][et_pb_column type=\u00a0\u00bb1_2&Prime; _builder_version=\u00a0\u00bb4.10.8&Prime; _module_preset=\u00a0\u00bbdefault\u00a0\u00bb global_colors_info=\u00a0\u00bb{}\u00a0\u00bb][et_pb_image src=\u00a0\u00bbhttps:\/\/jamonesibericoseu.eu\/wp-content\/uploads\/2021\/09\/alimentacion.jpg\u00a0\u00bb title_text=\u00a0\u00bbAlimentation\u00a0\u00bb _builder_version=\u00a0\u00bb4.10.8&Prime; _module_preset=\u00a0\u00bbdefault\u00a0\u00bb global_colors_info=\u00a0\u00bb{}\u00a0\u00bb][\/et_pb_image][\/et_pb_column][et_pb_column type=\u00a0\u00bb1_2&Prime; _builder_version=\u00a0\u00bb4.10.8&Prime; _module_preset=\u00a0\u00bbdefault\u00a0\u00bb global_colors_info=\u00a0\u00bb{}\u00a0\u00bb][et_pb_text _builder_version=\u00a0\u00bb4.10.8&Prime; _module_preset=\u00a0\u00bbdefault\u00a0\u00bb text_font_size=\u00a0\u00bb16px\u00a0\u00bb header_font=\u00a0\u00bb|700||on|||||\u00a0\u00bb header_text_color=\u00a0\u00bb#a31c27&Prime; header_2_font=\u00a0\u00bb|700||on|||||\u00a0\u00bb global_colors_info=\u00a0\u00bb{}\u00a0\u00bb]<\/p>\n<h1>Une alimentation soign\u00e9e et particuli\u00e8re<\/h1>\n<p>Une race unique comme celle du cochon ib\u00e9rique ne peut \u00eatre nourrie qu\u2019\u00e0 partir des meilleures ressources naturelles. Et pour obtenir un r\u00e9sultat si go\u00fbtu, <strong>le r\u00e9gime administr\u00e9 aux cochons ib\u00e9riques doit \u00eatre surveill\u00e9 de pr\u00e8s. R\u00e9sultat\u00a0? Un go\u00fbt unique, fait de mille saveurs\u00a0!<\/strong><\/p>\n<p>Le type d\u2019alimentation que re\u00e7oit l\u2019animal tout au long de sa vie est, au m\u00eame titre que la race, l\u2019un des principaux crit\u00e8res utilis\u00e9s pour classifier les Jambons Ib\u00e9riques.\u00a0<strong>En fonction de l\u2019alimentation donn\u00e9e, on trouve deux types de Jambons Ib\u00e9riques<\/strong>:[\/et_pb_text][\/et_pb_column][\/et_pb_row][et_pb_row column_structure=\u00a0\u00bb1_3,1_3,1_3&Prime; _builder_version=\u00a0\u00bb4.10.8&Prime; _module_preset=\u00a0\u00bbdefault\u00a0\u00bb global_colors_info=\u00a0\u00bb{}\u00a0\u00bb][et_pb_column type=\u00a0\u00bb1_3&Prime; _builder_version=\u00a0\u00bb4.10.8&Prime; _module_preset=\u00a0\u00bbdefault\u00a0\u00bb global_colors_info=\u00a0\u00bb{}\u00a0\u00bb][et_pb_image src=\u00a0\u00bbhttps:\/\/jamonesibericoseu.eu\/wp-content\/uploads\/2021\/11\/bellota_fr.png\u00a0\u00bb title_text=\u00a0\u00bbbellota_fr\u00a0\u00bb _builder_version=\u00a0\u00bb4.10.8&Prime; _module_preset=\u00a0\u00bbdefault\u00a0\u00bb hover_enabled=\u00a0\u00bb0&Prime; global_colors_info=\u00a0\u00bb{}\u00a0\u00bb sticky_enabled=\u00a0\u00bb0&Prime;][\/et_pb_image][et_pb_text _builder_version=\u00a0\u00bb4.10.8&Prime; _module_preset=\u00a0\u00bbdefault\u00a0\u00bb text_font_size=\u00a0\u00bb16px\u00a0\u00bb hover_enabled=\u00a0\u00bb0&Prime; global_colors_info=\u00a0\u00bb{}\u00a0\u00bb sticky_enabled=\u00a0\u00bb0&Prime;]<strong>Bellota: <\/strong>L\u2019animal, pendant sa phase d\u2019engraissement, a \u00e9t\u00e9 nourri de <strong>glands<\/strong> et autres ressources naturelles disponibles dans les prairies de la Dehesa.[\/et_pb_text][\/et_pb_column][et_pb_column type=\u00a0\u00bb1_3&Prime; _builder_version=\u00a0\u00bb4.10.8&Prime; _module_preset=\u00a0\u00bbdefault\u00a0\u00bb global_colors_info=\u00a0\u00bb{}\u00a0\u00bb][et_pb_image src=\u00a0\u00bbhttps:\/\/jamonesibericoseu.eu\/wp-content\/uploads\/2021\/11\/campo_fr.png\u00a0\u00bb title_text=\u00a0\u00bbcampo_fr\u00a0\u00bb _builder_version=\u00a0\u00bb4.10.8&Prime; _module_preset=\u00a0\u00bbdefault\u00a0\u00bb hover_enabled=\u00a0\u00bb0&Prime; global_colors_info=\u00a0\u00bb{}\u00a0\u00bb sticky_enabled=\u00a0\u00bb0&Prime;][\/et_pb_image][et_pb_text _builder_version=\u00a0\u00bb4.10.8&Prime; _module_preset=\u00a0\u00bbdefault\u00a0\u00bb text_font_size=\u00a0\u00bb16px\u00a0\u00bb global_colors_info=\u00a0\u00bb{}\u00a0\u00bb]<strong>Cebo de Campo: <\/strong>L\u2019animal, pendant sa phase d\u2019engraissement, a \u00e9t\u00e9 nourri de <strong>foins<\/strong>, compos\u00e9s principalement de <strong>c\u00e9r\u00e9ales et de l\u00e9gumineuses<\/strong>, et d\u2019herbe de p\u00e2turage.[\/et_pb_text][\/et_pb_column][et_pb_column type=\u00a0\u00bb1_3&Prime; _builder_version=\u00a0\u00bb4.10.8&Prime; _module_preset=\u00a0\u00bbdefault\u00a0\u00bb global_colors_info=\u00a0\u00bb{}\u00a0\u00bb][et_pb_image src=\u00a0\u00bbhttps:\/\/jamonesibericoseu.eu\/wp-content\/uploads\/2021\/11\/cebo_fr.png\u00a0\u00bb title_text=\u00a0\u00bbcebo_fr\u00a0\u00bb _builder_version=\u00a0\u00bb4.10.8&Prime; _module_preset=\u00a0\u00bbdefault\u00a0\u00bb hover_enabled=\u00a0\u00bb0&Prime; global_colors_info=\u00a0\u00bb{}\u00a0\u00bb sticky_enabled=\u00a0\u00bb0&Prime;][\/et_pb_image][et_pb_text _builder_version=\u00a0\u00bb4.10.8&Prime; _module_preset=\u00a0\u00bbdefault\u00a0\u00bb text_font_size=\u00a0\u00bb16px\u00a0\u00bb global_colors_info=\u00a0\u00bb{}\u00a0\u00bb]<strong>Cebo<\/strong>: L\u2019animal, pendant sa phase d\u2019engraissement, a \u00e9t\u00e9 nourri de <strong>foins<\/strong>, compos\u00e9s principalement de c\u00e9r\u00e9ales et de l\u00e9gumineuses.[\/et_pb_text][\/et_pb_column][\/et_pb_row][\/et_pb_section]<\/p>\n","protected":false},"excerpt":{"rendered":"<p>Une alimentation soign\u00e9e et particuli\u00e8re Une race unique comme celle du cochon ib\u00e9rique ne peut \u00eatre nourrie qu\u2019\u00e0 partir des meilleures ressources naturelles. Et pour obtenir un r\u00e9sultat si go\u00fbtu, le r\u00e9gime administr\u00e9 aux cochons ib\u00e9riques doit \u00eatre surveill\u00e9 de pr\u00e8s. R\u00e9sultat\u00a0? Un go\u00fbt unique, fait de mille saveurs\u00a0! Le type d\u2019alimentation que re\u00e7oit l\u2019animal tout au long de sa vie est, au m\u00eame titre que la race, l\u2019un des principaux crit\u00e8res utilis\u00e9s pour classifier les Jambons Ib\u00e9riques.\u00a0En fonction de l\u2019alimentation donn\u00e9e, on trouve deux types de Jambons Ib\u00e9riques:Bellota: L\u2019animal, pendant sa phase d\u2019engraissement, a \u00e9t\u00e9 nourri de glands et autres ressources naturelles disponibles dans les prairies de la Dehesa.Cebo de Campo: L\u2019animal, pendant sa phase d\u2019engraissement, a \u00e9t\u00e9 nourri de foins, compos\u00e9s principalement de c\u00e9r\u00e9ales et de l\u00e9gumineuses, et d\u2019herbe de p\u00e2turage.Cebo: L\u2019animal, pendant sa phase d\u2019engraissement, a \u00e9t\u00e9 nourri de foins, compos\u00e9s principalement de c\u00e9r\u00e9ales et de l\u00e9gumineuses.<\/p>\n","protected":false},"author":2,"featured_media":0,"parent":5710,"menu_order":2,"comment_status":"closed","ping_status":"closed","template":"","meta":{"_et_pb_use_builder":"on","_et_pb_old_content":"","_et_gb_content_width":"","footnotes":""},"class_list":["post-2099","page","type-page","status-publish","hentry"],"_links":{"self":[{"href":"https:\/\/jamonesibericoseu.eu\/fr\/wp-json\/wp\/v2\/pages\/2099","targetHints":{"allow":["GET"]}}],"collection":[{"href":"https:\/\/jamonesibericoseu.eu\/fr\/wp-json\/wp\/v2\/pages"}],"about":[{"href":"https:\/\/jamonesibericoseu.eu\/fr\/wp-json\/wp\/v2\/types\/page"}],"author":[{"embeddable":true,"href":"https:\/\/jamonesibericoseu.eu\/fr\/wp-json\/wp\/v2\/users\/2"}],"replies":[{"embeddable":true,"href":"https:\/\/jamonesibericoseu.eu\/fr\/wp-json\/wp\/v2\/comments?post=2099"}],"version-history":[{"count":5,"href":"https:\/\/jamonesibericoseu.eu\/fr\/wp-json\/wp\/v2\/pages\/2099\/revisions"}],"predecessor-version":[{"id":2815,"href":"https:\/\/jamonesibericoseu.eu\/fr\/wp-json\/wp\/v2\/pages\/2099\/revisions\/2815"}],"up":[{"embeddable":true,"href":"https:\/\/jamonesibericoseu.eu\/fr\/wp-json\/wp\/v2\/pages\/5710"}],"wp:attachment":[{"href":"https:\/\/jamonesibericoseu.eu\/fr\/wp-json\/wp\/v2\/media?parent=2099"}],"curies":[{"name":"wp","href":"https:\/\/api.w.org\/{rel}","templated":true}]}}