{"id":2088,"date":"2021-11-02T10:21:01","date_gmt":"2021-11-02T10:21:01","guid":{"rendered":"https:\/\/jamonesibericoseu.eu\/?page_id=2088"},"modified":"2021-11-02T14:36:51","modified_gmt":"2021-11-02T14:36:51","slug":"race","status":"publish","type":"page","link":"https:\/\/jamonesibericoseu.eu\/fr\/origen\/race\/","title":{"rendered":"Race"},"content":{"rendered":"<p>[et_pb_section fb_built=\u00a0\u00bb1&Prime; _builder_version=\u00a0\u00bb4.10.8&Prime; _module_preset=\u00a0\u00bbdefault\u00a0\u00bb global_colors_info=\u00a0\u00bb{}\u00a0\u00bb][et_pb_row column_structure=\u00a0\u00bb1_2,1_2&Prime; _builder_version=\u00a0\u00bb4.10.8&Prime; _module_preset=\u00a0\u00bbdefault\u00a0\u00bb global_colors_info=\u00a0\u00bb{}\u00a0\u00bb][et_pb_column type=\u00a0\u00bb1_2&Prime; _builder_version=\u00a0\u00bb4.10.8&Prime; _module_preset=\u00a0\u00bbdefault\u00a0\u00bb global_colors_info=\u00a0\u00bb{}\u00a0\u00bb][et_pb_image src=\u00a0\u00bbhttps:\/\/jamonesibericoseu.eu\/wp-content\/uploads\/2021\/09\/prueba_raza2.jpg\u00a0\u00bb title_text=\u00a0\u00bbRace\u00a0\u00bb _builder_version=\u00a0\u00bb4.10.8&Prime; _module_preset=\u00a0\u00bbdefault\u00a0\u00bb global_colors_info=\u00a0\u00bb{}\u00a0\u00bb][\/et_pb_image][et_pb_image src=\u00a0\u00bbhttps:\/\/jamonesibericoseu.eu\/wp-content\/uploads\/2021\/11\/raza_grafismo_fr.gif\u00a0\u00bb title_text=\u00a0\u00bbraza_grafismo_fr\u00a0\u00bb _builder_version=\u00a0\u00bb4.10.8&Prime; _module_preset=\u00a0\u00bbdefault\u00a0\u00bb hover_enabled=\u00a0\u00bb0&Prime; global_colors_info=\u00a0\u00bb{}\u00a0\u00bb sticky_enabled=\u00a0\u00bb0&Prime;][\/et_pb_image][\/et_pb_column][et_pb_column type=\u00a0\u00bb1_2&Prime; _builder_version=\u00a0\u00bb4.10.8&Prime; _module_preset=\u00a0\u00bbdefault\u00a0\u00bb global_colors_info=\u00a0\u00bb{}\u00a0\u00bb][et_pb_text _builder_version=\u00a0\u00bb4.10.8&Prime; _module_preset=\u00a0\u00bbdefault\u00a0\u00bb text_font_size=\u00a0\u00bb16px\u00a0\u00bb header_font=\u00a0\u00bb|700||on|||||\u00a0\u00bb header_text_color=\u00a0\u00bb#a31c27&Prime; header_2_font=\u00a0\u00bb|700||on|||||\u00a0\u00bb background_color=\u00a0\u00bbRGBA(0,0,0,0)\u00a0\u00bb z_index=\u00a0\u00bb500&Prime; sticky_limit_bottom=\u00a0\u00bbbody\u00a0\u00bb global_colors_info=\u00a0\u00bb{}\u00a0\u00bb]<\/p>\n<h1>Une race unique<\/h1>\n<p>Les Jambons Ib\u00e9riques ne pourraient \u00eatre reproduits nulle part ailleurs. Non seulement parce que les produits Bellota proviennent de porcs \u00e9lev\u00e9s dans la Dehesa, un environnement naturel incomparable exclusif de la P\u00e9ninsule ib\u00e9rique, mais aussi parce que la race ib\u00e9rique est \u00e9galement UNIQUE.<\/p>\n<p>La race ib\u00e9rique est l\u2019acteur majeur d\u2019un style de vie tourn\u00e9 vers les Jambons Ib\u00e9riques. Elle est li\u00e9e au r\u00e9gime alimentaire m\u00e9diterran\u00e9en, \u00e0 ses habitants, au milieu rural et \u00e0 des pratiques ancestrales qui font partie de la culture et de la tradition europ\u00e9ennes.<\/p>\n<p><strong>La race et l\u2019alimentation sont les deux grands crit\u00e8res de classification du Jambon Ib\u00e9rique.<\/strong>\u00a0Conna\u00eetre le type de porc ib\u00e9rique est primordial pour distinguer les diff\u00e9rentes cat\u00e9gories de Jambons Ib\u00e9riques disponibles sur le march\u00e9.\u00a0<strong>En fonction des croisements, on peut trouver des porcs<\/strong>\u00a0:<\/p>\n<p><strong>&#8211; 100\u00a0% race ib\u00e9rique<\/strong>\u00a0: la m\u00e8re et le p\u00e8re sont 100\u00a0% race ib\u00e9rique, inscrite au Livre G\u00e9n\u00e9alogique.<\/p>\n<p><strong>&#8211; 75\u00a0% race ib\u00e9rique<\/strong>\u00a0: la m\u00e8re est 100\u00a0% race ib\u00e9rique, inscrite au Livre G\u00e9n\u00e9alogique, et le p\u00e8re 50\u00a0%.<\/p>\n<p><strong>&#8211; 50\u00a0% race ib\u00e9rique<\/strong>\u00a0: la m\u00e8re est 100\u00a0% race ib\u00e9rique, et le p\u00e8re est de race Duroc, tous deux inscrits au Livre G\u00e9n\u00e9alogique de leur race respective.[\/et_pb_text][\/et_pb_column][\/et_pb_row][\/et_pb_section]<\/p>\n","protected":false},"excerpt":{"rendered":"<p>Une race unique Les Jambons Ib\u00e9riques ne pourraient \u00eatre reproduits nulle part ailleurs. Non seulement parce que les produits Bellota proviennent de porcs \u00e9lev\u00e9s dans la Dehesa, un environnement naturel incomparable exclusif de la P\u00e9ninsule ib\u00e9rique, mais aussi parce que la race ib\u00e9rique est \u00e9galement UNIQUE. La race ib\u00e9rique est l\u2019acteur majeur d\u2019un style de vie tourn\u00e9 vers les Jambons Ib\u00e9riques. Elle est li\u00e9e au r\u00e9gime alimentaire m\u00e9diterran\u00e9en, \u00e0 ses habitants, au milieu rural et \u00e0 des pratiques ancestrales qui font partie de la culture et de la tradition europ\u00e9ennes. La race et l\u2019alimentation sont les deux grands crit\u00e8res de classification du Jambon Ib\u00e9rique.\u00a0Conna\u00eetre le type de porc ib\u00e9rique est primordial pour distinguer les diff\u00e9rentes cat\u00e9gories de Jambons Ib\u00e9riques disponibles sur le march\u00e9.\u00a0En fonction des croisements, on peut trouver des porcs\u00a0: &#8211; 100\u00a0% race ib\u00e9rique\u00a0: la m\u00e8re et le p\u00e8re sont 100\u00a0% race ib\u00e9rique, inscrite au Livre G\u00e9n\u00e9alogique. &#8211; 75\u00a0% race ib\u00e9rique\u00a0: la m\u00e8re est 100\u00a0% race ib\u00e9rique, inscrite au Livre G\u00e9n\u00e9alogique, et le p\u00e8re 50\u00a0%. &#8211; 50\u00a0% race ib\u00e9rique\u00a0: la m\u00e8re est 100\u00a0% race ib\u00e9rique, et le p\u00e8re est de race Duroc, tous deux inscrits au Livre G\u00e9n\u00e9alogique de leur race respective.<\/p>\n","protected":false},"author":2,"featured_media":0,"parent":5710,"menu_order":1,"comment_status":"closed","ping_status":"closed","template":"","meta":{"_et_pb_use_builder":"on","_et_pb_old_content":"","_et_gb_content_width":"","footnotes":""},"class_list":["post-2088","page","type-page","status-publish","hentry"],"_links":{"self":[{"href":"https:\/\/jamonesibericoseu.eu\/fr\/wp-json\/wp\/v2\/pages\/2088","targetHints":{"allow":["GET"]}}],"collection":[{"href":"https:\/\/jamonesibericoseu.eu\/fr\/wp-json\/wp\/v2\/pages"}],"about":[{"href":"https:\/\/jamonesibericoseu.eu\/fr\/wp-json\/wp\/v2\/types\/page"}],"author":[{"embeddable":true,"href":"https:\/\/jamonesibericoseu.eu\/fr\/wp-json\/wp\/v2\/users\/2"}],"replies":[{"embeddable":true,"href":"https:\/\/jamonesibericoseu.eu\/fr\/wp-json\/wp\/v2\/comments?post=2088"}],"version-history":[{"count":5,"href":"https:\/\/jamonesibericoseu.eu\/fr\/wp-json\/wp\/v2\/pages\/2088\/revisions"}],"predecessor-version":[{"id":2762,"href":"https:\/\/jamonesibericoseu.eu\/fr\/wp-json\/wp\/v2\/pages\/2088\/revisions\/2762"}],"up":[{"embeddable":true,"href":"https:\/\/jamonesibericoseu.eu\/fr\/wp-json\/wp\/v2\/pages\/5710"}],"wp:attachment":[{"href":"https:\/\/jamonesibericoseu.eu\/fr\/wp-json\/wp\/v2\/media?parent=2088"}],"curies":[{"name":"wp","href":"https:\/\/api.w.org\/{rel}","templated":true}]}}