{"id":2032,"date":"2021-09-27T10:02:43","date_gmt":"2021-09-27T10:02:43","guid":{"rendered":"https:\/\/jamonesibericoseu.eu\/tan-solo-necesitas-6cm-para-despertar-tu-sentido-iberico\/"},"modified":"2021-11-02T14:09:35","modified_gmt":"2021-11-02T14:09:35","slug":"6-cm-suffisent-pour-eveiller-votre-sens-iberique","status":"publish","type":"page","link":"https:\/\/jamonesibericoseu.eu\/fr\/6-cm-suffisent-pour-eveiller-votre-sens-iberique\/","title":{"rendered":"6 cm suffisent pour \u00e9veiller votre Sens Ib\u00e9rique"},"content":{"rendered":"<p>[et_pb_section fb_built=\u00a0\u00bb1&Prime; _builder_version=\u00a0\u00bb4.10.8&Prime; _module_preset=\u00a0\u00bbdefault\u00a0\u00bb global_colors_info=\u00a0\u00bb{}\u00a0\u00bb][et_pb_row column_structure=\u00a0\u00bb1_2,1_2&Prime; _builder_version=\u00a0\u00bb4.10.8&Prime; _module_preset=\u00a0\u00bbdefault\u00a0\u00bb global_colors_info=\u00a0\u00bb{}\u00a0\u00bb][et_pb_column type=\u00a0\u00bb1_2&Prime; _builder_version=\u00a0\u00bb4.10.8&Prime; _module_preset=\u00a0\u00bbdefault\u00a0\u00bb global_colors_info=\u00a0\u00bb{}\u00a0\u00bb][et_pb_image src=\u00a0\u00bbhttps:\/\/jamonesibericoseu.eu\/wp-content\/uploads\/2021\/10\/6_centimetrosb.jpg\u00a0\u00bb title_text=\u00a0\u00bb6_centimetrosb\u00a0\u00bb _builder_version=\u00a0\u00bb4.10.8&Prime; _module_preset=\u00a0\u00bbdefault\u00a0\u00bb global_colors_info=\u00a0\u00bb{}\u00a0\u00bb][\/et_pb_image][\/et_pb_column][et_pb_column type=\u00a0\u00bb1_2&Prime; _builder_version=\u00a0\u00bb4.10.8&Prime; _module_preset=\u00a0\u00bbdefault\u00a0\u00bb global_colors_info=\u00a0\u00bb{}\u00a0\u00bb][et_pb_text _builder_version=\u00a0\u00bb4.10.8&Prime; _module_preset=\u00a0\u00bbdefault\u00a0\u00bb text_font_size=\u00a0\u00bb16px\u00a0\u00bb header_font=\u00a0\u00bb|700|||||||\u00a0\u00bb header_text_color=\u00a0\u00bb#a31c27&Prime; header_line_height=\u00a0\u00bb1.2em\u00a0\u00bb global_colors_info=\u00a0\u00bb{}\u00a0\u00bb]<\/p>\n<h1><strong>6 cm suffisent pour \u00e9veiller votre Sens Ib\u00e9rique<\/strong><\/h1>\n<p><em>C\u2019est la <strong>taille id\u00e9ale<\/strong> pour que chaque <strong>tranche de Jambon Ib\u00e9rique <\/strong>puisse r\u00e9v\u00e9ler toute sa splendeur au palais.<\/em><\/p>\n<p>Pour obtenir la tranche parfaite, les vrais amateurs de Jambon Ib\u00e9rique ne d\u00e9coupent pas. <strong>Ils \u00ab\u00a0sculptent\u00a0\u00bb. <\/strong>Car lorsqu&rsquo;il s&rsquo;agit d&rsquo;\u00e9veiller le<strong> Sens Ib\u00e9rique<\/strong>, l&rsquo;\u00e9paisseur et la largeur sont fondamentales pour favoriser cette explosion exceptionnelle de saveurs sur le palais.<\/p>\n<p><strong>La d\u00e9coupe du Jambon Ib\u00e9rique est un art, <\/strong>qui s\u2019affine avec le temps et qui requi\u00e8re <strong>technique et d\u00e9vouement.<\/strong> Lorsque le ma\u00eetre trancheur r\u00e9alise une <strong>tranche parfaite et \u00e9quilibr\u00e9e<\/strong>, on dit que la pr\u00e9sentation est \u00e0 la hauteur d&rsquo;une <strong>\u0153uvre d&rsquo;art.<\/strong><\/p>\n<p>Tout cela fait de la d\u00e9gustation du Jambon Ib\u00e9rique une exp\u00e9rience sensorielle. Plus vous y go\u00fbtez, plus vous d\u00e9veloppez votre Sens Ib\u00e9rique.[\/et_pb_text][\/et_pb_column][\/et_pb_row][et_pb_row _builder_version=\u00a0\u00bb4.10.8&Prime; _module_preset=\u00a0\u00bbdefault\u00a0\u00bb global_colors_info=\u00a0\u00bb{}\u00a0\u00bb][et_pb_column type=\u00a0\u00bb4_4&Prime; _builder_version=\u00a0\u00bb4.10.8&Prime; _module_preset=\u00a0\u00bbdefault\u00a0\u00bb global_colors_info=\u00a0\u00bb{}\u00a0\u00bb][et_pb_text _builder_version=\u00a0\u00bb4.10.8&Prime; _module_preset=\u00a0\u00bbdefault\u00a0\u00bb hover_enabled=\u00a0\u00bb0&Prime; global_colors_info=\u00a0\u00bb{}\u00a0\u00bb sticky_enabled=\u00a0\u00bb0&Prime;]<\/p>\n<p style=\"text-align: center;\"><a class=\"vp-a vp-dr\" href=\"https:\/\/youtu.be\/oAkCeQZtt4M\" rel=\"nofollow\" data-width=\"1280\" data-height=\"720\" data-dwrap=\"1\" data-iv=\"1\"><img decoding=\"async\" class=\"vp-img\" src=\"https:\/\/jamonesibericoseu.eu\/wp-content\/uploads\/2021\/11\/lart_de_la_coupe.jpg\"><\/a><\/p>\n<p>[\/et_pb_text][\/et_pb_column][\/et_pb_row][\/et_pb_section]<\/p>\n","protected":false},"excerpt":{"rendered":"<p>6 cm suffisent pour \u00e9veiller votre Sens Ib\u00e9rique C\u2019est la taille id\u00e9ale pour que chaque tranche de Jambon Ib\u00e9rique puisse r\u00e9v\u00e9ler toute sa splendeur au palais. Pour obtenir la tranche parfaite, les vrais amateurs de Jambon Ib\u00e9rique ne d\u00e9coupent pas. Ils \u00ab\u00a0sculptent\u00a0\u00bb. Car lorsqu&rsquo;il s&rsquo;agit d&rsquo;\u00e9veiller le Sens Ib\u00e9rique, l&rsquo;\u00e9paisseur et la largeur sont fondamentales pour favoriser cette explosion exceptionnelle de saveurs sur le palais. La d\u00e9coupe du Jambon Ib\u00e9rique est un art, qui s\u2019affine avec le temps et qui requi\u00e8re technique et d\u00e9vouement. Lorsque le ma\u00eetre trancheur r\u00e9alise une tranche parfaite et \u00e9quilibr\u00e9e, on dit que la pr\u00e9sentation est \u00e0 la hauteur d&rsquo;une \u0153uvre d&rsquo;art. Tout cela fait de la d\u00e9gustation du Jambon Ib\u00e9rique une exp\u00e9rience sensorielle. Plus vous y go\u00fbtez, plus vous d\u00e9veloppez votre Sens Ib\u00e9rique.<a class=\"vp-a vp-dr\" href=\"https:\/\/youtu.be\/oAkCeQZtt4M\" rel=\"nofollow\" data-width=\"1280\" data-height=\"720\" data-dwrap=\"1\" data-iv=\"1\"><img decoding=\"async\" class=\"vp-img\" src=\"https:\/\/jamonesibericoseu.eu\/wp-content\/uploads\/2021\/11\/lart_de_la_coupe.jpg\"><\/a><\/p>\n","protected":false},"author":1,"featured_media":0,"parent":0,"menu_order":0,"comment_status":"closed","ping_status":"closed","template":"","meta":{"_et_pb_use_builder":"on","_et_pb_old_content":"","_et_gb_content_width":"","footnotes":""},"class_list":["post-2032","page","type-page","status-publish","hentry"],"_links":{"self":[{"href":"https:\/\/jamonesibericoseu.eu\/fr\/wp-json\/wp\/v2\/pages\/2032","targetHints":{"allow":["GET"]}}],"collection":[{"href":"https:\/\/jamonesibericoseu.eu\/fr\/wp-json\/wp\/v2\/pages"}],"about":[{"href":"https:\/\/jamonesibericoseu.eu\/fr\/wp-json\/wp\/v2\/types\/page"}],"author":[{"embeddable":true,"href":"https:\/\/jamonesibericoseu.eu\/fr\/wp-json\/wp\/v2\/users\/1"}],"replies":[{"embeddable":true,"href":"https:\/\/jamonesibericoseu.eu\/fr\/wp-json\/wp\/v2\/comments?post=2032"}],"version-history":[{"count":7,"href":"https:\/\/jamonesibericoseu.eu\/fr\/wp-json\/wp\/v2\/pages\/2032\/revisions"}],"predecessor-version":[{"id":2473,"href":"https:\/\/jamonesibericoseu.eu\/fr\/wp-json\/wp\/v2\/pages\/2032\/revisions\/2473"}],"wp:attachment":[{"href":"https:\/\/jamonesibericoseu.eu\/fr\/wp-json\/wp\/v2\/media?parent=2032"}],"curies":[{"name":"wp","href":"https:\/\/api.w.org\/{rel}","templated":true}]}}