{"id":1992,"date":"2021-09-30T15:27:08","date_gmt":"2021-09-30T15:27:08","guid":{"rendered":"https:\/\/jamonesibericoseu.eu\/vicky-cheng\/"},"modified":"2021-11-05T18:52:53","modified_gmt":"2021-11-05T18:52:53","slug":"vicky-cheng","status":"publish","type":"page","link":"https:\/\/jamonesibericoseu.eu\/fr\/vicky-cheng\/","title":{"rendered":"Vicky Cheng"},"content":{"rendered":"<p>[et_pb_section fb_built=\u00a0\u00bb1&Prime; _builder_version=\u00a0\u00bb4.10.8&Prime; _module_preset=\u00a0\u00bbdefault\u00a0\u00bb global_colors_info=\u00a0\u00bb{}\u00a0\u00bb][et_pb_row column_structure=\u00a0\u00bb1_2,1_2&Prime; _builder_version=\u00a0\u00bb4.10.8&Prime; _module_preset=\u00a0\u00bbdefault\u00a0\u00bb global_colors_info=\u00a0\u00bb{}\u00a0\u00bb][et_pb_column type=\u00a0\u00bb1_2&Prime; _builder_version=\u00a0\u00bb4.10.8&Prime; _module_preset=\u00a0\u00bbdefault\u00a0\u00bb global_colors_info=\u00a0\u00bb{}\u00a0\u00bb][et_pb_image src=\u00a0\u00bbhttps:\/\/jamonesibericoseu.eu\/wp-content\/uploads\/2021\/09\/cv_cheng.jpg\u00a0\u00bb title_text=\u00a0\u00bbcv_cheng\u00a0\u00bb _builder_version=\u00a0\u00bb4.10.8&Prime; _module_preset=\u00a0\u00bbdefault\u00a0\u00bb global_colors_info=\u00a0\u00bb{}\u00a0\u00bb][\/et_pb_image][et_pb_text _builder_version=\u00a0\u00bb4.10.8&Prime; _module_preset=\u00a0\u00bbdefault\u00a0\u00bb text_font_size=\u00a0\u00bb16px\u00a0\u00bb global_colors_info=\u00a0\u00bb{}\u00a0\u00bb]<\/p>\n<blockquote><p><em><strong>\u00ab La nourriture est un langage universel. Mon intention chez VEA est de partager non seulement les techniques culinaires que j&rsquo;ai apprises, mais aussi les reflets d&rsquo;une culture dans laquelle j&rsquo;ai grandi \u00bb.<\/strong><\/em><\/p><\/blockquote>\n<p>[\/et_pb_text][\/et_pb_column][et_pb_column type=\u00a0\u00bb1_2&Prime; _builder_version=\u00a0\u00bb4.10.8&Prime; _module_preset=\u00a0\u00bbdefault\u00a0\u00bb global_colors_info=\u00a0\u00bb{}\u00a0\u00bb][et_pb_text _builder_version=\u00a0\u00bb4.10.8&Prime; _module_preset=\u00a0\u00bbdefault\u00a0\u00bb text_font_size=\u00a0\u00bb16px\u00a0\u00bb header_font=\u00a0\u00bb|700|||||||\u00a0\u00bb header_text_color=\u00a0\u00bb#a31c27&Prime; global_colors_info=\u00a0\u00bb{}\u00a0\u00bb]<\/p>\n<h1>VICKY CHENG<\/h1>\n<p><strong>Chef chinois, 1 \u00e9toile Michelin<\/strong><\/p>\n<p>Vicky Cheng a travaill\u00e9 dans les cuisines de certains des chefs fran\u00e7ais les plus idol\u00e2tr\u00e9s et respect\u00e9s, tels que Daniel Boulud.<\/p>\n<p>Apr\u00e8s 3 ans de formation \u00e0 l\u2019\u00e9tranger, il revient \u00e0 Hong Kong, o\u00f9 il d\u00e9veloppe son propre style culinaire : la cuisine chinoise \u00e0 la fran\u00e7aise.<\/p>\n<p>Aujourd&rsquo;hui, il pr\u00e9sente cette cuisine d&rsquo;origine asiatique et de formation occidentale au VEA Restaurant and Lounge, qui lui a valu une \u00e9toile Michelin.<\/p>\n<p>Il se d\u00e9marque par son utilisation de la cuisine traditionnelle chinoise et cantonaise, m\u00eal\u00e9e \u00e0 l&rsquo;esth\u00e9tique et \u00e0 l&rsquo;harmonie de la cuisine fran\u00e7aise.<\/p>\n<p>Pour Cheng, la nourriture est un langage universel\u00a0: c\u2019est pourquoi il fusionne toutes ces techniques de cuisine et ingr\u00e9dients issus de diff\u00e9rentes cultures.<\/p>\n<p>Une philosophie dominante sur la carte du VEA Restaurant and Lounge, qui allie la pr\u00e9cision et le raffinement de la cuisine fran\u00e7aise \u00e0 l&rsquo;utilisation de produits frais, locaux et de saison.[\/et_pb_text][\/et_pb_column][\/et_pb_row][et_pb_row _builder_version=\u00a0\u00bb4.10.8&Prime; _module_preset=\u00a0\u00bbdefault\u00a0\u00bb global_colors_info=\u00a0\u00bb{}\u00a0\u00bb][et_pb_column type=\u00a0\u00bb4_4&Prime; _builder_version=\u00a0\u00bb4.10.8&Prime; _module_preset=\u00a0\u00bbdefault\u00a0\u00bb global_colors_info=\u00a0\u00bb{}\u00a0\u00bb][\/et_pb_column][\/et_pb_row][\/et_pb_section]<\/p>\n","protected":false},"excerpt":{"rendered":"<p>\u00ab La nourriture est un langage universel. Mon intention chez VEA est de partager non seulement les techniques culinaires que j&rsquo;ai apprises, mais aussi les reflets d&rsquo;une culture dans laquelle j&rsquo;ai grandi \u00bb.VICKY CHENG Chef chinois, 1 \u00e9toile Michelin Vicky Cheng a travaill\u00e9 dans les cuisines de certains des chefs fran\u00e7ais les plus idol\u00e2tr\u00e9s et respect\u00e9s, tels que Daniel Boulud. Apr\u00e8s 3 ans de formation \u00e0 l\u2019\u00e9tranger, il revient \u00e0 Hong Kong, o\u00f9 il d\u00e9veloppe son propre style culinaire : la cuisine chinoise \u00e0 la fran\u00e7aise. Aujourd&rsquo;hui, il pr\u00e9sente cette cuisine d&rsquo;origine asiatique et de formation occidentale au VEA Restaurant and Lounge, qui lui a valu une \u00e9toile Michelin. Il se d\u00e9marque par son utilisation de la cuisine traditionnelle chinoise et cantonaise, m\u00eal\u00e9e \u00e0 l&rsquo;esth\u00e9tique et \u00e0 l&rsquo;harmonie de la cuisine fran\u00e7aise. Pour Cheng, la nourriture est un langage universel\u00a0: c\u2019est pourquoi il fusionne toutes ces techniques de cuisine et ingr\u00e9dients issus de diff\u00e9rentes cultures. Une philosophie dominante sur la carte du VEA Restaurant and Lounge, qui allie la pr\u00e9cision et le raffinement de la cuisine fran\u00e7aise \u00e0 l&rsquo;utilisation de produits frais, locaux et de saison.<\/p>\n","protected":false},"author":1,"featured_media":0,"parent":0,"menu_order":0,"comment_status":"closed","ping_status":"closed","template":"","meta":{"_et_pb_use_builder":"on","_et_pb_old_content":"","_et_gb_content_width":"","footnotes":""},"class_list":["post-1992","page","type-page","status-publish","hentry"],"_links":{"self":[{"href":"https:\/\/jamonesibericoseu.eu\/fr\/wp-json\/wp\/v2\/pages\/1992","targetHints":{"allow":["GET"]}}],"collection":[{"href":"https:\/\/jamonesibericoseu.eu\/fr\/wp-json\/wp\/v2\/pages"}],"about":[{"href":"https:\/\/jamonesibericoseu.eu\/fr\/wp-json\/wp\/v2\/types\/page"}],"author":[{"embeddable":true,"href":"https:\/\/jamonesibericoseu.eu\/fr\/wp-json\/wp\/v2\/users\/1"}],"replies":[{"embeddable":true,"href":"https:\/\/jamonesibericoseu.eu\/fr\/wp-json\/wp\/v2\/comments?post=1992"}],"version-history":[{"count":5,"href":"https:\/\/jamonesibericoseu.eu\/fr\/wp-json\/wp\/v2\/pages\/1992\/revisions"}],"predecessor-version":[{"id":3511,"href":"https:\/\/jamonesibericoseu.eu\/fr\/wp-json\/wp\/v2\/pages\/1992\/revisions\/3511"}],"wp:attachment":[{"href":"https:\/\/jamonesibericoseu.eu\/fr\/wp-json\/wp\/v2\/media?parent=1992"}],"curies":[{"name":"wp","href":"https:\/\/api.w.org\/{rel}","templated":true}]}}