{"id":1958,"date":"2021-10-29T15:26:59","date_gmt":"2021-10-29T15:26:59","guid":{"rendered":"https:\/\/jamonesibericoseu.eu\/origen-medio-rural\/"},"modified":"2022-02-21T17:22:09","modified_gmt":"2022-02-21T17:22:09","slug":"lorigine-du-sens-iberique","status":"publish","type":"page","link":"https:\/\/jamonesibericoseu.eu\/fr\/origen\/lorigine-du-sens-iberique\/","title":{"rendered":"L\u2019origine du Sens Ib\u00e9rique"},"content":{"rendered":"<p>[et_pb_section fb_built=\u00a0\u00bb1&Prime; _builder_version=\u00a0\u00bb4.10.8&Prime; _module_preset=\u00a0\u00bbdefault\u00a0\u00bb global_colors_info=\u00a0\u00bb{}\u00a0\u00bb][et_pb_row column_structure=\u00a0\u00bb1_2,1_2&Prime; _builder_version=\u00a0\u00bb4.10.8&Prime; _module_preset=\u00a0\u00bbdefault\u00a0\u00bb global_colors_info=\u00a0\u00bb{}\u00a0\u00bb][et_pb_column type=\u00a0\u00bb1_2&Prime; _builder_version=\u00a0\u00bb4.10.8&Prime; _module_preset=\u00a0\u00bbdefault\u00a0\u00bb global_colors_info=\u00a0\u00bb{}\u00a0\u00bb][et_pb_image src=\u00a0\u00bbhttps:\/\/jamonesibericoseu.eu\/wp-content\/uploads\/2021\/10\/Mapa-origen-1.jpg\u00a0\u00bb title_text=\u00a0\u00bbOrigine\u00a0\u00bb force_fullwidth=\u00a0\u00bbon\u00a0\u00bb _builder_version=\u00a0\u00bb4.10.8&Prime; _module_preset=\u00a0\u00bbdefault\u00a0\u00bb global_colors_info=\u00a0\u00bb{}\u00a0\u00bb][\/et_pb_image][\/et_pb_column][et_pb_column type=\u00a0\u00bb1_2&Prime; _builder_version=\u00a0\u00bb4.10.8&Prime; _module_preset=\u00a0\u00bbdefault\u00a0\u00bb global_colors_info=\u00a0\u00bb{}\u00a0\u00bb][et_pb_text _builder_version=\u00a0\u00bb4.10.8&Prime; _module_preset=\u00a0\u00bbdefault\u00a0\u00bb text_font_size=\u00a0\u00bb16px\u00a0\u00bb header_font=\u00a0\u00bb|700||on|||||\u00a0\u00bb header_text_color=\u00a0\u00bb#a31c27&Prime; header_2_font=\u00a0\u00bb|700||on|||||\u00a0\u00bb header_3_font=\u00a0\u00bb|700||on|||||\u00a0\u00bb z_index=\u00a0\u00bb500&Prime; global_colors_info=\u00a0\u00bb{}\u00a0\u00bb]<\/p>\n<h1>Origine<\/h1>\n<p>Produit unique au monde rattach\u00e9 \u00e0 un territoire, la <strong>P\u00e9ninsule Ib\u00e9rique<\/strong>. N\u00e9 de la culture et de la tradition de tout un peuple, transmis de g\u00e9n\u00e9ration en g\u00e9n\u00e9ration, et en parfaite harmonie avec l\u2019innovation et les nouvelles technologies, en tant que facteurs suppl\u00e9mentaires de valeur ajout\u00e9e.[\/et_pb_text][et_pb_text _builder_version=\u00a0\u00bb4.10.8&Prime; _module_preset=\u00a0\u00bbdefault\u00a0\u00bb text_font_size=\u00a0\u00bb16px\u00a0\u00bb header_font=\u00a0\u00bb|700||on|||||\u00a0\u00bb header_text_color=\u00a0\u00bb#a31c27&Prime; header_2_font=\u00a0\u00bb|700||on|||||\u00a0\u00bb header_2_text_color=\u00a0\u00bb#a31c27&Prime; header_2_font_size=\u00a0\u00bb30px\u00a0\u00bb background_color=\u00a0\u00bbRGBA(0,0,0,0)\u00a0\u00bb z_index=\u00a0\u00bb500&Prime; sticky_limit_bottom=\u00a0\u00bbbody\u00a0\u00bb global_colors_info=\u00a0\u00bb{}\u00a0\u00bb]<\/p>\n<h2>Lien avec le milieu rural<\/h2>\n<p>P\u00e2turages, champs et fermes sont \u00e0 la source d\u2019un produit unique, rattach\u00e9 intimement \u00e0 son peuple et \u00e0 son histoire rurale. Pour ceux pour qui le Jambon Ib\u00e9rique est <strong>une fa\u00e7on d\u2019appr\u00e9hender la vie, une passion.<\/strong><\/p>\n<p>Ainsi, le secteur du Jambon Ib\u00e9rique est devenu l&rsquo;un des <strong>antidotes au D\u00e9fi D\u00e9mographique<\/strong>, gr\u00e2ce \u00e0 son r\u00f4le de <strong>moteur \u00e9conomique<\/strong> et de <strong>colonne vert\u00e9brale de l&rsquo;Europe rurale<\/strong>\u00a0: il dynamise l&#8217;emploi et assure son avenir\u00a0; dynamise l&rsquo;\u00e9conomie des villes et contribue \u00e0 prot\u00e9ger les habitants \u00e9voluant dans un environnement \u00e0 risque de d\u00e9peuplement, dans le respect d\u2019un engagement clair de Coh\u00e9sion Territoriale.[\/et_pb_text][\/et_pb_column][\/et_pb_row][\/et_pb_section]<\/p>\n","protected":false},"excerpt":{"rendered":"<p>Origine Produit unique au monde rattach\u00e9 \u00e0 un territoire, la P\u00e9ninsule Ib\u00e9rique. N\u00e9 de la culture et de la tradition de tout un peuple, transmis de g\u00e9n\u00e9ration en g\u00e9n\u00e9ration, et en parfaite harmonie avec l\u2019innovation et les nouvelles technologies, en tant que facteurs suppl\u00e9mentaires de valeur ajout\u00e9e.Lien avec le milieu rural P\u00e2turages, champs et fermes sont \u00e0 la source d\u2019un produit unique, rattach\u00e9 intimement \u00e0 son peuple et \u00e0 son histoire rurale. Pour ceux pour qui le Jambon Ib\u00e9rique est une fa\u00e7on d\u2019appr\u00e9hender la vie, une passion. Ainsi, le secteur du Jambon Ib\u00e9rique est devenu l&rsquo;un des antidotes au D\u00e9fi D\u00e9mographique, gr\u00e2ce \u00e0 son r\u00f4le de moteur \u00e9conomique et de colonne vert\u00e9brale de l&rsquo;Europe rurale\u00a0: il dynamise l&#8217;emploi et assure son avenir\u00a0; dynamise l&rsquo;\u00e9conomie des villes et contribue \u00e0 prot\u00e9ger les habitants \u00e9voluant dans un environnement \u00e0 risque de d\u00e9peuplement, dans le respect d\u2019un engagement clair de Coh\u00e9sion Territoriale.<\/p>\n","protected":false},"author":2,"featured_media":0,"parent":5710,"menu_order":1,"comment_status":"closed","ping_status":"closed","template":"","meta":{"_et_pb_use_builder":"on","_et_pb_old_content":"","_et_gb_content_width":"","footnotes":""},"class_list":["post-1958","page","type-page","status-publish","hentry"],"_links":{"self":[{"href":"https:\/\/jamonesibericoseu.eu\/fr\/wp-json\/wp\/v2\/pages\/1958","targetHints":{"allow":["GET"]}}],"collection":[{"href":"https:\/\/jamonesibericoseu.eu\/fr\/wp-json\/wp\/v2\/pages"}],"about":[{"href":"https:\/\/jamonesibericoseu.eu\/fr\/wp-json\/wp\/v2\/types\/page"}],"author":[{"embeddable":true,"href":"https:\/\/jamonesibericoseu.eu\/fr\/wp-json\/wp\/v2\/users\/2"}],"replies":[{"embeddable":true,"href":"https:\/\/jamonesibericoseu.eu\/fr\/wp-json\/wp\/v2\/comments?post=1958"}],"version-history":[{"count":11,"href":"https:\/\/jamonesibericoseu.eu\/fr\/wp-json\/wp\/v2\/pages\/1958\/revisions"}],"predecessor-version":[{"id":4208,"href":"https:\/\/jamonesibericoseu.eu\/fr\/wp-json\/wp\/v2\/pages\/1958\/revisions\/4208"}],"up":[{"embeddable":true,"href":"https:\/\/jamonesibericoseu.eu\/fr\/wp-json\/wp\/v2\/pages\/5710"}],"wp:attachment":[{"href":"https:\/\/jamonesibericoseu.eu\/fr\/wp-json\/wp\/v2\/media?parent=1958"}],"curies":[{"name":"wp","href":"https:\/\/api.w.org\/{rel}","templated":true}]}}