{"id":1948,"date":"2021-10-29T15:52:25","date_gmt":"2021-10-29T15:52:25","guid":{"rendered":"https:\/\/jamonesibericoseu.eu\/seguridad-alimentaria-bienestar-animal\/"},"modified":"2022-02-21T17:47:11","modified_gmt":"2022-02-21T17:47:11","slug":"iberico-animal-welfare","status":"publish","type":"page","link":"https:\/\/jamonesibericoseu.eu\/fr\/iberico-animal-welfare\/","title":{"rendered":"IB\u00c9RICO ANIMAL WELFARE (IBAW)"},"content":{"rendered":"<p>[et_pb_section fb_built=\u00a0\u00bb1&Prime; _builder_version=\u00a0\u00bb4.10.8&Prime; _module_preset=\u00a0\u00bbdefault\u00a0\u00bb global_colors_info=\u00a0\u00bb{}\u00a0\u00bb][et_pb_row _builder_version=\u00a0\u00bb4.10.8&Prime; _module_preset=\u00a0\u00bbdefault\u00a0\u00bb global_colors_info=\u00a0\u00bb{}\u00a0\u00bb][et_pb_column type=\u00a0\u00bb4_4&Prime; _builder_version=\u00a0\u00bb4.10.8&Prime; _module_preset=\u00a0\u00bbdefault\u00a0\u00bb global_colors_info=\u00a0\u00bb{}\u00a0\u00bb][et_pb_text _builder_version=\u00a0\u00bb4.13.0&Prime; _module_preset=\u00a0\u00bbdefault\u00a0\u00bb text_font_size=\u00a0\u00bb16px\u00a0\u00bb header_font=\u00a0\u00bb|700||on|||||\u00a0\u00bb header_text_color=\u00a0\u00bb#a31c27&Prime; header_2_font=\u00a0\u00bb|700||on|||||\u00a0\u00bb z_index=\u00a0\u00bb500&Prime; hover_enabled=\u00a0\u00bb0&Prime; global_colors_info=\u00a0\u00bb{}\u00a0\u00bb sticky_enabled=\u00a0\u00bb0&Prime;]<\/p>\n<h1 style=\"text-align: center;\">BIEN-\u00caTRE DES ANIMAUX (IBAW) ET S\u00c9CURIT\u00c9 ALIMENTAIRE<\/h1>\n<p>La strat\u00e9gie \u00ab de la ferme \u00e0 la table \u00bb (Farm to Fork), incluse dans le Pacte vert pour l&rsquo;Europe, vise \u00e0 renforcer une s\u00e9rie de lignes directrices en mati\u00e8re de s\u00e9curit\u00e9 alimentaire, bien-\u00eatre des animaux, tra\u00e7abilit\u00e9 ou durabilit\u00e9 environnementale qui figurent d\u00e9j\u00e0 dans le Mod\u00e8le de Production Europ\u00e9en, le plus exigeant au monde et dont le secteur Ib\u00e9rico est l&rsquo;un des partisans.<\/p>\n<p>[\/et_pb_text][\/et_pb_column][\/et_pb_row][et_pb_row column_structure=\u00a0\u00bb1_2,1_2&Prime; _builder_version=\u00a0\u00bb4.10.8&Prime; _module_preset=\u00a0\u00bbdefault\u00a0\u00bb global_colors_info=\u00a0\u00bb{}\u00a0\u00bb][et_pb_column type=\u00a0\u00bb1_2&Prime; _builder_version=\u00a0\u00bb4.10.8&Prime; _module_preset=\u00a0\u00bbdefault\u00a0\u00bb global_colors_info=\u00a0\u00bb{}\u00a0\u00bb][et_pb_image src=\u00a0\u00bbhttps:\/\/jamonesibericoseu.eu\/wp-content\/uploads\/2022\/01\/animal_welfare.jpg\u00a0\u00bb title_text=\u00a0\u00bbanimal_welfare\u00a0\u00bb show_in_lightbox=\u00a0\u00bbon\u00a0\u00bb _builder_version=\u00a0\u00bb4.13.0&Prime; _module_preset=\u00a0\u00bbdefault\u00a0\u00bb hover_enabled=\u00a0\u00bb0&Prime; global_colors_info=\u00a0\u00bb{}\u00a0\u00bb sticky_enabled=\u00a0\u00bb0&Prime;][\/et_pb_image][\/et_pb_column][et_pb_column type=\u00a0\u00bb1_2&Prime; _builder_version=\u00a0\u00bb4.10.8&Prime; _module_preset=\u00a0\u00bbdefault\u00a0\u00bb global_colors_info=\u00a0\u00bb{}\u00a0\u00bb][et_pb_text _builder_version=\u00a0\u00bb4.10.8&Prime; _module_preset=\u00a0\u00bbdefault\u00a0\u00bb text_font_size=\u00a0\u00bb16px\u00a0\u00bb header_font=\u00a0\u00bb|700||on|||||\u00a0\u00bb header_text_color=\u00a0\u00bb#a31c27&Prime; header_2_font=\u00a0\u00bb|700||on|||||\u00a0\u00bb z_index=\u00a0\u00bb500&Prime; global_colors_info=\u00a0\u00bb{}\u00a0\u00bb]<\/p>\n<h1>IB\u00c9RICO ANIMAL WELFARE (IBAW)<\/h1>\n<p>Rares sont les endroits du monde o\u00f9 les animaux b\u00e9n\u00e9ficient de grands espaces, de bonnes conditions hygi\u00e9niques et de confort. Cette attention port\u00e9e au bien-\u00eatre de l\u2019animal est respect\u00e9e tout au long de la cha\u00eene de production, afin de garantir des produits de qualit\u00e9 optimale.<\/p>\n<p>Afin de ne pas trahir cet engagement et d\u2019en faire une initiative mondiale, le secteur lance le <strong>LABEL IB\u00c9RICO ANIMAL WELFARE (IBAW). <\/strong>Une certification qui permettra aux consommateurs d&rsquo;identifier les produits obtenus selon les meilleures pratiques en mati\u00e8re de production animale et en termes de bien-\u00eatre animal, de sant\u00e9, de bios\u00e9curit\u00e9, de manipulation et de tra\u00e7abilit\u00e9, conform\u00e9ment aux r\u00e8gles \u00e9tablies par l&rsquo;Organisation Mondiale de la Sant\u00e9 Animale (OMSA) et les r\u00e9glementations diverses de l&rsquo;UE.<\/p>\n<p><strong>Une marque de certification qui garantit le respect de normes en faveur du bien-\u00eatre animal encore plus exigeantes<\/strong> que celles fix\u00e9es par les r\u00e9glementations europ\u00e9ennes et nationales, et traduisant l&rsquo;engagement de la fili\u00e8re en mati\u00e8re de qualit\u00e9 et de transparence.[\/et_pb_text][\/et_pb_column][\/et_pb_row][et_pb_row column_structure=\u00a0\u00bb1_2,1_2&Prime; _builder_version=\u00a0\u00bb4.10.8&Prime; _module_preset=\u00a0\u00bbdefault\u00a0\u00bb global_colors_info=\u00a0\u00bb{}\u00a0\u00bb][et_pb_column type=\u00a0\u00bb1_2&Prime; _builder_version=\u00a0\u00bb4.10.8&Prime; _module_preset=\u00a0\u00bbdefault\u00a0\u00bb global_colors_info=\u00a0\u00bb{}\u00a0\u00bb][et_pb_text _builder_version=\u00a0\u00bb4.10.8&Prime; _module_preset=\u00a0\u00bbdefault\u00a0\u00bb text_font_size=\u00a0\u00bb16px\u00a0\u00bb header_font=\u00a0\u00bb|700||on|||||\u00a0\u00bb header_text_color=\u00a0\u00bb#a31c27&Prime; header_2_font=\u00a0\u00bb|700||on|||||\u00a0\u00bb header_2_text_color=\u00a0\u00bb#a31c27&Prime; header_2_font_size=\u00a0\u00bb30px\u00a0\u00bb background_color=\u00a0\u00bbRGBA(0,0,0,0)\u00a0\u00bb z_index=\u00a0\u00bb500&Prime; sticky_limit_bottom=\u00a0\u00bbbody\u00a0\u00bb global_colors_info=\u00a0\u00bb{}\u00a0\u00bb]<\/p>\n<h2>S\u00c9CURIT\u00c9 ALIMENTAIRE<\/h2>\n<p>Nous avons la chance de profiter des normes les plus \u00e9lev\u00e9es en termes de s\u00e9curit\u00e9 alimentaire, gr\u00e2ce \u00e0 un ensemble de standard exigeants, un contr\u00f4le rigoureux et un syst\u00e8me de tra\u00e7abilit\u00e9 qui assure et garantit que chaque Jambon Ib\u00e9rique parvenant au consommateur soit de la meilleure qualit\u00e9 possible.[\/et_pb_text][\/et_pb_column][et_pb_column type=\u00a0\u00bb1_2&Prime; _builder_version=\u00a0\u00bb4.10.8&Prime; _module_preset=\u00a0\u00bbdefault\u00a0\u00bb global_colors_info=\u00a0\u00bb{}\u00a0\u00bb][et_pb_image src=\u00a0\u00bbhttps:\/\/jamonesibericoseu.eu\/wp-content\/uploads\/2022\/02\/foodsafety.jpg\u00a0\u00bb title_text=\u00a0\u00bbFood safety concept\u00a0\u00bb _builder_version=\u00a0\u00bb4.13.0&Prime; _module_preset=\u00a0\u00bbdefault\u00a0\u00bb module_alignment=\u00a0\u00bbcenter\u00a0\u00bb hover_enabled=\u00a0\u00bb0&Prime; global_colors_info=\u00a0\u00bb{}\u00a0\u00bb sticky_enabled=\u00a0\u00bb0&Prime;][\/et_pb_image][\/et_pb_column][\/et_pb_row][\/et_pb_section]<\/p>\n","protected":false},"excerpt":{"rendered":"<p>BIEN-\u00caTRE DES ANIMAUX (IBAW) ET S\u00c9CURIT\u00c9 ALIMENTAIRE La strat\u00e9gie \u00ab de la ferme \u00e0 la table \u00bb (Farm to Fork), incluse dans le Pacte vert pour l&rsquo;Europe, vise \u00e0 renforcer une s\u00e9rie de lignes directrices en mati\u00e8re de s\u00e9curit\u00e9 alimentaire, bien-\u00eatre des animaux, tra\u00e7abilit\u00e9 ou durabilit\u00e9 environnementale qui figurent d\u00e9j\u00e0 dans le Mod\u00e8le de Production Europ\u00e9en, le plus exigeant au monde et dont le secteur Ib\u00e9rico est l&rsquo;un des partisans.IB\u00c9RICO ANIMAL WELFARE (IBAW) Rares sont les endroits du monde o\u00f9 les animaux b\u00e9n\u00e9ficient de grands espaces, de bonnes conditions hygi\u00e9niques et de confort. Cette attention port\u00e9e au bien-\u00eatre de l\u2019animal est respect\u00e9e tout au long de la cha\u00eene de production, afin de garantir des produits de qualit\u00e9 optimale. Afin de ne pas trahir cet engagement et d\u2019en faire une initiative mondiale, le secteur lance le LABEL IB\u00c9RICO ANIMAL WELFARE (IBAW). Une certification qui permettra aux consommateurs d&rsquo;identifier les produits obtenus selon les meilleures pratiques en mati\u00e8re de production animale et en termes de bien-\u00eatre animal, de sant\u00e9, de bios\u00e9curit\u00e9, de manipulation et de tra\u00e7abilit\u00e9, conform\u00e9ment aux r\u00e8gles \u00e9tablies par l&rsquo;Organisation Mondiale de la Sant\u00e9 Animale (OMSA) et les r\u00e9glementations diverses de l&rsquo;UE. Une marque de certification qui garantit le respect [&hellip;]<\/p>\n","protected":false},"author":2,"featured_media":0,"parent":0,"menu_order":1,"comment_status":"closed","ping_status":"closed","template":"","meta":{"_et_pb_use_builder":"on","_et_pb_old_content":"","_et_gb_content_width":"","footnotes":""},"class_list":["post-1948","page","type-page","status-publish","hentry"],"_links":{"self":[{"href":"https:\/\/jamonesibericoseu.eu\/fr\/wp-json\/wp\/v2\/pages\/1948","targetHints":{"allow":["GET"]}}],"collection":[{"href":"https:\/\/jamonesibericoseu.eu\/fr\/wp-json\/wp\/v2\/pages"}],"about":[{"href":"https:\/\/jamonesibericoseu.eu\/fr\/wp-json\/wp\/v2\/types\/page"}],"author":[{"embeddable":true,"href":"https:\/\/jamonesibericoseu.eu\/fr\/wp-json\/wp\/v2\/users\/2"}],"replies":[{"embeddable":true,"href":"https:\/\/jamonesibericoseu.eu\/fr\/wp-json\/wp\/v2\/comments?post=1948"}],"version-history":[{"count":6,"href":"https:\/\/jamonesibericoseu.eu\/fr\/wp-json\/wp\/v2\/pages\/1948\/revisions"}],"predecessor-version":[{"id":4219,"href":"https:\/\/jamonesibericoseu.eu\/fr\/wp-json\/wp\/v2\/pages\/1948\/revisions\/4219"}],"wp:attachment":[{"href":"https:\/\/jamonesibericoseu.eu\/fr\/wp-json\/wp\/v2\/media?parent=1948"}],"curies":[{"name":"wp","href":"https:\/\/api.w.org\/{rel}","templated":true}]}}