{"id":1928,"date":"2021-10-29T16:30:46","date_gmt":"2021-10-29T16:30:46","guid":{"rendered":"https:\/\/jamonesibericoseu.eu\/el-jamon-iberico\/"},"modified":"2021-11-02T15:47:20","modified_gmt":"2021-11-02T15:47:20","slug":"le-jambon-iberique","status":"publish","type":"page","link":"https:\/\/jamonesibericoseu.eu\/fr\/le-jambon-iberique\/","title":{"rendered":"Le Jambon Ib\u00e9rique"},"content":{"rendered":"<p>[et_pb_section fb_built=\u00a0\u00bb1&Prime; _builder_version=\u00a0\u00bb4.10.8&Prime; _module_preset=\u00a0\u00bbdefault\u00a0\u00bb global_colors_info=\u00a0\u00bb{}\u00a0\u00bb][et_pb_row column_structure=\u00a0\u00bb1_2,1_2&Prime; _builder_version=\u00a0\u00bb4.10.8&Prime; _module_preset=\u00a0\u00bbdefault\u00a0\u00bb global_colors_info=\u00a0\u00bb{}\u00a0\u00bb][et_pb_column type=\u00a0\u00bb1_2&Prime; _builder_version=\u00a0\u00bb4.10.8&Prime; _module_preset=\u00a0\u00bbdefault\u00a0\u00bb global_colors_info=\u00a0\u00bb{}\u00a0\u00bb][et_pb_image src=\u00a0\u00bbhttps:\/\/jamonesibericoseu.eu\/wp-content\/uploads\/2021\/11\/Partes-FR-scaled.jpg\u00a0\u00bb title_text=\u00a0\u00bbPartes FR\u00a0\u00bb show_in_lightbox=\u00a0\u00bbon\u00a0\u00bb _builder_version=\u00a0\u00bb4.10.8&Prime; _module_preset=\u00a0\u00bbdefault\u00a0\u00bb width_last_edited=\u00a0\u00bboff|desktop\u00a0\u00bb module_alignment=\u00a0\u00bbcenter\u00a0\u00bb hover_enabled=\u00a0\u00bb0&Prime; global_colors_info=\u00a0\u00bb{}\u00a0\u00bb sticky_enabled=\u00a0\u00bb0&Prime;][\/et_pb_image][et_pb_text admin_label=\u00a0\u00bbVideo\u00a0\u00bb _builder_version=\u00a0\u00bb4.10.8&Prime; _module_preset=\u00a0\u00bbdefault\u00a0\u00bb hover_enabled=\u00a0\u00bb0&Prime; global_colors_info=\u00a0\u00bb{}\u00a0\u00bb sticky_enabled=\u00a0\u00bb0&Prime;]<\/p>\n<p style=\"text-align: center;\"><a class=\"vp-a vp-dr\" href=\"https:\/\/youtu.be\/lLlWq-awDp8\" rel=\"nofollow\" data-width=\"1280\" data-height=\"720\" data-dwrap=\"1\" data-iv=\"1\"><img decoding=\"async\" class=\"vp-img\" src=\"https:\/\/jamonesibericoseu.eu\/wp-content\/uploads\/2021\/11\/01_linspiration.jpg\"><\/a><\/p>\n<p>[\/et_pb_text][\/et_pb_column][et_pb_column type=\u00a0\u00bb1_2&Prime; _builder_version=\u00a0\u00bb4.10.8&Prime; _module_preset=\u00a0\u00bbdefault\u00a0\u00bb global_colors_info=\u00a0\u00bb{}\u00a0\u00bb][et_pb_text _builder_version=\u00a0\u00bb4.10.8&Prime; _module_preset=\u00a0\u00bbdefault\u00a0\u00bb text_font_size=\u00a0\u00bb16px\u00a0\u00bb header_font=\u00a0\u00bb|700||on|||||\u00a0\u00bb header_text_color=\u00a0\u00bb#a31c27&Prime; header_2_font=\u00a0\u00bb|700||on|||||\u00a0\u00bb z_index=\u00a0\u00bb500&Prime; global_colors_info=\u00a0\u00bb{}\u00a0\u00bb]<\/p>\n<h1>Parties du Jambon Ib\u00e9rique<\/h1>\n<p><strong>Le Jambon Ib\u00e9rique se compose de cinq morceaux bien distincts, chacun d\u2019eux poss\u00e9dant des caract\u00e9ristiques propres en termes de saveurs et de textures.<\/strong>[\/et_pb_text][et_pb_text _builder_version=\u00a0\u00bb4.10.8&Prime; _module_preset=\u00a0\u00bbdefault\u00a0\u00bb text_font_size=\u00a0\u00bb16px\u00a0\u00bb header_font=\u00a0\u00bb|700||on|||||\u00a0\u00bb header_text_color=\u00a0\u00bb#a31c27&Prime; header_2_font=\u00a0\u00bb|700||on|||||\u00a0\u00bb header_2_text_color=\u00a0\u00bb#a31c27&Prime; header_2_font_size=\u00a0\u00bb30px\u00a0\u00bb background_color=\u00a0\u00bbRGBA(0,0,0,0)\u00a0\u00bb z_index=\u00a0\u00bb500&Prime; sticky_limit_bottom=\u00a0\u00bbbody\u00a0\u00bb global_colors_info=\u00a0\u00bb{}\u00a0\u00bb]<strong>CANNE<\/strong><\/p>\n<p>Il s\u2019agit de la partie la plus \u00e9troite et la plus proche du sabot. <strong>La chair de la canne est plus fibreuse<\/strong> et un peu plus dure que le reste. Une bonne d\u00e9coupe peut faire la diff\u00e9rence. La canne est \u00e9galement souvent utilis\u00e9e pour les bouillons.<\/p>\n<p><strong>JARRET<\/strong><\/p>\n<p>R\u00e9put\u00e9 pour ses saveurs intenses, cette partie de la viande pr\u00e9sente une couleur plus fonc\u00e9e, et se r\u00e9v\u00e8le plus fibreuse et plus s\u00e8che. Partie tr\u00e8s juteuse et tr\u00e8s savoureuse, lorsqu\u2019elle est d\u00e9coup\u00e9e en fines lamelles. <strong>Se trouve entre la masse et la canne.<\/strong><\/p>\n<p><strong>MASSE<\/strong><\/p>\n<p><strong>C\u2019est ici qu\u2019est concentr\u00e9e la plus grande quantit\u00e9 de viande. Cette partie est particuli\u00e8rement tendre et juteuse.<\/strong> Le marbrage des parties grasses est plus visible dans cette zone. <strong>C\u2019est la partie du Jambon Ib\u00e9rique la plus charnue <\/strong>et caract\u00e9ris\u00e9e par <strong>ses propri\u00e9t\u00e9s sensorielles uniques<\/strong>, qui en font l\u2019une des plus app\u00e9tissantes. C\u2019est \u00e9galement la partie la plus adapt\u00e9e pour s\u2019essayer \u00e0 la d\u00e9coupe du jambon<strong>.<\/strong><\/p>\n<p><strong>GRASSET<\/strong><\/p>\n<p>Il s\u2019agit de la <strong>partie la plus s\u00e8che et la plus maigre du jambon.<\/strong> C&rsquo;est ici que se poursuit la d\u00e9coupe, une fois la masse consomm\u00e9e. La \u00ab\u00a0contremasse\u00a0\u00bb se caract\u00e9rise par une viande plus s\u00e8che et au <strong>parfum plus intense.<\/strong><\/p>\n<p><strong>\u00a0<\/strong><strong>POINTE<\/strong><\/p>\n<p>Il s\u2019agit de la partie<strong> la plus savoureuse et la plus juteuse.<\/strong>[\/et_pb_text][\/et_pb_column][\/et_pb_row][\/et_pb_section]<\/p>\n","protected":false},"excerpt":{"rendered":"<p><a class=\"vp-a vp-dr\" href=\"https:\/\/youtu.be\/lLlWq-awDp8\" rel=\"nofollow\" data-width=\"1280\" data-height=\"720\" data-dwrap=\"1\" data-iv=\"1\"><img decoding=\"async\" class=\"vp-img\" src=\"https:\/\/jamonesibericoseu.eu\/wp-content\/uploads\/2021\/11\/01_linspiration.jpg\"><\/a>Parties du Jambon Ib\u00e9rique Le Jambon Ib\u00e9rique se compose de cinq morceaux bien distincts, chacun d\u2019eux poss\u00e9dant des caract\u00e9ristiques propres en termes de saveurs et de textures.CANNE Il s\u2019agit de la partie la plus \u00e9troite et la plus proche du sabot. La chair de la canne est plus fibreuse et un peu plus dure que le reste. Une bonne d\u00e9coupe peut faire la diff\u00e9rence. La canne est \u00e9galement souvent utilis\u00e9e pour les bouillons. JARRET R\u00e9put\u00e9 pour ses saveurs intenses, cette partie de la viande pr\u00e9sente une couleur plus fonc\u00e9e, et se r\u00e9v\u00e8le plus fibreuse et plus s\u00e8che. Partie tr\u00e8s juteuse et tr\u00e8s savoureuse, lorsqu\u2019elle est d\u00e9coup\u00e9e en fines lamelles. Se trouve entre la masse et la canne. MASSE C\u2019est ici qu\u2019est concentr\u00e9e la plus grande quantit\u00e9 de viande. Cette partie est particuli\u00e8rement tendre et juteuse. Le marbrage des parties grasses est plus visible dans cette zone. C\u2019est la partie du Jambon Ib\u00e9rique la plus charnue et caract\u00e9ris\u00e9e par ses propri\u00e9t\u00e9s sensorielles uniques, qui en font l\u2019une des plus app\u00e9tissantes. C\u2019est \u00e9galement la partie la plus adapt\u00e9e pour s\u2019essayer \u00e0 la d\u00e9coupe du jambon. GRASSET Il s\u2019agit de la partie la [&hellip;]<\/p>\n","protected":false},"author":2,"featured_media":0,"parent":0,"menu_order":1,"comment_status":"closed","ping_status":"closed","template":"","meta":{"_et_pb_use_builder":"on","_et_pb_old_content":"","_et_gb_content_width":"","footnotes":""},"class_list":["post-1928","page","type-page","status-publish","hentry"],"_links":{"self":[{"href":"https:\/\/jamonesibericoseu.eu\/fr\/wp-json\/wp\/v2\/pages\/1928","targetHints":{"allow":["GET"]}}],"collection":[{"href":"https:\/\/jamonesibericoseu.eu\/fr\/wp-json\/wp\/v2\/pages"}],"about":[{"href":"https:\/\/jamonesibericoseu.eu\/fr\/wp-json\/wp\/v2\/types\/page"}],"author":[{"embeddable":true,"href":"https:\/\/jamonesibericoseu.eu\/fr\/wp-json\/wp\/v2\/users\/2"}],"replies":[{"embeddable":true,"href":"https:\/\/jamonesibericoseu.eu\/fr\/wp-json\/wp\/v2\/comments?post=1928"}],"version-history":[{"count":5,"href":"https:\/\/jamonesibericoseu.eu\/fr\/wp-json\/wp\/v2\/pages\/1928\/revisions"}],"predecessor-version":[{"id":2841,"href":"https:\/\/jamonesibericoseu.eu\/fr\/wp-json\/wp\/v2\/pages\/1928\/revisions\/2841"}],"wp:attachment":[{"href":"https:\/\/jamonesibericoseu.eu\/fr\/wp-json\/wp\/v2\/media?parent=1928"}],"curies":[{"name":"wp","href":"https:\/\/api.w.org\/{rel}","templated":true}]}}