{"id":7109,"date":"2023-06-27T13:38:17","date_gmt":"2023-06-27T13:38:17","guid":{"rendered":"https:\/\/jamonesibericoseu.eu\/events\/the-iberian-sense-awakens-in-berlin-to-kick-off-the-third-year-of-the-campaign\/"},"modified":"2023-06-28T07:27:47","modified_gmt":"2023-06-28T07:27:47","slug":"the-iberian-sense-awakens-in-berlin-to-kick-off-the-third-year-of-the-campaign","status":"publish","type":"page","link":"https:\/\/jamonesibericoseu.eu\/en\/events\/the-iberian-sense-awakens-in-berlin-to-kick-off-the-third-year-of-the-campaign\/","title":{"rendered":"The Iberian Sense Awakens in Berlin to kick off the third year of the campaign"},"content":{"rendered":"<p>[et_pb_section fb_built=&#8221;1&#8243; _builder_version=&#8221;4.10.8&#8243; _module_preset=&#8221;default&#8221; global_colors_info=&#8221;{}&#8221;][et_pb_row _builder_version=&#8221;4.10.8&#8243; _module_preset=&#8221;default&#8221; global_colors_info=&#8221;{}&#8221;][et_pb_column type=&#8221;4_4&#8243; _builder_version=&#8221;4.10.8&#8243; _module_preset=&#8221;default&#8221; global_colors_info=&#8221;{}&#8221;][et_pb_text _builder_version=&#8221;4.13.0&#8243; _module_preset=&#8221;default&#8221; text_font_size=&#8221;16px&#8221; header_font=&#8221;|700||on|||||&#8221; header_text_align=&#8221;center&#8221; header_text_color=&#8221;#a31c27&#8243; header_2_font=&#8221;|700||on|||||&#8221; header_2_text_align=&#8221;center&#8221; header_2_text_color=&#8221;#a31c27&#8243; header_2_font_size=&#8221;30px&#8221; header_2_line_height=&#8221;1.2em&#8221; background_color=&#8221;RGBA(0,0,0,0)&#8221; z_index=&#8221;500&#8243; width=&#8221;80%&#8221; module_alignment=&#8221;center&#8221; sticky_limit_bottom=&#8221;body&#8221; global_colors_info=&#8221;{}&#8221;]<\/p>\n<h2>THE IBERIAN SENSE AWAKENS IN BERLIN TO KICK OFF THE THIRD YEAR OF THE CAMPAIGN<\/h2>\n<p>[\/et_pb_text][et_pb_text _builder_version=&#8221;4.13.0&#8243; _module_preset=&#8221;default&#8221; text_font_size=&#8221;16px&#8221; header_font=&#8221;|700||on|||||&#8221; header_text_color=&#8221;#a31c27&#8243; header_2_font=&#8221;|700||on|||||&#8221; header_2_text_color=&#8221;#a31c27&#8243; header_2_font_size=&#8221;30px&#8221; background_color=&#8221;RGBA(0,0,0,0)&#8221; z_index=&#8221;500&#8243; sticky_limit_bottom=&#8221;body&#8221; global_colors_info=&#8221;{}&#8221;]<\/p>\n<p><strong>On 14 June 2023,<\/strong> we presented in Berlin the most ambitious project of the Iberian sector in its history<strong>: &#8220;Jamones Ib\u00e9ricos de Espa\u00f1a, Embajadores de Europa en el mundo. Awaken your Iberian Sense&#8221;.<\/strong><\/p>\n<p>The event was attended by the <strong>Spanish Ambassador to Germany<\/strong>, Ricardo Mart\u00ednez V\u00e1zquez; the <strong>President of Interprofesional del Cerdo Ib\u00e9rico<\/strong>, Ra\u00fal Garc\u00eda, and the <strong>chef ambassadors of the campaign<\/strong>: the Spanish chef with two Michelin Stars <strong>Mario Sandoval, <\/strong>and the prestigious German chef with Michelin Star <strong>Christian Sturm-Willms<\/strong>.<\/p>\n<p>A unique opportunity to discover the campaign, and to learn first-hand about the differential qualities of this <strong>unique gourmet product<\/strong>, in Europe and the world, from <strong>professionals in the sector.<\/strong><\/p>\n<p>The event was the starting point of the third year of promotion of this campaign, and brought together various talents from the kitchen, such as the aforementioned <strong>Mario Sandoval and Christian Sturm-Willms<\/strong>, as well as the German chef <strong>Michael Kempf.<\/strong> Authentic references of haute cuisine who delighted the attendees with a tasting menu with <strong>Iberian ham as the star ingredient.<\/strong><\/p>\n<p>All of this to continue to awaken the <strong>Sentido Ib\u00e9rico<\/strong> in <strong>Germany<\/strong>, <strong>Europe,<\/strong> and the <strong>world.<\/strong><\/p>\n<p>[\/et_pb_text][\/et_pb_column][\/et_pb_row][et_pb_row use_custom_gutter=&#8221;on&#8221; gutter_width=&#8221;2&#8243; _builder_version=&#8221;4.13.0&#8243; _module_preset=&#8221;default&#8221; global_colors_info=&#8221;{}&#8221;][et_pb_column type=&#8221;4_4&#8243; _builder_version=&#8221;4.13.0&#8243; _module_preset=&#8221;default&#8221; global_colors_info=&#8221;{}&#8221;][et_pb_gallery gallery_ids=&#8221;6997,0,7001,7005,7009,7013,7017,7021,7025,7029,7033,7037,7041,7045,7049,7053,7057,7061,7065,7069,7073,7077,7081,7085,7089,7093,7097,7101,7105&#8243; posts_number=&#8221;30&#8243; show_title_and_caption=&#8221;%22off%22&#8243; show_pagination=&#8221;%22off%22&#8243; _builder_version=&#8221;4.13.0&#8243; _module_preset=&#8221;%22default%22&#8243; hover_enabled=&#8221;0&#8243; global_colors_info=&#8221;{}&#8221; sticky_enabled=&#8221;0&#8243;][\/et_pb_gallery][\/et_pb_column][\/et_pb_row][\/et_pb_section]<\/p>\n","protected":false},"excerpt":{"rendered":"<p>THE IBERIAN SENSE AWAKENS IN BERLIN TO KICK OFF THE THIRD YEAR OF THE CAMPAIGNOn 14 June 2023, we presented in Berlin the most ambitious project of the Iberian sector in its history: &#8220;Jamones Ib\u00e9ricos de Espa\u00f1a, Embajadores de Europa en el mundo. Awaken your Iberian Sense&#8221;. The event was attended by the Spanish Ambassador to Germany, Ricardo Mart\u00ednez V\u00e1zquez; the President of Interprofesional del Cerdo Ib\u00e9rico, Ra\u00fal Garc\u00eda, and the chef ambassadors of the campaign: the Spanish chef with two Michelin Stars Mario Sandoval, and the prestigious German chef with Michelin Star Christian Sturm-Willms. A unique opportunity to discover the campaign, and to learn first-hand about the differential qualities of this unique gourmet product, in Europe and the world, from professionals in the sector. The event was the starting point of the third year of promotion of this campaign, and brought together various talents from the kitchen, such as the aforementioned Mario Sandoval and Christian Sturm-Willms, as well as the German chef Michael Kempf. Authentic references of haute cuisine who delighted the attendees with a tasting menu with Iberian ham as the star ingredient. All of this to continue to awaken the Sentido Ib\u00e9rico in Germany, Europe, and the [&hellip;]<\/p>\n","protected":false},"author":1,"featured_media":0,"parent":4281,"menu_order":1,"comment_status":"closed","ping_status":"closed","template":"","meta":{"_et_pb_use_builder":"on","_et_pb_old_content":"","_et_gb_content_width":"","footnotes":""},"class_list":["post-7109","page","type-page","status-publish","hentry"],"_links":{"self":[{"href":"https:\/\/jamonesibericoseu.eu\/en\/wp-json\/wp\/v2\/pages\/7109","targetHints":{"allow":["GET"]}}],"collection":[{"href":"https:\/\/jamonesibericoseu.eu\/en\/wp-json\/wp\/v2\/pages"}],"about":[{"href":"https:\/\/jamonesibericoseu.eu\/en\/wp-json\/wp\/v2\/types\/page"}],"author":[{"embeddable":true,"href":"https:\/\/jamonesibericoseu.eu\/en\/wp-json\/wp\/v2\/users\/1"}],"replies":[{"embeddable":true,"href":"https:\/\/jamonesibericoseu.eu\/en\/wp-json\/wp\/v2\/comments?post=7109"}],"version-history":[{"count":7,"href":"https:\/\/jamonesibericoseu.eu\/en\/wp-json\/wp\/v2\/pages\/7109\/revisions"}],"predecessor-version":[{"id":7153,"href":"https:\/\/jamonesibericoseu.eu\/en\/wp-json\/wp\/v2\/pages\/7109\/revisions\/7153"}],"up":[{"embeddable":true,"href":"https:\/\/jamonesibericoseu.eu\/en\/wp-json\/wp\/v2\/pages\/4281"}],"wp:attachment":[{"href":"https:\/\/jamonesibericoseu.eu\/en\/wp-json\/wp\/v2\/media?parent=7109"}],"curies":[{"name":"wp","href":"https:\/\/api.w.org\/{rel}","templated":true}]}}