{"id":6890,"date":"2023-05-25T10:42:43","date_gmt":"2023-05-25T10:42:43","guid":{"rendered":"https:\/\/jamonesibericoseu.eu\/events\/lights-camera-and-ham-the-iberian-sense-rewakens-at-the-san-sebastian-film-festival\/"},"modified":"2023-05-25T11:00:16","modified_gmt":"2023-05-25T11:00:16","slug":"lights-camera-and-ham-the-iberian-sense-rewakens-at-the-san-sebastian-film-festival","status":"publish","type":"page","link":"https:\/\/jamonesibericoseu.eu\/en\/events\/lights-camera-and-ham-the-iberian-sense-rewakens-at-the-san-sebastian-film-festival\/","title":{"rendered":"Lights, camera, and ham! the Iberian Sense rewakens at the San Sebasti\u00e1n Film Festival"},"content":{"rendered":"<p>[et_pb_section fb_built=&#8221;1&#8243; _builder_version=&#8221;4.10.8&#8243; _module_preset=&#8221;default&#8221; global_colors_info=&#8221;{}&#8221;][et_pb_row _builder_version=&#8221;4.10.8&#8243; _module_preset=&#8221;default&#8221; global_colors_info=&#8221;{}&#8221;][et_pb_column type=&#8221;4_4&#8243; _builder_version=&#8221;4.10.8&#8243; _module_preset=&#8221;default&#8221; global_colors_info=&#8221;{}&#8221;][et_pb_text _builder_version=&#8221;4.13.0&#8243; _module_preset=&#8221;default&#8221; text_font_size=&#8221;16px&#8221; header_font=&#8221;|700||on|||||&#8221; header_text_align=&#8221;center&#8221; header_text_color=&#8221;#a31c27&#8243; header_2_font=&#8221;|700||on|||||&#8221; header_2_text_align=&#8221;center&#8221; header_2_text_color=&#8221;#a31c27&#8243; header_2_font_size=&#8221;30px&#8221; header_2_line_height=&#8221;1.2em&#8221; background_color=&#8221;RGBA(0,0,0,0)&#8221; z_index=&#8221;500&#8243; width=&#8221;80%&#8221; module_alignment=&#8221;center&#8221; sticky_limit_bottom=&#8221;body&#8221; hover_enabled=&#8221;0&#8243; global_colors_info=&#8221;{}&#8221; sticky_enabled=&#8221;0&#8243;]<\/p>\n<h2>LIGHTS, CAMERA, AND HAM! THE IBERIAN SENSE REWAKENS AT THE SAN SEBASTI\u00c1N FILM FESTIVAL<\/h2>\n<p>[\/et_pb_text][et_pb_text _builder_version=&#8221;4.13.0&#8243; _module_preset=&#8221;default&#8221; text_font_size=&#8221;16px&#8221; header_font=&#8221;|700||on|||||&#8221; header_text_color=&#8221;#a31c27&#8243; header_2_font=&#8221;|700||on|||||&#8221; header_2_text_color=&#8221;#a31c27&#8243; header_2_font_size=&#8221;30px&#8221; background_color=&#8221;RGBA(0,0,0,0)&#8221; z_index=&#8221;500&#8243; sticky_limit_bottom=&#8221;body&#8221; hover_enabled=&#8221;0&#8243; global_colors_info=&#8221;{}&#8221; sticky_enabled=&#8221;0&#8243;]<\/p>\n<p>For yet another year, <strong>cinema and gastronomy <\/strong>met again in the Gipuzkoan capital, on the occasion of a new edition of the <strong>San Sebasti\u00e1n International Film Festival. <\/strong>Appointment to which, the <strong>Iberian Hams of Spain <\/strong>, as <strong>Ambassadors of European culture, <\/strong>could not miss.<\/p>\n<p>The campaign <strong>&#8220;Iberian Hams from Spain, Ambassadors of Europe in the World&#8221;, <\/strong>promoted by ASICI, with the support of the EU, once again sponsored this event, for the <strong>eighth consecutive year, <\/strong>due to its <strong>global impact and its clear international projection <\/strong>, shared values with <strong>Iberian ham. <\/strong>In the words of <strong>Antonio Prieto, President of ASICI <\/strong>, \u201cLike the cinema, Iberian Ham is a unique, exciting and sensory experience. Hence the natural union that, year after year, has been forged in the incomparable setting of the San Sebastian International Film Festival\u201d<\/p>\n<p>All of this represented a <strong>\u201cfilm opportunity\u201d <\/strong>to consolidate the <strong>image of Iberian Ham <\/strong>as a <strong>gourmet product <\/strong>, unique in the world, as well as to <strong>awaken the Iberian Sense <\/strong>among <strong>lovers of the Seventh Art.<\/strong><\/p>\n<p>During the <strong>70th edition <\/strong>of this <strong>prestigious event, <\/strong>San Sebasti\u00e1n once again became a <strong>great stage <\/strong>for <strong>cinema and gastronomy, <\/strong>in which <strong>Iberian Hams <\/strong>were once again the <strong>protagonists, <\/strong>through different activities, such as <strong>free tastings <\/strong>, on the Bulevar in front of to the Town Hall, through which thousands of people were able to discover its <strong>unmistakable flavor, aroma and texture.<\/strong><\/p>\n<p>In addition, both at the <strong>opening party <\/strong>at the San Telmo Museum and at the <strong>closing ceremony of <\/strong>the event at the Miramar Palace, attendees were able to enjoy <strong>exhibitions of the art of cutting <\/strong>Iberico Ham, by <strong>master cutters <\/strong>. <br \/><strong><br \/><\/strong>As a climax, from <strong>Jamones Ib\u00e9ricos de Espa\u00f1a, <\/strong>we wanted to honor the actress <strong>Cristina Casta\u00f1o <\/strong>for her brilliant career with the delivery of an Iberian Ham, an award that in previous editions of the festival already received stars such as <strong>Karra Elejalde, Javier C\u00e1mara, Mar\u00eda Le\u00f3n , Jos\u00e9 Coronado, Ricardo Dar\u00edn , Los Javis , Santiago Segura, Elena Anaya, Juan Antonio Bayona <\/strong>, or <strong>Isaki Lacuesta , <\/strong>among others.<\/p>\n<p>All these activities served to <strong>project the benefits of Spanish Iberian Hams, <\/strong>and to <strong>awaken the Iberian Sense <\/strong>in <strong>thousands of people around the world.<\/strong><\/p>\n<p>[\/et_pb_text][\/et_pb_column][\/et_pb_row][et_pb_row use_custom_gutter=&#8221;on&#8221; gutter_width=&#8221;2&#8243; _builder_version=&#8221;4.13.0&#8243; _module_preset=&#8221;default&#8221; global_colors_info=&#8221;{}&#8221;][et_pb_column type=&#8221;4_4&#8243; _builder_version=&#8221;4.13.0&#8243; _module_preset=&#8221;default&#8221; global_colors_info=&#8221;{}&#8221;][et_pb_image src=&#8221;https:\/\/jamonesibericoseu.eu\/wp-content\/uploads\/2023\/02\/Cristina-Castan\u0303o_entrega-galardon-web.jpg&#8221; title_text=&#8221;Cristina Castan\u0303o_entrega galardon web&#8221; align=&#8221;center&#8221; _builder_version=&#8221;4.13.0&#8243; _module_preset=&#8221;default&#8221; global_colors_info=&#8221;{}&#8221;][\/et_pb_image][\/et_pb_column][\/et_pb_row][et_pb_row column_structure=&#8221;1_4,1_4,1_4,1_4&#8243; use_custom_gutter=&#8221;on&#8221; gutter_width=&#8221;2&#8243; _builder_version=&#8221;4.13.0&#8243; _module_preset=&#8221;default&#8221; global_colors_info=&#8221;{}&#8221;][et_pb_column type=&#8221;1_4&#8243; _builder_version=&#8221;4.13.0&#8243; _module_preset=&#8221;default&#8221; global_colors_info=&#8221;{}&#8221;][et_pb_image src=&#8221;https:\/\/jamonesibericoseu.eu\/wp-content\/uploads\/2023\/02\/Degustacio\u0301n-gratuita-de-Jamo\u0301n-Ibe\u0301rico-web.jpg&#8221; title_text=&#8221;Degustacio\u0301n gratuita de Jamo\u0301n Ibe\u0301rico web&#8221; _builder_version=&#8221;4.13.0&#8243; _module_preset=&#8221;default&#8221; global_colors_info=&#8221;{}&#8221;][\/et_pb_image][\/et_pb_column][et_pb_column type=&#8221;1_4&#8243; _builder_version=&#8221;4.13.0&#8243; _module_preset=&#8221;default&#8221; global_colors_info=&#8221;{}&#8221;][et_pb_image src=&#8221;https:\/\/jamonesibericoseu.eu\/wp-content\/uploads\/2023\/02\/Cristina-Castan\u0303o-recibe-el-premio-de-la-mano-del-presidente-de-ASICI-web.jpg&#8221; title_text=&#8221;Cristina Castan\u0303o recibe el premio de la mano del presidente de ASICI web&#8221; _builder_version=&#8221;4.13.0&#8243; _module_preset=&#8221;default&#8221; global_colors_info=&#8221;{}&#8221;][\/et_pb_image][\/et_pb_column][et_pb_column type=&#8221;1_4&#8243; _builder_version=&#8221;4.13.0&#8243; _module_preset=&#8221;default&#8221; global_colors_info=&#8221;{}&#8221;][et_pb_image src=&#8221;https:\/\/jamonesibericoseu.eu\/wp-content\/uploads\/2023\/02\/Ganadores-concha-de-oro_Los-reyes-del-mundo-web.jpg&#8221; title_text=&#8221;Ganadores concha de oro_Los reyes del mundo web&#8221; _builder_version=&#8221;4.13.0&#8243; _module_preset=&#8221;default&#8221; global_colors_info=&#8221;{}&#8221;][\/et_pb_image][\/et_pb_column][et_pb_column type=&#8221;1_4&#8243; _builder_version=&#8221;4.13.0&#8243; _module_preset=&#8221;default&#8221; global_colors_info=&#8221;{}&#8221;][et_pb_image src=&#8221;https:\/\/jamonesibericoseu.eu\/wp-content\/uploads\/2023\/02\/Stand-exterior-web.jpg&#8221; title_text=&#8221;Stand exterior web&#8221; _builder_version=&#8221;4.13.0&#8243; _module_preset=&#8221;default&#8221; global_colors_info=&#8221;{}&#8221;][\/et_pb_image][\/et_pb_column][\/et_pb_row][\/et_pb_section]<\/p>\n","protected":false},"excerpt":{"rendered":"<p>LIGHTS, CAMERA, AND HAM! THE IBERIAN SENSE REWAKENS AT THE SAN SEBASTI\u00c1N FILM FESTIVALFor yet another year, cinema and gastronomy met again in the Gipuzkoan capital, on the occasion of a new edition of the San Sebasti\u00e1n International Film Festival. Appointment to which, the Iberian Hams of Spain , as Ambassadors of European culture, could not miss. The campaign &#8220;Iberian Hams from Spain, Ambassadors of Europe in the World&#8221;, promoted by ASICI, with the support of the EU, once again sponsored this event, for the eighth consecutive year, due to its global impact and its clear international projection , shared values with Iberian ham. In the words of Antonio Prieto, President of ASICI , \u201cLike the cinema, Iberian Ham is a unique, exciting and sensory experience. Hence the natural union that, year after year, has been forged in the incomparable setting of the San Sebastian International Film Festival\u201d All of this represented a \u201cfilm opportunity\u201d to consolidate the image of Iberian Ham as a gourmet product , unique in the world, as well as to awaken the Iberian Sense among lovers of the Seventh Art. During the 70th edition of this prestigious event, San Sebasti\u00e1n once again became a great [&hellip;]<\/p>\n","protected":false},"author":1,"featured_media":0,"parent":4281,"menu_order":1,"comment_status":"closed","ping_status":"closed","template":"","meta":{"_et_pb_use_builder":"on","_et_pb_old_content":"","_et_gb_content_width":"","footnotes":""},"class_list":["post-6890","page","type-page","status-publish","hentry"],"_links":{"self":[{"href":"https:\/\/jamonesibericoseu.eu\/en\/wp-json\/wp\/v2\/pages\/6890","targetHints":{"allow":["GET"]}}],"collection":[{"href":"https:\/\/jamonesibericoseu.eu\/en\/wp-json\/wp\/v2\/pages"}],"about":[{"href":"https:\/\/jamonesibericoseu.eu\/en\/wp-json\/wp\/v2\/types\/page"}],"author":[{"embeddable":true,"href":"https:\/\/jamonesibericoseu.eu\/en\/wp-json\/wp\/v2\/users\/1"}],"replies":[{"embeddable":true,"href":"https:\/\/jamonesibericoseu.eu\/en\/wp-json\/wp\/v2\/comments?post=6890"}],"version-history":[{"count":3,"href":"https:\/\/jamonesibericoseu.eu\/en\/wp-json\/wp\/v2\/pages\/6890\/revisions"}],"predecessor-version":[{"id":6899,"href":"https:\/\/jamonesibericoseu.eu\/en\/wp-json\/wp\/v2\/pages\/6890\/revisions\/6899"}],"up":[{"embeddable":true,"href":"https:\/\/jamonesibericoseu.eu\/en\/wp-json\/wp\/v2\/pages\/4281"}],"wp:attachment":[{"href":"https:\/\/jamonesibericoseu.eu\/en\/wp-json\/wp\/v2\/media?parent=6890"}],"curies":[{"name":"wp","href":"https:\/\/api.w.org\/{rel}","templated":true}]}}