{"id":5006,"date":"2022-09-07T11:31:40","date_gmt":"2022-09-07T11:31:40","guid":{"rendered":"https:\/\/jamonesibericoseu.eu\/events\/the-iberico-sense-notable-at-cannes-festival\/"},"modified":"2022-09-07T11:41:09","modified_gmt":"2022-09-07T11:41:09","slug":"the-iberico-sense-notable-at-cannes-festival","status":"publish","type":"page","link":"https:\/\/jamonesibericoseu.eu\/en\/events\/the-iberico-sense-notable-at-cannes-festival\/","title":{"rendered":"The Ib\u00e9rico Sense notable at Cannes Festival"},"content":{"rendered":"<p>[et_pb_section fb_built=&#8221;1&#8243; _builder_version=&#8221;4.10.8&#8243; _module_preset=&#8221;default&#8221; global_colors_info=&#8221;{}&#8221;][et_pb_row _builder_version=&#8221;4.10.8&#8243; _module_preset=&#8221;default&#8221; global_colors_info=&#8221;{}&#8221;][et_pb_column type=&#8221;4_4&#8243; _builder_version=&#8221;4.10.8&#8243; _module_preset=&#8221;default&#8221; global_colors_info=&#8221;{}&#8221;][et_pb_text _builder_version=&#8221;4.13.0&#8243; _module_preset=&#8221;default&#8221; text_font_size=&#8221;16px&#8221; header_font=&#8221;|700||on|||||&#8221; header_text_align=&#8221;center&#8221; header_text_color=&#8221;#a31c27&#8243; header_2_font=&#8221;|700||on|||||&#8221; header_2_text_align=&#8221;center&#8221; header_2_text_color=&#8221;#a31c27&#8243; header_2_font_size=&#8221;30px&#8221; header_2_line_height=&#8221;1.2em&#8221; background_color=&#8221;RGBA(0,0,0,0)&#8221; z_index=&#8221;500&#8243; width=&#8221;80%&#8221; module_alignment=&#8221;center&#8221; sticky_limit_bottom=&#8221;body&#8221; global_colors_info=&#8221;{}&#8221;]<\/p>\n<h2>THE IB\u00c9RICO SENSE NOTABLE AT CANNES FESTIVAL<\/h2>\n<p>[\/et_pb_text][et_pb_text _builder_version=&#8221;4.13.0&#8243; _module_preset=&#8221;default&#8221; text_font_size=&#8221;16px&#8221; header_font=&#8221;|700||on|||||&#8221; header_text_color=&#8221;#a31c27&#8243; header_2_font=&#8221;|700||on|||||&#8221; header_2_text_color=&#8221;#a31c27&#8243; header_2_font_size=&#8221;30px&#8221; background_color=&#8221;RGBA(0,0,0,0)&#8221; z_index=&#8221;500&#8243; sticky_limit_bottom=&#8221;body&#8221; hover_enabled=&#8221;0&#8243; global_colors_info=&#8221;{}&#8221; sticky_enabled=&#8221;0&#8243;]<\/p>\n<p>The campaign <strong>\u201cJamones Ib\u00e9ricos from Spain, Ambassadors of Europe in the World\u201d<\/strong>, promoted by ASICI and the EU, begins a successful relationship with the <strong>Cannes International Film Festival<\/strong>; one of the most important events in the film industry.<\/p>\n<p>In <strong>May 2022<\/strong>, Jamones Ib\u00e9ricos had a notable presence at the festival as an official sponsor of <strong>\u201cThe Members Club\u201d (TMC)<\/strong>, an exclusive space and one of the most important meeting points of the film industry in Cannes. Here, producers, actors, celebrities, directors, distributors, and industry professionals gather, and we offered them product tastings as well as campaign merchandise.<\/p>\n<p>Thanks to the stand located in a strategic area, attendees were able to enjoy the <strong>taste<\/strong>, <strong>aroma, <\/strong>and <strong>texture<\/strong> of <strong>Jamones Ib\u00e9ricos from Spain<\/strong>, as well as awaken their <strong>Ib\u00e9rico Sense<\/strong>.<\/p>\n<p>These promotional activities and tastings also took place in the <strong>\u201cDeadline Studio\u201d<\/strong> area, created by the prestigious <strong>American film publication Deadline. <\/strong>It is a private and exclusive lounge located in the heart of the festival, where <strong>figures from the film world <\/strong>were able to enjoy our <strong>Jamones Ib\u00e9ricos<\/strong>.<\/p>\n<p>We also presented the <strong>\u201cIb\u00e9rico Ham Award\u201d,<\/strong> a lifetime honorary recognition, which went to Director <strong>Jer\u00f4me Paillard<\/strong> for his long and successful professional career.<\/p>\n<p>In his own words: \u201cMy relationship with Jam\u00f3n Ib\u00e9rico has been going on for a long time. I visit San Sebastian every year and always try to order a plate of Jam\u00f3n Ib\u00e9rico. Like any good foodie, I enjoy Jam\u00f3n Ib\u00e9rico. It\u2019s the best award I can receive; it\u2019s fantastic recognition\u201d, said J\u00e9r\u00f3me Paillard, after receiving the spectacular Jam\u00f3n Ib\u00e9rico from the hands of ASICI Chairman Antonio Prieto.<\/p>\n<p>According to <strong>Antonio Prieto,<\/strong> \u201cJam\u00f3n Ib\u00e9rico, like cinema, maintains a close link with the culture and tradition of an entire people. It tries to tell a story through taste and aroma. Our relationship with cinema began 8 years ago with the San Sebastian International Film Festival. Now, we have teamed up with one of the most important film festivals in the world, the Cannes Film Festival, to close the circle and keep the connection between cinema and Jam\u00f3n Ib\u00e9rico alive, an emblematic product from our culinary universe.\u201d<\/p>\n<p>The campaign continues to awaken the <strong>Ib\u00e9rico Sense<\/strong> among <strong>lovers of the big screen.<\/strong><\/p>\n<p>&nbsp;<\/p>\n<p>[\/et_pb_text][\/et_pb_column][\/et_pb_row][et_pb_row column_structure=&#8221;1_4,1_4,1_4,1_4&#8243; use_custom_gutter=&#8221;on&#8221; gutter_width=&#8221;2&#8243; _builder_version=&#8221;4.13.0&#8243; _module_preset=&#8221;default&#8221; global_colors_info=&#8221;{}&#8221;][et_pb_column type=&#8221;1_4&#8243; _builder_version=&#8221;4.13.0&#8243; _module_preset=&#8221;default&#8221; global_colors_info=&#8221;{}&#8221;][et_pb_image src=&#8221;https:\/\/jamonesibericoseu.eu\/wp-content\/uploads\/2022\/09\/cannes_01.jpg&#8221; title_text=&#8221;cannes_01&#8243; align=&#8221;center&#8221; _builder_version=&#8221;4.13.0&#8243; _module_preset=&#8221;default&#8221; global_colors_info=&#8221;{}&#8221;][\/et_pb_image][\/et_pb_column][et_pb_column type=&#8221;1_4&#8243; _builder_version=&#8221;4.13.0&#8243; _module_preset=&#8221;default&#8221; global_colors_info=&#8221;{}&#8221;][et_pb_image src=&#8221;https:\/\/jamonesibericoseu.eu\/wp-content\/uploads\/2022\/09\/cannes_02.jpg&#8221; title_text=&#8221;cannes_02&#8243; _builder_version=&#8221;4.13.0&#8243; _module_preset=&#8221;default&#8221; global_colors_info=&#8221;{}&#8221;][\/et_pb_image][\/et_pb_column][et_pb_column type=&#8221;1_4&#8243; _builder_version=&#8221;4.13.0&#8243; _module_preset=&#8221;default&#8221; global_colors_info=&#8221;{}&#8221;][et_pb_image src=&#8221;https:\/\/jamonesibericoseu.eu\/wp-content\/uploads\/2022\/09\/cannes_03.jpg&#8221; title_text=&#8221;cannes_03&#8243; _builder_version=&#8221;4.13.0&#8243; _module_preset=&#8221;default&#8221; global_colors_info=&#8221;{}&#8221;][\/et_pb_image][\/et_pb_column][et_pb_column type=&#8221;1_4&#8243; _builder_version=&#8221;4.13.0&#8243; _module_preset=&#8221;default&#8221; global_colors_info=&#8221;{}&#8221;][et_pb_image src=&#8221;https:\/\/jamonesibericoseu.eu\/wp-content\/uploads\/2022\/09\/cannes_04.jpg&#8221; title_text=&#8221;cannes_04&#8243; _builder_version=&#8221;4.13.0&#8243; _module_preset=&#8221;default&#8221; global_colors_info=&#8221;{}&#8221;][\/et_pb_image][\/et_pb_column][\/et_pb_row][et_pb_row column_structure=&#8221;1_4,1_4,1_4,1_4&#8243; use_custom_gutter=&#8221;on&#8221; gutter_width=&#8221;2&#8243; _builder_version=&#8221;4.13.0&#8243; _module_preset=&#8221;default&#8221; custom_padding=&#8221;0px||||false|false&#8221; global_colors_info=&#8221;{}&#8221;][et_pb_column type=&#8221;1_4&#8243; _builder_version=&#8221;4.13.0&#8243; _module_preset=&#8221;default&#8221; global_colors_info=&#8221;{}&#8221;][et_pb_image src=&#8221;https:\/\/jamonesibericoseu.eu\/wp-content\/uploads\/2022\/09\/cannes_05.jpg&#8221; title_text=&#8221;cannes_05&#8243; align=&#8221;center&#8221; _builder_version=&#8221;4.13.0&#8243; _module_preset=&#8221;default&#8221; global_colors_info=&#8221;{}&#8221;][\/et_pb_image][\/et_pb_column][et_pb_column type=&#8221;1_4&#8243; _builder_version=&#8221;4.13.0&#8243; _module_preset=&#8221;default&#8221; global_colors_info=&#8221;{}&#8221;][et_pb_image src=&#8221;https:\/\/jamonesibericoseu.eu\/wp-content\/uploads\/2022\/09\/cannes_06.jpg&#8221; title_text=&#8221;cannes_06&#8243; _builder_version=&#8221;4.13.0&#8243; _module_preset=&#8221;default&#8221; global_colors_info=&#8221;{}&#8221;][\/et_pb_image][\/et_pb_column][et_pb_column type=&#8221;1_4&#8243; _builder_version=&#8221;4.13.0&#8243; _module_preset=&#8221;default&#8221; global_colors_info=&#8221;{}&#8221;][et_pb_image src=&#8221;https:\/\/jamonesibericoseu.eu\/wp-content\/uploads\/2022\/09\/cannes_07.jpg&#8221; title_text=&#8221;Deadline Studio at Cannes Film Festival &#8211; Arrivals&#8221; _builder_version=&#8221;4.13.0&#8243; _module_preset=&#8221;default&#8221; global_colors_info=&#8221;{}&#8221;][\/et_pb_image][\/et_pb_column][et_pb_column type=&#8221;1_4&#8243; _builder_version=&#8221;4.13.0&#8243; _module_preset=&#8221;default&#8221; global_colors_info=&#8221;{}&#8221;][et_pb_image src=&#8221;https:\/\/jamonesibericoseu.eu\/wp-content\/uploads\/2022\/09\/cannes_08.jpg&#8221; title_text=&#8221;cannes_08&#8243; _builder_version=&#8221;4.13.0&#8243; _module_preset=&#8221;default&#8221; global_colors_info=&#8221;{}&#8221;][\/et_pb_image][\/et_pb_column][\/et_pb_row][\/et_pb_section]<\/p>\n","protected":false},"excerpt":{"rendered":"<p>THE IB\u00c9RICO SENSE NOTABLE AT CANNES FESTIVALThe campaign \u201cJamones Ib\u00e9ricos from Spain, Ambassadors of Europe in the World\u201d, promoted by ASICI and the EU, begins a successful relationship with the Cannes International Film Festival; one of the most important events in the film industry. In May 2022, Jamones Ib\u00e9ricos had a notable presence at the festival as an official sponsor of \u201cThe Members Club\u201d (TMC), an exclusive space and one of the most important meeting points of the film industry in Cannes. Here, producers, actors, celebrities, directors, distributors, and industry professionals gather, and we offered them product tastings as well as campaign merchandise. Thanks to the stand located in a strategic area, attendees were able to enjoy the taste, aroma, and texture of Jamones Ib\u00e9ricos from Spain, as well as awaken their Ib\u00e9rico Sense. These promotional activities and tastings also took place in the \u201cDeadline Studio\u201d area, created by the prestigious American film publication Deadline. It is a private and exclusive lounge located in the heart of the festival, where figures from the film world were able to enjoy our Jamones Ib\u00e9ricos. We also presented the \u201cIb\u00e9rico Ham Award\u201d, a lifetime honorary recognition, which went to Director Jer\u00f4me Paillard for [&hellip;]<\/p>\n","protected":false},"author":1,"featured_media":0,"parent":4281,"menu_order":1,"comment_status":"closed","ping_status":"closed","template":"","meta":{"_et_pb_use_builder":"on","_et_pb_old_content":"","_et_gb_content_width":"","footnotes":""},"class_list":["post-5006","page","type-page","status-publish","hentry"],"_links":{"self":[{"href":"https:\/\/jamonesibericoseu.eu\/en\/wp-json\/wp\/v2\/pages\/5006","targetHints":{"allow":["GET"]}}],"collection":[{"href":"https:\/\/jamonesibericoseu.eu\/en\/wp-json\/wp\/v2\/pages"}],"about":[{"href":"https:\/\/jamonesibericoseu.eu\/en\/wp-json\/wp\/v2\/types\/page"}],"author":[{"embeddable":true,"href":"https:\/\/jamonesibericoseu.eu\/en\/wp-json\/wp\/v2\/users\/1"}],"replies":[{"embeddable":true,"href":"https:\/\/jamonesibericoseu.eu\/en\/wp-json\/wp\/v2\/comments?post=5006"}],"version-history":[{"count":4,"href":"https:\/\/jamonesibericoseu.eu\/en\/wp-json\/wp\/v2\/pages\/5006\/revisions"}],"predecessor-version":[{"id":5015,"href":"https:\/\/jamonesibericoseu.eu\/en\/wp-json\/wp\/v2\/pages\/5006\/revisions\/5015"}],"up":[{"embeddable":true,"href":"https:\/\/jamonesibericoseu.eu\/en\/wp-json\/wp\/v2\/pages\/4281"}],"wp:attachment":[{"href":"https:\/\/jamonesibericoseu.eu\/en\/wp-json\/wp\/v2\/media?parent=5006"}],"curies":[{"name":"wp","href":"https:\/\/api.w.org\/{rel}","templated":true}]}}