{"id":4649,"date":"2022-04-18T11:30:06","date_gmt":"2022-04-18T11:30:06","guid":{"rendered":"https:\/\/jamonesibericoseu.eu\/events\/the-first-international-jamon-iberico-cutting-contest\/"},"modified":"2022-04-18T11:35:34","modified_gmt":"2022-04-18T11:35:34","slug":"the-first-international-jamon-iberico-cutting-contest","status":"publish","type":"page","link":"https:\/\/jamonesibericoseu.eu\/en\/events\/the-first-international-jamon-iberico-cutting-contest\/","title":{"rendered":"The First International Jam\u00f3n Ib\u00e9rico Cutting Contest"},"content":{"rendered":"<p>[et_pb_section fb_built=&#8221;1&#8243; _builder_version=&#8221;4.10.8&#8243; _module_preset=&#8221;default&#8221; global_colors_info=&#8221;{}&#8221;][et_pb_row _builder_version=&#8221;4.10.8&#8243; _module_preset=&#8221;default&#8221; global_colors_info=&#8221;{}&#8221;][et_pb_column type=&#8221;4_4&#8243; _builder_version=&#8221;4.10.8&#8243; _module_preset=&#8221;default&#8221; global_colors_info=&#8221;{}&#8221;][et_pb_text _builder_version=&#8221;4.13.0&#8243; _module_preset=&#8221;default&#8221; text_font_size=&#8221;16px&#8221; header_font=&#8221;|700||on|||||&#8221; header_text_align=&#8221;center&#8221; header_text_color=&#8221;#a31c27&#8243; header_2_font=&#8221;|700||on|||||&#8221; header_2_text_align=&#8221;center&#8221; header_2_text_color=&#8221;#a31c27&#8243; header_2_font_size=&#8221;30px&#8221; header_2_line_height=&#8221;1.2em&#8221; background_color=&#8221;RGBA(0,0,0,0)&#8221; z_index=&#8221;500&#8243; width=&#8221;80%&#8221; module_alignment=&#8221;center&#8221; sticky_limit_bottom=&#8221;body&#8221; global_colors_info=&#8221;{}&#8221;]<\/p>\n<h2>THE FIRST INTERNATIONAL JAM\u00d3N IB\u00c9RICO CUTTING CONTEST<\/h2>\n<p>[\/et_pb_text][et_pb_text _builder_version=&#8221;4.13.0&#8243; _module_preset=&#8221;default&#8221; text_font_size=&#8221;16px&#8221; header_font=&#8221;|700||on|||||&#8221; header_text_color=&#8221;#a31c27&#8243; header_2_font=&#8221;|700||on|||||&#8221; header_2_text_color=&#8221;#a31c27&#8243; header_2_font_size=&#8221;30px&#8221; background_color=&#8221;RGBA(0,0,0,0)&#8221; z_index=&#8221;500&#8243; sticky_limit_bottom=&#8221;body&#8221; hover_enabled=&#8221;0&#8243; global_colors_info=&#8221;{}&#8221; sticky_enabled=&#8221;0&#8243;]<\/p>\n<p>On <strong>30 November 2021<\/strong>, the grand final of the <strong>first international Jam\u00f3n Ib\u00e9rico cutting contest was held<\/strong>, promoted by the <strong>11th World Ham Congress<\/strong> and the <strong>National Association of Ham Cutters (ANCJ)<\/strong>, with the collaboration of <strong>Jamon Lovers<\/strong> and official sponsorship by <strong>ASICI.<\/strong><\/p>\n<p>From the <strong>cutters<\/strong> who registered to participate in the <strong>preliminary phase<\/strong> of the competition, <strong>10 semi-finalists<\/strong> were chosen through an <strong>online vote on the website: <\/strong><a href=\"http:\/\/www.congresomundialdeljamon.es\/concurso-remate-jamon-votaciones\/\">http:\/\/www.congresomundialdeljamon.es\/concurso-remate-jamon-votaciones\/<\/a><\/p>\n<p>From these 10 semi-finalists, <strong>the contest panel chose the 4 best<\/strong>, who competed in the <strong>grand final,<\/strong> in person, in Madrid.<\/p>\n<p>The finalists had to pass <strong>2 tests<\/strong>: a <strong>theoretical<\/strong> one, in which the participants had 5 minutes to explain the correct position for performing the third Jam\u00f3n Ib\u00e9rico cut; and a<strong> practical<\/strong> one, in which they had 30 minutes to <strong>cut a complete Jam\u00f3n Ib\u00e9rico<\/strong> and perform a <strong>third cut and finish off the ham.<\/strong><\/p>\n<p>The panel scored aspects such as the <strong>thickness and size of the slice<\/strong>, the quality of the slice, the general cleanliness (of the cutting station and floor), <strong>the plating, the cutting style<\/strong>, the attitude transmitted when cutting, sensory parameters of the slices of the third cut, or the <strong>cutting technique and the execution of the dishes.<\/strong><\/p>\n<p>All of these are fundamental aspects to <strong>awaken the \u201cIb\u00e9rico Sense\u201d<\/strong> among <strong>consumers<\/strong> around the world.<\/p>\n<p>[\/et_pb_text][\/et_pb_column][\/et_pb_row][et_pb_row use_custom_gutter=&#8221;on&#8221; gutter_width=&#8221;2&#8243; _builder_version=&#8221;4.13.0&#8243; _module_preset=&#8221;default&#8221; global_colors_info=&#8221;{}&#8221;][et_pb_column type=&#8221;4_4&#8243; _builder_version=&#8221;4.13.0&#8243; _module_preset=&#8221;default&#8221; global_colors_info=&#8221;{}&#8221;][et_pb_image src=&#8221;https:\/\/jamonesibericoseu.eu\/wp-content\/uploads\/2022\/04\/Concurso_cortadores.jpg&#8221; title_text=&#8221;Concurso_cortadores&#8221; align=&#8221;center&#8221; _builder_version=&#8221;4.13.0&#8243; _module_preset=&#8221;default&#8221; global_colors_info=&#8221;{}&#8221;][\/et_pb_image][\/et_pb_column][\/et_pb_row][\/et_pb_section]<\/p>\n","protected":false},"excerpt":{"rendered":"<p>THE FIRST INTERNATIONAL JAM\u00d3N IB\u00c9RICO CUTTING CONTESTOn 30 November 2021, the grand final of the first international Jam\u00f3n Ib\u00e9rico cutting contest was held, promoted by the 11th World Ham Congress and the National Association of Ham Cutters (ANCJ), with the collaboration of Jamon Lovers and official sponsorship by ASICI. From the cutters who registered to participate in the preliminary phase of the competition, 10 semi-finalists were chosen through an online vote on the website: http:\/\/www.congresomundialdeljamon.es\/concurso-remate-jamon-votaciones\/ From these 10 semi-finalists, the contest panel chose the 4 best, who competed in the grand final, in person, in Madrid. The finalists had to pass 2 tests: a theoretical one, in which the participants had 5 minutes to explain the correct position for performing the third Jam\u00f3n Ib\u00e9rico cut; and a practical one, in which they had 30 minutes to cut a complete Jam\u00f3n Ib\u00e9rico and perform a third cut and finish off the ham. The panel scored aspects such as the thickness and size of the slice, the quality of the slice, the general cleanliness (of the cutting station and floor), the plating, the cutting style, the attitude transmitted when cutting, sensory parameters of the slices of the third cut, or the cutting [&hellip;]<\/p>\n","protected":false},"author":1,"featured_media":0,"parent":4281,"menu_order":1,"comment_status":"closed","ping_status":"closed","template":"","meta":{"_et_pb_use_builder":"on","_et_pb_old_content":"","_et_gb_content_width":"","footnotes":""},"class_list":["post-4649","page","type-page","status-publish","hentry"],"_links":{"self":[{"href":"https:\/\/jamonesibericoseu.eu\/en\/wp-json\/wp\/v2\/pages\/4649","targetHints":{"allow":["GET"]}}],"collection":[{"href":"https:\/\/jamonesibericoseu.eu\/en\/wp-json\/wp\/v2\/pages"}],"about":[{"href":"https:\/\/jamonesibericoseu.eu\/en\/wp-json\/wp\/v2\/types\/page"}],"author":[{"embeddable":true,"href":"https:\/\/jamonesibericoseu.eu\/en\/wp-json\/wp\/v2\/users\/1"}],"replies":[{"embeddable":true,"href":"https:\/\/jamonesibericoseu.eu\/en\/wp-json\/wp\/v2\/comments?post=4649"}],"version-history":[{"count":5,"href":"https:\/\/jamonesibericoseu.eu\/en\/wp-json\/wp\/v2\/pages\/4649\/revisions"}],"predecessor-version":[{"id":4662,"href":"https:\/\/jamonesibericoseu.eu\/en\/wp-json\/wp\/v2\/pages\/4649\/revisions\/4662"}],"up":[{"embeddable":true,"href":"https:\/\/jamonesibericoseu.eu\/en\/wp-json\/wp\/v2\/pages\/4281"}],"wp:attachment":[{"href":"https:\/\/jamonesibericoseu.eu\/en\/wp-json\/wp\/v2\/media?parent=4649"}],"curies":[{"name":"wp","href":"https:\/\/api.w.org\/{rel}","templated":true}]}}