{"id":4467,"date":"2022-03-21T12:23:22","date_gmt":"2022-03-21T12:23:22","guid":{"rendered":"https:\/\/jamonesibericoseu.eu\/press-releases\/featured-posts\/"},"modified":"2022-03-21T12:25:58","modified_gmt":"2022-03-21T12:25:58","slug":"featured-posts","status":"publish","type":"page","link":"https:\/\/jamonesibericoseu.eu\/en\/press-releases\/featured-posts\/","title":{"rendered":"Featured Posts"},"content":{"rendered":"<p>[et_pb_section fb_built=&#8221;1&#8243; _builder_version=&#8221;4.10.8&#8243; _module_preset=&#8221;default&#8221; global_colors_info=&#8221;{}&#8221;][et_pb_row column_structure=&#8221;1_2,1_2&#8243; _builder_version=&#8221;4.10.8&#8243; _module_preset=&#8221;default&#8221; global_colors_info=&#8221;{}&#8221;][et_pb_column type=&#8221;1_2&#8243; _builder_version=&#8221;4.10.8&#8243; _module_preset=&#8221;default&#8221; global_colors_info=&#8221;{}&#8221;][et_pb_image src=&#8221;https:\/\/jamonesibericoseu.eu\/wp-content\/uploads\/2021\/09\/Magazine-Mockup.jpg&#8221; title_text=&#8221;Magazine-Mockup&#8221; _builder_version=&#8221;4.10.8&#8243; _module_preset=&#8221;default&#8221; global_colors_info=&#8221;{}&#8221;][\/et_pb_image][\/et_pb_column][et_pb_column type=&#8221;1_2&#8243; _builder_version=&#8221;4.10.8&#8243; _module_preset=&#8221;default&#8221; global_colors_info=&#8221;{}&#8221;][et_pb_text _builder_version=&#8221;4.13.0&#8243; _module_preset=&#8221;default&#8221; header_font=&#8221;|700|||||||&#8221; header_text_color=&#8221;#a31c27&#8243; header_line_height=&#8221;1.2em&#8221; hover_enabled=&#8221;0&#8243; global_colors_info=&#8221;{}&#8221; sticky_enabled=&#8221;0&#8243;]<\/p>\n<h1>THE IB\u00c9RICO SENNSE IN THE MEDIA<\/h1>\n<p>Our Jamones Ib\u00e9ricos are not only the centre of attention at your table, they are also in the news&#8230; all over the world!<\/p>\n<p>Here you will discover the juiciest news about Jam\u00f3n Ib\u00e9rico and its sector, in the most relevant international media.<\/p>\n<p>Because our Jamones Ib\u00e9ricos, and the Ib\u00e9rico Sense, know no boundaries, and reach all corners of the world.<\/p>\n<p>[\/et_pb_text][\/et_pb_column][\/et_pb_row][\/et_pb_section][et_pb_section fb_built=&#8221;1&#8243; _builder_version=&#8221;4.10.8&#8243; _module_preset=&#8221;default&#8221; custom_margin=&#8221;||0px||false|false&#8221; custom_padding=&#8221;||0px||false|false&#8221; global_colors_info=&#8221;{}&#8221;][et_pb_row _builder_version=&#8221;4.10.8&#8243; _module_preset=&#8221;default&#8221; global_colors_info=&#8221;{}&#8221;][et_pb_column type=&#8221;4_4&#8243; _builder_version=&#8221;4.10.8&#8243; _module_preset=&#8221;default&#8221; global_colors_info=&#8221;{}&#8221;][et_pb_image src=&#8221;https:\/\/jamonesibericoseu.eu\/wp-content\/uploads\/2022\/01\/20_min_gastronomia.jpg&#8221; title_text=&#8221;20_min_gastronomia&#8221; url=&#8221;https:\/\/www.20minutos.es\/gastronomia\/productos\/los-cinco-detalles-en-los-que-debes-fijarte-para-elegir-un-jamon-iberico-de-verdadera-calidad-4923273\/&#8221; url_new_window=&#8221;on&#8221; _builder_version=&#8221;4.13.0&#8243; _module_preset=&#8221;default&#8221; global_colors_info=&#8221;{}&#8221;][\/et_pb_image][et_pb_divider divider_weight=&#8221;2px&#8221; _builder_version=&#8221;4.13.0&#8243; _module_preset=&#8221;default&#8221; width=&#8221;60%&#8221; module_alignment=&#8221;center&#8221; custom_margin=&#8221;||25px||false|false&#8221; custom_padding=&#8221;15px||||false|false&#8221; global_colors_info=&#8221;{}&#8221;][\/et_pb_divider][et_pb_image src=&#8221;https:\/\/jamonesibericoseu.eu\/wp-content\/uploads\/2022\/01\/la_razon_gastronomia.jpg&#8221; title_text=&#8221;la_razon_gastronomia&#8221; url=&#8221;https:\/\/www.larazon.es\/gastronomia\/20211223\/aslgtudo7jcy5ag4g6aidexiwe.html&#8221; url_new_window=&#8221;on&#8221; _builder_version=&#8221;4.13.0&#8243; _module_preset=&#8221;default&#8221; global_colors_info=&#8221;{}&#8221;][\/et_pb_image][et_pb_divider divider_weight=&#8221;2px&#8221; _builder_version=&#8221;4.13.0&#8243; _module_preset=&#8221;default&#8221; width=&#8221;60%&#8221; module_alignment=&#8221;center&#8221; custom_margin=&#8221;||25px||false|false&#8221; custom_padding=&#8221;15px||||false|false&#8221; global_colors_info=&#8221;{}&#8221;][\/et_pb_divider][et_pb_image src=&#8221;https:\/\/jamonesibericoseu.eu\/wp-content\/uploads\/2022\/01\/agronoma.jpg&#8221; title_text=&#8221;agronoma&#8221; url=&#8221;https:\/\/sevilla.abc.es\/agronoma\/noticias\/analistas\/os-animo-jamon\/&#8221; url_new_window=&#8221;on&#8221; _builder_version=&#8221;4.13.0&#8243; _module_preset=&#8221;default&#8221; global_colors_info=&#8221;{}&#8221;][\/et_pb_image][et_pb_divider divider_weight=&#8221;2px&#8221; _builder_version=&#8221;4.13.0&#8243; _module_preset=&#8221;default&#8221; width=&#8221;60%&#8221; module_alignment=&#8221;center&#8221; custom_margin=&#8221;||25px||false|false&#8221; custom_padding=&#8221;15px||||false|false&#8221; global_colors_info=&#8221;{}&#8221;][\/et_pb_divider][et_pb_image src=&#8221;https:\/\/jamonesibericoseu.eu\/wp-content\/uploads\/2022\/01\/braunschweiger.jpg&#8221; title_text=&#8221;braunschweiger&#8221; url=&#8221;https:\/\/www.braunschweiger-zeitung.de\/wirtschaft\/presseportal\/article234138265\/Mediterranes-Flair-unter-dem-Weihnachtsbaum-Das-Weihnachtsessen-mit-iberischem-Schinken-zum-Erlebnis-werden-lassen.html&#8221; url_new_window=&#8221;on&#8221; _builder_version=&#8221;4.13.0&#8243; _module_preset=&#8221;default&#8221; global_colors_info=&#8221;{}&#8221;][\/et_pb_image][et_pb_divider divider_weight=&#8221;2px&#8221; _builder_version=&#8221;4.13.0&#8243; _module_preset=&#8221;default&#8221; width=&#8221;60%&#8221; module_alignment=&#8221;center&#8221; custom_margin=&#8221;||25px||false|false&#8221; custom_padding=&#8221;15px||||false|false&#8221; global_colors_info=&#8221;{}&#8221;][\/et_pb_divider][et_pb_image src=&#8221;https:\/\/jamonesibericoseu.eu\/wp-content\/uploads\/2022\/01\/finanznachrichten.jpg&#8221; title_text=&#8221;finanznachrichten&#8221; url=&#8221;https:\/\/www.finanznachrichten.de\/nachrichten-2021-12\/54802463-mediterranes-flair-unter-dem-weihnachtsbaum-das-weihnachtsessen-mit-iberischem-schinken-zum-erlebnis-werden-lassen-007.htm&#8221; url_new_window=&#8221;on&#8221; _builder_version=&#8221;4.13.0&#8243; _module_preset=&#8221;default&#8221; global_colors_info=&#8221;{}&#8221;][\/et_pb_image][et_pb_divider divider_weight=&#8221;2px&#8221; _builder_version=&#8221;4.13.0&#8243; _module_preset=&#8221;default&#8221; width=&#8221;60%&#8221; module_alignment=&#8221;center&#8221; custom_margin=&#8221;||25px||false|false&#8221; custom_padding=&#8221;15px||||false|false&#8221; global_colors_info=&#8221;{}&#8221;][\/et_pb_divider][et_pb_image src=&#8221;https:\/\/jamonesibericoseu.eu\/wp-content\/uploads\/2022\/01\/saarbru\u0308cker_zeitung.jpg&#8221; title_text=&#8221;saarbru\u0308cker_zeitung&#8221; url=&#8221;https:\/\/www.saarbruecker-zeitung.de\/app\/consent\/?ref=https:\/\/www.saarbruecker-zeitung.de\/pr\/presseportal\/mediterranes-flair-unter-dem-weihnachtsbaum-das-weihnachtsessen-mit-iberischem-schinken-zum-erlebnis-werden-lassen_aid-64735759&#8243; url_new_window=&#8221;on&#8221; _builder_version=&#8221;4.13.0&#8243; _module_preset=&#8221;default&#8221; global_colors_info=&#8221;{}&#8221;][\/et_pb_image][et_pb_divider divider_weight=&#8221;2px&#8221; _builder_version=&#8221;4.13.0&#8243; _module_preset=&#8221;default&#8221; width=&#8221;60%&#8221; module_alignment=&#8221;center&#8221; custom_margin=&#8221;||25px||false|false&#8221; custom_padding=&#8221;15px||||false|false&#8221; global_colors_info=&#8221;{}&#8221;][\/et_pb_divider][et_pb_image src=&#8221;https:\/\/jamonesibericoseu.eu\/wp-content\/uploads\/2022\/01\/femme_actuelle.jpg&#8221; title_text=&#8221;femme_actuelle&#8221; url=&#8221;https:\/\/www.femmeactuelle.fr\/cuisine\/recettes\/entree\/poelee-de-calamars-cepes-au-jambon-iberique-250931&#8243; url_new_window=&#8221;on&#8221; _builder_version=&#8221;4.13.0&#8243; _module_preset=&#8221;default&#8221; global_colors_info=&#8221;{}&#8221;][\/et_pb_image][et_pb_divider divider_weight=&#8221;2px&#8221; _builder_version=&#8221;4.13.0&#8243; _module_preset=&#8221;default&#8221; width=&#8221;60%&#8221; module_alignment=&#8221;center&#8221; custom_margin=&#8221;||25px||false|false&#8221; custom_padding=&#8221;15px||||false|false&#8221; global_colors_info=&#8221;{}&#8221;][\/et_pb_divider][et_pb_image src=&#8221;https:\/\/jamonesibericoseu.eu\/wp-content\/uploads\/2022\/01\/faire_savoir_france.jpg&#8221; title_text=&#8221;faire_savoir_france&#8221; url=&#8221;https:\/\/www.fairesavoirfaire.com\/marche-frais-surgeles\/2021\/12\/17\/l-asici-lance-une-campagne-de-promotion-internationale-considerable-pour-le-secteur-iberique_9729&#8243; url_new_window=&#8221;on&#8221; _builder_version=&#8221;4.13.0&#8243; _module_preset=&#8221;default&#8221; global_colors_info=&#8221;{}&#8221;][\/et_pb_image][\/et_pb_column][\/et_pb_row][\/et_pb_section]<\/p>\n","protected":false},"excerpt":{"rendered":"<p>THE IB\u00c9RICO SENNSE IN THE MEDIA Our Jamones Ib\u00e9ricos are not only the centre of attention at your table, they are also in the news&#8230; all over the world! Here you will discover the juiciest news about Jam\u00f3n Ib\u00e9rico and its sector, in the most relevant international media. Because our Jamones Ib\u00e9ricos, and the Ib\u00e9rico Sense, know no boundaries, and reach all corners of the world.<\/p>\n","protected":false},"author":1,"featured_media":0,"parent":4445,"menu_order":1,"comment_status":"closed","ping_status":"closed","template":"","meta":{"_et_pb_use_builder":"on","_et_pb_old_content":"","_et_gb_content_width":"","footnotes":""},"class_list":["post-4467","page","type-page","status-publish","hentry"],"_links":{"self":[{"href":"https:\/\/jamonesibericoseu.eu\/en\/wp-json\/wp\/v2\/pages\/4467","targetHints":{"allow":["GET"]}}],"collection":[{"href":"https:\/\/jamonesibericoseu.eu\/en\/wp-json\/wp\/v2\/pages"}],"about":[{"href":"https:\/\/jamonesibericoseu.eu\/en\/wp-json\/wp\/v2\/types\/page"}],"author":[{"embeddable":true,"href":"https:\/\/jamonesibericoseu.eu\/en\/wp-json\/wp\/v2\/users\/1"}],"replies":[{"embeddable":true,"href":"https:\/\/jamonesibericoseu.eu\/en\/wp-json\/wp\/v2\/comments?post=4467"}],"version-history":[{"count":3,"href":"https:\/\/jamonesibericoseu.eu\/en\/wp-json\/wp\/v2\/pages\/4467\/revisions"}],"predecessor-version":[{"id":4474,"href":"https:\/\/jamonesibericoseu.eu\/en\/wp-json\/wp\/v2\/pages\/4467\/revisions\/4474"}],"up":[{"embeddable":true,"href":"https:\/\/jamonesibericoseu.eu\/en\/wp-json\/wp\/v2\/pages\/4445"}],"wp:attachment":[{"href":"https:\/\/jamonesibericoseu.eu\/en\/wp-json\/wp\/v2\/media?parent=4467"}],"curies":[{"name":"wp","href":"https:\/\/api.w.org\/{rel}","templated":true}]}}