{"id":4358,"date":"2022-03-07T16:17:06","date_gmt":"2022-03-07T16:17:06","guid":{"rendered":"https:\/\/jamonesibericoseu.eu\/chamber-of-commerce-workshops\/"},"modified":"2022-03-07T16:18:30","modified_gmt":"2022-03-07T16:18:30","slug":"chamber-of-commerce-workshops","status":"publish","type":"page","link":"https:\/\/jamonesibericoseu.eu\/en\/chamber-of-commerce-workshops\/","title":{"rendered":"Chamber of commerce workshops"},"content":{"rendered":"<p>[et_pb_section fb_built=&#8221;1&#8243; _builder_version=&#8221;4.10.8&#8243; _module_preset=&#8221;default&#8221; global_colors_info=&#8221;{}&#8221;][et_pb_row _builder_version=&#8221;4.10.8&#8243; _module_preset=&#8221;default&#8221; global_colors_info=&#8221;{}&#8221;][et_pb_column type=&#8221;4_4&#8243; _builder_version=&#8221;4.10.8&#8243; _module_preset=&#8221;default&#8221; global_colors_info=&#8221;{}&#8221;][et_pb_text _builder_version=&#8221;4.13.0&#8243; _module_preset=&#8221;default&#8221; text_font_size=&#8221;16px&#8221; header_font=&#8221;|700||on|||||&#8221; header_text_align=&#8221;center&#8221; header_text_color=&#8221;#a31c27&#8243; header_2_font=&#8221;|700||on|||||&#8221; header_2_text_align=&#8221;center&#8221; header_2_text_color=&#8221;#a31c27&#8243; header_2_font_size=&#8221;30px&#8221; header_2_line_height=&#8221;1.2em&#8221; background_color=&#8221;RGBA(0,0,0,0)&#8221; z_index=&#8221;500&#8243; width=&#8221;80%&#8221; module_alignment=&#8221;center&#8221; sticky_limit_bottom=&#8221;body&#8221; global_colors_info=&#8221;{}&#8221;]<\/p>\n<h2>CHAMBER OF COMMERCE WORKSHOPS<\/h2>\n<p>[\/et_pb_text][et_pb_text _builder_version=&#8221;4.13.0&#8243; _module_preset=&#8221;default&#8221; text_font_size=&#8221;16px&#8221; header_font=&#8221;|700||on|||||&#8221; header_text_color=&#8221;#a31c27&#8243; header_2_font=&#8221;|700||on|||||&#8221; header_2_text_color=&#8221;#a31c27&#8243; header_2_font_size=&#8221;30px&#8221; background_color=&#8221;RGBA(0,0,0,0)&#8221; z_index=&#8221;500&#8243; sticky_limit_bottom=&#8221;body&#8221; hover_enabled=&#8221;0&#8243; global_colors_info=&#8221;{}&#8221; sticky_enabled=&#8221;0&#8243;]<\/p>\n<p>A collaboration agreement has been signed with the Chambers of Commerce in Spain, Germany, France and Mexico for the implementation of training courses aimed at professionals in the restaurant, hospitality, distribution, charcuterie and butchery sectors, amongst others, with the aim of consolidating and strengthening their role as promoters of Ib\u00e9rico products.<br \/>This collaboration agreement has allowed us to carry out a series of courses in Spain, France, Germany and Mexico on the art, culture and tradition of Jam\u00f3n Ib\u00e9rico in all its glory. These training sessions also promote the knowledge and appreciation of Ib\u00e9rico products through practical training in the art of slicing Jam\u00f3n Ib\u00e9rico.<br \/>The theoretical content includes an explanation of the distinguishing values of Jam\u00f3n Ib\u00e9rico (origin, links with the rural environment, breed, food), knowledge of the four categories of Jam\u00f3n Ib\u00e9rico on the market, the process and time taken to prepare the product, as well as information on the utensils needed to start cutting Jam\u00f3n Ib\u00e9rico, how to correctly position the piece in the ham holder, and how to obtain maximum yields from pieces.<br \/>The campaign to promote Jam\u00f3n Ib\u00e9rico, through an agreement with the Spanish Chamber of Commerce, is developing this official qualification focused on Jam\u00f3n Ib\u00e9rico and the art of slicing, which will generate hundreds of jobs around the world. It is also placing the spotlight on the product, increasing knowledge of its distinguishing attributes and value proposition in international markets; and on the figure of the master slicer through professionalisation.<\/p>\n<p>&nbsp;<\/p>\n<blockquote>\n<p><em>The Official Chamber of Commerce, Industry and Services of Madrid, created in 1993, has the mission of contributing to the professionalisation of the hospitality sector through the training of its workers, aiming at the pursuit of excellence and specialisation of each and every one of its students. It currently trains professionals with the profiles most in demand in the hospitality sector: sommeliers, head waiters, mixologists and bartenders, hotel managers, cheese experts, beer sommeliers, catering establishment managers, waiters, etc.<\/em><\/p>\n<\/blockquote>\n<p>[\/et_pb_text][\/et_pb_column][\/et_pb_row][et_pb_row column_structure=&#8221;1_4,1_4,1_4,1_4&#8243; use_custom_gutter=&#8221;on&#8221; gutter_width=&#8221;2&#8243; _builder_version=&#8221;4.13.0&#8243; _module_preset=&#8221;default&#8221; global_colors_info=&#8221;{}&#8221;][et_pb_column type=&#8221;1_4&#8243; _builder_version=&#8221;4.13.0&#8243; _module_preset=&#8221;default&#8221; global_colors_info=&#8221;{}&#8221;][et_pb_image src=&#8221;https:\/\/jamonesibericoseu.eu\/wp-content\/uploads\/2022\/01\/camara_comercio_01.jpg&#8221; title_text=&#8221;camara_comercio_01&#8243; _builder_version=&#8221;4.13.0&#8243; _module_preset=&#8221;default&#8221; global_colors_info=&#8221;{}&#8221;][\/et_pb_image][et_pb_image src=&#8221;https:\/\/jamonesibericoseu.eu\/wp-content\/uploads\/2022\/01\/camara_comercio_05.jpg&#8221; title_text=&#8221;camara_comercio_05&#8243; _builder_version=&#8221;4.13.0&#8243; _module_preset=&#8221;default&#8221; global_colors_info=&#8221;{}&#8221;][\/et_pb_image][\/et_pb_column][et_pb_column type=&#8221;1_4&#8243; _builder_version=&#8221;4.13.0&#8243; _module_preset=&#8221;default&#8221; global_colors_info=&#8221;{}&#8221;][et_pb_image src=&#8221;https:\/\/jamonesibericoseu.eu\/wp-content\/uploads\/2022\/01\/camara_comercio_02.jpg&#8221; title_text=&#8221;camara_comercio_02&#8243; _builder_version=&#8221;4.13.0&#8243; _module_preset=&#8221;default&#8221; global_colors_info=&#8221;{}&#8221;][\/et_pb_image][et_pb_image src=&#8221;https:\/\/jamonesibericoseu.eu\/wp-content\/uploads\/2022\/01\/camara_comercio_06.jpg&#8221; title_text=&#8221;camara_comercio_06&#8243; _builder_version=&#8221;4.13.0&#8243; _module_preset=&#8221;default&#8221; global_colors_info=&#8221;{}&#8221;][\/et_pb_image][\/et_pb_column][et_pb_column type=&#8221;1_4&#8243; _builder_version=&#8221;4.13.0&#8243; _module_preset=&#8221;default&#8221; global_colors_info=&#8221;{}&#8221;][et_pb_image src=&#8221;https:\/\/jamonesibericoseu.eu\/wp-content\/uploads\/2022\/01\/camara_comercio_03.jpg&#8221; title_text=&#8221;camara_comercio_03&#8243; _builder_version=&#8221;4.13.0&#8243; _module_preset=&#8221;default&#8221; global_colors_info=&#8221;{}&#8221;][\/et_pb_image][et_pb_image src=&#8221;https:\/\/jamonesibericoseu.eu\/wp-content\/uploads\/2022\/01\/camara_comercio_07.jpg&#8221; title_text=&#8221;camara_comercio_07&#8243; _builder_version=&#8221;4.13.0&#8243; _module_preset=&#8221;default&#8221; global_colors_info=&#8221;{}&#8221;][\/et_pb_image][\/et_pb_column][et_pb_column type=&#8221;1_4&#8243; _builder_version=&#8221;4.13.0&#8243; _module_preset=&#8221;default&#8221; global_colors_info=&#8221;{}&#8221;][et_pb_image src=&#8221;https:\/\/jamonesibericoseu.eu\/wp-content\/uploads\/2022\/01\/camara_comercio_04.jpg&#8221; title_text=&#8221;camara_comercio_04&#8243; _builder_version=&#8221;4.13.0&#8243; _module_preset=&#8221;default&#8221; global_colors_info=&#8221;{}&#8221;][\/et_pb_image][et_pb_image src=&#8221;https:\/\/jamonesibericoseu.eu\/wp-content\/uploads\/2022\/01\/camara_comercio_08.jpg&#8221; title_text=&#8221;camara_comercio_08&#8243; _builder_version=&#8221;4.13.0&#8243; _module_preset=&#8221;default&#8221; global_colors_info=&#8221;{}&#8221;][\/et_pb_image][\/et_pb_column][\/et_pb_row][et_pb_row _builder_version=&#8221;4.13.0&#8243; _module_preset=&#8221;default&#8221; global_colors_info=&#8221;{}&#8221;][et_pb_column type=&#8221;4_4&#8243; _builder_version=&#8221;4.13.0&#8243; _module_preset=&#8221;default&#8221; global_colors_info=&#8221;{}&#8221;][et_pb_text _builder_version=&#8221;4.13.0&#8243; _module_preset=&#8221;default&#8221; width=&#8221;60%&#8221; module_alignment=&#8221;center&#8221; hover_enabled=&#8221;0&#8243; global_colors_info=&#8221;{}&#8221; sticky_enabled=&#8221;0&#8243;]<a class=\"vp-a vp-dr\" href=\"https:\/\/youtu.be\/Z5bOAEr5q-w\" rel=\"nofollow\" data-width=\"1920\" data-height=\"1080\" data-dwrap=\"1\" data-controls=\"1\" data-iv=\"1\"><img decoding=\"async\" class=\"vp-img\" src=\"https:\/\/jamonesibericoseu.eu\/wp-content\/uploads\/2022\/01\/video_camara_comercio.jpg\"><\/a>[\/et_pb_text][\/et_pb_column][\/et_pb_row][\/et_pb_section]<\/p>\n","protected":false},"excerpt":{"rendered":"<p>CHAMBER OF COMMERCE WORKSHOPSA collaboration agreement has been signed with the Chambers of Commerce in Spain, Germany, France and Mexico for the implementation of training courses aimed at professionals in the restaurant, hospitality, distribution, charcuterie and butchery sectors, amongst others, with the aim of consolidating and strengthening their role as promoters of Ib\u00e9rico products.This collaboration agreement has allowed us to carry out a series of courses in Spain, France, Germany and Mexico on the art, culture and tradition of Jam\u00f3n Ib\u00e9rico in all its glory. These training sessions also promote the knowledge and appreciation of Ib\u00e9rico products through practical training in the art of slicing Jam\u00f3n Ib\u00e9rico.The theoretical content includes an explanation of the distinguishing values of Jam\u00f3n Ib\u00e9rico (origin, links with the rural environment, breed, food), knowledge of the four categories of Jam\u00f3n Ib\u00e9rico on the market, the process and time taken to prepare the product, as well as information on the utensils needed to start cutting Jam\u00f3n Ib\u00e9rico, how to correctly position the piece in the ham holder, and how to obtain maximum yields from pieces.The campaign to promote Jam\u00f3n Ib\u00e9rico, through an agreement with the Spanish Chamber of Commerce, is developing this official qualification focused on Jam\u00f3n [&hellip;]<\/p>\n","protected":false},"author":1,"featured_media":0,"parent":0,"menu_order":1,"comment_status":"closed","ping_status":"closed","template":"","meta":{"_et_pb_use_builder":"on","_et_pb_old_content":"","_et_gb_content_width":"","footnotes":""},"class_list":["post-4358","page","type-page","status-publish","hentry"],"_links":{"self":[{"href":"https:\/\/jamonesibericoseu.eu\/en\/wp-json\/wp\/v2\/pages\/4358","targetHints":{"allow":["GET"]}}],"collection":[{"href":"https:\/\/jamonesibericoseu.eu\/en\/wp-json\/wp\/v2\/pages"}],"about":[{"href":"https:\/\/jamonesibericoseu.eu\/en\/wp-json\/wp\/v2\/types\/page"}],"author":[{"embeddable":true,"href":"https:\/\/jamonesibericoseu.eu\/en\/wp-json\/wp\/v2\/users\/1"}],"replies":[{"embeddable":true,"href":"https:\/\/jamonesibericoseu.eu\/en\/wp-json\/wp\/v2\/comments?post=4358"}],"version-history":[{"count":4,"href":"https:\/\/jamonesibericoseu.eu\/en\/wp-json\/wp\/v2\/pages\/4358\/revisions"}],"predecessor-version":[{"id":4362,"href":"https:\/\/jamonesibericoseu.eu\/en\/wp-json\/wp\/v2\/pages\/4358\/revisions\/4362"}],"wp:attachment":[{"href":"https:\/\/jamonesibericoseu.eu\/en\/wp-json\/wp\/v2\/media?parent=4358"}],"curies":[{"name":"wp","href":"https:\/\/api.w.org\/{rel}","templated":true}]}}