{"id":4293,"date":"2022-03-07T14:41:09","date_gmt":"2022-03-07T14:41:09","guid":{"rendered":"https:\/\/jamonesibericoseu.eu\/events\/san-sebastian-film-festival\/"},"modified":"2022-03-07T14:48:09","modified_gmt":"2022-03-07T14:48:09","slug":"san-sebastian-film-festival","status":"publish","type":"page","link":"https:\/\/jamonesibericoseu.eu\/en\/events\/san-sebastian-film-festival\/","title":{"rendered":"San Sebasti\u00e1n Film Festival"},"content":{"rendered":"<p>[et_pb_section fb_built=&#8221;1&#8243; _builder_version=&#8221;4.10.8&#8243; _module_preset=&#8221;default&#8221; global_colors_info=&#8221;{}&#8221;][et_pb_row _builder_version=&#8221;4.10.8&#8243; _module_preset=&#8221;default&#8221; global_colors_info=&#8221;{}&#8221;][et_pb_column type=&#8221;4_4&#8243; _builder_version=&#8221;4.10.8&#8243; _module_preset=&#8221;default&#8221; global_colors_info=&#8221;{}&#8221;][et_pb_text _builder_version=&#8221;4.13.0&#8243; _module_preset=&#8221;default&#8221; text_font_size=&#8221;16px&#8221; header_font=&#8221;|700||on|||||&#8221; header_text_color=&#8221;#a31c27&#8243; header_2_font=&#8221;|700||on|||||&#8221; header_2_text_align=&#8221;center&#8221; header_2_text_color=&#8221;#a31c27&#8243; header_2_font_size=&#8221;30px&#8221; background_color=&#8221;RGBA(0,0,0,0)&#8221; z_index=&#8221;500&#8243; width=&#8221;80%&#8221; module_alignment=&#8221;center&#8221; sticky_limit_bottom=&#8221;body&#8221; hover_enabled=&#8221;0&#8243; global_colors_info=&#8221;{}&#8221; sticky_enabled=&#8221;0&#8243;]<\/p>\n<h2>JAMONES IB\u00c9RICOS FROM SPAIN, \u201cAMBASSADORS\u201d OF THE FILM FESTIVAL WITH MORE FLAVOUR<\/h2>\n<p>[\/et_pb_text][et_pb_text _builder_version=&#8221;4.13.0&#8243; _module_preset=&#8221;default&#8221; text_font_size=&#8221;16px&#8221; header_font=&#8221;|700||on|||||&#8221; header_text_color=&#8221;#a31c27&#8243; header_2_font=&#8221;|700||on|||||&#8221; header_2_text_color=&#8221;#a31c27&#8243; header_2_font_size=&#8221;30px&#8221; background_color=&#8221;RGBA(0,0,0,0)&#8221; z_index=&#8221;500&#8243; sticky_limit_bottom=&#8221;body&#8221; hover_enabled=&#8221;0&#8243; global_colors_info=&#8221;{}&#8221; sticky_enabled=&#8221;0&#8243;]<\/p>\n<p>It was only natural for <strong>Jamones Ib\u00e9ricos from Spain<\/strong>, as <strong>Ambassadors of European culture<\/strong>, to be featured at <strong>one of Spain\u2019s most emblematic film festivals: the San Sebasti\u00e1n International Film Festival.<\/strong><\/p>\n<p>Once again this year, with the support of the EU, we acted as sponsor at the event, spurred on by its <strong>worldwide reach and its clear international projection,<\/strong> values shared with Jam\u00f3n Ib\u00e9rico.<\/p>\n<p>It is a<strong> \u201cpicture-perfect moment\u201d<\/strong> to consolidate the<strong> image of Jam\u00f3n<\/strong> <strong>Ib\u00e9rico<\/strong> as a <strong>gourmet product<\/strong>, one that is unique in the world, as well as to <strong>awaken the \u201cSentido Ib\u00e9rico\u201d<\/strong> in thousands of people across the globe.<\/p>\n<p>In the words of <strong>Antonio Prieto, President of ASICI,<\/strong> \u201cboth Jam\u00f3n Ib\u00e9rico and cinema are <strong>unique sensory experiences<\/strong> that make any moment unforgettable. This is why there is such a natural relationship between cinema and Jam\u00f3n Ib\u00e9rico.\u201d<\/p>\n<p>In fact, Jam\u00f3n Ib\u00e9rico has been <strong>the protagonist of great films throughout the history of cinema<\/strong>, such as \u201cLa Vaquilla\u201d, \u201cJam\u00f3n, Jam\u00f3n\u201d, \u201cLa Gran Familia\u201d, \u201cOcho Apellidos Vascos\u201d and the Oscar-winning \u201cEntre Copas\u201d, another example of the close link between Jam\u00f3n Ib\u00e9rico and the <strong>big screen.<\/strong><\/p>\n<p>During this festival, Jam\u00f3n Ib\u00e9rico was \u201con everyone\u2019s lips\u201d, and <strong>celebrities<\/strong> had the opportunity to enjoy <strong>slicing exhibitions<\/strong> at the <strong>hand of our master slicers<\/strong>, and also savoured its unmistakable <strong>flavour, aroma and texture.<\/strong><\/p>\n<p>In addition, the President of ASICI awarded actor Karra <strong>Elejalde<\/strong> with a Jam\u00f3n Ib\u00e9rico in recognition of his <strong>solid and successful career. Jam\u00f3n Ib\u00e9rico<\/strong> has already been awarded in previous editions to <strong>stars<\/strong> such as <strong>Viggo Mortensen, Johnny Depp, and Ricardo Dar\u00edn<\/strong>, among others.<\/p>\n<p>As in previous editions, Jamones Ib\u00e9ricos played an <strong>active role in the activities that take place at the Festival.<\/strong> From the Boulevard (facing the Town Hall), where the <strong>Jam\u00f3n Ib\u00e9rico stand<\/strong> became the meeting point for discovering the exciting universe of this <strong>culinary gem<\/strong>, to the <strong>themed dinners at the Basque Culinary Center<\/strong>, where attendees were able to enjoy an <strong>exhibition of the art of slicing<\/strong> by <strong>master slicer Sylvain Foucad,<\/strong> who elevated the presentation of our <strong>Jamones Ib\u00e9ricos<\/strong> to artistic heights, on a par with the <strong>great stars<\/strong> from the <strong>big screen.<\/strong><\/p>\n<p>[\/et_pb_text][\/et_pb_column][\/et_pb_row][et_pb_row column_structure=&#8221;1_4,1_4,1_4,1_4&#8243; use_custom_gutter=&#8221;on&#8221; gutter_width=&#8221;2&#8243; _builder_version=&#8221;4.13.0&#8243; _module_preset=&#8221;default&#8221; global_colors_info=&#8221;{}&#8221;][et_pb_column type=&#8221;1_4&#8243; _builder_version=&#8221;4.13.0&#8243; _module_preset=&#8221;default&#8221; global_colors_info=&#8221;{}&#8221;][et_pb_image src=&#8221;https:\/\/jamonesibericoseu.eu\/wp-content\/uploads\/2022\/01\/san_sebastian_01.jpg&#8221; title_text=&#8221;san_sebastian_01&#8243; _builder_version=&#8221;4.13.0&#8243; _module_preset=&#8221;default&#8221; global_colors_info=&#8221;{}&#8221;][\/et_pb_image][et_pb_image src=&#8221;https:\/\/jamonesibericoseu.eu\/wp-content\/uploads\/2022\/01\/san_sebastian_05.jpg&#8221; title_text=&#8221;san_sebastian_05&#8243; _builder_version=&#8221;4.13.0&#8243; _module_preset=&#8221;default&#8221; global_colors_info=&#8221;{}&#8221;][\/et_pb_image][et_pb_image src=&#8221;https:\/\/jamonesibericoseu.eu\/wp-content\/uploads\/2022\/01\/san_sebastian_09.jpg&#8221; title_text=&#8221;san_sebastian_09&#8243; _builder_version=&#8221;4.13.0&#8243; _module_preset=&#8221;default&#8221; global_colors_info=&#8221;{}&#8221;][\/et_pb_image][\/et_pb_column][et_pb_column type=&#8221;1_4&#8243; _builder_version=&#8221;4.13.0&#8243; _module_preset=&#8221;default&#8221; global_colors_info=&#8221;{}&#8221;][et_pb_image src=&#8221;https:\/\/jamonesibericoseu.eu\/wp-content\/uploads\/2022\/01\/san_sebastian_02.jpg&#8221; title_text=&#8221;san_sebastian_02&#8243; _builder_version=&#8221;4.13.0&#8243; _module_preset=&#8221;default&#8221; global_colors_info=&#8221;{}&#8221;][\/et_pb_image][et_pb_image src=&#8221;https:\/\/jamonesibericoseu.eu\/wp-content\/uploads\/2022\/01\/san_sebastian_06.jpg&#8221; title_text=&#8221;san_sebastian_06&#8243; _builder_version=&#8221;4.13.0&#8243; _module_preset=&#8221;default&#8221; global_colors_info=&#8221;{}&#8221;][\/et_pb_image][et_pb_image src=&#8221;https:\/\/jamonesibericoseu.eu\/wp-content\/uploads\/2022\/01\/san_sebastian_10.jpg&#8221; title_text=&#8221;san_sebastian_10&#8243; _builder_version=&#8221;4.13.0&#8243; _module_preset=&#8221;default&#8221; global_colors_info=&#8221;{}&#8221;][\/et_pb_image][\/et_pb_column][et_pb_column type=&#8221;1_4&#8243; _builder_version=&#8221;4.13.0&#8243; _module_preset=&#8221;default&#8221; global_colors_info=&#8221;{}&#8221;][et_pb_image src=&#8221;https:\/\/jamonesibericoseu.eu\/wp-content\/uploads\/2022\/01\/san_sebastian_03.jpg&#8221; title_text=&#8221;san_sebastian_03&#8243; _builder_version=&#8221;4.13.0&#8243; _module_preset=&#8221;default&#8221; global_colors_info=&#8221;{}&#8221;][\/et_pb_image][et_pb_image src=&#8221;https:\/\/jamonesibericoseu.eu\/wp-content\/uploads\/2022\/01\/san_sebastian_07.jpg&#8221; title_text=&#8221;san_sebastian_07&#8243; _builder_version=&#8221;4.13.0&#8243; _module_preset=&#8221;default&#8221; global_colors_info=&#8221;{}&#8221;][\/et_pb_image][et_pb_image src=&#8221;https:\/\/jamonesibericoseu.eu\/wp-content\/uploads\/2022\/01\/san_sebastian_11.jpg&#8221; title_text=&#8221;san_sebastian_11&#8243; _builder_version=&#8221;4.13.0&#8243; _module_preset=&#8221;default&#8221; global_colors_info=&#8221;{}&#8221;][\/et_pb_image][\/et_pb_column][et_pb_column type=&#8221;1_4&#8243; _builder_version=&#8221;4.13.0&#8243; _module_preset=&#8221;default&#8221; global_colors_info=&#8221;{}&#8221;][et_pb_image src=&#8221;https:\/\/jamonesibericoseu.eu\/wp-content\/uploads\/2022\/01\/san_sebastian_04.jpg&#8221; title_text=&#8221;san_sebastian_04&#8243; _builder_version=&#8221;4.13.0&#8243; _module_preset=&#8221;default&#8221; global_colors_info=&#8221;{}&#8221;][\/et_pb_image][et_pb_image src=&#8221;https:\/\/jamonesibericoseu.eu\/wp-content\/uploads\/2022\/01\/san_sebastian_08.jpg&#8221; title_text=&#8221;san_sebastian_08&#8243; _builder_version=&#8221;4.13.0&#8243; _module_preset=&#8221;default&#8221; global_colors_info=&#8221;{}&#8221;][\/et_pb_image][et_pb_image src=&#8221;https:\/\/jamonesibericoseu.eu\/wp-content\/uploads\/2022\/01\/san_sebastian_12.jpg&#8221; title_text=&#8221;san_sebastian_12&#8243; _builder_version=&#8221;4.13.0&#8243; _module_preset=&#8221;default&#8221; global_colors_info=&#8221;{}&#8221;][\/et_pb_image][\/et_pb_column][\/et_pb_row][et_pb_row _builder_version=&#8221;4.13.0&#8243; _module_preset=&#8221;default&#8221; global_colors_info=&#8221;{}&#8221;][et_pb_column type=&#8221;4_4&#8243; _builder_version=&#8221;4.13.0&#8243; _module_preset=&#8221;default&#8221; global_colors_info=&#8221;{}&#8221;][et_pb_text _builder_version=&#8221;4.13.0&#8243; _module_preset=&#8221;default&#8221; width=&#8221;60%&#8221; module_alignment=&#8221;center&#8221; hover_enabled=&#8221;0&#8243; global_colors_info=&#8221;{}&#8221; sticky_enabled=&#8221;0&#8243;]<a class=\"vp-a vp-dr\" href=\"https:\/\/youtu.be\/FWsA3wMPChM\" rel=\"nofollow\" data-width=\"1920\" data-height=\"1080\" data-dwrap=\"1\" data-controls=\"1\" data-iv=\"1\"><img decoding=\"async\" class=\"vp-img\" src=\"https:\/\/jamonesibericoseu.eu\/wp-content\/uploads\/2022\/01\/video_san_sebastian.jpg\"><\/a>[\/et_pb_text][\/et_pb_column][\/et_pb_row][\/et_pb_section]<\/p>\n","protected":false},"excerpt":{"rendered":"<p>JAMONES IB\u00c9RICOS FROM SPAIN, \u201cAMBASSADORS\u201d OF THE FILM FESTIVAL WITH MORE FLAVOURIt was only natural for Jamones Ib\u00e9ricos from Spain, as Ambassadors of European culture, to be featured at one of Spain\u2019s most emblematic film festivals: the San Sebasti\u00e1n International Film Festival. Once again this year, with the support of the EU, we acted as sponsor at the event, spurred on by its worldwide reach and its clear international projection, values shared with Jam\u00f3n Ib\u00e9rico. It is a \u201cpicture-perfect moment\u201d to consolidate the image of Jam\u00f3n Ib\u00e9rico as a gourmet product, one that is unique in the world, as well as to awaken the \u201cSentido Ib\u00e9rico\u201d in thousands of people across the globe. In the words of Antonio Prieto, President of ASICI, \u201cboth Jam\u00f3n Ib\u00e9rico and cinema are unique sensory experiences that make any moment unforgettable. This is why there is such a natural relationship between cinema and Jam\u00f3n Ib\u00e9rico.\u201d In fact, Jam\u00f3n Ib\u00e9rico has been the protagonist of great films throughout the history of cinema, such as \u201cLa Vaquilla\u201d, \u201cJam\u00f3n, Jam\u00f3n\u201d, \u201cLa Gran Familia\u201d, \u201cOcho Apellidos Vascos\u201d and the Oscar-winning \u201cEntre Copas\u201d, another example of the close link between Jam\u00f3n Ib\u00e9rico and the big screen. During this festival, Jam\u00f3n [&hellip;]<\/p>\n","protected":false},"author":1,"featured_media":0,"parent":4281,"menu_order":3,"comment_status":"closed","ping_status":"closed","template":"","meta":{"_et_pb_use_builder":"on","_et_pb_old_content":"","_et_gb_content_width":"","footnotes":""},"class_list":["post-4293","page","type-page","status-publish","hentry"],"_links":{"self":[{"href":"https:\/\/jamonesibericoseu.eu\/en\/wp-json\/wp\/v2\/pages\/4293","targetHints":{"allow":["GET"]}}],"collection":[{"href":"https:\/\/jamonesibericoseu.eu\/en\/wp-json\/wp\/v2\/pages"}],"about":[{"href":"https:\/\/jamonesibericoseu.eu\/en\/wp-json\/wp\/v2\/types\/page"}],"author":[{"embeddable":true,"href":"https:\/\/jamonesibericoseu.eu\/en\/wp-json\/wp\/v2\/users\/1"}],"replies":[{"embeddable":true,"href":"https:\/\/jamonesibericoseu.eu\/en\/wp-json\/wp\/v2\/comments?post=4293"}],"version-history":[{"count":3,"href":"https:\/\/jamonesibericoseu.eu\/en\/wp-json\/wp\/v2\/pages\/4293\/revisions"}],"predecessor-version":[{"id":4298,"href":"https:\/\/jamonesibericoseu.eu\/en\/wp-json\/wp\/v2\/pages\/4293\/revisions\/4298"}],"up":[{"embeddable":true,"href":"https:\/\/jamonesibericoseu.eu\/en\/wp-json\/wp\/v2\/pages\/4281"}],"wp:attachment":[{"href":"https:\/\/jamonesibericoseu.eu\/en\/wp-json\/wp\/v2\/media?parent=4293"}],"curies":[{"name":"wp","href":"https:\/\/api.w.org\/{rel}","templated":true}]}}