{"id":2004,"date":"2021-09-30T15:08:14","date_gmt":"2021-09-30T15:08:14","guid":{"rendered":"https:\/\/jamonesibericoseu.eu\/amandine-chaignot\/"},"modified":"2021-11-05T18:51:35","modified_gmt":"2021-11-05T18:51:35","slug":"amandine-chaignot","status":"publish","type":"page","link":"https:\/\/jamonesibericoseu.eu\/en\/amandine-chaignot\/","title":{"rendered":"Amandine Chaignot"},"content":{"rendered":"<p>[et_pb_section fb_built=&#8221;1&#8243; _builder_version=&#8221;4.10.8&#8243; _module_preset=&#8221;default&#8221; global_colors_info=&#8221;{}&#8221;][et_pb_row column_structure=&#8221;1_2,1_2&#8243; _builder_version=&#8221;4.10.8&#8243; _module_preset=&#8221;default&#8221; global_colors_info=&#8221;{}&#8221;][et_pb_column type=&#8221;1_2&#8243; _builder_version=&#8221;4.10.8&#8243; _module_preset=&#8221;default&#8221; global_colors_info=&#8221;{}&#8221;][et_pb_image src=&#8221;https:\/\/jamonesibericoseu.eu\/wp-content\/uploads\/2021\/09\/cv_amandine.jpg&#8221; title_text=&#8221;cv_amandine&#8221; _builder_version=&#8221;4.10.8&#8243; _module_preset=&#8221;default&#8221; global_colors_info=&#8221;{}&#8221;][\/et_pb_image][et_pb_text _builder_version=&#8221;4.10.8&#8243; _module_preset=&#8221;default&#8221; text_font_size=&#8221;16px&#8221; global_colors_info=&#8221;{}&#8221;]<\/p>\n<blockquote><p><em><strong>&#8221;For me, jam\u00f3n ib\u00e9rico is the best of all hams. It is a reminder of great meals and gatherings with friends. It is also a point of reference when you travel the world, it will never let you down.<\/strong><\/em><\/p>\n<p><em><strong>In my kitchen, I use it on its own, with a glass of wine as an aperitif or as a &#8221;condiment&#8221;.<\/strong><\/em><\/p>\n<p><em><strong>It is such a long-lasting and powerful product that it can be a little extra to finish a recipe.<\/strong><\/em><\/p>\n<p><em><strong>You can use a few shavings of it on eggs with mayonnaise, in a salad, and it changes everything!&#8221;<\/strong><\/em><\/p><\/blockquote>\n<p>[\/et_pb_text][\/et_pb_column][et_pb_column type=&#8221;1_2&#8243; _builder_version=&#8221;4.10.8&#8243; _module_preset=&#8221;default&#8221; global_colors_info=&#8221;{}&#8221;][et_pb_text _builder_version=&#8221;4.10.8&#8243; _module_preset=&#8221;default&#8221; text_font_size=&#8221;16px&#8221; header_font=&#8221;|700|||||||&#8221; header_text_color=&#8221;#a31c27&#8243; global_colors_info=&#8221;{}&#8221;]<\/p>\n<h1>AMANDINE CHAIGNOT<\/h1>\n<p><strong>Chef at the renowned restaurant, Pouliche<\/strong><\/p>\n<p>After training at the Gr\u00e9goire Ferrandi culinary school, Amandine Chaignot worked in restaurants such as La Maison de l&#8217;Aubrac, Maison Prunier, and the Plaza Ath\u00e9n\u00e9e, where he learned from true masters of the kitchen such as Alain Ducasse, Jean-Francois Pi\u00e8ge, Yannick All\u00e9no, and Eric Fr\u00e9chon from whom he learned his passion, his sensitivity and his inspiration.<\/p>\n<p>His cuisine has French roots, but reflects simplicity and spontaneity. And it is always guided by pleasure and the idea of sharing.<\/p>\n<p>All this has led him to win awards such as the Bocuse d&#8217;Or in the &#8221;Bocuse d&#8217;Or France&#8221; competition, to be named &#8221;Chevalier de l&#8217;Ordre des Arts et des Lettres&#8221; by the French Ministry of Culture, and to be a judge on Masterchef France.[\/et_pb_text][\/et_pb_column][\/et_pb_row][et_pb_row _builder_version=&#8221;4.10.8&#8243; _module_preset=&#8221;default&#8221; global_colors_info=&#8221;{}&#8221;][et_pb_column type=&#8221;4_4&#8243; _builder_version=&#8221;4.10.8&#8243; _module_preset=&#8221;default&#8221; global_colors_info=&#8221;{}&#8221;][\/et_pb_column][\/et_pb_row][\/et_pb_section]<\/p>\n","protected":false},"excerpt":{"rendered":"<p>&#8221;For me, jam\u00f3n ib\u00e9rico is the best of all hams. It is a reminder of great meals and gatherings with friends. It is also a point of reference when you travel the world, it will never let you down. In my kitchen, I use it on its own, with a glass of wine as an aperitif or as a &#8221;condiment&#8221;. It is such a long-lasting and powerful product that it can be a little extra to finish a recipe. You can use a few shavings of it on eggs with mayonnaise, in a salad, and it changes everything!&#8221;AMANDINE CHAIGNOT Chef at the renowned restaurant, Pouliche After training at the Gr\u00e9goire Ferrandi culinary school, Amandine Chaignot worked in restaurants such as La Maison de l&#8217;Aubrac, Maison Prunier, and the Plaza Ath\u00e9n\u00e9e, where he learned from true masters of the kitchen such as Alain Ducasse, Jean-Francois Pi\u00e8ge, Yannick All\u00e9no, and Eric Fr\u00e9chon from whom he learned his passion, his sensitivity and his inspiration. His cuisine has French roots, but reflects simplicity and spontaneity. And it is always guided by pleasure and the idea of sharing. All this has led him to win awards such as the Bocuse d&#8217;Or in the &#8221;Bocuse d&#8217;Or [&hellip;]<\/p>\n","protected":false},"author":1,"featured_media":0,"parent":0,"menu_order":0,"comment_status":"closed","ping_status":"closed","template":"","meta":{"_et_pb_use_builder":"on","_et_pb_old_content":"","_et_gb_content_width":"","footnotes":""},"class_list":["post-2004","page","type-page","status-publish","hentry"],"_links":{"self":[{"href":"https:\/\/jamonesibericoseu.eu\/en\/wp-json\/wp\/v2\/pages\/2004","targetHints":{"allow":["GET"]}}],"collection":[{"href":"https:\/\/jamonesibericoseu.eu\/en\/wp-json\/wp\/v2\/pages"}],"about":[{"href":"https:\/\/jamonesibericoseu.eu\/en\/wp-json\/wp\/v2\/types\/page"}],"author":[{"embeddable":true,"href":"https:\/\/jamonesibericoseu.eu\/en\/wp-json\/wp\/v2\/users\/1"}],"replies":[{"embeddable":true,"href":"https:\/\/jamonesibericoseu.eu\/en\/wp-json\/wp\/v2\/comments?post=2004"}],"version-history":[{"count":8,"href":"https:\/\/jamonesibericoseu.eu\/en\/wp-json\/wp\/v2\/pages\/2004\/revisions"}],"predecessor-version":[{"id":3500,"href":"https:\/\/jamonesibericoseu.eu\/en\/wp-json\/wp\/v2\/pages\/2004\/revisions\/3500"}],"wp:attachment":[{"href":"https:\/\/jamonesibericoseu.eu\/en\/wp-json\/wp\/v2\/media?parent=2004"}],"curies":[{"name":"wp","href":"https:\/\/api.w.org\/{rel}","templated":true}]}}