{"id":7115,"date":"2023-06-27T13:41:30","date_gmt":"2023-06-27T13:41:30","guid":{"rendered":"https:\/\/jamonesibericoseu.eu\/veranstaltungen\/der-iberische-sinn-erwacht-in-berlin-zum-auftakt-des-dritten-jahres-der-kampagne\/"},"modified":"2023-08-04T12:46:18","modified_gmt":"2023-08-04T12:46:18","slug":"der-iberische-sinn-erwacht-in-berlin-zum-auftakt-des-dritten-jahres-der-kampagne","status":"publish","type":"page","link":"https:\/\/jamonesibericoseu.eu\/de\/veranstaltungen\/der-iberische-sinn-erwacht-in-berlin-zum-auftakt-des-dritten-jahres-der-kampagne\/","title":{"rendered":"Der Iberische Sinn erwacht in Berlin zum auftakt des dritten jahres der kampagne"},"content":{"rendered":"<p>[et_pb_section fb_built=&#8220;1&#8243; _builder_version=&#8220;4.10.8&#8243; _module_preset=&#8220;default&#8220; global_colors_info=&#8220;{}&#8220;][et_pb_row _builder_version=&#8220;4.10.8&#8243; _module_preset=&#8220;default&#8220; global_colors_info=&#8220;{}&#8220;][et_pb_column type=&#8220;4_4&#8243; _builder_version=&#8220;4.10.8&#8243; _module_preset=&#8220;default&#8220; global_colors_info=&#8220;{}&#8220;][et_pb_text _builder_version=&#8220;4.13.0&#8243; _module_preset=&#8220;default&#8220; text_font_size=&#8220;16px&#8220; header_font=&#8220;|700||on|||||&#8220; header_text_align=&#8220;center&#8220; header_text_color=&#8220;#a31c27&#8243; header_2_font=&#8220;|700||on|||||&#8220; header_2_text_align=&#8220;center&#8220; header_2_text_color=&#8220;#a31c27&#8243; header_2_font_size=&#8220;30px&#8220; header_2_line_height=&#8220;1.2em&#8220; background_color=&#8220;RGBA(0,0,0,0)&#8220; z_index=&#8220;500&#8243; width=&#8220;80%&#8220; module_alignment=&#8220;center&#8220; sticky_limit_bottom=&#8220;body&#8220; global_colors_info=&#8220;{}&#8220;]<\/p>\n<h2>DER IBERISCHE SINN ERWACHT IN BERLIN ZUM AUFTAKT DES DRITTEN JAHRES DER KAMPAGNE<\/h2>\n<p>[\/et_pb_text][et_pb_text _builder_version=&#8220;4.13.0&#8243; _module_preset=&#8220;default&#8220; text_font_size=&#8220;16px&#8220; header_font=&#8220;|700||on|||||&#8220; header_text_color=&#8220;#a31c27&#8243; header_2_font=&#8220;|700||on|||||&#8220; header_2_text_color=&#8220;#a31c27&#8243; header_2_font_size=&#8220;30px&#8220; background_color=&#8220;RGBA(0,0,0,0)&#8220; z_index=&#8220;500&#8243; sticky_limit_bottom=&#8220;body&#8220; global_colors_info=&#8220;{}&#8220;]<\/p>\n<p>Am<strong> 14. Juni 2023<\/strong> stellen wir in Berlin das ehrgeizigste Projekt des iberischen Sektors in seiner Geschichte vor: <strong>&#8222;Jamones Ib\u00e9ricos de Espa\u00f1a, Embajadores de Europa en el mundo. <\/strong><strong>Erwecken Sie Ihren iberischen<\/strong> <strong>Sinn&#8220;.<\/strong><\/p>\n<p>An der Veranstaltung nahmen <strong>der spanische Botschafter in Deutschland<\/strong>, Ricardo Mart\u00ednez V\u00e1zquez, der Pr\u00e4sident von Interprofesional del Cerdo Ib\u00e9rico, Ra\u00fal Garc\u00eda, und die Chefkoch-Botschafter der Kampagne teil: der <strong>spanische Chefkoch mit zwei<\/strong> Michelin-Sternen <strong>Mario Sandoval <\/strong>und der renommierte deutsche Chefkoch mit Michelin-Stern <strong>Christian Sturm-Willms.<\/strong><\/p>\n<p>Eine einmalige Gelegenheit, die Kampagne zu entdecken und aus erster Hand von Fachleuten des Sektors etwas \u00fcber die besonderen Qualit\u00e4ten dieses einzigartigen Gourmetprodukts in Europa und der Welt zu erfahren.<\/p>\n<p>Die Veranstaltung bildete den Auftakt zum dritten Jahr der F\u00f6rderung dieser Kampagne und brachte verschiedene Talente aus der K\u00fcche zusammen, wie die bereits erw\u00e4hnten Mario Sandoval und <strong>Christian Sturm-Willms<\/strong> sowie den deutschen K\u00fcchenchef <strong>Michael Kempf<\/strong>. Authentische Referenzen der Haute Cuisine, die die Teilnehmer mit einem Degustationsmen\u00fc mit iberischem Schinken als Hauptzutat erfreuten.<\/p>\n<p>All dies, um den <strong>Sentido Ib\u00e9rico<\/strong> in Deutschland, <strong>Europa und der Welt weiter zu wecken.<\/strong><\/p>\n<p>[\/et_pb_text][\/et_pb_column][\/et_pb_row][et_pb_row use_custom_gutter=&#8220;on&#8220; gutter_width=&#8220;2&#8243; _builder_version=&#8220;4.13.0&#8243; _module_preset=&#8220;default&#8220; global_colors_info=&#8220;{}&#8220;][et_pb_column type=&#8220;4_4&#8243; _builder_version=&#8220;4.13.0&#8243; _module_preset=&#8220;default&#8220; global_colors_info=&#8220;{}&#8220;][et_pb_gallery gallery_ids=&#8220;6999,0,7003,7007,7011,7015,7019,7023,7027,7031,7035,7039,7043,7047,7051,7055,7059,7063,7067,7071,7075,7079,7083,7087,7091,7095,7099,7103,7107&#8243; posts_number=&#8220;150&#8243; show_title_and_caption=&#8220;%22off%22&#8243; show_pagination=&#8220;%22off%22&#8243; _builder_version=&#8220;4.13.0&#8243; _module_preset=&#8220;%22default%22&#8243; hover_enabled=&#8220;0&#8243; global_colors_info=&#8220;{}&#8220; sticky_enabled=&#8220;0&#8243;][\/et_pb_gallery][\/et_pb_column][\/et_pb_row][\/et_pb_section]<\/p>\n","protected":false},"excerpt":{"rendered":"<p>DER IBERISCHE SINN ERWACHT IN BERLIN ZUM AUFTAKT DES DRITTEN JAHRES DER KAMPAGNEAm 14. Juni 2023 stellen wir in Berlin das ehrgeizigste Projekt des iberischen Sektors in seiner Geschichte vor: &#8222;Jamones Ib\u00e9ricos de Espa\u00f1a, Embajadores de Europa en el mundo. Erwecken Sie Ihren iberischen Sinn&#8220;. An der Veranstaltung nahmen der spanische Botschafter in Deutschland, Ricardo Mart\u00ednez V\u00e1zquez, der Pr\u00e4sident von Interprofesional del Cerdo Ib\u00e9rico, Ra\u00fal Garc\u00eda, und die Chefkoch-Botschafter der Kampagne teil: der spanische Chefkoch mit zwei Michelin-Sternen Mario Sandoval und der renommierte deutsche Chefkoch mit Michelin-Stern Christian Sturm-Willms. Eine einmalige Gelegenheit, die Kampagne zu entdecken und aus erster Hand von Fachleuten des Sektors etwas \u00fcber die besonderen Qualit\u00e4ten dieses einzigartigen Gourmetprodukts in Europa und der Welt zu erfahren. Die Veranstaltung bildete den Auftakt zum dritten Jahr der F\u00f6rderung dieser Kampagne und brachte verschiedene Talente aus der K\u00fcche zusammen, wie die bereits erw\u00e4hnten Mario Sandoval und Christian Sturm-Willms sowie den deutschen K\u00fcchenchef Michael Kempf. Authentische Referenzen der Haute Cuisine, die die Teilnehmer mit einem Degustationsmen\u00fc mit iberischem Schinken als Hauptzutat erfreuten. All dies, um den Sentido Ib\u00e9rico in Deutschland, Europa und der Welt weiter zu wecken.<\/p>\n","protected":false},"author":1,"featured_media":0,"parent":4338,"menu_order":1,"comment_status":"closed","ping_status":"closed","template":"","meta":{"_et_pb_use_builder":"on","_et_pb_old_content":"","_et_gb_content_width":"","footnotes":""},"class_list":["post-7115","page","type-page","status-publish","hentry"],"_links":{"self":[{"href":"https:\/\/jamonesibericoseu.eu\/de\/wp-json\/wp\/v2\/pages\/7115","targetHints":{"allow":["GET"]}}],"collection":[{"href":"https:\/\/jamonesibericoseu.eu\/de\/wp-json\/wp\/v2\/pages"}],"about":[{"href":"https:\/\/jamonesibericoseu.eu\/de\/wp-json\/wp\/v2\/types\/page"}],"author":[{"embeddable":true,"href":"https:\/\/jamonesibericoseu.eu\/de\/wp-json\/wp\/v2\/users\/1"}],"replies":[{"embeddable":true,"href":"https:\/\/jamonesibericoseu.eu\/de\/wp-json\/wp\/v2\/comments?post=7115"}],"version-history":[{"count":8,"href":"https:\/\/jamonesibericoseu.eu\/de\/wp-json\/wp\/v2\/pages\/7115\/revisions"}],"predecessor-version":[{"id":7185,"href":"https:\/\/jamonesibericoseu.eu\/de\/wp-json\/wp\/v2\/pages\/7115\/revisions\/7185"}],"up":[{"embeddable":true,"href":"https:\/\/jamonesibericoseu.eu\/de\/wp-json\/wp\/v2\/pages\/4338"}],"wp:attachment":[{"href":"https:\/\/jamonesibericoseu.eu\/de\/wp-json\/wp\/v2\/media?parent=7115"}],"curies":[{"name":"wp","href":"https:\/\/api.w.org\/{rel}","templated":true}]}}