{"id":6896,"date":"2023-05-25T10:45:55","date_gmt":"2023-05-25T10:45:55","guid":{"rendered":"https:\/\/jamonesibericoseu.eu\/veranstaltungen\/lichter-kamera-und-ham-der-iberische-sinn-erweckt-beim-filmfestival-von-san-sebastian-wieder\/"},"modified":"2023-05-25T11:03:10","modified_gmt":"2023-05-25T11:03:10","slug":"lichter-kamera-und-ham-der-iberische-sinn-erweckt-beim-filmfestival-von-san-sebastian-wieder","status":"publish","type":"page","link":"https:\/\/jamonesibericoseu.eu\/de\/veranstaltungen\/lichter-kamera-und-ham-der-iberische-sinn-erweckt-beim-filmfestival-von-san-sebastian-wieder\/","title":{"rendered":"Lichter, kamera und ham! der Iberische Sinn erweckt beim filmfestival von San Sebasti\u00e1n wieder"},"content":{"rendered":"<p>[et_pb_section fb_built=&#8220;1&#8243; _builder_version=&#8220;4.10.8&#8243; _module_preset=&#8220;default&#8220; global_colors_info=&#8220;{}&#8220;][et_pb_row _builder_version=&#8220;4.10.8&#8243; _module_preset=&#8220;default&#8220; global_colors_info=&#8220;{}&#8220;][et_pb_column type=&#8220;4_4&#8243; _builder_version=&#8220;4.10.8&#8243; _module_preset=&#8220;default&#8220; global_colors_info=&#8220;{}&#8220;][et_pb_text _builder_version=&#8220;4.13.0&#8243; _module_preset=&#8220;default&#8220; text_font_size=&#8220;16px&#8220; header_font=&#8220;|700||on|||||&#8220; header_text_align=&#8220;center&#8220; header_text_color=&#8220;#a31c27&#8243; header_2_font=&#8220;|700||on|||||&#8220; header_2_text_align=&#8220;center&#8220; header_2_text_color=&#8220;#a31c27&#8243; header_2_font_size=&#8220;30px&#8220; header_2_line_height=&#8220;1.2em&#8220; background_color=&#8220;RGBA(0,0,0,0)&#8220; z_index=&#8220;500&#8243; width=&#8220;80%&#8220; module_alignment=&#8220;center&#8220; sticky_limit_bottom=&#8220;body&#8220; hover_enabled=&#8220;0&#8243; global_colors_info=&#8220;{}&#8220; sticky_enabled=&#8220;0&#8243;]<\/p>\n<h2>LICHTER, KAMERA UND HAM! DER IBERISCHE SINN ERWECKT BEIM FILMFESTIVAL VON SAN SEBASTI\u00c1N WIEDER<\/h2>\n<p>[\/et_pb_text][et_pb_text _builder_version=&#8220;4.13.0&#8243; _module_preset=&#8220;default&#8220; text_font_size=&#8220;16px&#8220; header_font=&#8220;|700||on|||||&#8220; header_text_color=&#8220;#a31c27&#8243; header_2_font=&#8220;|700||on|||||&#8220; header_2_text_color=&#8220;#a31c27&#8243; header_2_font_size=&#8220;30px&#8220; background_color=&#8220;RGBA(0,0,0,0)&#8220; z_index=&#8220;500&#8243; sticky_limit_bottom=&#8220;body&#8220; hover_enabled=&#8220;0&#8243; global_colors_info=&#8220;{}&#8220; sticky_enabled=&#8220;0&#8243;]<\/p>\n<p>Ein weiteres Jahr lang trafen sich <strong>Kino und Gastronomie <\/strong>in der Hauptstadt von Gipuzkoan anl\u00e4sslich einer Neuauflage des <strong>Internationalen Filmfestivals von San Sebasti\u00e1n. <\/strong>Eine Ernennung, die die <strong>iberischen Schinken Spaniens <\/strong>als <strong>Botschafter der europ\u00e4ischen Kultur <\/strong>nicht verpassen durften.<\/p>\n<p>Die von ASICI mit Unterst\u00fctzung der EU gef\u00f6rderte Kampagne <strong>\u201eIberischer Schinken aus Spanien, Botschafter Europas in der Welt\u201c war <\/strong>aufgrund ihrer <strong>globalen Wirkung und ihrer klaren internationalen Ausrichtung erneut Sponsor dieser Veranstaltung , zum achten Mal in Folge <\/strong>. gemeinsame Werte mit <strong>iberischem Schinken. <\/strong>Mit den Worten von <strong>Antonio Prieto, Pr\u00e4sident von ASICI <\/strong>: \u201eWie das Kino ist iberischer Schinken ein einzigartiges, aufregendes und sinnliches Erlebnis.\u201c Daher die nat\u00fcrliche Verbindung, die Jahr f\u00fcr Jahr im unvergleichlichen Rahmen des San Sebastian International Film Festival geschmiedet wurde.\u201c<\/p>\n<p>All dies stellte eine <strong>\u201efilmische Gelegenheit\u201c dar, das Image des iberischen Schinkens <\/strong>als weltweit einzigartiges <strong>Gourmetprodukt <\/strong>zu festigen und <strong>den iberischen Sinn <\/strong>bei <strong>Liebhabern der Siebten Kunst zu wecken.<\/strong><\/p>\n<p>W\u00e4hrend der <strong>70. Ausgabe <\/strong>dieser <strong>prestigetr\u00e4chtigen Veranstaltung <\/strong>wurde San Sebasti\u00e1n erneut zu einer <strong>gro\u00dfartigen B\u00fchne <\/strong>f\u00fcr <strong>Kino und Gastronomie, <\/strong>bei der <strong>iberische Schinken <\/strong>erneut die <strong>Protagonisten waren, und <\/strong>zwar durch verschiedene Aktivit\u00e4ten, wie z. B. <strong>kostenlose Verkostungen <\/strong>, auf dem Bulevar vor der Stadt Hall, durch den Tausende von Menschen seinen unverwechselbaren Geschmack, sein Aroma und seine Textur entdecken konnten <strong>.<\/strong><\/p>\n<p>Dar\u00fcber hinaus konnten die Besucher sowohl bei der <strong>Er\u00f6ffnungsfeier <\/strong>im San Telmo Museum als auch bei der <strong>Abschlusszeremonie der Veranstaltung im Miramar Palace Ausstellungen \u00fcber die Kunst des Schneidens von <\/strong>iberischem Schinken durch <strong>Meisterschneider <\/strong>genie\u00dfen . <br \/><strong><br \/><\/strong>Als H\u00f6hepunkt wollten wir von <strong>Jamones Ib\u00e9ricos de Espa\u00f1a die Schauspielerin Cristina Casta\u00f1o <\/strong>f\u00fcr ihre brillante Karriere mit der \u00dcbergabe eines iberischen Schinkens ehren, eine Auszeichnung, die in fr\u00fcheren Ausgaben des Festivals bereits Stars wie <strong>Karra Elejalde, Javier C\u00e1mara, Mar\u00eda Le\u00f3n, Jos\u00e9 Coronado, Ricardo Dar\u00edn , Los Javis , Santiago Segura, Elena Anaya, Juan Antonio Bayona <\/strong>oder <strong>Isaki Lacuesta , <\/strong>unter anderem.<\/p>\n<p>All diese Aktivit\u00e4ten dienten dazu, <strong>die Vorz\u00fcge des spanischen iberischen Schinkens hervorzuheben <\/strong>und <strong>den iberischen Sinn <\/strong>bei <strong>Tausenden von Menschen auf der ganzen Welt zu wecken.<\/strong><\/p>\n<p>[\/et_pb_text][\/et_pb_column][\/et_pb_row][et_pb_row use_custom_gutter=&#8220;on&#8220; gutter_width=&#8220;2&#8243; _builder_version=&#8220;4.13.0&#8243; _module_preset=&#8220;default&#8220; global_colors_info=&#8220;{}&#8220;][et_pb_column type=&#8220;4_4&#8243; _builder_version=&#8220;4.13.0&#8243; _module_preset=&#8220;default&#8220; global_colors_info=&#8220;{}&#8220;][et_pb_image src=&#8220;https:\/\/jamonesibericoseu.eu\/wp-content\/uploads\/2023\/02\/Cristina-Castan\u0303o_entrega-galardon-web.jpg&#8220; title_text=&#8220;Cristina Castan\u0303o_entrega galardon web&#8220; align=&#8220;center&#8220; _builder_version=&#8220;4.13.0&#8243; _module_preset=&#8220;default&#8220; global_colors_info=&#8220;{}&#8220;][\/et_pb_image][\/et_pb_column][\/et_pb_row][et_pb_row column_structure=&#8220;1_4,1_4,1_4,1_4&#8243; use_custom_gutter=&#8220;on&#8220; gutter_width=&#8220;2&#8243; _builder_version=&#8220;4.13.0&#8243; _module_preset=&#8220;default&#8220; global_colors_info=&#8220;{}&#8220;][et_pb_column type=&#8220;1_4&#8243; _builder_version=&#8220;4.13.0&#8243; _module_preset=&#8220;default&#8220; global_colors_info=&#8220;{}&#8220;][et_pb_image src=&#8220;https:\/\/jamonesibericoseu.eu\/wp-content\/uploads\/2023\/02\/Degustacio\u0301n-gratuita-de-Jamo\u0301n-Ibe\u0301rico-web.jpg&#8220; title_text=&#8220;Degustacio\u0301n gratuita de Jamo\u0301n Ibe\u0301rico web&#8220; _builder_version=&#8220;4.13.0&#8243; _module_preset=&#8220;default&#8220; global_colors_info=&#8220;{}&#8220;][\/et_pb_image][\/et_pb_column][et_pb_column type=&#8220;1_4&#8243; _builder_version=&#8220;4.13.0&#8243; _module_preset=&#8220;default&#8220; global_colors_info=&#8220;{}&#8220;][et_pb_image src=&#8220;https:\/\/jamonesibericoseu.eu\/wp-content\/uploads\/2023\/02\/Cristina-Castan\u0303o-recibe-el-premio-de-la-mano-del-presidente-de-ASICI-web.jpg&#8220; title_text=&#8220;Cristina Castan\u0303o recibe el premio de la mano del presidente de ASICI web&#8220; _builder_version=&#8220;4.13.0&#8243; _module_preset=&#8220;default&#8220; global_colors_info=&#8220;{}&#8220;][\/et_pb_image][\/et_pb_column][et_pb_column type=&#8220;1_4&#8243; _builder_version=&#8220;4.13.0&#8243; _module_preset=&#8220;default&#8220; global_colors_info=&#8220;{}&#8220;][et_pb_image src=&#8220;https:\/\/jamonesibericoseu.eu\/wp-content\/uploads\/2023\/02\/Ganadores-concha-de-oro_Los-reyes-del-mundo-web.jpg&#8220; title_text=&#8220;Ganadores concha de oro_Los reyes del mundo web&#8220; _builder_version=&#8220;4.13.0&#8243; _module_preset=&#8220;default&#8220; global_colors_info=&#8220;{}&#8220;][\/et_pb_image][\/et_pb_column][et_pb_column type=&#8220;1_4&#8243; _builder_version=&#8220;4.13.0&#8243; _module_preset=&#8220;default&#8220; global_colors_info=&#8220;{}&#8220;][et_pb_image src=&#8220;https:\/\/jamonesibericoseu.eu\/wp-content\/uploads\/2023\/02\/Stand-exterior-web.jpg&#8220; title_text=&#8220;Stand exterior web&#8220; _builder_version=&#8220;4.13.0&#8243; _module_preset=&#8220;default&#8220; global_colors_info=&#8220;{}&#8220;][\/et_pb_image][\/et_pb_column][\/et_pb_row][\/et_pb_section]<\/p>\n","protected":false},"excerpt":{"rendered":"<p>LICHTER, KAMERA UND HAM! DER IBERISCHE SINN ERWECKT BEIM FILMFESTIVAL VON SAN SEBASTI\u00c1N WIEDEREin weiteres Jahr lang trafen sich Kino und Gastronomie in der Hauptstadt von Gipuzkoan anl\u00e4sslich einer Neuauflage des Internationalen Filmfestivals von San Sebasti\u00e1n. Eine Ernennung, die die iberischen Schinken Spaniens als Botschafter der europ\u00e4ischen Kultur nicht verpassen durften. Die von ASICI mit Unterst\u00fctzung der EU gef\u00f6rderte Kampagne \u201eIberischer Schinken aus Spanien, Botschafter Europas in der Welt\u201c war aufgrund ihrer globalen Wirkung und ihrer klaren internationalen Ausrichtung erneut Sponsor dieser Veranstaltung , zum achten Mal in Folge . gemeinsame Werte mit iberischem Schinken. Mit den Worten von Antonio Prieto, Pr\u00e4sident von ASICI : \u201eWie das Kino ist iberischer Schinken ein einzigartiges, aufregendes und sinnliches Erlebnis.\u201c Daher die nat\u00fcrliche Verbindung, die Jahr f\u00fcr Jahr im unvergleichlichen Rahmen des San Sebastian International Film Festival geschmiedet wurde.\u201c All dies stellte eine \u201efilmische Gelegenheit\u201c dar, das Image des iberischen Schinkens als weltweit einzigartiges Gourmetprodukt zu festigen und den iberischen Sinn bei Liebhabern der Siebten Kunst zu wecken. W\u00e4hrend der 70. Ausgabe dieser prestigetr\u00e4chtigen Veranstaltung wurde San Sebasti\u00e1n erneut zu einer gro\u00dfartigen B\u00fchne f\u00fcr Kino und Gastronomie, bei der iberische Schinken erneut die Protagonisten waren, und zwar durch verschiedene Aktivit\u00e4ten, wie z. B. [&hellip;]<\/p>\n","protected":false},"author":1,"featured_media":0,"parent":4338,"menu_order":1,"comment_status":"closed","ping_status":"closed","template":"","meta":{"_et_pb_use_builder":"on","_et_pb_old_content":"","_et_gb_content_width":"","footnotes":""},"class_list":["post-6896","page","type-page","status-publish","hentry"],"_links":{"self":[{"href":"https:\/\/jamonesibericoseu.eu\/de\/wp-json\/wp\/v2\/pages\/6896","targetHints":{"allow":["GET"]}}],"collection":[{"href":"https:\/\/jamonesibericoseu.eu\/de\/wp-json\/wp\/v2\/pages"}],"about":[{"href":"https:\/\/jamonesibericoseu.eu\/de\/wp-json\/wp\/v2\/types\/page"}],"author":[{"embeddable":true,"href":"https:\/\/jamonesibericoseu.eu\/de\/wp-json\/wp\/v2\/users\/1"}],"replies":[{"embeddable":true,"href":"https:\/\/jamonesibericoseu.eu\/de\/wp-json\/wp\/v2\/comments?post=6896"}],"version-history":[{"count":3,"href":"https:\/\/jamonesibericoseu.eu\/de\/wp-json\/wp\/v2\/pages\/6896\/revisions"}],"predecessor-version":[{"id":6901,"href":"https:\/\/jamonesibericoseu.eu\/de\/wp-json\/wp\/v2\/pages\/6896\/revisions\/6901"}],"up":[{"embeddable":true,"href":"https:\/\/jamonesibericoseu.eu\/de\/wp-json\/wp\/v2\/pages\/4338"}],"wp:attachment":[{"href":"https:\/\/jamonesibericoseu.eu\/de\/wp-json\/wp\/v2\/media?parent=6896"}],"curies":[{"name":"wp","href":"https:\/\/api.w.org\/{rel}","templated":true}]}}