{"id":6834,"date":"2023-05-24T17:36:16","date_gmt":"2023-05-24T17:36:16","guid":{"rendered":"https:\/\/jamonesibericoseu.eu\/veranstaltungen\/so-wecken-wir-den-iberischen-sinn-in-den-franzoesischen-medien\/"},"modified":"2023-05-24T17:45:50","modified_gmt":"2023-05-24T17:45:50","slug":"so-wecken-wir-den-iberischen-sinn-in-den-franzoesischen-medien","status":"publish","type":"page","link":"https:\/\/jamonesibericoseu.eu\/de\/veranstaltungen\/so-wecken-wir-den-iberischen-sinn-in-den-franzoesischen-medien\/","title":{"rendered":"So wecken wir den Iberischen Sinn in den Franz\u00f6sischen medien"},"content":{"rendered":"<p>[et_pb_section fb_built=&#8220;1&#8243; _builder_version=&#8220;4.10.8&#8243; _module_preset=&#8220;default&#8220; global_colors_info=&#8220;{}&#8220;][et_pb_row _builder_version=&#8220;4.10.8&#8243; _module_preset=&#8220;default&#8220; global_colors_info=&#8220;{}&#8220;][et_pb_column type=&#8220;4_4&#8243; _builder_version=&#8220;4.10.8&#8243; _module_preset=&#8220;default&#8220; global_colors_info=&#8220;{}&#8220;][et_pb_text _builder_version=&#8220;4.13.0&#8243; _module_preset=&#8220;default&#8220; text_font_size=&#8220;16px&#8220; header_font=&#8220;|700||on|||||&#8220; header_text_align=&#8220;center&#8220; header_text_color=&#8220;#a31c27&#8243; header_2_font=&#8220;|700||on|||||&#8220; header_2_text_align=&#8220;center&#8220; header_2_text_color=&#8220;#a31c27&#8243; header_2_font_size=&#8220;30px&#8220; header_2_line_height=&#8220;1.2em&#8220; background_color=&#8220;RGBA(0,0,0,0)&#8220; z_index=&#8220;500&#8243; width=&#8220;80%&#8220; module_alignment=&#8220;center&#8220; sticky_limit_bottom=&#8220;body&#8220; global_colors_info=&#8220;{}&#8220;]<\/p>\n<h2>SO WECKEN WIR DEN IBERISCHEN SINN IN DEN FRANZ\u00d6SISCHEN MEDIEN<\/h2>\n<p>[\/et_pb_text][et_pb_text _builder_version=&#8220;4.13.0&#8243; _module_preset=&#8220;default&#8220; text_font_size=&#8220;16px&#8220; header_font=&#8220;|700||on|||||&#8220; header_text_color=&#8220;#a31c27&#8243; header_2_font=&#8220;|700||on|||||&#8220; header_2_text_color=&#8220;#a31c27&#8243; header_2_font_size=&#8220;30px&#8220; background_color=&#8220;RGBA(0,0,0,0)&#8220; z_index=&#8220;500&#8243; sticky_limit_bottom=&#8220;body&#8220; global_colors_info=&#8220;{}&#8220;]<\/p>\n<p><strong>Wichtigsten franz\u00f6sischen Medien <\/strong>zusammenbringen, <strong>um <\/strong>den unverwechselbaren <strong>Geschmack, <\/strong>die Textur und <strong>das Aroma zu entdecken, die den iberischen Schinken <\/strong>zu einem einzigartigen <strong>Gourmetprodukt <\/strong>in Europa und der Welt machen.<\/p>\n<p>Um dies zu erreichen, haben wir in Paris ein <strong>\u201eMedia Tasting Table Event \u201c organisiert, bei dem mehrere Journalisten ihren iberischen Sinn durch die Verkostung eines Men\u00fcs <\/strong>wecken konnten, das von der <strong>franz\u00f6sischen K\u00f6chin Amandine Chaignot, <\/strong>Chefk\u00f6chin des renommierten <strong>Restaurants Pouliche und <\/strong>Gewinnerin des \u201e Bocuse \u201c <strong>, zubereitet wurde <\/strong>\u201e Auszeichnung. d&#8217;Or \u201c, im Wettbewerb \u201e bocuse d&#8217;or France\u00bb, vom franz\u00f6sischen Kulturministerium zum <strong>\u201e Chevalier de l&#8217;Ordre des Arts et des Lettres \u201c ernannt, und von der Jury von Masterchef France.<\/strong><\/p>\n<p>Mit den Worten der K\u00f6chin selbst: \u201e <strong>Ib\u00e9rico-Schinken ist f\u00fcr mich der beste aller Schinken.\u201c Es ist eine Erinnerung an tolle Mahlzeiten und Treffen mit Freunden. Es ist auch ein Bezugspunkt, wenn Sie um die Welt reisen, Sie werden mit Sicherheit nie entt\u00e4uscht sein.<\/strong>\u00a0<strong>In meiner K\u00fcche verwende ich es pur, mit einem Glas Wein zum Aperitif oder als Gew\u00fcrz &#8230; Es ist ein so langlebiges und kraftvolles Produkt, dass es ein kleines Extra sein kann, um ein Rezept abzurunden.<\/strong>\u00a0<strong>Ein paar Hobelscheiben auf Eiern und Mayonnaise, auf einem Salat, und es ver\u00e4ndert alles!\u201c<\/strong><\/p>\n<p>All diese Vielseitigkeit wurde von <strong>Journalisten der wichtigsten franz\u00f6sischen Medien genossen, <\/strong>als sie die Kampagne <strong>\u201eIberische Schinken aus Spanien, Botschafter Europas in der Welt\u201c entdeckten. Wecken Sie Ihren iberischen Sinn.\u201c<\/strong><\/p>\n<p>[\/et_pb_text][\/et_pb_column][\/et_pb_row][et_pb_row use_custom_gutter=&#8220;on&#8220; gutter_width=&#8220;2&#8243; _builder_version=&#8220;4.13.0&#8243; _module_preset=&#8220;default&#8220; global_colors_info=&#8220;{}&#8220;][et_pb_column type=&#8220;4_4&#8243; _builder_version=&#8220;4.13.0&#8243; _module_preset=&#8220;default&#8220; global_colors_info=&#8220;{}&#8220;][et_pb_gallery gallery_ids=&#8220;0,6430,6434,6438,6442,6446,6450,6454,6458,6462,6466,6470,6474,6478,6482,6486&#8243; posts_number=&#8220;%22150%22&#8243; show_title_and_caption=&#8220;%22off%22&#8243; show_pagination=&#8220;%22off%22&#8243; _builder_version=&#8220;%224.13.0%22&#8243; _module_preset=&#8220;%22default%22&#8243; global_colors_info=&#8220;%22{}%22&#8243;][\/et_pb_gallery][\/et_pb_column][\/et_pb_row][\/et_pb_section][et_pb_section fb_built=&#8220;1&#8243; _builder_version=&#8220;4.13.0&#8243; _module_preset=&#8220;default&#8220; global_colors_info=&#8220;{}&#8220;][et_pb_row _builder_version=&#8220;4.13.0&#8243; _module_preset=&#8220;default&#8220; global_colors_info=&#8220;{}&#8220;][et_pb_column type=&#8220;4_4&#8243; _builder_version=&#8220;4.13.0&#8243; _module_preset=&#8220;default&#8220; global_colors_info=&#8220;{}&#8220;][et_pb_text _builder_version=&#8220;4.13.0&#8243; _module_preset=&#8220;default&#8220; width=&#8220;80%&#8220; module_alignment=&#8220;center&#8220; hover_enabled=&#8220;0&#8243; global_colors_info=&#8220;{}&#8220; sticky_enabled=&#8220;0&#8243;]<a class=\"vp-a vp-dr\" href=\"https:\/\/youtu.be\/R0OxDCC5gLE\" rel=\"nofollow\" data-width=\"1920\" data-height=\"1080\" data-dwrap=\"1\" data-iv=\"1\"><img decoding=\"async\" class=\"vp-img\" src=\"https:\/\/jamonesibericoseu.eu\/wp-content\/uploads\/2023\/05\/mediatasting-francia.jpg\"><\/a>[\/et_pb_text][\/et_pb_column][\/et_pb_row][\/et_pb_section]<\/p>\n","protected":false},"excerpt":{"rendered":"<p>SO WECKEN WIR DEN IBERISCHEN SINN IN DEN FRANZ\u00d6SISCHEN MEDIENWichtigsten franz\u00f6sischen Medien zusammenbringen, um den unverwechselbaren Geschmack, die Textur und das Aroma zu entdecken, die den iberischen Schinken zu einem einzigartigen Gourmetprodukt in Europa und der Welt machen. Um dies zu erreichen, haben wir in Paris ein \u201eMedia Tasting Table Event \u201c organisiert, bei dem mehrere Journalisten ihren iberischen Sinn durch die Verkostung eines Men\u00fcs wecken konnten, das von der franz\u00f6sischen K\u00f6chin Amandine Chaignot, Chefk\u00f6chin des renommierten Restaurants Pouliche und Gewinnerin des \u201e Bocuse \u201c , zubereitet wurde \u201e Auszeichnung. d&#8217;Or \u201c, im Wettbewerb \u201e bocuse d&#8217;or France\u00bb, vom franz\u00f6sischen Kulturministerium zum \u201e Chevalier de l&#8217;Ordre des Arts et des Lettres \u201c ernannt, und von der Jury von Masterchef France. Mit den Worten der K\u00f6chin selbst: \u201e Ib\u00e9rico-Schinken ist f\u00fcr mich der beste aller Schinken.\u201c Es ist eine Erinnerung an tolle Mahlzeiten und Treffen mit Freunden. Es ist auch ein Bezugspunkt, wenn Sie um die Welt reisen, Sie werden mit Sicherheit nie entt\u00e4uscht sein.\u00a0In meiner K\u00fcche verwende ich es pur, mit einem Glas Wein zum Aperitif oder als Gew\u00fcrz &#8230; Es ist ein so langlebiges und kraftvolles Produkt, dass es ein kleines Extra sein kann, um ein Rezept abzurunden.\u00a0Ein paar [&hellip;]<\/p>\n","protected":false},"author":1,"featured_media":0,"parent":4338,"menu_order":1,"comment_status":"closed","ping_status":"closed","template":"","meta":{"_et_pb_use_builder":"on","_et_pb_old_content":"","_et_gb_content_width":"","footnotes":""},"class_list":["post-6834","page","type-page","status-publish","hentry"],"_links":{"self":[{"href":"https:\/\/jamonesibericoseu.eu\/de\/wp-json\/wp\/v2\/pages\/6834","targetHints":{"allow":["GET"]}}],"collection":[{"href":"https:\/\/jamonesibericoseu.eu\/de\/wp-json\/wp\/v2\/pages"}],"about":[{"href":"https:\/\/jamonesibericoseu.eu\/de\/wp-json\/wp\/v2\/types\/page"}],"author":[{"embeddable":true,"href":"https:\/\/jamonesibericoseu.eu\/de\/wp-json\/wp\/v2\/users\/1"}],"replies":[{"embeddable":true,"href":"https:\/\/jamonesibericoseu.eu\/de\/wp-json\/wp\/v2\/comments?post=6834"}],"version-history":[{"count":10,"href":"https:\/\/jamonesibericoseu.eu\/de\/wp-json\/wp\/v2\/pages\/6834\/revisions"}],"predecessor-version":[{"id":6864,"href":"https:\/\/jamonesibericoseu.eu\/de\/wp-json\/wp\/v2\/pages\/6834\/revisions\/6864"}],"up":[{"embeddable":true,"href":"https:\/\/jamonesibericoseu.eu\/de\/wp-json\/wp\/v2\/pages\/4338"}],"wp:attachment":[{"href":"https:\/\/jamonesibericoseu.eu\/de\/wp-json\/wp\/v2\/media?parent=6834"}],"curies":[{"name":"wp","href":"https:\/\/api.w.org\/{rel}","templated":true}]}}