{"id":6816,"date":"2023-05-24T17:29:01","date_gmt":"2023-05-24T17:29:01","guid":{"rendered":"https:\/\/jamonesibericoseu.eu\/veranstaltungen\/so-wecken-wir-den-iberischen-sinn-in-den-deutschen-medien\/"},"modified":"2023-05-24T17:42:34","modified_gmt":"2023-05-24T17:42:34","slug":"so-wecken-wir-den-iberischen-sinn-in-den-deutschen-medien","status":"publish","type":"page","link":"https:\/\/jamonesibericoseu.eu\/de\/veranstaltungen\/so-wecken-wir-den-iberischen-sinn-in-den-deutschen-medien\/","title":{"rendered":"So wecken wir den Iberischen Sinn in den Deutschen medien"},"content":{"rendered":"<p>[et_pb_section fb_built=&#8220;1&#8243; _builder_version=&#8220;4.10.8&#8243; _module_preset=&#8220;default&#8220; global_colors_info=&#8220;{}&#8220;][et_pb_row _builder_version=&#8220;4.10.8&#8243; _module_preset=&#8220;default&#8220; global_colors_info=&#8220;{}&#8220;][et_pb_column type=&#8220;4_4&#8243; _builder_version=&#8220;4.10.8&#8243; _module_preset=&#8220;default&#8220; global_colors_info=&#8220;{}&#8220;][et_pb_text _builder_version=&#8220;4.13.0&#8243; _module_preset=&#8220;default&#8220; text_font_size=&#8220;16px&#8220; header_font=&#8220;|700||on|||||&#8220; header_text_align=&#8220;center&#8220; header_text_color=&#8220;#a31c27&#8243; header_2_font=&#8220;|700||on|||||&#8220; header_2_text_align=&#8220;center&#8220; header_2_text_color=&#8220;#a31c27&#8243; header_2_font_size=&#8220;30px&#8220; header_2_line_height=&#8220;1.2em&#8220; background_color=&#8220;RGBA(0,0,0,0)&#8220; z_index=&#8220;500&#8243; width=&#8220;80%&#8220; module_alignment=&#8220;center&#8220; sticky_limit_bottom=&#8220;body&#8220; global_colors_info=&#8220;{}&#8220;]<\/p>\n<h2>SO WECKEN WIR DEN IBERISCHEN SINN IN DEN DEUTSCHEN MEDIEN<\/h2>\n<p>[\/et_pb_text][et_pb_text _builder_version=&#8220;4.13.0&#8243; _module_preset=&#8220;default&#8220; text_font_size=&#8220;16px&#8220; header_font=&#8220;|700||on|||||&#8220; header_text_color=&#8220;#a31c27&#8243; header_2_font=&#8220;|700||on|||||&#8220; header_2_text_color=&#8220;#a31c27&#8243; header_2_font_size=&#8220;30px&#8220; background_color=&#8220;RGBA(0,0,0,0)&#8220; z_index=&#8220;500&#8243; sticky_limit_bottom=&#8220;body&#8220; global_colors_info=&#8220;{}&#8220;]<\/p>\n<p><strong>deutschen Medien <\/strong>zusammenbringen, <strong>um <\/strong>den unverwechselbaren <strong>Geschmack, <\/strong>die Textur und <strong>das Aroma zu entdecken, die den iberischen Schinken <\/strong>zu einem einzigartigen <strong>Gourmetprodukt <\/strong>in Europa und der Welt machen.<\/p>\n<p>Um dies zu erreichen, organisierten wir in Hamburg ein <strong>\u201eMedia Tasting Table Event \u201c , bei dem mehrere Journalisten ihren iberischen Sinn <\/strong>wecken konnten, indem sie ein Men\u00fc des <strong>deutschen Sternekochs Christian Sturm-Willms , <\/strong>Botschafter der neuen Fusionsk\u00fcche, probierten . Eurasian und Gewinner des Wettbewerbs \u201eKoch des Jahres\u201c 2013.<\/p>\n<p>Mit den Worten des K\u00fcchenchefs selbst: \u201eF\u00fcr mich steht die Qualit\u00e4t der Produkte an erster Stelle, deshalb macht es Spa\u00df, mit <strong>iberischem Schinken zu arbeiten, <\/strong>weil ich <strong>der Exzellenz des Produkts vertrauen kann.\u201c <\/strong>Ein <strong>Juwel der spanischen Gastronomie <\/strong>, das ich in meiner K\u00fcche auf vielf\u00e4ltige Weise nutzen kann und das jedem Gericht eine <strong>besondere Note verleiht <\/strong>.\u201c<\/p>\n<p><strong>Journalisten der wichtigsten deutschen Medien <\/strong>genie\u00dfen durften , als sie die Kampagne <strong>\u201eIberische Schinken aus Spanien, Botschafter Europas in der Welt\u201c entdeckten. Wecken Sie Ihren iberischen Sinn.\u201c<\/strong><\/p>\n<p>[\/et_pb_text][\/et_pb_column][\/et_pb_row][et_pb_row use_custom_gutter=&#8220;on&#8220; gutter_width=&#8220;2&#8243; _builder_version=&#8220;4.13.0&#8243; _module_preset=&#8220;default&#8220; global_colors_info=&#8220;{}&#8220;][et_pb_column type=&#8220;4_4&#8243; _builder_version=&#8220;4.13.0&#8243; _module_preset=&#8220;default&#8220; global_colors_info=&#8220;{}&#8220;][et_pb_gallery gallery_ids=&#8220;0,6143,6147,6151,6155,6159,6163,6167,6171,6175,6179,6183,6187,6191,6195,6199,6203,6207,6211,6215&#8243; posts_number=&#8220;%22150%22&#8243; show_title_and_caption=&#8220;%22off%22&#8243; show_pagination=&#8220;%22off%22&#8243; _builder_version=&#8220;%224.13.0%22&#8243; _module_preset=&#8220;%22default%22&#8243; global_colors_info=&#8220;%22{}%22&#8243;][\/et_pb_gallery][\/et_pb_column][\/et_pb_row][\/et_pb_section][et_pb_section fb_built=&#8220;1&#8243; _builder_version=&#8220;4.13.0&#8243; _module_preset=&#8220;default&#8220; global_colors_info=&#8220;{}&#8220;][et_pb_row _builder_version=&#8220;4.13.0&#8243; _module_preset=&#8220;default&#8220; global_colors_info=&#8220;{}&#8220;][et_pb_column type=&#8220;4_4&#8243; _builder_version=&#8220;4.13.0&#8243; _module_preset=&#8220;default&#8220; global_colors_info=&#8220;{}&#8220;][et_pb_text _builder_version=&#8220;4.13.0&#8243; _module_preset=&#8220;default&#8220; width=&#8220;80%&#8220; module_alignment=&#8220;center&#8220; hover_enabled=&#8220;0&#8243; global_colors_info=&#8220;{}&#8220; sticky_enabled=&#8220;0&#8243;]<a class=\"vp-a vp-dr\" href=\"https:\/\/youtu.be\/RPW51_jqMmo\" rel=\"nofollow\" data-width=\"1920\" data-height=\"1080\" data-dwrap=\"1\" data-iv=\"1\"><img decoding=\"async\" class=\"vp-img\" src=\"https:\/\/jamonesibericoseu.eu\/wp-content\/uploads\/2023\/05\/mediatasting-alemania.jpg\"><\/a>[\/et_pb_text][\/et_pb_column][\/et_pb_row][\/et_pb_section]<\/p>\n","protected":false},"excerpt":{"rendered":"<p>SO WECKEN WIR DEN IBERISCHEN SINN IN DEN DEUTSCHEN MEDIENdeutschen Medien zusammenbringen, um den unverwechselbaren Geschmack, die Textur und das Aroma zu entdecken, die den iberischen Schinken zu einem einzigartigen Gourmetprodukt in Europa und der Welt machen. Um dies zu erreichen, organisierten wir in Hamburg ein \u201eMedia Tasting Table Event \u201c , bei dem mehrere Journalisten ihren iberischen Sinn wecken konnten, indem sie ein Men\u00fc des deutschen Sternekochs Christian Sturm-Willms , Botschafter der neuen Fusionsk\u00fcche, probierten . Eurasian und Gewinner des Wettbewerbs \u201eKoch des Jahres\u201c 2013. Mit den Worten des K\u00fcchenchefs selbst: \u201eF\u00fcr mich steht die Qualit\u00e4t der Produkte an erster Stelle, deshalb macht es Spa\u00df, mit iberischem Schinken zu arbeiten, weil ich der Exzellenz des Produkts vertrauen kann.\u201c Ein Juwel der spanischen Gastronomie , das ich in meiner K\u00fcche auf vielf\u00e4ltige Weise nutzen kann und das jedem Gericht eine besondere Note verleiht .\u201c Journalisten der wichtigsten deutschen Medien genie\u00dfen durften , als sie die Kampagne \u201eIberische Schinken aus Spanien, Botschafter Europas in der Welt\u201c entdeckten. Wecken Sie Ihren iberischen Sinn.\u201c<a class=\"vp-a vp-dr\" href=\"https:\/\/youtu.be\/RPW51_jqMmo\" rel=\"nofollow\" data-width=\"1920\" data-height=\"1080\" data-dwrap=\"1\" data-iv=\"1\"><img decoding=\"async\" class=\"vp-img\" src=\"https:\/\/jamonesibericoseu.eu\/wp-content\/uploads\/2023\/05\/mediatasting-alemania.jpg\"><\/a><\/p>\n","protected":false},"author":1,"featured_media":0,"parent":4338,"menu_order":1,"comment_status":"closed","ping_status":"closed","template":"","meta":{"_et_pb_use_builder":"on","_et_pb_old_content":"","_et_gb_content_width":"","footnotes":""},"class_list":["post-6816","page","type-page","status-publish","hentry"],"_links":{"self":[{"href":"https:\/\/jamonesibericoseu.eu\/de\/wp-json\/wp\/v2\/pages\/6816","targetHints":{"allow":["GET"]}}],"collection":[{"href":"https:\/\/jamonesibericoseu.eu\/de\/wp-json\/wp\/v2\/pages"}],"about":[{"href":"https:\/\/jamonesibericoseu.eu\/de\/wp-json\/wp\/v2\/types\/page"}],"author":[{"embeddable":true,"href":"https:\/\/jamonesibericoseu.eu\/de\/wp-json\/wp\/v2\/users\/1"}],"replies":[{"embeddable":true,"href":"https:\/\/jamonesibericoseu.eu\/de\/wp-json\/wp\/v2\/comments?post=6816"}],"version-history":[{"count":7,"href":"https:\/\/jamonesibericoseu.eu\/de\/wp-json\/wp\/v2\/pages\/6816\/revisions"}],"predecessor-version":[{"id":6856,"href":"https:\/\/jamonesibericoseu.eu\/de\/wp-json\/wp\/v2\/pages\/6816\/revisions\/6856"}],"up":[{"embeddable":true,"href":"https:\/\/jamonesibericoseu.eu\/de\/wp-json\/wp\/v2\/pages\/4338"}],"wp:attachment":[{"href":"https:\/\/jamonesibericoseu.eu\/de\/wp-json\/wp\/v2\/media?parent=6816"}],"curies":[{"name":"wp","href":"https:\/\/api.w.org\/{rel}","templated":true}]}}