{"id":6789,"date":"2023-05-24T17:16:34","date_gmt":"2023-05-24T17:16:34","guid":{"rendered":"https:\/\/jamonesibericoseu.eu\/veranstaltungen\/erfahren-sie-alles-ueber-die-zweite-ausgabe-des-internationalen-wettbewerbs-zum-schneiden-von-iberischem-schinken\/"},"modified":"2023-08-04T12:47:05","modified_gmt":"2023-08-04T12:47:05","slug":"erfahren-sie-alles-ueber-die-zweite-ausgabe-des-internationalen-wettbewerbs-zum-schneiden-von-iberischem-schinken","status":"publish","type":"page","link":"https:\/\/jamonesibericoseu.eu\/de\/veranstaltungen\/erfahren-sie-alles-ueber-die-zweite-ausgabe-des-internationalen-wettbewerbs-zum-schneiden-von-iberischem-schinken\/","title":{"rendered":"Erfahren sie alles \u00fcber die zweite ausgabe des Internationalen Wettbewerbs Zum Schneiden von Iberischem Schinken"},"content":{"rendered":"<p>[et_pb_section fb_built=&#8220;1&#8243; _builder_version=&#8220;4.10.8&#8243; _module_preset=&#8220;default&#8220; global_colors_info=&#8220;{}&#8220;][et_pb_row _builder_version=&#8220;4.10.8&#8243; _module_preset=&#8220;default&#8220; global_colors_info=&#8220;{}&#8220;][et_pb_column type=&#8220;4_4&#8243; _builder_version=&#8220;4.10.8&#8243; _module_preset=&#8220;default&#8220; global_colors_info=&#8220;{}&#8220;][et_pb_text _builder_version=&#8220;4.13.0&#8243; _module_preset=&#8220;default&#8220; text_font_size=&#8220;16px&#8220; header_font=&#8220;|700||on|||||&#8220; header_text_align=&#8220;center&#8220; header_text_color=&#8220;#a31c27&#8243; header_2_font=&#8220;|700||on|||||&#8220; header_2_text_align=&#8220;center&#8220; header_2_text_color=&#8220;#a31c27&#8243; header_2_font_size=&#8220;30px&#8220; header_2_line_height=&#8220;1.2em&#8220; background_color=&#8220;RGBA(0,0,0,0)&#8220; z_index=&#8220;500&#8243; width=&#8220;80%&#8220; module_alignment=&#8220;center&#8220; sticky_limit_bottom=&#8220;body&#8220; global_colors_info=&#8220;{}&#8220;]<\/p>\n<h2><strong>ERFAHREN SIE ALLES \u00dcBER DIE ZWEITE AUSGABE DES INTERNATIONALEN WETTBEWERBS ZUM SCHNEIDEN VON IBERISCHEM SCHINKEN<\/strong><\/h2>\n<p>[\/et_pb_text][et_pb_text _builder_version=&#8220;4.13.0&#8243; _module_preset=&#8220;default&#8220; text_font_size=&#8220;16px&#8220; header_font=&#8220;|700||on|||||&#8220; header_text_color=&#8220;#a31c27&#8243; header_2_font=&#8220;|700||on|||||&#8220; header_2_text_color=&#8220;#a31c27&#8243; header_2_font_size=&#8220;30px&#8220; background_color=&#8220;RGBA(0,0,0,0)&#8220; z_index=&#8220;500&#8243; sticky_limit_bottom=&#8220;body&#8220; global_colors_info=&#8220;{}&#8220;]<\/p>\n<p><strong>Drei Hotelfachschulen <\/strong>aus Spanien, Frankreich und Deutschland, <strong>zehn Teilnehmer <\/strong>und <strong>ein Gewinner. <\/strong>Dies war das gro\u00dfe Finale der zweiten Ausgabe des <strong>Internationalen Wettbewerbs zum Schneiden von iberischem Schinken, der <\/strong>am 10. M\u00e4rz im M\u00e9ridien stattfand Etoile von Paris.<\/p>\n<p>Der Wettbewerb, der von der Iberischen Schweine-Interprofessionellen Vereinigung (ASICI) mit Unterst\u00fctzung der EU und im Rahmen der Kampagne \u201eIberische Schinken aus Spanien, Botschafter Europas in der Welt\u201c gef\u00f6rdert wurde, brachte 10 Bewerber aus den Fachwerkst\u00e4tten <strong>zusammen <\/strong>organisiert von ASICI, \u00fcber iberischen Schinken und die <strong>Kunst des Schneidens, <\/strong>in den wichtigsten <strong>Hotelfachschulen <\/strong>in <strong>Barcelona, Paris und Berlin. Die 10 Finalisten zeigten ihr ganzes <\/strong>K\u00f6nnen, um einen iberischen Schinken zu \u201eformen\u201c und so seinen <strong>Geschmack, seine <\/strong>Textur und <strong>sein Aroma zu maximieren. <\/strong><strong><br \/><\/strong><br \/>Die <strong>Jury <\/strong>unter der Leitung von <strong>Jes\u00fas P\u00e9rez Aguilar,<\/strong>\u00a0<strong>Der Kommunikationsdirektor von ASICI <\/strong>stellte den <strong>Gerichten strenge Tests in Bezug auf Schnitt, \u00c4sthetik, Pr\u00e4sentation, Gewicht und Kreativit\u00e4t auf, <\/strong>denen sich die Teilnehmer mehr als zwei Stunden lang mit Geschick und Entschlossenheit stellten.<\/p>\n<p>Schlie\u00dflich wurde der spanische Maic Rovira in einem harten, aber <strong>spannenden Wettbewerb zum \u201eBesten iberischen Schinkenschneider\u201c <\/strong>gek\u00fcrt , der dazu diente, die wesentliche Arbeit des <strong>professionellen iberischen Schinkenschneiders <\/strong>im <strong>Gastgewerbe zu w\u00fcrdigen <\/strong>und gleichzeitig die Eigenschaften zu vermitteln die den iberischen Schinken zu einem einzigartigen <strong>Gourmetprodukt <\/strong>in Europa und der Welt machen .<\/p>\n<p><strong>einem f\u00fcr unser Land so exklusiven Produkt wie dem iberischen Schinken <\/strong>repr\u00e4sentieren zu k\u00f6nnen \u201c, erkl\u00e4rte Maic Rovira nach der Preisverleihung, die auch die Qualit\u00e4ten des Produkts hervorhob: \u201e Wir haben das Gl\u00fcck <strong>, ein so symboltr\u00e4chtiges Produkt unserer Gastronomie <\/strong>zu haben . Es ist <strong>ein einzigartiges Produkt von ausgezeichneter Qualit\u00e4t, <\/strong>dessen <strong>Vielseitigkeit <\/strong>uns unendliche M\u00f6glichkeiten bietet, was die Arbeit damit sehr einfach macht.\u201c<\/p>\n<p>Ein Wettbewerb, der dazu diente <strong>, das Talent zuk\u00fcnftiger Hoteliers zu f\u00f6rdern <\/strong>und in ihnen den iberischen Sinn zu wecken <strong>.<\/strong><\/p>\n<p>[\/et_pb_text][\/et_pb_column][\/et_pb_row][et_pb_row use_custom_gutter=&#8220;on&#8220; gutter_width=&#8220;2&#8243; _builder_version=&#8220;4.13.0&#8243; _module_preset=&#8220;default&#8220; global_colors_info=&#8220;{}&#8220;][et_pb_column type=&#8220;4_4&#8243; _builder_version=&#8220;4.13.0&#8243; _module_preset=&#8220;default&#8220; global_colors_info=&#8220;{}&#8220;][et_pb_gallery gallery_ids=&#8220;0,6498,6502,6506,6510,6514,6518,6522,6526,6530,6534,6538,6542,6546,6550,6554,6558,6562,6566,6570&#8243; posts_number=&#8220;150&#8243; show_title_and_caption=&#8220;%22off%22&#8243; show_pagination=&#8220;%22off%22&#8243; _builder_version=&#8220;4.13.0&#8243; _module_preset=&#8220;%22default%22&#8243; hover_enabled=&#8220;0&#8243; global_colors_info=&#8220;%22{}%22&#8243; sticky_enabled=&#8220;0&#8243;][\/et_pb_gallery][\/et_pb_column][\/et_pb_row][\/et_pb_section][et_pb_section fb_built=&#8220;1&#8243; _builder_version=&#8220;4.13.0&#8243; _module_preset=&#8220;default&#8220; global_colors_info=&#8220;{}&#8220;][et_pb_row _builder_version=&#8220;4.13.0&#8243; _module_preset=&#8220;default&#8220; global_colors_info=&#8220;{}&#8220;][et_pb_column type=&#8220;4_4&#8243; _builder_version=&#8220;4.13.0&#8243; _module_preset=&#8220;default&#8220; global_colors_info=&#8220;{}&#8220;][et_pb_text _builder_version=&#8220;4.13.0&#8243; _module_preset=&#8220;default&#8220; width=&#8220;80%&#8220; module_alignment=&#8220;center&#8220; global_colors_info=&#8220;{}&#8220;]<a class=\"vp-a vp-dr\" href=\"https:\/\/youtu.be\/EgG24doT98s\" rel=\"nofollow\" data-width=\"1920\" data-height=\"1080\" data-dwrap=\"1\" data-iv=\"1\"><img decoding=\"async\" class=\"vp-img\" src=\"https:\/\/jamonesibericoseu.eu\/wp-content\/uploads\/2023\/05\/concurso-corte-internacional-video.jpg\"><\/a>[\/et_pb_text][\/et_pb_column][\/et_pb_row][\/et_pb_section]<\/p>\n","protected":false},"excerpt":{"rendered":"<p>ERFAHREN SIE ALLES \u00dcBER DIE ZWEITE AUSGABE DES INTERNATIONALEN WETTBEWERBS ZUM SCHNEIDEN VON IBERISCHEM SCHINKENDrei Hotelfachschulen aus Spanien, Frankreich und Deutschland, zehn Teilnehmer und ein Gewinner. Dies war das gro\u00dfe Finale der zweiten Ausgabe des Internationalen Wettbewerbs zum Schneiden von iberischem Schinken, der am 10. M\u00e4rz im M\u00e9ridien stattfand Etoile von Paris. Der Wettbewerb, der von der Iberischen Schweine-Interprofessionellen Vereinigung (ASICI) mit Unterst\u00fctzung der EU und im Rahmen der Kampagne \u201eIberische Schinken aus Spanien, Botschafter Europas in der Welt\u201c gef\u00f6rdert wurde, brachte 10 Bewerber aus den Fachwerkst\u00e4tten zusammen organisiert von ASICI, \u00fcber iberischen Schinken und die Kunst des Schneidens, in den wichtigsten Hotelfachschulen in Barcelona, Paris und Berlin. Die 10 Finalisten zeigten ihr ganzes K\u00f6nnen, um einen iberischen Schinken zu \u201eformen\u201c und so seinen Geschmack, seine Textur und sein Aroma zu maximieren. Die Jury unter der Leitung von Jes\u00fas P\u00e9rez Aguilar,\u00a0Der Kommunikationsdirektor von ASICI stellte den Gerichten strenge Tests in Bezug auf Schnitt, \u00c4sthetik, Pr\u00e4sentation, Gewicht und Kreativit\u00e4t auf, denen sich die Teilnehmer mehr als zwei Stunden lang mit Geschick und Entschlossenheit stellten. Schlie\u00dflich wurde der spanische Maic Rovira in einem harten, aber spannenden Wettbewerb zum \u201eBesten iberischen Schinkenschneider\u201c gek\u00fcrt , der dazu diente, die wesentliche Arbeit des professionellen iberischen [&hellip;]<\/p>\n","protected":false},"author":1,"featured_media":0,"parent":4338,"menu_order":1,"comment_status":"closed","ping_status":"closed","template":"","meta":{"_et_pb_use_builder":"on","_et_pb_old_content":"","_et_gb_content_width":"","footnotes":""},"class_list":["post-6789","page","type-page","status-publish","hentry"],"_links":{"self":[{"href":"https:\/\/jamonesibericoseu.eu\/de\/wp-json\/wp\/v2\/pages\/6789","targetHints":{"allow":["GET"]}}],"collection":[{"href":"https:\/\/jamonesibericoseu.eu\/de\/wp-json\/wp\/v2\/pages"}],"about":[{"href":"https:\/\/jamonesibericoseu.eu\/de\/wp-json\/wp\/v2\/types\/page"}],"author":[{"embeddable":true,"href":"https:\/\/jamonesibericoseu.eu\/de\/wp-json\/wp\/v2\/users\/1"}],"replies":[{"embeddable":true,"href":"https:\/\/jamonesibericoseu.eu\/de\/wp-json\/wp\/v2\/comments?post=6789"}],"version-history":[{"count":10,"href":"https:\/\/jamonesibericoseu.eu\/de\/wp-json\/wp\/v2\/pages\/6789\/revisions"}],"predecessor-version":[{"id":7190,"href":"https:\/\/jamonesibericoseu.eu\/de\/wp-json\/wp\/v2\/pages\/6789\/revisions\/7190"}],"up":[{"embeddable":true,"href":"https:\/\/jamonesibericoseu.eu\/de\/wp-json\/wp\/v2\/pages\/4338"}],"wp:attachment":[{"href":"https:\/\/jamonesibericoseu.eu\/de\/wp-json\/wp\/v2\/media?parent=6789"}],"curies":[{"name":"wp","href":"https:\/\/api.w.org\/{rel}","templated":true}]}}