{"id":6717,"date":"2023-05-24T15:47:07","date_gmt":"2023-05-24T15:47:07","guid":{"rendered":"https:\/\/jamonesibericoseu.eu\/veranstaltungen\/der-iberische-sinn-erwacht-bei-den-besten-koechen-spaniens\/"},"modified":"2023-08-04T12:42:31","modified_gmt":"2023-08-04T12:42:31","slug":"der-iberische-sinn-erwacht-bei-den-besten-koechen-spaniens","status":"publish","type":"page","link":"https:\/\/jamonesibericoseu.eu\/de\/veranstaltungen\/der-iberische-sinn-erwacht-bei-den-besten-koechen-spaniens\/","title":{"rendered":"Der Iberische Sinn erwacht bei den besten k\u00f6chen Spaniens"},"content":{"rendered":"<p>[et_pb_section fb_built=&#8220;1&#8243; _builder_version=&#8220;4.10.8&#8243; _module_preset=&#8220;default&#8220; global_colors_info=&#8220;{}&#8220;][et_pb_row _builder_version=&#8220;4.10.8&#8243; _module_preset=&#8220;default&#8220; global_colors_info=&#8220;{}&#8220;][et_pb_column type=&#8220;4_4&#8243; _builder_version=&#8220;4.10.8&#8243; _module_preset=&#8220;default&#8220; global_colors_info=&#8220;{}&#8220;][et_pb_text _builder_version=&#8220;4.13.0&#8243; _module_preset=&#8220;default&#8220; text_font_size=&#8220;16px&#8220; header_font=&#8220;|700||on|||||&#8220; header_text_align=&#8220;center&#8220; header_text_color=&#8220;#a31c27&#8243; header_2_font=&#8220;|700||on|||||&#8220; header_2_text_align=&#8220;center&#8220; header_2_text_color=&#8220;#a31c27&#8243; header_2_font_size=&#8220;30px&#8220; header_2_line_height=&#8220;1.2em&#8220; background_color=&#8220;RGBA(0,0,0,0)&#8220; z_index=&#8220;500&#8243; width=&#8220;80%&#8220; module_alignment=&#8220;center&#8220; sticky_limit_bottom=&#8220;body&#8220; global_colors_info=&#8220;{}&#8220;]<\/p>\n<h2>DER IBERISCHE SINN ERWACHT BEI DEN BESTEN K\u00d6CHEN SPANIENS<\/h2>\n<p>[\/et_pb_text][et_pb_text _builder_version=&#8220;4.13.0&#8243; _module_preset=&#8220;default&#8220; text_font_size=&#8220;16px&#8220; header_font=&#8220;|700||on|||||&#8220; header_text_color=&#8220;#a31c27&#8243; header_2_font=&#8220;|700||on|||||&#8220; header_2_text_color=&#8220;#a31c27&#8243; header_2_font_size=&#8220;30px&#8220; background_color=&#8220;RGBA(0,0,0,0)&#8220; z_index=&#8220;500&#8243; sticky_limit_bottom=&#8220;body&#8220; global_colors_info=&#8220;{}&#8220;]<\/p>\n<p>Schinken <strong>aus Spanien <\/strong>als <strong>Gourmetprodukt <\/strong>der <strong>spanischen und europ\u00e4ischen Gastronomie <\/strong>darf bei einer so symboltr\u00e4chtigen Veranstaltung wie der <strong>Euro-Toques-Versammlung nicht fehlen, einer internationalen Organisation, die mehr als 3.500 K\u00f6che aus 18 L\u00e4ndern <\/strong>mit dem Ziel vereint , <strong>Europa zu sch\u00fctzen kulinarisches Erbe.<\/strong><\/p>\n<p>Bei dieser Gelegenheit sponserte <strong>Jamones Ib\u00e9ricos de Espa\u00f1a die Versammlung, die vom 17. bis 26. April 2022 an einem so einzigartigen <\/strong>und <strong>geschichtstr\u00e4chtigen Ort <\/strong>wie dem <strong>Alc\u00e1zar de Toledo <\/strong>stattfand .<\/p>\n<p>Eine <strong>einmalige Gelegenheit <\/strong>und in einem <strong>unvergleichlichen Rahmen, den mehr als 200 internationalen K\u00f6chen <\/strong>, die an der Veranstaltung teilnahmen, die <strong>unterschiedlichen Werte <\/strong>des <strong>iberischen Schinkens <\/strong>zu vermitteln und das ehrgeizigste Projekt im iberischen Sektor in seiner gesamten Geschichte vorzustellen : <strong>\u201eJames Ibericos aus Spanien, Botschafter Europas in der Welt.\u201c Wecken Sie Ihren iberischen Sinn.\u201c<\/strong><\/p>\n<p>Die Teilnehmer konnten durch dieses Programm unter der Leitung von <strong>Antonio Prieto, Pr\u00e4sident des Interprofessional del Cerdo Ib\u00e9rico (ASICI), alle Details \u00fcber das Produkt, das europ\u00e4ische Projekt <\/strong>und die <strong>Internationalisierung des Sektors erfahren <\/strong>und <strong>die Kampagne <\/strong>entdecken durch die Besichtigung des <strong>Ortes <\/strong>und nat\u00fcrlich durch <strong>das Erwecken Ihres iberischen Sinns <\/strong>durch die verschiedenen durchgef\u00fchrten <strong>Produktverkostungen .<\/strong><\/p>\n<p>Ein Akt, der die Vereinbarung zwischen <strong>Jamones Ib\u00e9ricos de Espa\u00f1a <\/strong>und <strong>Euro-Toques <\/strong>zur <strong>F\u00f6rderung der Wiederherstellung <\/strong>und <strong>des Verzehrs von iberischem Schinken weiter bekr\u00e4ftigte <\/strong>und dazu beitrug, den iberischen Sinn bei einem der gr\u00f6\u00dften Verb\u00fcndeten bei der Erreichung dieses Ziels zu wecken: <strong>den K\u00f6chen.<\/strong><\/p>\n<p>[\/et_pb_text][\/et_pb_column][\/et_pb_row][et_pb_row use_custom_gutter=&#8220;on&#8220; gutter_width=&#8220;2&#8243; _builder_version=&#8220;4.13.0&#8243; _module_preset=&#8220;default&#8220; global_colors_info=&#8220;{}&#8220;][et_pb_column type=&#8220;4_4&#8243; _builder_version=&#8220;4.13.0&#8243; _module_preset=&#8220;default&#8220; global_colors_info=&#8220;{}&#8220;][\/et_pb_column][\/et_pb_row][\/et_pb_section]<\/p>\n","protected":false},"excerpt":{"rendered":"<p>DER IBERISCHE SINN ERWACHT BEI DEN BESTEN K\u00d6CHEN SPANIENSSchinken aus Spanien als Gourmetprodukt der spanischen und europ\u00e4ischen Gastronomie darf bei einer so symboltr\u00e4chtigen Veranstaltung wie der Euro-Toques-Versammlung nicht fehlen, einer internationalen Organisation, die mehr als 3.500 K\u00f6che aus 18 L\u00e4ndern mit dem Ziel vereint , Europa zu sch\u00fctzen kulinarisches Erbe. Bei dieser Gelegenheit sponserte Jamones Ib\u00e9ricos de Espa\u00f1a die Versammlung, die vom 17. bis 26. April 2022 an einem so einzigartigen und geschichtstr\u00e4chtigen Ort wie dem Alc\u00e1zar de Toledo stattfand . Eine einmalige Gelegenheit und in einem unvergleichlichen Rahmen, den mehr als 200 internationalen K\u00f6chen , die an der Veranstaltung teilnahmen, die unterschiedlichen Werte des iberischen Schinkens zu vermitteln und das ehrgeizigste Projekt im iberischen Sektor in seiner gesamten Geschichte vorzustellen : \u201eJames Ibericos aus Spanien, Botschafter Europas in der Welt.\u201c Wecken Sie Ihren iberischen Sinn.\u201c Die Teilnehmer konnten durch dieses Programm unter der Leitung von Antonio Prieto, Pr\u00e4sident des Interprofessional del Cerdo Ib\u00e9rico (ASICI), alle Details \u00fcber das Produkt, das europ\u00e4ische Projekt und die Internationalisierung des Sektors erfahren und die Kampagne entdecken durch die Besichtigung des Ortes und nat\u00fcrlich durch das Erwecken Ihres iberischen Sinns durch die verschiedenen durchgef\u00fchrten Produktverkostungen . Ein Akt, der die Vereinbarung zwischen Jamones Ib\u00e9ricos [&hellip;]<\/p>\n","protected":false},"author":1,"featured_media":0,"parent":4338,"menu_order":1,"comment_status":"closed","ping_status":"closed","template":"","meta":{"_et_pb_use_builder":"on","_et_pb_old_content":"","_et_gb_content_width":"","footnotes":""},"class_list":["post-6717","page","type-page","status-publish","hentry"],"_links":{"self":[{"href":"https:\/\/jamonesibericoseu.eu\/de\/wp-json\/wp\/v2\/pages\/6717","targetHints":{"allow":["GET"]}}],"collection":[{"href":"https:\/\/jamonesibericoseu.eu\/de\/wp-json\/wp\/v2\/pages"}],"about":[{"href":"https:\/\/jamonesibericoseu.eu\/de\/wp-json\/wp\/v2\/types\/page"}],"author":[{"embeddable":true,"href":"https:\/\/jamonesibericoseu.eu\/de\/wp-json\/wp\/v2\/users\/1"}],"replies":[{"embeddable":true,"href":"https:\/\/jamonesibericoseu.eu\/de\/wp-json\/wp\/v2\/comments?post=6717"}],"version-history":[{"count":5,"href":"https:\/\/jamonesibericoseu.eu\/de\/wp-json\/wp\/v2\/pages\/6717\/revisions"}],"predecessor-version":[{"id":7183,"href":"https:\/\/jamonesibericoseu.eu\/de\/wp-json\/wp\/v2\/pages\/6717\/revisions\/7183"}],"up":[{"embeddable":true,"href":"https:\/\/jamonesibericoseu.eu\/de\/wp-json\/wp\/v2\/pages\/4338"}],"wp:attachment":[{"href":"https:\/\/jamonesibericoseu.eu\/de\/wp-json\/wp\/v2\/media?parent=6717"}],"curies":[{"name":"wp","href":"https:\/\/api.w.org\/{rel}","templated":true}]}}