{"id":5741,"date":"2023-03-27T09:59:48","date_gmt":"2023-03-27T09:59:48","guid":{"rendered":"https:\/\/jamonesibericoseu.eu\/herkunft\/"},"modified":"2023-03-27T13:38:52","modified_gmt":"2023-03-27T13:38:52","slug":"herkunft","status":"publish","type":"page","link":"https:\/\/jamonesibericoseu.eu\/de\/herkunft\/","title":{"rendered":"Herkunft"},"content":{"rendered":"<p>[et_pb_section fb_built=&#8220;1&#8243; fullwidth=&#8220;on&#8220; _builder_version=&#8220;4.10.8&#8243; _module_preset=&#8220;default&#8220; global_colors_info=&#8220;{}&#8220;][et_pb_fullwidth_image src=&#8220;https:\/\/jamonesibericoseu.eu\/wp-content\/uploads\/2023\/03\/pasion_origen_de.jpg&#8220; title_text=&#8220;pasion_origen_de&#8220; _builder_version=&#8220;4.13.0&#8243; _module_preset=&#8220;default&#8220; hover_enabled=&#8220;0&#8243; global_colors_info=&#8220;{}&#8220; sticky_enabled=&#8220;0&#8243;][\/et_pb_fullwidth_image][\/et_pb_section][et_pb_section fb_built=&#8220;1&#8243; _builder_version=&#8220;4.10.8&#8243; _module_preset=&#8220;default&#8220; global_colors_info=&#8220;{}&#8220;][et_pb_row _builder_version=&#8220;4.10.8&#8243; _module_preset=&#8220;default&#8220; global_colors_info=&#8220;{}&#8220;][et_pb_column type=&#8220;4_4&#8243; _builder_version=&#8220;4.10.8&#8243; _module_preset=&#8220;default&#8220; global_colors_info=&#8220;{}&#8220;][et_pb_text _builder_version=&#8220;4.13.0&#8243; _module_preset=&#8220;default&#8220; text_font_size=&#8220;16px&#8220; header_font=&#8220;glow||||||||&#8220; global_colors_info=&#8220;{}&#8220;]<\/p>\n<h1><strong><span>HERKUNFT<\/span><\/strong><\/h1>\n<p><strong>Der Iberische Jam\u00f3n weckt Leidenschaften.<\/strong> Leidenschaft f\u00fcr seinen Geschmack, Leidenschaft f\u00fcr sein Aroma, Leidenschaft f\u00fcr seine Textur. Und um diese Leidenschaft verstehen zu k\u00f6nnen, ist es notwendig, zur\u00fcck zu den Anf\u00e4ngen zu gehen, d. h. zur Natur, der Rasse, der Ern\u00e4hrung und der Zeit. Iberischer Jam\u00f3n, Leidenschaft von Anfang an!<\/p>\n<p>[\/et_pb_text][\/et_pb_column][\/et_pb_row][et_pb_row column_structure=&#8220;1_2,1_2&#8243; _builder_version=&#8220;4.10.8&#8243; _module_preset=&#8220;default&#8220; global_colors_info=&#8220;{}&#8220;][et_pb_column type=&#8220;1_2&#8243; _builder_version=&#8220;4.10.8&#8243; _module_preset=&#8220;default&#8220; global_colors_info=&#8220;{}&#8220;][et_pb_image src=&#8220;https:\/\/jamonesibericoseu.eu\/wp-content\/uploads\/2023\/03\/boton_raza_n_de.jpg&#8220; title_text=&#8220;boton_raza_n_de&#8220; url=&#8220;@ET-DC@eyJkeW5hbWljIjp0cnVlLCJjb250ZW50IjoicG9zdF9saW5rX3VybF9wYWdlIiwic2V0dGluZ3MiOnsicG9zdF9pZCI6IjExNCJ9fQ==@&#8220; _builder_version=&#8220;4.13.0&#8243; _dynamic_attributes=&#8220;url&#8220; _module_preset=&#8220;default&#8220; global_colors_info=&#8220;{}&#8220;][\/et_pb_image][\/et_pb_column][et_pb_column type=&#8220;1_2&#8243; _builder_version=&#8220;4.10.8&#8243; _module_preset=&#8220;default&#8220; global_colors_info=&#8220;{}&#8220;][et_pb_image src=&#8220;https:\/\/jamonesibericoseu.eu\/wp-content\/uploads\/2023\/03\/boton_alimentacion_n_de.jpg&#8220; title_text=&#8220;boton_alimentacion_n_de&#8220; url=&#8220;@ET-DC@eyJkeW5hbWljIjp0cnVlLCJjb250ZW50IjoicG9zdF9saW5rX3VybF9wYWdlIiwic2V0dGluZ3MiOnsicG9zdF9pZCI6IjEyNSJ9fQ==@&#8220; _builder_version=&#8220;4.13.0&#8243; _dynamic_attributes=&#8220;url&#8220; _module_preset=&#8220;default&#8220; global_colors_info=&#8220;{}&#8220;][\/et_pb_image][\/et_pb_column][\/et_pb_row][et_pb_row column_structure=&#8220;1_3,1_3,1_3&#8243; use_custom_gutter=&#8220;on&#8220; gutter_width=&#8220;2&#8243; make_equal=&#8220;on&#8220; _builder_version=&#8220;4.10.8&#8243; _module_preset=&#8220;default&#8220; global_colors_info=&#8220;{}&#8220;][et_pb_column type=&#8220;1_3&#8243; _builder_version=&#8220;4.10.8&#8243; _module_preset=&#8220;default&#8220; global_colors_info=&#8220;{}&#8220;][et_pb_image src=&#8220;https:\/\/jamonesibericoseu.eu\/wp-content\/uploads\/2023\/03\/time_button_de.jpg&#8220; title_text=&#8220;time_button_de&#8220; url=&#8220;@ET-DC@eyJkeW5hbWljIjp0cnVlLCJjb250ZW50IjoicG9zdF9saW5rX3VybF9wYWdlIiwic2V0dGluZ3MiOnsicG9zdF9pZCI6IjEzMyJ9fQ==@&#8220; _builder_version=&#8220;4.13.0&#8243; _dynamic_attributes=&#8220;url&#8220; _module_preset=&#8220;default&#8220; global_colors_info=&#8220;{}&#8220;][\/et_pb_image][\/et_pb_column][et_pb_column type=&#8220;1_3&#8243; _builder_version=&#8220;4.10.8&#8243; _module_preset=&#8220;default&#8220; global_colors_info=&#8220;{}&#8220;][et_pb_image src=&#8220;https:\/\/jamonesibericoseu.eu\/wp-content\/uploads\/2023\/03\/innovation_button_de.jpg&#8220; title_text=&#8220;innovation_button_de&#8220; url=&#8220;@ET-DC@eyJkeW5hbWljIjp0cnVlLCJjb250ZW50IjoicG9zdF9saW5rX3VybF9wYWdlIiwic2V0dGluZ3MiOnsicG9zdF9pZCI6IjE0OCJ9fQ==@&#8220; _builder_version=&#8220;4.13.0&#8243; _dynamic_attributes=&#8220;url&#8220; _module_preset=&#8220;default&#8220; global_colors_info=&#8220;{}&#8220;][\/et_pb_image][\/et_pb_column][et_pb_column type=&#8220;1_3&#8243; _builder_version=&#8220;4.10.8&#8243; _module_preset=&#8220;default&#8220; global_colors_info=&#8220;{}&#8220;][et_pb_image src=&#8220;https:\/\/jamonesibericoseu.eu\/wp-content\/uploads\/2023\/03\/boton_naturaleza_n_de.jpg&#8220; title_text=&#8220;boton_naturaleza_n_de&#8220; url=&#8220;@ET-DC@eyJkeW5hbWljIjp0cnVlLCJjb250ZW50IjoicG9zdF9saW5rX3VybF9wYWdlIiwic2V0dGluZ3MiOnsicG9zdF9pZCI6IjE2MyJ9fQ==@&#8220; _builder_version=&#8220;4.13.0&#8243; _dynamic_attributes=&#8220;url&#8220; _module_preset=&#8220;default&#8220; global_colors_info=&#8220;{}&#8220;][\/et_pb_image][\/et_pb_column][\/et_pb_row][\/et_pb_section]<\/p>\n","protected":false},"excerpt":{"rendered":"<p>HERKUNFT Der Iberische Jam\u00f3n weckt Leidenschaften. Leidenschaft f\u00fcr seinen Geschmack, Leidenschaft f\u00fcr sein Aroma, Leidenschaft f\u00fcr seine Textur. Und um diese Leidenschaft verstehen zu k\u00f6nnen, ist es notwendig, zur\u00fcck zu den Anf\u00e4ngen zu gehen, d. h. zur Natur, der Rasse, der Ern\u00e4hrung und der Zeit. Iberischer Jam\u00f3n, Leidenschaft von Anfang an!<\/p>\n","protected":false},"author":1,"featured_media":0,"parent":0,"menu_order":0,"comment_status":"closed","ping_status":"closed","template":"","meta":{"_et_pb_use_builder":"on","_et_pb_old_content":"","_et_gb_content_width":"","footnotes":""},"class_list":["post-5741","page","type-page","status-publish","hentry"],"_links":{"self":[{"href":"https:\/\/jamonesibericoseu.eu\/de\/wp-json\/wp\/v2\/pages\/5741","targetHints":{"allow":["GET"]}}],"collection":[{"href":"https:\/\/jamonesibericoseu.eu\/de\/wp-json\/wp\/v2\/pages"}],"about":[{"href":"https:\/\/jamonesibericoseu.eu\/de\/wp-json\/wp\/v2\/types\/page"}],"author":[{"embeddable":true,"href":"https:\/\/jamonesibericoseu.eu\/de\/wp-json\/wp\/v2\/users\/1"}],"replies":[{"embeddable":true,"href":"https:\/\/jamonesibericoseu.eu\/de\/wp-json\/wp\/v2\/comments?post=5741"}],"version-history":[{"count":5,"href":"https:\/\/jamonesibericoseu.eu\/de\/wp-json\/wp\/v2\/pages\/5741\/revisions"}],"predecessor-version":[{"id":5770,"href":"https:\/\/jamonesibericoseu.eu\/de\/wp-json\/wp\/v2\/pages\/5741\/revisions\/5770"}],"wp:attachment":[{"href":"https:\/\/jamonesibericoseu.eu\/de\/wp-json\/wp\/v2\/media?parent=5741"}],"curies":[{"name":"wp","href":"https:\/\/api.w.org\/{rel}","templated":true}]}}