{"id":5042,"date":"2022-09-07T13:18:50","date_gmt":"2022-09-07T13:18:50","guid":{"rendered":"https:\/\/jamonesibericoseu.eu\/veranstaltungen\/paris-rollt-den-roten-teppich-aus-um-den-sinn-fuer-iberico-zu-wecken\/"},"modified":"2023-08-04T12:48:18","modified_gmt":"2023-08-04T12:48:18","slug":"paris-rollt-den-roten-teppich-aus-um-den-sinn-fuer-iberico-zu-wecken","status":"publish","type":"page","link":"https:\/\/jamonesibericoseu.eu\/de\/veranstaltungen\/paris-rollt-den-roten-teppich-aus-um-den-sinn-fuer-iberico-zu-wecken\/","title":{"rendered":"Paris rollt den roten teppich aus um den sinn f\u00fcr iberico zu wecken"},"content":{"rendered":"<p>[et_pb_section fb_built=&#8220;1&#8243; _builder_version=&#8220;4.10.8&#8243; _module_preset=&#8220;default&#8220; global_colors_info=&#8220;{}&#8220;][et_pb_row _builder_version=&#8220;4.10.8&#8243; _module_preset=&#8220;default&#8220; global_colors_info=&#8220;{}&#8220;][et_pb_column type=&#8220;4_4&#8243; _builder_version=&#8220;4.10.8&#8243; _module_preset=&#8220;default&#8220; global_colors_info=&#8220;{}&#8220;][et_pb_text _builder_version=&#8220;4.13.0&#8243; _module_preset=&#8220;default&#8220; text_font_size=&#8220;16px&#8220; header_font=&#8220;|700||on|||||&#8220; header_text_align=&#8220;center&#8220; header_text_color=&#8220;#a31c27&#8243; header_2_font=&#8220;|700||on|||||&#8220; header_2_text_align=&#8220;center&#8220; header_2_text_color=&#8220;#a31c27&#8243; header_2_font_size=&#8220;30px&#8220; header_2_line_height=&#8220;1.2em&#8220; background_color=&#8220;RGBA(0,0,0,0)&#8220; z_index=&#8220;500&#8243; width=&#8220;80%&#8220; module_alignment=&#8220;center&#8220; sticky_limit_bottom=&#8220;body&#8220; global_colors_info=&#8220;{}&#8220;]<\/p>\n<h2>PARIS ROLLT DEN ROTEN TEPPICH AUS UM DEN SINN F\u00dcR IBERICO ZU WECKEN<\/h2>\n<p>[\/et_pb_text][et_pb_text _builder_version=&#8220;4.13.0&#8243; _module_preset=&#8220;default&#8220; text_font_size=&#8220;16px&#8220; header_font=&#8220;|700||on|||||&#8220; header_text_color=&#8220;#a31c27&#8243; header_2_font=&#8220;|700||on|||||&#8220; header_2_text_color=&#8220;#a31c27&#8243; header_2_font_size=&#8220;30px&#8220; background_color=&#8220;RGBA(0,0,0,0)&#8220; z_index=&#8220;500&#8243; sticky_limit_bottom=&#8220;body&#8220; global_colors_info=&#8220;{}&#8220;]<\/p>\n<p>Am 14. Juni 2022 haben wir die wichtigste Werbekampagne in der Geschichte des Iberico-Sektors: \u201eJamones Ib\u00e9ricos aus Spanien. Europ\u00e4ische Botschafter in der Welt\u201d, in der spanischen Botschaft in Paris vorgestellt.<\/p>\n<p>Ein <strong>feierlicher Anlass,<\/strong> bei dem <strong>eines der markantesten Produkte der europ\u00e4ischen Gastronomie<\/strong> im Mittelpunkt stand und an dem der <strong>spanische Botschafter in Frankreich<\/strong>, Victorio Redondo, zusammen mit dem <strong>Pr\u00e4sidenten von ASICI,<\/strong> Antonio Prieto, und den <strong>K\u00f6chen und Botschaftern des Jam\u00f3n Ib\u00e9rico<\/strong>, dem spanischen Koch mit zwei Michelin-Sternen, <strong>Mario Sandoval<\/strong>, und der renommierten franz\u00f6sischen K\u00f6chin <strong>Amandine Chaignot<\/strong>, teilnahmen.<\/p>\n<p>Eine <strong>einmalige Gelegenheit,<\/strong> in einem <strong>einmaligen Rahmen<\/strong> den <strong>Sinn f\u00fcr Ib\u00e9rico in Frankreich<\/strong> zu wecken. In einem Land, das sich im letzten Jahr mit einem Umsatz von \u00fcber <strong>111 Millionen Euro<\/strong> zum <strong>wichtigsten internationalen Markt f\u00fcr spanische Vorder- und Hinterschinken<\/strong> entwickelt hat mit einem <strong>Wachstum von insgesamt 11,7 %<\/strong>.<\/p>\n<p>Der <strong>spanische Botschafter in Frankreich<\/strong>, Victor Redondo, betonte in seiner Rede, dass \u201e<strong>Jamon Iberico aus Spanien ein Beispiel f\u00fcr gastronomische Qualit\u00e4t<\/strong> ist. Eine kulturelle und soziale Landschaft, die aus Landwirten, Industriellen und Unternehmen besteht, die die Identit\u00e4t der spanischen Produktion in der Welt repr\u00e4sentieren.\u201c<\/p>\n<p>Der <strong>Pr\u00e4sident von ASICI<\/strong>, Antonio Prieto, f\u00fcgte hinzu, dass &#8222;der <strong>Jamon Iberico zu einer Ikone, die die Grenzen der Gastronomie \u00fcberschritten hat, und zu einem authentischen kulturellen Symbol Europas, Spaniens und der gesunden mediterranen Ern\u00e4hrung geworden ist.\u201c<\/strong>.<\/p>\n<p>Die <strong>franz\u00f6sische K\u00f6chin Amandine Chaignot<\/strong> sagte, dass der Jam\u00f3n Ib\u00e9rico ein Andenken an gute Mahlzeiten und Treffen mit Freunden sei. Ein Identifikationspunkt auf den Reisen durch die Welt. \u201eIn meiner K\u00fcche verwende ich ihn pur, mit einem Glas Wein als Aperitif oder als Gew\u00fcrz. <strong>Es ist ein so potentes Produkt, dass es als kleines Extra jedem Rezept ein bisschen mehr Potenz geben kann.\u201c<\/strong><\/p>\n<p>Kampagnen wie \u201eJamones Ib\u00e9ricos aus Spanien, Europ\u00e4ische Botschafter in der Welt\u201c sind ein Beweis f\u00fcr die <strong>transzendente Bedeutung des Jam\u00f3n Ib\u00e9rico in der europ\u00e4ischen Kultur<\/strong> <strong>und Gastronomie<\/strong> und daf\u00fcr, dass der <strong>Sinn f\u00fcr Ib\u00e9rico in Frankreich wieder erwacht ist.<\/strong><\/p>\n<p>[\/et_pb_text][\/et_pb_column][\/et_pb_row][et_pb_row use_custom_gutter=&#8220;on&#8220; gutter_width=&#8220;2&#8243; _builder_version=&#8220;4.13.0&#8243; _module_preset=&#8220;default&#8220; global_colors_info=&#8220;{}&#8220;][et_pb_column type=&#8220;4_4&#8243; _builder_version=&#8220;4.13.0&#8243; _module_preset=&#8220;default&#8220; global_colors_info=&#8220;{}&#8220;][et_pb_image src=&#8220;https:\/\/jamonesibericoseu.eu\/wp-content\/uploads\/2022\/09\/embajada_paris_01.jpg&#8220; title_text=&#8220;embajada_paris_01&#8243; align=&#8220;center&#8220; _builder_version=&#8220;4.13.0&#8243; _module_preset=&#8220;default&#8220; global_colors_info=&#8220;{}&#8220;][\/et_pb_image][\/et_pb_column][\/et_pb_row][et_pb_row column_structure=&#8220;1_3,1_3,1_3&#8243; use_custom_gutter=&#8220;on&#8220; gutter_width=&#8220;2&#8243; _builder_version=&#8220;4.13.0&#8243; _module_preset=&#8220;default&#8220; custom_padding=&#8220;0px||||false|false&#8220; global_colors_info=&#8220;{}&#8220;][et_pb_column type=&#8220;1_3&#8243; _builder_version=&#8220;4.13.0&#8243; _module_preset=&#8220;default&#8220; global_colors_info=&#8220;{}&#8220;][et_pb_image src=&#8220;https:\/\/jamonesibericoseu.eu\/wp-content\/uploads\/2022\/09\/embajada_paris_02.jpg&#8220; title_text=&#8220;embajada_paris_02&#8243; align=&#8220;center&#8220; _builder_version=&#8220;4.13.0&#8243; _module_preset=&#8220;default&#8220; global_colors_info=&#8220;{}&#8220;][\/et_pb_image][\/et_pb_column][et_pb_column type=&#8220;1_3&#8243; _builder_version=&#8220;4.13.0&#8243; _module_preset=&#8220;default&#8220; global_colors_info=&#8220;{}&#8220;][et_pb_image src=&#8220;https:\/\/jamonesibericoseu.eu\/wp-content\/uploads\/2022\/09\/embajada_paris_03.jpg&#8220; title_text=&#8220;embajada_paris_03&#8243; _builder_version=&#8220;4.13.0&#8243; _module_preset=&#8220;default&#8220; global_colors_info=&#8220;{}&#8220;][\/et_pb_image][\/et_pb_column][et_pb_column type=&#8220;1_3&#8243; _builder_version=&#8220;4.13.0&#8243; _module_preset=&#8220;default&#8220; global_colors_info=&#8220;{}&#8220;][et_pb_image src=&#8220;https:\/\/jamonesibericoseu.eu\/wp-content\/uploads\/2022\/09\/embajada_paris_04.jpg&#8220; title_text=&#8220;embajada_paris_04&#8243; _builder_version=&#8220;4.13.0&#8243; _module_preset=&#8220;default&#8220; global_colors_info=&#8220;{}&#8220;][\/et_pb_image][\/et_pb_column][\/et_pb_row][\/et_pb_section]<\/p>\n","protected":false},"excerpt":{"rendered":"<p>PARIS ROLLT DEN ROTEN TEPPICH AUS UM DEN SINN F\u00dcR IBERICO ZU WECKENAm 14. Juni 2022 haben wir die wichtigste Werbekampagne in der Geschichte des Iberico-Sektors: \u201eJamones Ib\u00e9ricos aus Spanien. Europ\u00e4ische Botschafter in der Welt\u201d, in der spanischen Botschaft in Paris vorgestellt. Ein feierlicher Anlass, bei dem eines der markantesten Produkte der europ\u00e4ischen Gastronomie im Mittelpunkt stand und an dem der spanische Botschafter in Frankreich, Victorio Redondo, zusammen mit dem Pr\u00e4sidenten von ASICI, Antonio Prieto, und den K\u00f6chen und Botschaftern des Jam\u00f3n Ib\u00e9rico, dem spanischen Koch mit zwei Michelin-Sternen, Mario Sandoval, und der renommierten franz\u00f6sischen K\u00f6chin Amandine Chaignot, teilnahmen. Eine einmalige Gelegenheit, in einem einmaligen Rahmen den Sinn f\u00fcr Ib\u00e9rico in Frankreich zu wecken. In einem Land, das sich im letzten Jahr mit einem Umsatz von \u00fcber 111 Millionen Euro zum wichtigsten internationalen Markt f\u00fcr spanische Vorder- und Hinterschinken entwickelt hat mit einem Wachstum von insgesamt 11,7 %. Der spanische Botschafter in Frankreich, Victor Redondo, betonte in seiner Rede, dass \u201eJamon Iberico aus Spanien ein Beispiel f\u00fcr gastronomische Qualit\u00e4t ist. Eine kulturelle und soziale Landschaft, die aus Landwirten, Industriellen und Unternehmen besteht, die die Identit\u00e4t der spanischen Produktion in der Welt repr\u00e4sentieren.\u201c Der Pr\u00e4sident von ASICI, Antonio Prieto, f\u00fcgte hinzu, [&hellip;]<\/p>\n","protected":false},"author":1,"featured_media":0,"parent":4338,"menu_order":1,"comment_status":"closed","ping_status":"closed","template":"","meta":{"_et_pb_use_builder":"on","_et_pb_old_content":"","_et_gb_content_width":"","footnotes":""},"class_list":["post-5042","page","type-page","status-publish","hentry"],"_links":{"self":[{"href":"https:\/\/jamonesibericoseu.eu\/de\/wp-json\/wp\/v2\/pages\/5042","targetHints":{"allow":["GET"]}}],"collection":[{"href":"https:\/\/jamonesibericoseu.eu\/de\/wp-json\/wp\/v2\/pages"}],"about":[{"href":"https:\/\/jamonesibericoseu.eu\/de\/wp-json\/wp\/v2\/types\/page"}],"author":[{"embeddable":true,"href":"https:\/\/jamonesibericoseu.eu\/de\/wp-json\/wp\/v2\/users\/1"}],"replies":[{"embeddable":true,"href":"https:\/\/jamonesibericoseu.eu\/de\/wp-json\/wp\/v2\/comments?post=5042"}],"version-history":[{"count":8,"href":"https:\/\/jamonesibericoseu.eu\/de\/wp-json\/wp\/v2\/pages\/5042\/revisions"}],"predecessor-version":[{"id":7192,"href":"https:\/\/jamonesibericoseu.eu\/de\/wp-json\/wp\/v2\/pages\/5042\/revisions\/7192"}],"up":[{"embeddable":true,"href":"https:\/\/jamonesibericoseu.eu\/de\/wp-json\/wp\/v2\/pages\/4338"}],"wp:attachment":[{"href":"https:\/\/jamonesibericoseu.eu\/de\/wp-json\/wp\/v2\/media?parent=5042"}],"curies":[{"name":"wp","href":"https:\/\/api.w.org\/{rel}","templated":true}]}}