{"id":5039,"date":"2022-09-07T13:17:03","date_gmt":"2022-09-07T13:17:03","guid":{"rendered":"https:\/\/jamonesibericoseu.eu\/veranstaltungen\/der-sinn-fuer-iberico-zeigt-sich-bei-den-filmfestspielen-von-cannes\/"},"modified":"2023-08-04T12:47:51","modified_gmt":"2023-08-04T12:47:51","slug":"der-sinn-fuer-iberico-zeigt-sich-bei-den-filmfestspielen-von-cannes","status":"publish","type":"page","link":"https:\/\/jamonesibericoseu.eu\/de\/veranstaltungen\/der-sinn-fuer-iberico-zeigt-sich-bei-den-filmfestspielen-von-cannes\/","title":{"rendered":"Der sinn f\u00fcr iberico zeigt sich bei den Filmfestspielen von Cannes"},"content":{"rendered":"<p>[et_pb_section fb_built=&#8220;1&#8243; _builder_version=&#8220;4.10.8&#8243; _module_preset=&#8220;default&#8220; global_colors_info=&#8220;{}&#8220;][et_pb_row _builder_version=&#8220;4.10.8&#8243; _module_preset=&#8220;default&#8220; global_colors_info=&#8220;{}&#8220;][et_pb_column type=&#8220;4_4&#8243; _builder_version=&#8220;4.10.8&#8243; _module_preset=&#8220;default&#8220; global_colors_info=&#8220;{}&#8220;][et_pb_text _builder_version=&#8220;4.13.0&#8243; _module_preset=&#8220;default&#8220; text_font_size=&#8220;16px&#8220; header_font=&#8220;|700||on|||||&#8220; header_text_align=&#8220;center&#8220; header_text_color=&#8220;#a31c27&#8243; header_2_font=&#8220;|700||on|||||&#8220; header_2_text_align=&#8220;center&#8220; header_2_text_color=&#8220;#a31c27&#8243; header_2_font_size=&#8220;30px&#8220; header_2_line_height=&#8220;1.2em&#8220; background_color=&#8220;RGBA(0,0,0,0)&#8220; z_index=&#8220;500&#8243; width=&#8220;80%&#8220; module_alignment=&#8220;center&#8220; sticky_limit_bottom=&#8220;body&#8220; global_colors_info=&#8220;{}&#8220;]<\/p>\n<h2>DER SINN F\u00dcR IBERICO ZEIGT SICH BEI DEN FILMFESTSPIELEN VON CANNES<\/h2>\n<p>[\/et_pb_text][et_pb_text _builder_version=&#8220;4.13.0&#8243; _module_preset=&#8220;default&#8220; text_font_size=&#8220;16px&#8220; header_font=&#8220;|700||on|||||&#8220; header_text_color=&#8220;#a31c27&#8243; header_2_font=&#8220;|700||on|||||&#8220; header_2_text_color=&#8220;#a31c27&#8243; header_2_font_size=&#8220;30px&#8220; background_color=&#8220;RGBA(0,0,0,0)&#8220; z_index=&#8220;500&#8243; sticky_limit_bottom=&#8220;body&#8220; global_colors_info=&#8220;{}&#8220;]<\/p>\n<p>Die von ASICI und der EU gef\u00f6rderte Kampagne \u201e<strong>Jamones Ib\u00e9ricos aus Spanien, Europ\u00e4ische Botschafter in der Welt\u201c<\/strong> beginnt eine fruchtbare Zusammenarbeit mit den <strong>Internationalen Filmfestspielen von Cannes<\/strong>, einer der wichtigsten Veranstaltungen der Filmindustrie.<\/p>\n<p>Im vergangenen <strong>Mai 2022 <\/strong>waren Jamones Ib\u00e9ricos auf dem Festival als offizieller Sponsor des \u201e<strong>The Members Club\u201c (TMC)<\/strong> pr\u00e4sent, einem exklusiven Raum und einem der wichtigsten Treffpunkte der Filmindustrie in Cannes, wo sich Produzenten, Schauspieler, Prominente, Regisseure, Verleiher und Fachleute der Branche treffen und wo wir Produktverkostungen sowie Merchandising der Kampagne anboten.<\/p>\n<p>Dank eines strategisch g\u00fcnstig gelegenen Standes konnten die Teilnehmer den <strong>Geschmack<\/strong>, das <strong>Aroma<\/strong> und die <strong>Textur<\/strong> der <strong>Jamones Ib\u00e9ricos aus Spanien<\/strong> genie\u00dfen und ihren Sinn f\u00fcr Ib\u00e9rico wecken.<\/p>\n<p>Diese Werbeaktivit\u00e4ten und Verkostungen fanden auch im <strong>\u201e<\/strong><strong>Deadline Studio\u201c<\/strong> statt<strong>, <\/strong>das von der renommierten <strong>amerikanischen Filmzeitschrift Deadline<\/strong> eingerichtet wurde. Eine private und exklusive Lounge im Herzen des Festivals, in der sich <strong>Pers\u00f6nlichkeiten aus der Welt des Kinos<\/strong> versammelten und unsere <strong>Jamones Ib\u00e9ricos<\/strong> genie\u00dfen konnten.<\/p>\n<p>Au\u00dferdem haben wir den \u201e<strong>Ib\u00e9rico Ham Award\u201c<\/strong> verliehen, eine Ehrenauszeichnung f\u00fcr eine ganze Karriere, die an den Regisseur <strong>Jer\u00f4me Paillard<\/strong> f\u00fcr seine lange und erfolgreiche berufliche Laufbahn ging.<\/p>\n<p>Mit seinen eigenen Worten: \u201eMeine Beziehung zu Jam\u00f3n Ib\u00e9rico besteht schon seit langer Zeit. Ich besuche jedes Jahr San Sebastian und versuche immer, einen Teller Jam\u00f3n Ib\u00e9rico zu bestellen. Wie jeder gute Gourmet genie\u00dfe ich Jam\u00f3n Ib\u00e9rico. Das ist die beste Auszeichnung, die ich je bekommen habe, eine fantastische Anerkennung\u201c, sagte J\u00e9r\u00f3me Paillard, nachdem er den spektakul\u00e4ren Jam\u00f3n Ib\u00e9rico aus den H\u00e4nden des Pr\u00e4sidenten von ASICI, Antonio Prieto, erhalten hatte.<\/p>\n<p>F\u00fcr <strong>Antonio Prieto <\/strong>\u201eist der Jam\u00f3n Ib\u00e9rico, wie das Kino, eng mit der Kultur und Tradition eines ganzen Volkes verbunden. Er versucht, mit Geschmack und Aroma eine Geschichte zu erz\u00e4hlen. Unsere Beziehung zum Kino begann vor 8 Jahren mit dem Internationalen Filmfestspielen von San Sebastian. Jetzt schlie\u00dfen wir uns mit einem der wichtigsten Filmfestspielen der Welt, den Filmfestspielen von Cannes, zusammen, um den Kreis zu schlie\u00dfen und die Verbindung zwischen dem Kino und dem iberischen Schinken, einem emblematischen Produkt unserer gastronomischen Welt, aufrechtzuerhalten&#8220;.<\/p>\n<p>All dies, um weiterhin den<strong> Sinn f\u00fcr Ib\u00e9rico in den Verbrauchern der siebten Kunst zu wecken.<\/strong><\/p>\n<p>[\/et_pb_text][\/et_pb_column][\/et_pb_row][et_pb_row column_structure=&#8220;1_4,1_4,1_4,1_4&#8243; use_custom_gutter=&#8220;on&#8220; gutter_width=&#8220;2&#8243; _builder_version=&#8220;4.13.0&#8243; _module_preset=&#8220;default&#8220; global_colors_info=&#8220;{}&#8220;][et_pb_column type=&#8220;1_4&#8243; _builder_version=&#8220;4.13.0&#8243; _module_preset=&#8220;default&#8220; global_colors_info=&#8220;{}&#8220;][et_pb_image src=&#8220;https:\/\/jamonesibericoseu.eu\/wp-content\/uploads\/2022\/09\/cannes_01.jpg&#8220; title_text=&#8220;cannes_01&#8243; align=&#8220;center&#8220; _builder_version=&#8220;4.13.0&#8243; _module_preset=&#8220;default&#8220; global_colors_info=&#8220;{}&#8220;][\/et_pb_image][\/et_pb_column][et_pb_column type=&#8220;1_4&#8243; _builder_version=&#8220;4.13.0&#8243; _module_preset=&#8220;default&#8220; global_colors_info=&#8220;{}&#8220;][et_pb_image src=&#8220;https:\/\/jamonesibericoseu.eu\/wp-content\/uploads\/2022\/09\/cannes_02.jpg&#8220; title_text=&#8220;cannes_02&#8243; _builder_version=&#8220;4.13.0&#8243; _module_preset=&#8220;default&#8220; global_colors_info=&#8220;{}&#8220;][\/et_pb_image][\/et_pb_column][et_pb_column type=&#8220;1_4&#8243; _builder_version=&#8220;4.13.0&#8243; _module_preset=&#8220;default&#8220; global_colors_info=&#8220;{}&#8220;][et_pb_image src=&#8220;https:\/\/jamonesibericoseu.eu\/wp-content\/uploads\/2022\/09\/cannes_03.jpg&#8220; title_text=&#8220;cannes_03&#8243; _builder_version=&#8220;4.13.0&#8243; _module_preset=&#8220;default&#8220; global_colors_info=&#8220;{}&#8220;][\/et_pb_image][\/et_pb_column][et_pb_column type=&#8220;1_4&#8243; _builder_version=&#8220;4.13.0&#8243; _module_preset=&#8220;default&#8220; global_colors_info=&#8220;{}&#8220;][et_pb_image src=&#8220;https:\/\/jamonesibericoseu.eu\/wp-content\/uploads\/2022\/09\/cannes_04.jpg&#8220; title_text=&#8220;cannes_04&#8243; _builder_version=&#8220;4.13.0&#8243; _module_preset=&#8220;default&#8220; global_colors_info=&#8220;{}&#8220;][\/et_pb_image][\/et_pb_column][\/et_pb_row][et_pb_row column_structure=&#8220;1_4,1_4,1_4,1_4&#8243; use_custom_gutter=&#8220;on&#8220; gutter_width=&#8220;2&#8243; _builder_version=&#8220;4.13.0&#8243; _module_preset=&#8220;default&#8220; custom_padding=&#8220;0px||||false|false&#8220; global_colors_info=&#8220;{}&#8220;][et_pb_column type=&#8220;1_4&#8243; _builder_version=&#8220;4.13.0&#8243; _module_preset=&#8220;default&#8220; global_colors_info=&#8220;{}&#8220;][et_pb_image src=&#8220;https:\/\/jamonesibericoseu.eu\/wp-content\/uploads\/2022\/09\/cannes_05.jpg&#8220; title_text=&#8220;cannes_05&#8243; align=&#8220;center&#8220; _builder_version=&#8220;4.13.0&#8243; _module_preset=&#8220;default&#8220; global_colors_info=&#8220;{}&#8220;][\/et_pb_image][\/et_pb_column][et_pb_column type=&#8220;1_4&#8243; _builder_version=&#8220;4.13.0&#8243; _module_preset=&#8220;default&#8220; global_colors_info=&#8220;{}&#8220;][et_pb_image src=&#8220;https:\/\/jamonesibericoseu.eu\/wp-content\/uploads\/2022\/09\/cannes_06.jpg&#8220; title_text=&#8220;cannes_06&#8243; _builder_version=&#8220;4.13.0&#8243; _module_preset=&#8220;default&#8220; global_colors_info=&#8220;{}&#8220;][\/et_pb_image][\/et_pb_column][et_pb_column type=&#8220;1_4&#8243; _builder_version=&#8220;4.13.0&#8243; _module_preset=&#8220;default&#8220; global_colors_info=&#8220;{}&#8220;][et_pb_image src=&#8220;https:\/\/jamonesibericoseu.eu\/wp-content\/uploads\/2022\/09\/cannes_07.jpg&#8220; title_text=&#8220;Deadline Studio at Cannes Film Festival &#8211; Arrivals&#8220; _builder_version=&#8220;4.13.0&#8243; _module_preset=&#8220;default&#8220; global_colors_info=&#8220;{}&#8220;][\/et_pb_image][\/et_pb_column][et_pb_column type=&#8220;1_4&#8243; _builder_version=&#8220;4.13.0&#8243; _module_preset=&#8220;default&#8220; global_colors_info=&#8220;{}&#8220;][et_pb_image src=&#8220;https:\/\/jamonesibericoseu.eu\/wp-content\/uploads\/2022\/09\/cannes_08.jpg&#8220; title_text=&#8220;cannes_08&#8243; _builder_version=&#8220;4.13.0&#8243; _module_preset=&#8220;default&#8220; global_colors_info=&#8220;{}&#8220;][\/et_pb_image][\/et_pb_column][\/et_pb_row][\/et_pb_section]<\/p>\n","protected":false},"excerpt":{"rendered":"<p>DER SINN F\u00dcR IBERICO ZEIGT SICH BEI DEN FILMFESTSPIELEN VON CANNESDie von ASICI und der EU gef\u00f6rderte Kampagne \u201eJamones Ib\u00e9ricos aus Spanien, Europ\u00e4ische Botschafter in der Welt\u201c beginnt eine fruchtbare Zusammenarbeit mit den Internationalen Filmfestspielen von Cannes, einer der wichtigsten Veranstaltungen der Filmindustrie. Im vergangenen Mai 2022 waren Jamones Ib\u00e9ricos auf dem Festival als offizieller Sponsor des \u201eThe Members Club\u201c (TMC) pr\u00e4sent, einem exklusiven Raum und einem der wichtigsten Treffpunkte der Filmindustrie in Cannes, wo sich Produzenten, Schauspieler, Prominente, Regisseure, Verleiher und Fachleute der Branche treffen und wo wir Produktverkostungen sowie Merchandising der Kampagne anboten. Dank eines strategisch g\u00fcnstig gelegenen Standes konnten die Teilnehmer den Geschmack, das Aroma und die Textur der Jamones Ib\u00e9ricos aus Spanien genie\u00dfen und ihren Sinn f\u00fcr Ib\u00e9rico wecken. Diese Werbeaktivit\u00e4ten und Verkostungen fanden auch im \u201eDeadline Studio\u201c statt, das von der renommierten amerikanischen Filmzeitschrift Deadline eingerichtet wurde. Eine private und exklusive Lounge im Herzen des Festivals, in der sich Pers\u00f6nlichkeiten aus der Welt des Kinos versammelten und unsere Jamones Ib\u00e9ricos genie\u00dfen konnten. Au\u00dferdem haben wir den \u201eIb\u00e9rico Ham Award\u201c verliehen, eine Ehrenauszeichnung f\u00fcr eine ganze Karriere, die an den Regisseur Jer\u00f4me Paillard f\u00fcr seine lange und erfolgreiche berufliche Laufbahn ging. Mit seinen eigenen Worten: \u201eMeine [&hellip;]<\/p>\n","protected":false},"author":1,"featured_media":0,"parent":4338,"menu_order":1,"comment_status":"closed","ping_status":"closed","template":"","meta":{"_et_pb_use_builder":"on","_et_pb_old_content":"","_et_gb_content_width":"","footnotes":""},"class_list":["post-5039","page","type-page","status-publish","hentry"],"_links":{"self":[{"href":"https:\/\/jamonesibericoseu.eu\/de\/wp-json\/wp\/v2\/pages\/5039","targetHints":{"allow":["GET"]}}],"collection":[{"href":"https:\/\/jamonesibericoseu.eu\/de\/wp-json\/wp\/v2\/pages"}],"about":[{"href":"https:\/\/jamonesibericoseu.eu\/de\/wp-json\/wp\/v2\/types\/page"}],"author":[{"embeddable":true,"href":"https:\/\/jamonesibericoseu.eu\/de\/wp-json\/wp\/v2\/users\/1"}],"replies":[{"embeddable":true,"href":"https:\/\/jamonesibericoseu.eu\/de\/wp-json\/wp\/v2\/comments?post=5039"}],"version-history":[{"count":5,"href":"https:\/\/jamonesibericoseu.eu\/de\/wp-json\/wp\/v2\/pages\/5039\/revisions"}],"predecessor-version":[{"id":7191,"href":"https:\/\/jamonesibericoseu.eu\/de\/wp-json\/wp\/v2\/pages\/5039\/revisions\/7191"}],"up":[{"embeddable":true,"href":"https:\/\/jamonesibericoseu.eu\/de\/wp-json\/wp\/v2\/pages\/4338"}],"wp:attachment":[{"href":"https:\/\/jamonesibericoseu.eu\/de\/wp-json\/wp\/v2\/media?parent=5039"}],"curies":[{"name":"wp","href":"https:\/\/api.w.org\/{rel}","templated":true}]}}