{"id":4657,"date":"2022-04-18T11:31:23","date_gmt":"2022-04-18T11:31:23","guid":{"rendered":"https:\/\/jamonesibericoseu.eu\/veranstaltungen\/so-war-der-erste-internationale-schneidwettbewerb-fuer-jamon-iberico\/"},"modified":"2022-04-18T11:44:38","modified_gmt":"2022-04-18T11:44:38","slug":"so-war-der-erste-internationale-schneidwettbewerb-fuer-jamon-iberico","status":"publish","type":"page","link":"https:\/\/jamonesibericoseu.eu\/de\/veranstaltungen\/so-war-der-erste-internationale-schneidwettbewerb-fuer-jamon-iberico\/","title":{"rendered":"So War Der Erste Internationale Schneidwettbewerb F\u00fcr Jam\u00f3n Ib\u00e9rico"},"content":{"rendered":"<p>[et_pb_section fb_built=&#8220;1&#8243; _builder_version=&#8220;4.10.8&#8243; _module_preset=&#8220;default&#8220; global_colors_info=&#8220;{}&#8220;][et_pb_row _builder_version=&#8220;4.10.8&#8243; _module_preset=&#8220;default&#8220; global_colors_info=&#8220;{}&#8220;][et_pb_column type=&#8220;4_4&#8243; _builder_version=&#8220;4.10.8&#8243; _module_preset=&#8220;default&#8220; global_colors_info=&#8220;{}&#8220;][et_pb_text _builder_version=&#8220;4.13.0&#8243; _module_preset=&#8220;default&#8220; text_font_size=&#8220;16px&#8220; header_font=&#8220;|700||on|||||&#8220; header_text_align=&#8220;center&#8220; header_text_color=&#8220;#a31c27&#8243; header_2_font=&#8220;|700||on|||||&#8220; header_2_text_align=&#8220;center&#8220; header_2_text_color=&#8220;#a31c27&#8243; header_2_font_size=&#8220;30px&#8220; header_2_line_height=&#8220;1.2em&#8220; background_color=&#8220;RGBA(0,0,0,0)&#8220; z_index=&#8220;500&#8243; width=&#8220;80%&#8220; module_alignment=&#8220;center&#8220; sticky_limit_bottom=&#8220;body&#8220; global_colors_info=&#8220;{}&#8220;]<\/p>\n<h2>SO WAR DER ERSTE INTERNATIONALE SCHNEIDWETTBEWERB F\u00dcR JAM\u00d3N IB\u00c9RICO<\/h2>\n<p>[\/et_pb_text][et_pb_text _builder_version=&#8220;4.13.0&#8243; _module_preset=&#8220;default&#8220; text_font_size=&#8220;16px&#8220; header_font=&#8220;|700||on|||||&#8220; header_text_color=&#8220;#a31c27&#8243; header_2_font=&#8220;|700||on|||||&#8220; header_2_text_color=&#8220;#a31c27&#8243; header_2_font_size=&#8220;30px&#8220; background_color=&#8220;RGBA(0,0,0,0)&#8220; z_index=&#8220;500&#8243; sticky_limit_bottom=&#8220;body&#8220; hover_enabled=&#8220;0&#8243; global_colors_info=&#8220;{}&#8220; sticky_enabled=&#8220;0&#8243;]<\/p>\n<p>Am vergangenen <strong>30. November 2021<\/strong> fand das gro\u00dfe Finale des <strong>ersten internationalen Schneidwettbewerbs f\u00fcr Jam\u00f3n Ib\u00e9rico<\/strong> statt, der vom<strong> 11. Weltkongress f\u00fcr Jam\u00f3n und ANCJ (Nationaler Schnittmeisterverband f\u00fcr Schinken)<\/strong> in Zusammenarbeit mit den <strong>Jamon Lovers<\/strong> und mit der Unterst\u00fctzung der <strong>ASICI<\/strong> als Sponsoren gef\u00f6rdert wurde.<\/p>\n<p>Aus den <strong>Schnittmeistern<\/strong>, die sich f\u00fcr die Teilnahme in der <strong>vorherigen Runde<\/strong> angemeldet hatten, wurden <strong>10 Halbfinalisten<\/strong> in einer <strong>Online-Stimmabgabe<\/strong> auf der Seite <a href=\"\/\/congresomundialdeljamon.es\/concurso-remate-jamon-votaciones\/%22\">http:\/\/congresomundialdeljamon.es\/concurso-remate-jamon-votaciones\/<\/a><\/p>\n<p>Aus diesen 10 Halbfinalisten <strong>w\u00e4hlte die Jury des Wettbewerbs die 4 besten<\/strong> aus, die dann in das <strong>Finale<\/strong> in Madrid einzogen, wo sie pers\u00f6nlich erschienen.<\/p>\n<p>Dort mussten die Finalisten <strong>2 Tests<\/strong> bestehen: einen <strong>theoretischen<\/strong>, bei dem den Teilnehmern f\u00fcnf Minuten gegeben wurden, um die korrekte Position f\u00fcr den dritten Schnitt des Jam\u00f3n Ib\u00e9rico zu erkl\u00e4ren, und einen <strong>praktischen<\/strong>, bei dem ihnen 30 Minuten gegeben wurden, um einen <strong>kompletten Jam\u00f3n Ib\u00e9rico zu schneiden<\/strong> und den <strong>dritten Schnitt<\/strong> und die <strong>Vollendung des Jam\u00f3n<\/strong> vorzunehmen.<\/p>\n<p>Die Jury vergab Punkte f\u00fcr Aspekte die <strong>Dicke und Gr\u00f6\u00dfe der Scheiben<\/strong>, die Qualit\u00e4t der Scheiben, die allgemeine Sauberkeit (des Arbeitsplatzes und des Bodens), die <strong>Anrichtung<\/strong>, den <strong>Schneidstil<\/strong>, die Einstellung beim Schneiden, sensorische Parameter der Scheiben des dritten Schnitts oder der <strong>Schneidtechnik<\/strong> oder der <strong>Pr\u00e4sentation der Teller.<\/strong><\/p>\n<p>All dies sind fundamentale Aspekte um den <strong>Sinn f\u00fcr Ib\u00e9rico in den Verbrauchern auf dem gesamten Planeten zu wecken.<\/strong><\/p>\n<p>[\/et_pb_text][\/et_pb_column][\/et_pb_row][et_pb_row use_custom_gutter=&#8220;on&#8220; gutter_width=&#8220;2&#8243; _builder_version=&#8220;4.13.0&#8243; _module_preset=&#8220;default&#8220; global_colors_info=&#8220;{}&#8220;][et_pb_column type=&#8220;4_4&#8243; _builder_version=&#8220;4.13.0&#8243; _module_preset=&#8220;default&#8220; global_colors_info=&#8220;{}&#8220;][et_pb_image src=&#8220;https:\/\/jamonesibericoseu.eu\/wp-content\/uploads\/2022\/04\/Concurso_cortadores.jpg&#8220; title_text=&#8220;Concurso_cortadores&#8220; align=&#8220;center&#8220; _builder_version=&#8220;4.13.0&#8243; _module_preset=&#8220;default&#8220; global_colors_info=&#8220;{}&#8220;][\/et_pb_image][\/et_pb_column][\/et_pb_row][\/et_pb_section]<\/p>\n","protected":false},"excerpt":{"rendered":"<p>SO WAR DER ERSTE INTERNATIONALE SCHNEIDWETTBEWERB F\u00dcR JAM\u00d3N IB\u00c9RICOAm vergangenen 30. November 2021 fand das gro\u00dfe Finale des ersten internationalen Schneidwettbewerbs f\u00fcr Jam\u00f3n Ib\u00e9rico statt, der vom 11. Weltkongress f\u00fcr Jam\u00f3n und ANCJ (Nationaler Schnittmeisterverband f\u00fcr Schinken) in Zusammenarbeit mit den Jamon Lovers und mit der Unterst\u00fctzung der ASICI als Sponsoren gef\u00f6rdert wurde. Aus den Schnittmeistern, die sich f\u00fcr die Teilnahme in der vorherigen Runde angemeldet hatten, wurden 10 Halbfinalisten in einer Online-Stimmabgabe auf der Seite http:\/\/congresomundialdeljamon.es\/concurso-remate-jamon-votaciones\/ Aus diesen 10 Halbfinalisten w\u00e4hlte die Jury des Wettbewerbs die 4 besten aus, die dann in das Finale in Madrid einzogen, wo sie pers\u00f6nlich erschienen. Dort mussten die Finalisten 2 Tests bestehen: einen theoretischen, bei dem den Teilnehmern f\u00fcnf Minuten gegeben wurden, um die korrekte Position f\u00fcr den dritten Schnitt des Jam\u00f3n Ib\u00e9rico zu erkl\u00e4ren, und einen praktischen, bei dem ihnen 30 Minuten gegeben wurden, um einen kompletten Jam\u00f3n Ib\u00e9rico zu schneiden und den dritten Schnitt und die Vollendung des Jam\u00f3n vorzunehmen. Die Jury vergab Punkte f\u00fcr Aspekte die Dicke und Gr\u00f6\u00dfe der Scheiben, die Qualit\u00e4t der Scheiben, die allgemeine Sauberkeit (des Arbeitsplatzes und des Bodens), die Anrichtung, den Schneidstil, die Einstellung beim Schneiden, sensorische Parameter der Scheiben des dritten Schnitts oder der [&hellip;]<\/p>\n","protected":false},"author":1,"featured_media":0,"parent":4338,"menu_order":1,"comment_status":"closed","ping_status":"closed","template":"","meta":{"_et_pb_use_builder":"on","_et_pb_old_content":"","_et_gb_content_width":"","footnotes":""},"class_list":["post-4657","page","type-page","status-publish","hentry"],"_links":{"self":[{"href":"https:\/\/jamonesibericoseu.eu\/de\/wp-json\/wp\/v2\/pages\/4657","targetHints":{"allow":["GET"]}}],"collection":[{"href":"https:\/\/jamonesibericoseu.eu\/de\/wp-json\/wp\/v2\/pages"}],"about":[{"href":"https:\/\/jamonesibericoseu.eu\/de\/wp-json\/wp\/v2\/types\/page"}],"author":[{"embeddable":true,"href":"https:\/\/jamonesibericoseu.eu\/de\/wp-json\/wp\/v2\/users\/1"}],"replies":[{"embeddable":true,"href":"https:\/\/jamonesibericoseu.eu\/de\/wp-json\/wp\/v2\/comments?post=4657"}],"version-history":[{"count":5,"href":"https:\/\/jamonesibericoseu.eu\/de\/wp-json\/wp\/v2\/pages\/4657\/revisions"}],"predecessor-version":[{"id":4666,"href":"https:\/\/jamonesibericoseu.eu\/de\/wp-json\/wp\/v2\/pages\/4657\/revisions\/4666"}],"up":[{"embeddable":true,"href":"https:\/\/jamonesibericoseu.eu\/de\/wp-json\/wp\/v2\/pages\/4338"}],"wp:attachment":[{"href":"https:\/\/jamonesibericoseu.eu\/de\/wp-json\/wp\/v2\/media?parent=4657"}],"curies":[{"name":"wp","href":"https:\/\/api.w.org\/{rel}","templated":true}]}}