{"id":4471,"date":"2022-03-21T12:24:52","date_gmt":"2022-03-21T12:24:52","guid":{"rendered":"https:\/\/jamonesibericoseu.eu\/pressemitteilung\/beliebte-beitraege\/"},"modified":"2022-03-21T12:28:47","modified_gmt":"2022-03-21T12:28:47","slug":"beliebte-beitraege","status":"publish","type":"page","link":"https:\/\/jamonesibericoseu.eu\/de\/pressemitteilung\/beliebte-beitraege\/","title":{"rendered":"Beliebte Beitr\u00e4ge"},"content":{"rendered":"<p>[et_pb_section fb_built=&#8220;1&#8243; _builder_version=&#8220;4.10.8&#8243; _module_preset=&#8220;default&#8220; global_colors_info=&#8220;{}&#8220;][et_pb_row column_structure=&#8220;1_2,1_2&#8243; _builder_version=&#8220;4.10.8&#8243; _module_preset=&#8220;default&#8220; global_colors_info=&#8220;{}&#8220;][et_pb_column type=&#8220;1_2&#8243; _builder_version=&#8220;4.10.8&#8243; _module_preset=&#8220;default&#8220; global_colors_info=&#8220;{}&#8220;][et_pb_image src=&#8220;https:\/\/jamonesibericoseu.eu\/wp-content\/uploads\/2021\/09\/Magazine-Mockup.jpg&#8220; title_text=&#8220;Magazine-Mockup&#8220; _builder_version=&#8220;4.10.8&#8243; _module_preset=&#8220;default&#8220; global_colors_info=&#8220;{}&#8220;][\/et_pb_image][\/et_pb_column][et_pb_column type=&#8220;1_2&#8243; _builder_version=&#8220;4.10.8&#8243; _module_preset=&#8220;default&#8220; global_colors_info=&#8220;{}&#8220;][et_pb_text _builder_version=&#8220;4.13.0&#8243; _module_preset=&#8220;default&#8220; header_font=&#8220;|700|||||||&#8220; header_text_color=&#8220;#a31c27&#8243; header_line_height=&#8220;1.2em&#8220; hover_enabled=&#8220;0&#8243; global_colors_info=&#8220;{}&#8220; sticky_enabled=&#8220;0&#8243;]<\/p>\n<h1>DER SINN F\u00dcR IB\u00c9RICO IN DEN MEDIEN<\/h1>\n<p>Unser Jam\u00f3n Ib\u00e9rico steht nicht nur im Mittelpunkt auf Ihrem Tisch, er spielt auch eine zentrale Rolle in den aktuellen Informationen&#8230; Auf dem gesamten Planeten!<\/p>\n<p>Hier erhalten Sie die saftigsten Nachrichten \u00fcber den Jam\u00f3n Ib\u00e9rico und seinen Sektor in den wichtigsten internationalen Medien.<\/p>\n<p>Denn unser Jam\u00f3n Ib\u00e9rico und der Sinn f\u00fcr Ib\u00e9rico verstehen nichts von Grenzen, sie erreichen jeden Winkel auf der Erde.<\/p>\n<p>[\/et_pb_text][\/et_pb_column][\/et_pb_row][\/et_pb_section][et_pb_section fb_built=&#8220;1&#8243; _builder_version=&#8220;4.10.8&#8243; _module_preset=&#8220;default&#8220; custom_margin=&#8220;||0px||false|false&#8220; custom_padding=&#8220;||0px||false|false&#8220; global_colors_info=&#8220;{}&#8220;][et_pb_row _builder_version=&#8220;4.10.8&#8243; _module_preset=&#8220;default&#8220; global_colors_info=&#8220;{}&#8220;][et_pb_column type=&#8220;4_4&#8243; _builder_version=&#8220;4.10.8&#8243; _module_preset=&#8220;default&#8220; global_colors_info=&#8220;{}&#8220;][et_pb_image src=&#8220;https:\/\/jamonesibericoseu.eu\/wp-content\/uploads\/2022\/01\/20_min_gastronomia.jpg&#8220; title_text=&#8220;20_min_gastronomia&#8220; url=&#8220;https:\/\/www.20minutos.es\/gastronomia\/productos\/los-cinco-detalles-en-los-que-debes-fijarte-para-elegir-un-jamon-iberico-de-verdadera-calidad-4923273\/&#8220; url_new_window=&#8220;on&#8220; _builder_version=&#8220;4.13.0&#8243; _module_preset=&#8220;default&#8220; global_colors_info=&#8220;{}&#8220;][\/et_pb_image][et_pb_divider divider_weight=&#8220;2px&#8220; _builder_version=&#8220;4.13.0&#8243; _module_preset=&#8220;default&#8220; width=&#8220;60%&#8220; module_alignment=&#8220;center&#8220; custom_margin=&#8220;||25px||false|false&#8220; custom_padding=&#8220;15px||||false|false&#8220; global_colors_info=&#8220;{}&#8220;][\/et_pb_divider][et_pb_image src=&#8220;https:\/\/jamonesibericoseu.eu\/wp-content\/uploads\/2022\/01\/la_razon_gastronomia.jpg&#8220; title_text=&#8220;la_razon_gastronomia&#8220; url=&#8220;https:\/\/www.larazon.es\/gastronomia\/20211223\/aslgtudo7jcy5ag4g6aidexiwe.html&#8220; url_new_window=&#8220;on&#8220; _builder_version=&#8220;4.13.0&#8243; _module_preset=&#8220;default&#8220; global_colors_info=&#8220;{}&#8220;][\/et_pb_image][et_pb_divider divider_weight=&#8220;2px&#8220; _builder_version=&#8220;4.13.0&#8243; _module_preset=&#8220;default&#8220; width=&#8220;60%&#8220; module_alignment=&#8220;center&#8220; custom_margin=&#8220;||25px||false|false&#8220; custom_padding=&#8220;15px||||false|false&#8220; global_colors_info=&#8220;{}&#8220;][\/et_pb_divider][et_pb_image src=&#8220;https:\/\/jamonesibericoseu.eu\/wp-content\/uploads\/2022\/01\/agronoma.jpg&#8220; title_text=&#8220;agronoma&#8220; url=&#8220;https:\/\/sevilla.abc.es\/agronoma\/noticias\/analistas\/os-animo-jamon\/&#8220; url_new_window=&#8220;on&#8220; _builder_version=&#8220;4.13.0&#8243; _module_preset=&#8220;default&#8220; global_colors_info=&#8220;{}&#8220;][\/et_pb_image][et_pb_divider divider_weight=&#8220;2px&#8220; _builder_version=&#8220;4.13.0&#8243; _module_preset=&#8220;default&#8220; width=&#8220;60%&#8220; module_alignment=&#8220;center&#8220; custom_margin=&#8220;||25px||false|false&#8220; custom_padding=&#8220;15px||||false|false&#8220; global_colors_info=&#8220;{}&#8220;][\/et_pb_divider][et_pb_image src=&#8220;https:\/\/jamonesibericoseu.eu\/wp-content\/uploads\/2022\/01\/braunschweiger.jpg&#8220; title_text=&#8220;braunschweiger&#8220; url=&#8220;https:\/\/www.braunschweiger-zeitung.de\/wirtschaft\/presseportal\/article234138265\/Mediterranes-Flair-unter-dem-Weihnachtsbaum-Das-Weihnachtsessen-mit-iberischem-Schinken-zum-Erlebnis-werden-lassen.html&#8220; url_new_window=&#8220;on&#8220; _builder_version=&#8220;4.13.0&#8243; _module_preset=&#8220;default&#8220; global_colors_info=&#8220;{}&#8220;][\/et_pb_image][et_pb_divider divider_weight=&#8220;2px&#8220; _builder_version=&#8220;4.13.0&#8243; _module_preset=&#8220;default&#8220; width=&#8220;60%&#8220; module_alignment=&#8220;center&#8220; custom_margin=&#8220;||25px||false|false&#8220; custom_padding=&#8220;15px||||false|false&#8220; global_colors_info=&#8220;{}&#8220;][\/et_pb_divider][et_pb_image src=&#8220;https:\/\/jamonesibericoseu.eu\/wp-content\/uploads\/2022\/01\/finanznachrichten.jpg&#8220; title_text=&#8220;finanznachrichten&#8220; url=&#8220;https:\/\/www.finanznachrichten.de\/nachrichten-2021-12\/54802463-mediterranes-flair-unter-dem-weihnachtsbaum-das-weihnachtsessen-mit-iberischem-schinken-zum-erlebnis-werden-lassen-007.htm&#8220; url_new_window=&#8220;on&#8220; _builder_version=&#8220;4.13.0&#8243; _module_preset=&#8220;default&#8220; global_colors_info=&#8220;{}&#8220;][\/et_pb_image][et_pb_divider divider_weight=&#8220;2px&#8220; _builder_version=&#8220;4.13.0&#8243; _module_preset=&#8220;default&#8220; width=&#8220;60%&#8220; module_alignment=&#8220;center&#8220; custom_margin=&#8220;||25px||false|false&#8220; custom_padding=&#8220;15px||||false|false&#8220; global_colors_info=&#8220;{}&#8220;][\/et_pb_divider][et_pb_image src=&#8220;https:\/\/jamonesibericoseu.eu\/wp-content\/uploads\/2022\/01\/saarbru\u0308cker_zeitung.jpg&#8220; title_text=&#8220;saarbru\u0308cker_zeitung&#8220; url=&#8220;https:\/\/www.saarbruecker-zeitung.de\/app\/consent\/?ref=https:\/\/www.saarbruecker-zeitung.de\/pr\/presseportal\/mediterranes-flair-unter-dem-weihnachtsbaum-das-weihnachtsessen-mit-iberischem-schinken-zum-erlebnis-werden-lassen_aid-64735759&#8243; url_new_window=&#8220;on&#8220; _builder_version=&#8220;4.13.0&#8243; _module_preset=&#8220;default&#8220; global_colors_info=&#8220;{}&#8220;][\/et_pb_image][et_pb_divider divider_weight=&#8220;2px&#8220; _builder_version=&#8220;4.13.0&#8243; _module_preset=&#8220;default&#8220; width=&#8220;60%&#8220; module_alignment=&#8220;center&#8220; custom_margin=&#8220;||25px||false|false&#8220; custom_padding=&#8220;15px||||false|false&#8220; global_colors_info=&#8220;{}&#8220;][\/et_pb_divider][et_pb_image src=&#8220;https:\/\/jamonesibericoseu.eu\/wp-content\/uploads\/2022\/01\/femme_actuelle.jpg&#8220; title_text=&#8220;femme_actuelle&#8220; url=&#8220;https:\/\/www.femmeactuelle.fr\/cuisine\/recettes\/entree\/poelee-de-calamars-cepes-au-jambon-iberique-250931&#8243; url_new_window=&#8220;on&#8220; _builder_version=&#8220;4.13.0&#8243; _module_preset=&#8220;default&#8220; global_colors_info=&#8220;{}&#8220;][\/et_pb_image][et_pb_divider divider_weight=&#8220;2px&#8220; _builder_version=&#8220;4.13.0&#8243; _module_preset=&#8220;default&#8220; width=&#8220;60%&#8220; module_alignment=&#8220;center&#8220; custom_margin=&#8220;||25px||false|false&#8220; custom_padding=&#8220;15px||||false|false&#8220; global_colors_info=&#8220;{}&#8220;][\/et_pb_divider][et_pb_image src=&#8220;https:\/\/jamonesibericoseu.eu\/wp-content\/uploads\/2022\/01\/faire_savoir_france.jpg&#8220; title_text=&#8220;faire_savoir_france&#8220; url=&#8220;https:\/\/www.fairesavoirfaire.com\/marche-frais-surgeles\/2021\/12\/17\/l-asici-lance-une-campagne-de-promotion-internationale-considerable-pour-le-secteur-iberique_9729&#8243; url_new_window=&#8220;on&#8220; _builder_version=&#8220;4.13.0&#8243; _module_preset=&#8220;default&#8220; global_colors_info=&#8220;{}&#8220;][\/et_pb_image][\/et_pb_column][\/et_pb_row][\/et_pb_section]<\/p>\n","protected":false},"excerpt":{"rendered":"<p>DER SINN F\u00dcR IB\u00c9RICO IN DEN MEDIEN Unser Jam\u00f3n Ib\u00e9rico steht nicht nur im Mittelpunkt auf Ihrem Tisch, er spielt auch eine zentrale Rolle in den aktuellen Informationen&#8230; Auf dem gesamten Planeten! Hier erhalten Sie die saftigsten Nachrichten \u00fcber den Jam\u00f3n Ib\u00e9rico und seinen Sektor in den wichtigsten internationalen Medien. Denn unser Jam\u00f3n Ib\u00e9rico und der Sinn f\u00fcr Ib\u00e9rico verstehen nichts von Grenzen, sie erreichen jeden Winkel auf der Erde.<\/p>\n","protected":false},"author":1,"featured_media":0,"parent":4419,"menu_order":1,"comment_status":"closed","ping_status":"closed","template":"","meta":{"_et_pb_use_builder":"on","_et_pb_old_content":"","_et_gb_content_width":"","footnotes":""},"class_list":["post-4471","page","type-page","status-publish","hentry"],"_links":{"self":[{"href":"https:\/\/jamonesibericoseu.eu\/de\/wp-json\/wp\/v2\/pages\/4471","targetHints":{"allow":["GET"]}}],"collection":[{"href":"https:\/\/jamonesibericoseu.eu\/de\/wp-json\/wp\/v2\/pages"}],"about":[{"href":"https:\/\/jamonesibericoseu.eu\/de\/wp-json\/wp\/v2\/types\/page"}],"author":[{"embeddable":true,"href":"https:\/\/jamonesibericoseu.eu\/de\/wp-json\/wp\/v2\/users\/1"}],"replies":[{"embeddable":true,"href":"https:\/\/jamonesibericoseu.eu\/de\/wp-json\/wp\/v2\/comments?post=4471"}],"version-history":[{"count":3,"href":"https:\/\/jamonesibericoseu.eu\/de\/wp-json\/wp\/v2\/pages\/4471\/revisions"}],"predecessor-version":[{"id":4478,"href":"https:\/\/jamonesibericoseu.eu\/de\/wp-json\/wp\/v2\/pages\/4471\/revisions\/4478"}],"up":[{"embeddable":true,"href":"https:\/\/jamonesibericoseu.eu\/de\/wp-json\/wp\/v2\/pages\/4419"}],"wp:attachment":[{"href":"https:\/\/jamonesibericoseu.eu\/de\/wp-json\/wp\/v2\/media?parent=4471"}],"curies":[{"name":"wp","href":"https:\/\/api.w.org\/{rel}","templated":true}]}}