{"id":4462,"date":"2022-03-21T12:20:09","date_gmt":"2022-03-21T12:20:09","guid":{"rendered":"https:\/\/jamonesibericoseu.eu\/pressemitteilung\/pressedossier\/"},"modified":"2024-01-18T11:40:25","modified_gmt":"2024-01-18T11:40:25","slug":"pressedossier","status":"publish","type":"page","link":"https:\/\/jamonesibericoseu.eu\/de\/pressemitteilung\/pressedossier\/","title":{"rendered":"Pressedossier"},"content":{"rendered":"<p>[et_pb_section fb_built=&#8220;1&#8243; _builder_version=&#8220;4.10.8&#8243; _module_preset=&#8220;default&#8220; custom_margin=&#8220;||0px||false|false&#8220; custom_padding=&#8220;||0px||false|false&#8220; global_colors_info=&#8220;{}&#8220;][et_pb_row column_structure=&#8220;1_2,1_2&#8243; _builder_version=&#8220;4.10.8&#8243; _module_preset=&#8220;default&#8220; global_colors_info=&#8220;{}&#8220;][et_pb_column type=&#8220;1_2&#8243; _builder_version=&#8220;4.10.8&#8243; _module_preset=&#8220;default&#8220; global_colors_info=&#8220;{}&#8220;][et_pb_image src=&#8220;https:\/\/jamonesibericoseu.eu\/wp-content\/uploads\/2021\/09\/dossier-prensa.jpg&#8220; title_text=&#8220;Vertical brochure or booklet cover mock up.&#8220; url=&#8220;https:\/\/jamonesibericoseu.eu\/wp-content\/uploads\/2024\/01\/dossier-prensa-DE2023.pdf&#8220; _builder_version=&#8220;4.13.0&#8243; _module_preset=&#8220;default&#8220; hover_enabled=&#8220;0&#8243; global_colors_info=&#8220;{}&#8220; sticky_enabled=&#8220;0&#8243;][\/et_pb_image][\/et_pb_column][et_pb_column type=&#8220;1_2&#8243; _builder_version=&#8220;4.10.8&#8243; _module_preset=&#8220;default&#8220; global_colors_info=&#8220;{}&#8220;][et_pb_text _builder_version=&#8220;4.13.0&#8243; _module_preset=&#8220;default&#8220; text_font_size=&#8220;16px&#8220; header_font=&#8220;|700|||||||&#8220; header_text_color=&#8220;#a31c27&#8243; custom_margin=&#8220;32px||48px||false|false&#8220; global_colors_info=&#8220;{}&#8220;]<\/p>\n<h1>PRESSEDOSSIER<\/h1>\n<p>Um Ihren Sinn f\u00fcr Iberico WIRKLICH zu entwickeln, m\u00fcssen Sie dieses Dossier herunterladen. Darin erfahren Sie alles, was Sie \u00fcber den Jam\u00f3n Ib\u00e9rico, seine Merkmale und den Sektor Ib\u00e9rico wissen m\u00fcssen.<\/p>\n<p>[\/et_pb_text][et_pb_button button_url=&#8220;https:\/\/jamonesibericoseu.eu\/wp-content\/uploads\/2024\/01\/dossier-prensa-DE2023.pdf&#8220; url_new_window=&#8220;on&#8220; button_text=&#8220;HIER HERUNTERLADEN&#8220; button_alignment=&#8220;center&#8220; disabled_on=&#8220;off|off|off&#8220; _builder_version=&#8220;4.13.0&#8243; _module_preset=&#8220;default&#8220; custom_button=&#8220;on&#8220; button_text_color=&#8220;#FFFFFF&#8220; button_bg_color=&#8220;#000000&#8243; button_border_width=&#8220;8px&#8220; button_border_color=&#8220;#000000&#8243; button_font=&#8220;glow||||||||&#8220; hover_enabled=&#8220;0&#8243; global_colors_info=&#8220;{}&#8220; sticky_enabled=&#8220;0&#8243;][\/et_pb_button][\/et_pb_column][\/et_pb_row][\/et_pb_section]<\/p>\n","protected":false},"excerpt":{"rendered":"<p>PRESSEDOSSIER Um Ihren Sinn f\u00fcr Iberico WIRKLICH zu entwickeln, m\u00fcssen Sie dieses Dossier herunterladen. Darin erfahren Sie alles, was Sie \u00fcber den Jam\u00f3n Ib\u00e9rico, seine Merkmale und den Sektor Ib\u00e9rico wissen m\u00fcssen.<\/p>\n","protected":false},"author":1,"featured_media":0,"parent":4419,"menu_order":0,"comment_status":"closed","ping_status":"closed","template":"","meta":{"_et_pb_use_builder":"on","_et_pb_old_content":"","_et_gb_content_width":"","footnotes":""},"class_list":["post-4462","page","type-page","status-publish","hentry"],"_links":{"self":[{"href":"https:\/\/jamonesibericoseu.eu\/de\/wp-json\/wp\/v2\/pages\/4462","targetHints":{"allow":["GET"]}}],"collection":[{"href":"https:\/\/jamonesibericoseu.eu\/de\/wp-json\/wp\/v2\/pages"}],"about":[{"href":"https:\/\/jamonesibericoseu.eu\/de\/wp-json\/wp\/v2\/types\/page"}],"author":[{"embeddable":true,"href":"https:\/\/jamonesibericoseu.eu\/de\/wp-json\/wp\/v2\/users\/1"}],"replies":[{"embeddable":true,"href":"https:\/\/jamonesibericoseu.eu\/de\/wp-json\/wp\/v2\/comments?post=4462"}],"version-history":[{"count":8,"href":"https:\/\/jamonesibericoseu.eu\/de\/wp-json\/wp\/v2\/pages\/4462\/revisions"}],"predecessor-version":[{"id":7431,"href":"https:\/\/jamonesibericoseu.eu\/de\/wp-json\/wp\/v2\/pages\/4462\/revisions\/7431"}],"up":[{"embeddable":true,"href":"https:\/\/jamonesibericoseu.eu\/de\/wp-json\/wp\/v2\/pages\/4419"}],"wp:attachment":[{"href":"https:\/\/jamonesibericoseu.eu\/de\/wp-json\/wp\/v2\/media?parent=4462"}],"curies":[{"name":"wp","href":"https:\/\/api.w.org\/{rel}","templated":true}]}}