{"id":4419,"date":"2022-03-21T12:03:53","date_gmt":"2022-03-21T12:03:53","guid":{"rendered":"https:\/\/jamonesibericoseu.eu\/pressemitteilung\/"},"modified":"2024-03-26T17:46:39","modified_gmt":"2024-03-26T17:46:39","slug":"pressemitteilung","status":"publish","type":"page","link":"https:\/\/jamonesibericoseu.eu\/de\/pressemitteilung\/","title":{"rendered":"Pressemitteilung"},"content":{"rendered":"<p>[et_pb_section fb_built=&#8220;1&#8243; _builder_version=&#8220;4.16&#8243; _module_preset=&#8220;default&#8220; custom_margin=&#8220;||0px||false|false&#8220; custom_padding=&#8220;||0px||false|false&#8220; global_colors_info=&#8220;{}&#8220;][et_pb_row column_structure=&#8220;1_2,1_2&#8243; _builder_version=&#8220;4.16&#8243; _module_preset=&#8220;default&#8220; global_colors_info=&#8220;{}&#8220;][et_pb_column type=&#8220;1_2&#8243; _builder_version=&#8220;4.16&#8243; _module_preset=&#8220;default&#8220; global_colors_info=&#8220;{}&#8220;][et_pb_image src=&#8220;https:\/\/jamonesibericoseu.eu\/wp-content\/uploads\/2021\/09\/prensa-1.jpg&#8220; title_text=&#8220;prensa&#8220; _builder_version=&#8220;4.16&#8243; _module_preset=&#8220;default&#8220; global_colors_info=&#8220;{}&#8220;][\/et_pb_image][\/et_pb_column][et_pb_column type=&#8220;1_2&#8243; _builder_version=&#8220;4.16&#8243; _module_preset=&#8220;default&#8220; global_colors_info=&#8220;{}&#8220;][et_pb_text _builder_version=&#8220;4.16&#8243; _module_preset=&#8220;default&#8220; text_font_size=&#8220;16px&#8220; header_font=&#8220;|700|||||||&#8220; header_text_color=&#8220;#a31c27&#8243; global_colors_info=&#8220;{}&#8220;]<\/p>\n<h1>PRESSEMITTEILUNG<\/h1>\n<p>M\u00f6chten Sie auch immer auf dem Laufenden sein, und alles, was wir tun, immer am liebsten sofort erfahren?<\/p>\n<p>Dann sind Sie hier genau richtig.<\/p>\n<p><strong>Verfolgen Sie hier unsere neuesten Nachrichten!<\/strong><\/p>\n<p>[\/et_pb_text][\/et_pb_column][\/et_pb_row][\/et_pb_section][et_pb_section fb_built=&#8220;1&#8243; _builder_version=&#8220;4.16&#8243; _module_preset=&#8220;default&#8220; custom_padding=&#8220;0px|||||&#8220; global_colors_info=&#8220;{}&#8220;][et_pb_row column_structure=&#8220;1_3,1_3,1_3&#8243; _builder_version=&#8220;4.16&#8243; _module_preset=&#8220;default&#8220; global_colors_info=&#8220;{}&#8220;][et_pb_column type=&#8220;1_3&#8243; _builder_version=&#8220;4.16&#8243; _module_preset=&#8220;default&#8220; global_colors_info=&#8220;{}&#8220;][et_pb_image src=&#8220;https:\/\/jamonesibericoseu.eu\/wp-content\/uploads\/2024\/03\/Viaje-Chefs-1.jpg&#8220; title_text=&#8220;Viaje Chefs&#8220; url=&#8220;https:\/\/jamonesibericoseu.eu\/wp-content\/uploads\/2024\/03\/Press-Release-Chefs-Trip-Germanyb.pdf&#8220; _builder_version=&#8220;4.24.2&#8243; _module_preset=&#8220;default&#8220; hover_enabled=&#8220;0&#8243; global_colors_info=&#8220;{}&#8220; sticky_enabled=&#8220;0&#8243;][\/et_pb_image][et_pb_text _builder_version=&#8220;4.24.2&#8243; _module_preset=&#8220;default&#8220; link_option_url=&#8220;https:\/\/jamonesibericoseu.eu\/wp-content\/uploads\/2024\/03\/Press-Release-Chefs-Trip-Germanyb.pdf&#8220; link_option_url_new_window=&#8220;on&#8220; hover_enabled=&#8220;0&#8243; global_colors_info=&#8220;{}&#8220; sticky_enabled=&#8220;0&#8243;]<\/p>\n<p><span style=\"color: #a31c27;\"><strong>12-03-2024 <\/strong><\/span>&#8211; Renommierte deutsche Chefk\u00f6che auf den Spuren des Jam\u00f3n Ib\u00e9rico in Spanien<\/p>\n<p>[\/et_pb_text][\/et_pb_column][et_pb_column type=&#8220;1_3&#8243; _builder_version=&#8220;4.16&#8243; _module_preset=&#8220;default&#8220; global_colors_info=&#8220;{}&#8220;][et_pb_image src=&#8220;https:\/\/jamonesibericoseu.eu\/wp-content\/uploads\/2024\/03\/mert-arman-press.jpg&#8220; title_text=&#8220;mert-arman-press&#8220; url=&#8220;https:\/\/jamonesibericoseu.eu\/wp-content\/uploads\/2024\/03\/Press-release-IBERIAN-HAM-COMPETITION-Germany_baja.pdf&#8220; _builder_version=&#8220;4.16&#8243; _module_preset=&#8220;default&#8220; global_colors_info=&#8220;{}&#8220;][\/et_pb_image][et_pb_text _builder_version=&#8220;4.16&#8243; _module_preset=&#8220;default&#8220; link_option_url=&#8220;https:\/\/jamonesibericoseu.eu\/wp-content\/uploads\/2024\/03\/Press-release-IBERIAN-HAM-COMPETITION-Germany_baja.pdf&#8220; link_option_url_new_window=&#8220;on&#8220; global_colors_info=&#8220;{}&#8220;]<\/p>\n<p><span style=\"color: #a31c27;\"><strong>19-02-2024 <\/strong><\/span>&#8211; Mert Arman aus Berlin gewinnt 3. Ausgabe des internationalen Wettbewerbs im Schneiden von Jam\u00f3n Ib\u00e9rico<\/p>\n<p>[\/et_pb_text][\/et_pb_column][et_pb_column type=&#8220;1_3&#8243; _builder_version=&#8220;4.16&#8243; _module_preset=&#8220;default&#8220; global_colors_info=&#8220;{}&#8220;][et_pb_image src=&#8220;https:\/\/jamonesibericoseu.eu\/wp-content\/uploads\/2024\/03\/receta_alemania.jpg&#8220; title_text=&#8220;receta_alemania&#8220; url=&#8220;https:\/\/jamonesibericoseu.eu\/wp-content\/uploads\/2024\/03\/Pressemitteilung_-Ein-Fest-fur-die-Sinne-\u2013-Weihnachtliche-Rezepte-mit-Jamon-Iberico.pdf&#8220; _builder_version=&#8220;4.24.2&#8243; _module_preset=&#8220;default&#8220; hover_enabled=&#8220;0&#8243; global_colors_info=&#8220;{}&#8220; sticky_enabled=&#8220;0&#8243;][\/et_pb_image][et_pb_text _builder_version=&#8220;4.24.2&#8243; _module_preset=&#8220;default&#8220; link_option_url=&#8220;https:\/\/jamonesibericoseu.eu\/wp-content\/uploads\/2024\/03\/Pressemitteilung_-Ein-Fest-fur-die-Sinne-\u2013-Weihnachtliche-Rezepte-mit-Jamon-Iberico.pdf&#8220; link_option_url_new_window=&#8220;on&#8220; hover_enabled=&#8220;0&#8243; global_colors_info=&#8220;{}&#8220; sticky_enabled=&#8220;0&#8243;]<\/p>\n<p><span style=\"color: #a31c27;\"><strong>6-12-2023 <\/strong><\/span>&#8211; Weihnachtliche Rezepte mit Jam\u00f3n Ib\u00e9rico<\/p>\n<p>[\/et_pb_text][\/et_pb_column][\/et_pb_row][et_pb_row column_structure=&#8220;1_3,1_3,1_3&#8243; _builder_version=&#8220;4.16&#8243; _module_preset=&#8220;default&#8220; global_colors_info=&#8220;{}&#8220;][et_pb_column type=&#8220;1_3&#8243; _builder_version=&#8220;4.16&#8243; _module_preset=&#8220;default&#8220; global_colors_info=&#8220;{}&#8220;][et_pb_image src=&#8220;https:\/\/jamonesibericoseu.eu\/wp-content\/uploads\/2023\/06\/berlin-presentacion.jpg&#8220; title_text=&#8220;berlin-presentacion&#8220; url=&#8220;https:\/\/jamonesibericoseu.eu\/wp-content\/uploads\/2023\/06\/NP-Berli\u0301n-se-rinde-ante-el-inigualable-Jamo\u0301n-Ibe\u0301rico-DE.pdf&#8220; _builder_version=&#8220;4.16&#8243; _module_preset=&#8220;default&#8220; global_colors_info=&#8220;{}&#8220;][\/et_pb_image][et_pb_text _builder_version=&#8220;4.16&#8243; _module_preset=&#8220;default&#8220; link_option_url=&#8220;https:\/\/jamonesibericoseu.eu\/wp-content\/uploads\/2023\/06\/NP-Berli\u0301n-se-rinde-ante-el-inigualable-Jamo\u0301n-Ibe\u0301rico-DE.pdf&#8220; link_option_url_new_window=&#8220;on&#8220; global_colors_info=&#8220;{}&#8220;]<\/p>\n<p><span style=\"color: #a31c27;\"><strong>14-06-2023 <\/strong><\/span>&#8211; Berlin steht auf Jam\u00f3n Ib\u00e9rico<\/p>\n<p>[\/et_pb_text][\/et_pb_column][et_pb_column type=&#8220;1_3&#8243; _builder_version=&#8220;4.16&#8243; _module_preset=&#8220;default&#8220; global_colors_info=&#8220;{}&#8220;][et_pb_image src=&#8220;https:\/\/jamonesibericoseu.eu\/wp-content\/uploads\/2023\/03\/mejor_cortador.jpg&#8220; title_text=&#8220;mejor_cortador&#8220; url=&#8220;https:\/\/jamonesibericoseu.eu\/wp-content\/uploads\/2023\/03\/NDP-Mejor-Cortador-del-Mundo_Alema\u0301n.pdf&#8220; _builder_version=&#8220;4.16&#8243; _module_preset=&#8220;default&#8220; global_colors_info=&#8220;{}&#8220;][\/et_pb_image][et_pb_text _builder_version=&#8220;4.16&#8243; _module_preset=&#8220;default&#8220; link_option_url=&#8220;https:\/\/jamonesibericoseu.eu\/wp-content\/uploads\/2023\/03\/NDP-Mejor-Cortador-del-Mundo_Alema\u0301n.pdf&#8220; link_option_url_new_window=&#8220;on&#8220; global_colors_info=&#8220;{}&#8220;]<\/p>\n<p><span style=\"color: #a31c27;\"><strong>10-03-2023 <\/strong><\/span>&#8211; &#8222;Spaniens iberischer Schinken, Botschafter Europas in der Welt&#8220; feiert die II. Auflage des Internationalen Wettbewerbs zum Schneiden von iberischem Schinken in Paris<\/p>\n<p>[\/et_pb_text][\/et_pb_column][et_pb_column type=&#8220;1_3&#8243; _builder_version=&#8220;4.16&#8243; _module_preset=&#8220;default&#8220; global_colors_info=&#8220;{}&#8220;][et_pb_image src=&#8220;https:\/\/jamonesibericoseu.eu\/wp-content\/uploads\/2023\/03\/corte.jpg&#8220; title_text=&#8220;corte&#8220; url=&#8220;https:\/\/jamonesibericoseu.eu\/wp-content\/uploads\/2023\/03\/Iberico_Art-of-Slicing_2023_v3_German.pdf&#8220; _builder_version=&#8220;4.16&#8243; _module_preset=&#8220;default&#8220; global_colors_info=&#8220;{}&#8220;][\/et_pb_image][et_pb_text _builder_version=&#8220;4.16&#8243; _module_preset=&#8220;default&#8220; link_option_url=&#8220;https:\/\/jamonesibericoseu.eu\/wp-content\/uploads\/2023\/03\/Iberico_Art-of-Slicing_2023_v3_German.pdf&#8220; link_option_url_new_window=&#8220;on&#8220; global_colors_info=&#8220;{}&#8220;]<\/p>\n<p><span style=\"color: #a31c27;\"><strong>08-03-2023 <\/strong><\/span>&#8211; Die Kunst des Schneidens von iberischem Schinken in sieben spannenden Schritten<\/p>\n<p>[\/et_pb_text][\/et_pb_column][\/et_pb_row][et_pb_row column_structure=&#8220;1_3,1_3,1_3&#8243; _builder_version=&#8220;4.16&#8243; _module_preset=&#8220;default&#8220; global_colors_info=&#8220;{}&#8220;][et_pb_column type=&#8220;1_3&#8243; _builder_version=&#8220;4.16&#8243; _module_preset=&#8220;default&#8220; global_colors_info=&#8220;{}&#8220;][et_pb_image src=&#8220;https:\/\/jamonesibericoseu.eu\/wp-content\/uploads\/2023\/02\/Spargel.jpg&#8220; title_text=&#8220;Spargel&#8220; url=&#8220;https:\/\/jamonesibericoseu.eu\/wp-content\/uploads\/2023\/02\/Iberico_Asparags_German_16-02.pdf&#8220; _builder_version=&#8220;4.16&#8243; _module_preset=&#8220;default&#8220; global_colors_info=&#8220;{}&#8220;][\/et_pb_image][et_pb_text _builder_version=&#8220;4.16&#8243; _module_preset=&#8220;default&#8220; link_option_url=&#8220;https:\/\/jamonesibericoseu.eu\/wp-content\/uploads\/2023\/02\/Iberico_Asparags_German_16-02.pdf&#8220; link_option_url_new_window=&#8220;on&#8220; global_colors_info=&#8220;{}&#8220;]<\/p>\n<p><span style=\"color: #a31c27;\"><strong>16-02-2023 <\/strong><\/span>&#8211; Fr\u00fchlingsgenuss mit Jam\u00f3n Ib\u00e9rico: K\u00f6stliche Rezeptvorschl\u00e4ge f\u00fcr die Spargelsaison: eine einzigartige gastronomische Reise.<\/p>\n<p>[\/et_pb_text][\/et_pb_column][et_pb_column type=&#8220;1_3&#8243; _builder_version=&#8220;4.16&#8243; _module_preset=&#8220;default&#8220; global_colors_info=&#8220;{}&#8220;][et_pb_image src=&#8220;https:\/\/jamonesibericoseu.eu\/wp-content\/uploads\/2023\/03\/escuelas_mi.jpg&#8220; title_text=&#8220;escuelas_mi&#8220; url=&#8220;https:\/\/jamonesibericoseu.eu\/wp-content\/uploads\/2023\/03\/Nota-de-prensa-Formacio\u0301n-ASICI-en-BCN_OK_DE.pdf&#8220; _builder_version=&#8220;4.16&#8243; _module_preset=&#8220;default&#8220; global_colors_info=&#8220;{}&#8220;][\/et_pb_image][et_pb_text _builder_version=&#8220;4.16&#8243; _module_preset=&#8220;default&#8220; link_option_url=&#8220;https:\/\/jamonesibericoseu.eu\/wp-content\/uploads\/2023\/03\/Nota-de-prensa-Formacio\u0301n-ASICI-en-BCN_OK_DE.pdf&#8220; link_option_url_new_window=&#8220;on&#8220; global_colors_info=&#8220;{}&#8220;]<\/p>\n<p><span style=\"color: #a31c27;\"><strong>17-01-2023 <\/strong><\/span>&#8211; Jamones Ib\u00e9ricos aus Spanien setzt auf die Ausbildung als eine der Grundlagen des internationalen Wachstums<\/p>\n<p>[\/et_pb_text][\/et_pb_column][et_pb_column type=&#8220;1_3&#8243; _builder_version=&#8220;4.16&#8243; _module_preset=&#8220;default&#8220; global_colors_info=&#8220;{}&#8220;][et_pb_image src=&#8220;https:\/\/jamonesibericoseu.eu\/wp-content\/uploads\/2023\/01\/Acuerdo-ASICI-Eurotoques.jpg&#8220; title_text=&#8220;Acuerdo ASICI Eurotoques&#8220; url=&#8220;https:\/\/jamonesibericoseu.eu\/wp-content\/uploads\/2023\/01\/20230109-NdP-Acuerdo-Eurotoques-JIAWPB_DE.pdf&#8220; _builder_version=&#8220;4.16&#8243; _module_preset=&#8220;default&#8220; global_colors_info=&#8220;{}&#8220;][\/et_pb_image][et_pb_text _builder_version=&#8220;4.16&#8243; _module_preset=&#8220;default&#8220; link_option_url=&#8220;https:\/\/jamonesibericoseu.eu\/wp-content\/uploads\/2023\/01\/20230109-NdP-Acuerdo-Eurotoques-JIAWPB_DE.pdf&#8220; link_option_url_new_window=&#8220;on&#8220; global_colors_info=&#8220;{}&#8220;]<span style=\"color: #a31c27;\"><strong>09-01-2023 <\/strong><\/span>&#8211; Der Sektor des Jam\u00f3n Ib\u00e9rico und einflussreiche K\u00f6che r\u00fccken zusammen, um die Gastronomie und den Verzehr von Jam\u00f3n Ib\u00e9rico zu st\u00e4rken[\/et_pb_text][\/et_pb_column][\/et_pb_row][et_pb_row column_structure=&#8220;1_3,1_3,1_3&#8243; _builder_version=&#8220;4.16&#8243; _module_preset=&#8220;default&#8220; global_colors_info=&#8220;{}&#8220;][et_pb_column type=&#8220;1_3&#8243; _builder_version=&#8220;4.16&#8243; _module_preset=&#8220;default&#8220; global_colors_info=&#8220;{}&#8220;][et_pb_image src=&#8220;https:\/\/jamonesibericoseu.eu\/wp-content\/uploads\/2023\/01\/chef4chef.jpg&#8220; title_text=&#8220;chef4chef&#8220; url=&#8220;https:\/\/jamonesibericoseu.eu\/wp-content\/uploads\/2023\/01\/NdP-El-jamon-iberico-protagoniza-un-exclusivo-showcooking_DE.pdf&#8220; _builder_version=&#8220;4.16&#8243; _module_preset=&#8220;default&#8220; global_colors_info=&#8220;{}&#8220;][\/et_pb_image][et_pb_text _builder_version=&#8220;4.16&#8243; _module_preset=&#8220;default&#8220; link_option_url=&#8220;https:\/\/jamonesibericoseu.eu\/wp-content\/uploads\/2023\/01\/NdP-El-jamon-iberico-protagoniza-un-exclusivo-showcooking_DE.pdf&#8220; link_option_url_new_window=&#8220;on&#8220; global_colors_info=&#8220;{}&#8220;]<span style=\"color: #a31c27;\"><strong>20-12-2022 <\/strong><\/span>&#8211; Jam\u00f3n Ib\u00e9rico im Mittelpunkt eines exklusiven Showcookings mit drei internationalen Sternek\u00f6chen[\/et_pb_text][\/et_pb_column][et_pb_column type=&#8220;1_3&#8243; _builder_version=&#8220;4.16&#8243; _module_preset=&#8220;default&#8220; global_colors_info=&#8220;{}&#8220;][et_pb_image src=&#8220;https:\/\/jamonesibericoseu.eu\/wp-content\/uploads\/2022\/04\/Christian.jpg&#8220; title_text=&#8220;Christian&#8220; url=&#8220;https:\/\/jamonesibericoseu.eu\/wp-content\/uploads\/2022\/04\/20220324-NdP_JIAWP_Cierre_DE_TACT157_29.3.22.pdf&#8220; _builder_version=&#8220;4.16&#8243; _module_preset=&#8220;default&#8220; global_colors_info=&#8220;{}&#8220;][\/et_pb_image][et_pb_text _builder_version=&#8220;4.16&#8243; _module_preset=&#8220;default&#8220; link_option_url=&#8220;https:\/\/jamonesibericoseu.eu\/wp-content\/uploads\/2022\/04\/20220324-NdP_JIAWP_Cierre_DE_TACT157_29.3.22.pdf&#8220; link_option_url_new_window=&#8220;on&#8220; global_colors_info=&#8220;{}&#8220;]<span style=\"color: #a31c27;\"><strong>30-03-2022 <\/strong><\/span>&#8211; Die Kultur des Jam\u00f3n Ib\u00e9rico wird auf den internationalen M\u00e4rkten dank des Projekts \u201eJamones Ib\u00e9ricos aus Spanien, Europ\u00e4ische Botschafter in der Welt\u201c[\/et_pb_text][\/et_pb_column][et_pb_column type=&#8220;1_3&#8243; _builder_version=&#8220;4.16&#8243; _module_preset=&#8220;default&#8220; global_colors_info=&#8220;{}&#8220;][et_pb_image src=&#8220;https:\/\/jamonesibericoseu.eu\/wp-content\/uploads\/2022\/04\/xmas.jpg&#8220; title_text=&#8220;xmas&#8220; url=&#8220;https:\/\/jamonesibericoseu.eu\/wp-content\/uploads\/2022\/04\/Ndp-JIAWP_Navidad_DE_20122021.pdf&#8220; _builder_version=&#8220;4.16&#8243; _module_preset=&#8220;default&#8220; global_colors_info=&#8220;{}&#8220;][\/et_pb_image][et_pb_text _builder_version=&#8220;4.16&#8243; _module_preset=&#8220;default&#8220; link_option_url=&#8220;https:\/\/jamonesibericoseu.eu\/wp-content\/uploads\/2022\/04\/Ndp-JIAWP_Navidad_DE_20122021.pdf&#8220; link_option_url_new_window=&#8220;on&#8220; global_colors_info=&#8220;{}&#8220;]<span style=\"color: #a31c27;\"><strong>09-12-2021 <\/strong><\/span>&#8211; Mediterranean flair under the Christmas tree Turning Christmas dinner into an experience with Iberian ham[\/et_pb_text][\/et_pb_column][\/et_pb_row][et_pb_row column_structure=&#8220;1_3,1_3,1_3&#8243; _builder_version=&#8220;4.16&#8243; _module_preset=&#8220;default&#8220; global_colors_info=&#8220;{}&#8220;][et_pb_column type=&#8220;1_3&#8243; _builder_version=&#8220;4.16&#8243; _module_preset=&#8220;default&#8220; global_colors_info=&#8220;{}&#8220;][et_pb_image src=&#8220;https:\/\/jamonesibericoseu.eu\/wp-content\/uploads\/2022\/01\/acto-de-presentacion.jpg&#8220; title_text=&#8220;acto de presentacion&#8220; url=&#8220;https:\/\/jamonesibericoseu.eu\/wp-content\/uploads\/2022\/03\/20211004-NdP_EVENTO-PRESENTACIO\u0301N_JAMO\u0301N-IBE\u0301RICO-es-de-C.pdf&#8220; _builder_version=&#8220;4.16&#8243; _module_preset=&#8220;default&#8220; global_colors_info=&#8220;{}&#8220;][\/et_pb_image][et_pb_text _builder_version=&#8220;4.16&#8243; _module_preset=&#8220;default&#8220; link_option_url=&#8220;https:\/\/jamonesibericoseu.eu\/wp-content\/uploads\/2022\/03\/20211004-NdP_EVENTO-PRESENTACIO\u0301N_JAMO\u0301N-IBE\u0301RICO-es-de-C.pdf&#8220; link_option_url_new_window=&#8220;on&#8220; global_colors_info=&#8220;{}&#8220;]<span style=\"color: #a31c27;\"><strong>06-10-2021 <\/strong><\/span>&#8211; Asici startet die umfangreichste internationale werbekampagne, die die Ib\u00e9rico branche je in seiner geschichte durchgef\u00fchrt hat[\/et_pb_text][\/et_pb_column][et_pb_column type=&#8220;1_3&#8243; _builder_version=&#8220;4.16&#8243; _module_preset=&#8220;default&#8220; global_colors_info=&#8220;{}&#8220;][et_pb_image src=&#8220;https:\/\/jamonesibericoseu.eu\/wp-content\/uploads\/2022\/01\/concurso-corte-jamon-iberico.jpg&#8220; title_text=&#8220;concurso corte jamon iberico&#8220; url=&#8220;https:\/\/jamonesibericoseu.eu\/wp-content\/uploads\/2022\/03\/20210915-NDP_JIAWP_CONCURSO-MUNDIAL-DE-JAMOi\u0300N-IBEi\u0300RICO_DE_FINAL_20.9.21.pdf&#8220; url_new_window=&#8220;on&#8220; _builder_version=&#8220;4.16&#8243; _module_preset=&#8220;default&#8220; global_colors_info=&#8220;{}&#8220;][\/et_pb_image][et_pb_text _builder_version=&#8220;4.16&#8243; _module_preset=&#8220;default&#8220; link_option_url=&#8220;https:\/\/jamonesibericoseu.eu\/wp-content\/uploads\/2022\/03\/20210915-NDP_JIAWP_CONCURSO-MUNDIAL-DE-JAMOi\u0300N-IBEi\u0300RICO_DE_FINAL_20.9.21.pdf&#8220; link_option_url_new_window=&#8220;on&#8220; global_colors_info=&#8220;{}&#8220;]<span style=\"color: #a31c27;\"><strong>15-09-2021<\/strong><\/span> &#8211; \u201eSpanischer Iberico-Schinken, Botschafter Europas in der Welt\u201c schreibt den ersten Internationalen Iberico-Schinkenschneiderwettbewerb aus[\/et_pb_text][\/et_pb_column][et_pb_column type=&#8220;1_3&#8243; _builder_version=&#8220;4.16&#8243; _module_preset=&#8220;default&#8220; global_colors_info=&#8220;{}&#8220;][et_pb_image src=&#8220;https:\/\/jamonesibericoseu.eu\/wp-content\/uploads\/2021\/10\/cocinerodelan\u0303o.jpg&#8220; title_text=&#8220;cocinerodelan\u0303o&#8220; url=&#8220;https:\/\/jamonesibericoseu.eu\/wp-content\/uploads\/2022\/03\/NdP-JIAWP-CHEF-DEL-ANTHO_Traduccio\u0301n-a-Aleman-200721.pdf&#8220; url_new_window=&#8220;on&#8220; _builder_version=&#8220;4.16&#8243; _module_preset=&#8220;default&#8220; global_colors_info=&#8220;{}&#8220;][\/et_pb_image][et_pb_text _builder_version=&#8220;4.16&#8243; _module_preset=&#8220;default&#8220; link_option_url=&#8220;https:\/\/jamonesibericoseu.eu\/wp-content\/uploads\/2022\/03\/NdP-JIAWP-CHEF-DEL-ANTHO_Traduccio\u0301n-a-Aleman-200721.pdf&#8220; link_option_url_new_window=&#8220;on&#8220; global_colors_info=&#8220;{}&#8220;]<span style=\"color: #a31c27;\"><strong>20-07-2021 <\/strong><\/span>&#8211; Iberico-schinken ist dank k\u00fcchenchef Christian Sturm-Willms der star eines der folgenreichsten gastronomischen ereignisse europas[\/et_pb_text][\/et_pb_column][\/et_pb_row][\/et_pb_section]<\/p>\n","protected":false},"excerpt":{"rendered":"<p>PRESSEMITTEILUNG M\u00f6chten Sie auch immer auf dem Laufenden sein, und alles, was wir tun, immer am liebsten sofort erfahren? Dann sind Sie hier genau richtig. Verfolgen Sie hier unsere neuesten Nachrichten!12-03-2024 &#8211; Renommierte deutsche Chefk\u00f6che auf den Spuren des Jam\u00f3n Ib\u00e9rico in Spanien19-02-2024 &#8211; Mert Arman aus Berlin gewinnt 3. Ausgabe des internationalen Wettbewerbs im Schneiden von Jam\u00f3n Ib\u00e9rico6-12-2023 &#8211; Weihnachtliche Rezepte mit Jam\u00f3n Ib\u00e9rico14-06-2023 &#8211; Berlin steht auf Jam\u00f3n Ib\u00e9rico10-03-2023 &#8211; &#8222;Spaniens iberischer Schinken, Botschafter Europas in der Welt&#8220; feiert die II. Auflage des Internationalen Wettbewerbs zum Schneiden von iberischem Schinken in Paris08-03-2023 &#8211; Die Kunst des Schneidens von iberischem Schinken in sieben spannenden Schritten16-02-2023 &#8211; Fr\u00fchlingsgenuss mit Jam\u00f3n Ib\u00e9rico: K\u00f6stliche Rezeptvorschl\u00e4ge f\u00fcr die Spargelsaison: eine einzigartige gastronomische Reise.17-01-2023 &#8211; Jamones Ib\u00e9ricos aus Spanien setzt auf die Ausbildung als eine der Grundlagen des internationalen Wachstums09-01-2023 &#8211; Der Sektor des Jam\u00f3n Ib\u00e9rico und einflussreiche K\u00f6che r\u00fccken zusammen, um die Gastronomie und den Verzehr von Jam\u00f3n Ib\u00e9rico zu st\u00e4rken20-12-2022 &#8211; Jam\u00f3n Ib\u00e9rico im Mittelpunkt eines exklusiven Showcookings mit drei internationalen Sternek\u00f6chen30-03-2022 &#8211; Die Kultur des Jam\u00f3n Ib\u00e9rico wird auf den internationalen M\u00e4rkten dank des Projekts \u201eJamones Ib\u00e9ricos aus Spanien, Europ\u00e4ische Botschafter in der Welt\u201c09-12-2021 &#8211; Mediterranean flair under the Christmas tree [&hellip;]<\/p>\n","protected":false},"author":1,"featured_media":0,"parent":0,"menu_order":0,"comment_status":"closed","ping_status":"closed","template":"","meta":{"_et_pb_use_builder":"on","_et_pb_old_content":"","_et_gb_content_width":"","footnotes":""},"class_list":["post-4419","page","type-page","status-publish","hentry"],"_links":{"self":[{"href":"https:\/\/jamonesibericoseu.eu\/de\/wp-json\/wp\/v2\/pages\/4419","targetHints":{"allow":["GET"]}}],"collection":[{"href":"https:\/\/jamonesibericoseu.eu\/de\/wp-json\/wp\/v2\/pages"}],"about":[{"href":"https:\/\/jamonesibericoseu.eu\/de\/wp-json\/wp\/v2\/types\/page"}],"author":[{"embeddable":true,"href":"https:\/\/jamonesibericoseu.eu\/de\/wp-json\/wp\/v2\/users\/1"}],"replies":[{"embeddable":true,"href":"https:\/\/jamonesibericoseu.eu\/de\/wp-json\/wp\/v2\/comments?post=4419"}],"version-history":[{"count":27,"href":"https:\/\/jamonesibericoseu.eu\/de\/wp-json\/wp\/v2\/pages\/4419\/revisions"}],"predecessor-version":[{"id":8975,"href":"https:\/\/jamonesibericoseu.eu\/de\/wp-json\/wp\/v2\/pages\/4419\/revisions\/8975"}],"wp:attachment":[{"href":"https:\/\/jamonesibericoseu.eu\/de\/wp-json\/wp\/v2\/media?parent=4419"}],"curies":[{"name":"wp","href":"https:\/\/api.w.org\/{rel}","templated":true}]}}