{"id":4348,"date":"2022-03-07T15:57:08","date_gmt":"2022-03-07T15:57:08","guid":{"rendered":"https:\/\/jamonesibericoseu.eu\/veranstaltungen\/filmfestival-in-san-sebastian\/"},"modified":"2022-03-07T16:13:09","modified_gmt":"2022-03-07T16:13:09","slug":"filmfestival-in-san-sebastian","status":"publish","type":"page","link":"https:\/\/jamonesibericoseu.eu\/de\/veranstaltungen\/filmfestival-in-san-sebastian\/","title":{"rendered":"Filmfestival in San Sebasti\u00e1n"},"content":{"rendered":"<p>[et_pb_section fb_built=&#8220;1&#8243; _builder_version=&#8220;4.10.8&#8243; _module_preset=&#8220;default&#8220; global_colors_info=&#8220;{}&#8220;][et_pb_row _builder_version=&#8220;4.10.8&#8243; _module_preset=&#8220;default&#8220; global_colors_info=&#8220;{}&#8220;][et_pb_column type=&#8220;4_4&#8243; _builder_version=&#8220;4.10.8&#8243; _module_preset=&#8220;default&#8220; global_colors_info=&#8220;{}&#8220;][et_pb_text _builder_version=&#8220;4.13.0&#8243; _module_preset=&#8220;default&#8220; text_font_size=&#8220;16px&#8220; header_font=&#8220;|700||on|||||&#8220; header_text_color=&#8220;#a31c27&#8243; header_2_font=&#8220;|700||on|||||&#8220; header_2_text_align=&#8220;center&#8220; header_2_text_color=&#8220;#a31c27&#8243; header_2_font_size=&#8220;30px&#8220; background_color=&#8220;RGBA(0,0,0,0)&#8220; z_index=&#8220;500&#8243; width=&#8220;80%&#8220; module_alignment=&#8220;center&#8220; sticky_limit_bottom=&#8220;body&#8220; hover_enabled=&#8220;0&#8243; global_colors_info=&#8220;{}&#8220; sticky_enabled=&#8220;0&#8243;]<\/p>\n<h2>JAMONES IB\u00c9RICOS AUS SPANIEN, \u201eBOTSCHAFTER\u201c DES FILMFESTIVALS MIT MEHR GESCHMACK<\/h2>\n<p>[\/et_pb_text][et_pb_text _builder_version=&#8220;4.13.0&#8243; _module_preset=&#8220;default&#8220; text_font_size=&#8220;16px&#8220; header_font=&#8220;|700||on|||||&#8220; header_text_color=&#8220;#a31c27&#8243; header_2_font=&#8220;|700||on|||||&#8220; header_2_text_color=&#8220;#a31c27&#8243; header_2_font_size=&#8220;30px&#8220; background_color=&#8220;RGBA(0,0,0,0)&#8220; z_index=&#8220;500&#8243; sticky_limit_bottom=&#8220;body&#8220; hover_enabled=&#8220;0&#8243; global_colors_info=&#8220;{}&#8220; sticky_enabled=&#8220;0&#8243;]<\/p>\n<p>Die <strong>Jamones Ib\u00e9ricos aus Spanien<\/strong> durften als <strong>Botschafter der europ\u00e4ischen Kultur<\/strong> bei <strong>einem unserer bedeutendsten Filmfestivals<\/strong>, dem <strong>Internationalen Filmfestival von San Sebastian<\/strong>, nicht fehlen.<\/p>\n<p>Auch in diesem Jahr waren wir mit Unterst\u00fctzung der EU als Sponsor auf der Veranstaltung vertreten, die aufgrund seiner <strong>weltweiten Bekanntheit<\/strong> und seiner <strong>klaren internationalen Ausrichtung<\/strong> Werte mit dem Jam\u00f3n Ib\u00e9rico gemein hat.<\/p>\n<p>Eine <strong>\u201eFilmgelegenheit\u201c<\/strong>, um das <strong>Image des Jam\u00f3n Ib\u00e9rico<\/strong> als weltweit einzigartiges <strong>Gourmetprodukt<\/strong> zu festigen und bei Tausenden von Menschen auf der ganzen Welt den<strong> Sinn f\u00fcr Ib\u00e9rico zu wecken.<\/strong><\/p>\n<p><strong>Antonio Prieto, Pr\u00e4sident von ASICI<\/strong>, \u00e4u\u00dferte hierzu: \u201eSowohl der Jam\u00f3n Ib\u00e9rico als auch das Kino sind <strong>einzigartige Sinneserfahrungen<\/strong>, die jeden Moment unvergesslich machen. Daraus ergibt sich die nat\u00fcrliche Beziehung zwischen Kino und Jam\u00f3n Ib\u00e9rico\u201c.<\/p>\n<p>Der Jam\u00f3n Ib\u00e9rico war <strong>Protagonist in gro\u00dfartigen Filmen in der Kinogeschichte<\/strong>, wie etwa in \u201eLa Vaquilla\u201c, \u201eJam\u00f3n, Jam\u00f3n\u201c, \u201eLa Gran Familia\u201c, \u201eOcho Apellidos Vascos\u201c und der Oscar-pr\u00e4mierte Film \u201eSideways\u201c, ein weiterer Beweis f\u00fcr die enge Verbindung zwischen dem Jam\u00f3n Ib\u00e9rico und der <strong>Siebten Kunst<\/strong>.<\/p>\n<p>W\u00e4hrend dieses Festivals war der Jam\u00f3n Ib\u00e9rico \u201ein aller Munde\u201c, und die <strong>Leinwandstars<\/strong> konnten die Vorf\u00fchrungen der Schnittkunst unserer Schnittmeister genie\u00dfen und den unverwechselbaren <strong>Geschmack<\/strong>, das <strong>Aroma<\/strong> und die einmalige <strong>Textur<\/strong> des Jam\u00f3n Ib\u00e9rico probieren.<\/p>\n<p>Dar\u00fcber hinaus \u00fcberreichte der Pr\u00e4sident des ASICI dem Schauspieler Karra <strong>Elejalde<\/strong> einen Jam\u00f3n Ib\u00e9rico als Anerkennung f\u00fcr seine <strong>solide und erfolgreiche Karriere<\/strong>. Ein <strong>Jam\u00f3n Ib\u00e9rico<\/strong> wurde bereits in fr\u00fcheren Ausgaben an <strong>Stars<\/strong> wie <strong>Viggo Mortensen, Johnny Depp oder Ricardo Dar\u00edn<\/strong> verliehen.<\/p>\n<p>Wie bei fr\u00fcheren Ausgaben war der Jam\u00f3n Ib\u00e9rico ein <strong>aktiver Teil der Aktionen, die im Rahmen des Festivals stattfanden<\/strong>. Angefangen beim Boulevard vor dem Rathaus, wo der <strong>Stand des Jam\u00f3n Ib\u00e9rico<\/strong> zum allgemeinen Treffpunkt wurde, um das aufregende Universum dieses <strong>Juwels unserer Gastronomie<\/strong> zu entdecken, bis hin zu den <strong>Themenabenden im Basque Culinary Center,<\/strong> wo die Teilnehmer in den Genuss einer <strong>Vorf\u00fchrung \u00fcber die Schnittkunst<\/strong> durch den <strong>Schnittmeister Sylvain Foucad<\/strong> kamen, der die Pr\u00e4sentation unseres <strong>Jam\u00f3n Ib\u00e9rico<\/strong> in k\u00fcnstlerische H\u00f6hen hob, n\u00e4mlich auf das Niveau der <strong>gro\u00dfen Leinwandstars<\/strong>.<\/p>\n<p>[\/et_pb_text][\/et_pb_column][\/et_pb_row][et_pb_row column_structure=&#8220;1_4,1_4,1_4,1_4&#8243; use_custom_gutter=&#8220;on&#8220; gutter_width=&#8220;2&#8243; _builder_version=&#8220;4.13.0&#8243; _module_preset=&#8220;default&#8220; global_colors_info=&#8220;{}&#8220;][et_pb_column type=&#8220;1_4&#8243; _builder_version=&#8220;4.13.0&#8243; _module_preset=&#8220;default&#8220; global_colors_info=&#8220;{}&#8220;][et_pb_image src=&#8220;https:\/\/jamonesibericoseu.eu\/wp-content\/uploads\/2022\/01\/san_sebastian_01.jpg&#8220; title_text=&#8220;san_sebastian_01&#8243; _builder_version=&#8220;4.13.0&#8243; _module_preset=&#8220;default&#8220; global_colors_info=&#8220;{}&#8220;][\/et_pb_image][et_pb_image src=&#8220;https:\/\/jamonesibericoseu.eu\/wp-content\/uploads\/2022\/01\/san_sebastian_05.jpg&#8220; title_text=&#8220;san_sebastian_05&#8243; _builder_version=&#8220;4.13.0&#8243; _module_preset=&#8220;default&#8220; global_colors_info=&#8220;{}&#8220;][\/et_pb_image][et_pb_image src=&#8220;https:\/\/jamonesibericoseu.eu\/wp-content\/uploads\/2022\/01\/san_sebastian_09.jpg&#8220; title_text=&#8220;san_sebastian_09&#8243; _builder_version=&#8220;4.13.0&#8243; _module_preset=&#8220;default&#8220; global_colors_info=&#8220;{}&#8220;][\/et_pb_image][\/et_pb_column][et_pb_column type=&#8220;1_4&#8243; _builder_version=&#8220;4.13.0&#8243; _module_preset=&#8220;default&#8220; global_colors_info=&#8220;{}&#8220;][et_pb_image src=&#8220;https:\/\/jamonesibericoseu.eu\/wp-content\/uploads\/2022\/01\/san_sebastian_02.jpg&#8220; title_text=&#8220;san_sebastian_02&#8243; _builder_version=&#8220;4.13.0&#8243; _module_preset=&#8220;default&#8220; global_colors_info=&#8220;{}&#8220;][\/et_pb_image][et_pb_image src=&#8220;https:\/\/jamonesibericoseu.eu\/wp-content\/uploads\/2022\/01\/san_sebastian_06.jpg&#8220; title_text=&#8220;san_sebastian_06&#8243; _builder_version=&#8220;4.13.0&#8243; _module_preset=&#8220;default&#8220; global_colors_info=&#8220;{}&#8220;][\/et_pb_image][et_pb_image src=&#8220;https:\/\/jamonesibericoseu.eu\/wp-content\/uploads\/2022\/01\/san_sebastian_10.jpg&#8220; title_text=&#8220;san_sebastian_10&#8243; _builder_version=&#8220;4.13.0&#8243; _module_preset=&#8220;default&#8220; global_colors_info=&#8220;{}&#8220;][\/et_pb_image][\/et_pb_column][et_pb_column type=&#8220;1_4&#8243; _builder_version=&#8220;4.13.0&#8243; _module_preset=&#8220;default&#8220; global_colors_info=&#8220;{}&#8220;][et_pb_image src=&#8220;https:\/\/jamonesibericoseu.eu\/wp-content\/uploads\/2022\/01\/san_sebastian_03.jpg&#8220; title_text=&#8220;san_sebastian_03&#8243; _builder_version=&#8220;4.13.0&#8243; _module_preset=&#8220;default&#8220; global_colors_info=&#8220;{}&#8220;][\/et_pb_image][et_pb_image src=&#8220;https:\/\/jamonesibericoseu.eu\/wp-content\/uploads\/2022\/01\/san_sebastian_07.jpg&#8220; title_text=&#8220;san_sebastian_07&#8243; _builder_version=&#8220;4.13.0&#8243; _module_preset=&#8220;default&#8220; global_colors_info=&#8220;{}&#8220;][\/et_pb_image][et_pb_image src=&#8220;https:\/\/jamonesibericoseu.eu\/wp-content\/uploads\/2022\/01\/san_sebastian_11.jpg&#8220; title_text=&#8220;san_sebastian_11&#8243; _builder_version=&#8220;4.13.0&#8243; _module_preset=&#8220;default&#8220; global_colors_info=&#8220;{}&#8220;][\/et_pb_image][\/et_pb_column][et_pb_column type=&#8220;1_4&#8243; _builder_version=&#8220;4.13.0&#8243; _module_preset=&#8220;default&#8220; global_colors_info=&#8220;{}&#8220;][et_pb_image src=&#8220;https:\/\/jamonesibericoseu.eu\/wp-content\/uploads\/2022\/01\/san_sebastian_04.jpg&#8220; title_text=&#8220;san_sebastian_04&#8243; _builder_version=&#8220;4.13.0&#8243; _module_preset=&#8220;default&#8220; global_colors_info=&#8220;{}&#8220;][\/et_pb_image][et_pb_image src=&#8220;https:\/\/jamonesibericoseu.eu\/wp-content\/uploads\/2022\/01\/san_sebastian_08.jpg&#8220; title_text=&#8220;san_sebastian_08&#8243; _builder_version=&#8220;4.13.0&#8243; _module_preset=&#8220;default&#8220; global_colors_info=&#8220;{}&#8220;][\/et_pb_image][et_pb_image src=&#8220;https:\/\/jamonesibericoseu.eu\/wp-content\/uploads\/2022\/01\/san_sebastian_12.jpg&#8220; title_text=&#8220;san_sebastian_12&#8243; _builder_version=&#8220;4.13.0&#8243; _module_preset=&#8220;default&#8220; global_colors_info=&#8220;{}&#8220;][\/et_pb_image][\/et_pb_column][\/et_pb_row][et_pb_row _builder_version=&#8220;4.13.0&#8243; _module_preset=&#8220;default&#8220; global_colors_info=&#8220;{}&#8220;][et_pb_column type=&#8220;4_4&#8243; _builder_version=&#8220;4.13.0&#8243; _module_preset=&#8220;default&#8220; global_colors_info=&#8220;{}&#8220;][et_pb_text _builder_version=&#8220;4.13.0&#8243; _module_preset=&#8220;default&#8220; width=&#8220;60%&#8220; module_alignment=&#8220;center&#8220; hover_enabled=&#8220;0&#8243; global_colors_info=&#8220;{}&#8220; sticky_enabled=&#8220;0&#8243;]<a class=\"vp-a vp-dr\" href=\"https:\/\/youtu.be\/FWsA3wMPChM\" rel=\"nofollow\" data-width=\"1920\" data-height=\"1080\" data-dwrap=\"1\" data-controls=\"1\" data-iv=\"1\"><img decoding=\"async\" class=\"vp-img\" src=\"https:\/\/jamonesibericoseu.eu\/wp-content\/uploads\/2022\/01\/video_san_sebastian.jpg\"><\/a>[\/et_pb_text][\/et_pb_column][\/et_pb_row][\/et_pb_section]<\/p>\n","protected":false},"excerpt":{"rendered":"<p>JAMONES IB\u00c9RICOS AUS SPANIEN, \u201eBOTSCHAFTER\u201c DES FILMFESTIVALS MIT MEHR GESCHMACKDie Jamones Ib\u00e9ricos aus Spanien durften als Botschafter der europ\u00e4ischen Kultur bei einem unserer bedeutendsten Filmfestivals, dem Internationalen Filmfestival von San Sebastian, nicht fehlen. Auch in diesem Jahr waren wir mit Unterst\u00fctzung der EU als Sponsor auf der Veranstaltung vertreten, die aufgrund seiner weltweiten Bekanntheit und seiner klaren internationalen Ausrichtung Werte mit dem Jam\u00f3n Ib\u00e9rico gemein hat. Eine \u201eFilmgelegenheit\u201c, um das Image des Jam\u00f3n Ib\u00e9rico als weltweit einzigartiges Gourmetprodukt zu festigen und bei Tausenden von Menschen auf der ganzen Welt den Sinn f\u00fcr Ib\u00e9rico zu wecken. Antonio Prieto, Pr\u00e4sident von ASICI, \u00e4u\u00dferte hierzu: \u201eSowohl der Jam\u00f3n Ib\u00e9rico als auch das Kino sind einzigartige Sinneserfahrungen, die jeden Moment unvergesslich machen. Daraus ergibt sich die nat\u00fcrliche Beziehung zwischen Kino und Jam\u00f3n Ib\u00e9rico\u201c. Der Jam\u00f3n Ib\u00e9rico war Protagonist in gro\u00dfartigen Filmen in der Kinogeschichte, wie etwa in \u201eLa Vaquilla\u201c, \u201eJam\u00f3n, Jam\u00f3n\u201c, \u201eLa Gran Familia\u201c, \u201eOcho Apellidos Vascos\u201c und der Oscar-pr\u00e4mierte Film \u201eSideways\u201c, ein weiterer Beweis f\u00fcr die enge Verbindung zwischen dem Jam\u00f3n Ib\u00e9rico und der Siebten Kunst. W\u00e4hrend dieses Festivals war der Jam\u00f3n Ib\u00e9rico \u201ein aller Munde\u201c, und die Leinwandstars konnten die Vorf\u00fchrungen der Schnittkunst unserer Schnittmeister genie\u00dfen und den unverwechselbaren Geschmack, das Aroma [&hellip;]<\/p>\n","protected":false},"author":1,"featured_media":0,"parent":4338,"menu_order":3,"comment_status":"closed","ping_status":"closed","template":"","meta":{"_et_pb_use_builder":"on","_et_pb_old_content":"","_et_gb_content_width":"","footnotes":""},"class_list":["post-4348","page","type-page","status-publish","hentry"],"_links":{"self":[{"href":"https:\/\/jamonesibericoseu.eu\/de\/wp-json\/wp\/v2\/pages\/4348","targetHints":{"allow":["GET"]}}],"collection":[{"href":"https:\/\/jamonesibericoseu.eu\/de\/wp-json\/wp\/v2\/pages"}],"about":[{"href":"https:\/\/jamonesibericoseu.eu\/de\/wp-json\/wp\/v2\/types\/page"}],"author":[{"embeddable":true,"href":"https:\/\/jamonesibericoseu.eu\/de\/wp-json\/wp\/v2\/users\/1"}],"replies":[{"embeddable":true,"href":"https:\/\/jamonesibericoseu.eu\/de\/wp-json\/wp\/v2\/comments?post=4348"}],"version-history":[{"count":3,"href":"https:\/\/jamonesibericoseu.eu\/de\/wp-json\/wp\/v2\/pages\/4348\/revisions"}],"predecessor-version":[{"id":4354,"href":"https:\/\/jamonesibericoseu.eu\/de\/wp-json\/wp\/v2\/pages\/4348\/revisions\/4354"}],"up":[{"embeddable":true,"href":"https:\/\/jamonesibericoseu.eu\/de\/wp-json\/wp\/v2\/pages\/4338"}],"wp:attachment":[{"href":"https:\/\/jamonesibericoseu.eu\/de\/wp-json\/wp\/v2\/media?parent=4348"}],"curies":[{"name":"wp","href":"https:\/\/api.w.org\/{rel}","templated":true}]}}