{"id":4345,"date":"2022-03-07T15:56:13","date_gmt":"2022-03-07T15:56:13","guid":{"rendered":"https:\/\/jamonesibericoseu.eu\/veranstaltungen\/koch-des-jahres-anuga\/"},"modified":"2022-03-07T16:07:45","modified_gmt":"2022-03-07T16:07:45","slug":"koch-des-jahres-anuga","status":"publish","type":"page","link":"https:\/\/jamonesibericoseu.eu\/de\/veranstaltungen\/koch-des-jahres-anuga\/","title":{"rendered":"Koch des jahres &#8211; Anuga"},"content":{"rendered":"<p>[et_pb_section fb_built=&#8220;1&#8243; _builder_version=&#8220;4.10.8&#8243; _module_preset=&#8220;default&#8220; global_colors_info=&#8220;{}&#8220;][et_pb_row _builder_version=&#8220;4.10.8&#8243; _module_preset=&#8220;default&#8220; global_colors_info=&#8220;{}&#8220;][et_pb_column type=&#8220;4_4&#8243; _builder_version=&#8220;4.10.8&#8243; _module_preset=&#8220;default&#8220; global_colors_info=&#8220;{}&#8220;][et_pb_text _builder_version=&#8220;4.13.0&#8243; _module_preset=&#8220;default&#8220; text_font_size=&#8220;16px&#8220; header_font=&#8220;|700||on|||||&#8220; header_text_color=&#8220;#a31c27&#8243; header_2_font=&#8220;|700||on|||||&#8220; header_2_text_align=&#8220;center&#8220; header_2_text_color=&#8220;#a31c27&#8243; header_2_font_size=&#8220;30px&#8220; background_color=&#8220;RGBA(0,0,0,0)&#8220; z_index=&#8220;500&#8243; width=&#8220;80%&#8220; module_alignment=&#8220;center&#8220; sticky_limit_bottom=&#8220;body&#8220; hover_enabled=&#8220;0&#8243; global_colors_info=&#8220;{}&#8220; sticky_enabled=&#8220;0&#8243;]<\/p>\n<h2>DER SINN F\u00dcR IB\u00c9RICO IST ZU GAST BEI DER WICHTIGSTEN GASTRONOMIEVERANSTALTUNG DEUTSCHLANDS<\/h2>\n<p>[\/et_pb_text][et_pb_text _builder_version=&#8220;4.13.0&#8243; _module_preset=&#8220;default&#8220; text_font_size=&#8220;16px&#8220; header_font=&#8220;|700||on|||||&#8220; header_text_color=&#8220;#a31c27&#8243; header_2_font=&#8220;|700||on|||||&#8220; header_2_text_color=&#8220;#a31c27&#8243; header_2_font_size=&#8220;30px&#8220; background_color=&#8220;RGBA(0,0,0,0)&#8220; z_index=&#8220;500&#8243; sticky_limit_bottom=&#8220;body&#8220; hover_enabled=&#8220;0&#8243; global_colors_info=&#8220;{}&#8220; sticky_enabled=&#8220;0&#8243;]<\/p>\n<p>Als <strong>Botschafter der europ\u00e4ischen Kultur und Gastronomie<\/strong> durfte der <strong>Jam\u00f3n Ib\u00e9rico<\/strong> nicht bei der wichtigsten Gastronomieveranstaltung Deutschlands, dem <strong>\u201eKoch des Jahres\u201c<\/strong> fehlen.<\/p>\n<p>Unter der Leitung des <strong>deutschen Kochs<\/strong> mit <strong>1 Michelinstern, Christian Sturm-Willms, Botschafter des Jam\u00f3n Ib\u00e9rico aus Spanien in Deutschland<\/strong> und Gewinner dieses Wettbewerbs im Jahr 2013, konnten die Teilnehmer dieses <strong>Juwel der europ\u00e4ischen Gastronomie<\/strong> perfekt kennenlernen und so ihren<strong> Sinn f\u00fcr Ib\u00e9rico<\/strong> wecken.<\/p>\n<p>An der Veranstaltung, die am <strong>17., 18., 19. und 20. Juli 2021 in Bonn<\/strong> stattfand, nahmen mehr als <strong>2.000 Personen<\/strong> teil, die das <strong>Halbfinale<\/strong> dieses beliebten Wettbewerbs sowie die Zubereitungen der <strong>K\u00f6che Christian Sturm-Willms<\/strong> und <strong>Diego Lira Manarelli<\/strong> mit dem<strong> Jam\u00f3n Ib\u00e9rico als Protagonist<\/strong> genie\u00dfen konnten.<\/p>\n<p>Der Wettbewerb wurde 2006 von dem renommierten <strong>K\u00fcchenchef Mart\u00edn Berasategui<\/strong> ins Leben gerufen und z\u00e4hlt neben unserem Botschafter <strong>Christian Sturm-Willms<\/strong> auch den ber\u00fchmten spanischen Koch <strong>Jordi Cruz<\/strong> zu seinen Gewinnern. Heute ist er zu einem Bezugspunkt f\u00fcr <strong>Fachleute in der Gastronomie und des Gastgewerbes<\/strong> und ein unverzichtbarer Treffpunkt geworden, um die <strong>neuesten kulinarischen Trends<\/strong> zu entdecken. Eine Veranstaltung, bei der<strong> eines der emblematischsten Produkte der europ\u00e4ischen Gastronomie<\/strong>, unser <strong>Jam\u00f3n Ib\u00e9rico,<\/strong> nicht fehlen durfte.<\/p>\n<p>[\/et_pb_text][\/et_pb_column][\/et_pb_row][et_pb_row column_structure=&#8220;1_4,1_4,1_4,1_4&#8243; use_custom_gutter=&#8220;on&#8220; gutter_width=&#8220;2&#8243; _builder_version=&#8220;4.13.0&#8243; _module_preset=&#8220;default&#8220; global_colors_info=&#8220;{}&#8220;][et_pb_column type=&#8220;1_4&#8243; _builder_version=&#8220;4.13.0&#8243; _module_preset=&#8220;default&#8220; global_colors_info=&#8220;{}&#8220;][et_pb_image src=&#8220;https:\/\/jamonesibericoseu.eu\/wp-content\/uploads\/2022\/01\/cocinero_01.jpg&#8220; title_text=&#8220;cocinero_01&#8243; _builder_version=&#8220;4.13.0&#8243; _module_preset=&#8220;default&#8220; global_colors_info=&#8220;{}&#8220;][\/et_pb_image][et_pb_image src=&#8220;https:\/\/jamonesibericoseu.eu\/wp-content\/uploads\/2022\/01\/cocinero_05.jpg&#8220; title_text=&#8220;cocinero_05&#8243; _builder_version=&#8220;4.13.0&#8243; _module_preset=&#8220;default&#8220; global_colors_info=&#8220;{}&#8220;][\/et_pb_image][et_pb_image src=&#8220;https:\/\/jamonesibericoseu.eu\/wp-content\/uploads\/2022\/01\/cocinero_09.jpg&#8220; title_text=&#8220;cocinero_09&#8243; _builder_version=&#8220;4.13.0&#8243; _module_preset=&#8220;default&#8220; global_colors_info=&#8220;{}&#8220;][\/et_pb_image][\/et_pb_column][et_pb_column type=&#8220;1_4&#8243; _builder_version=&#8220;4.13.0&#8243; _module_preset=&#8220;default&#8220; global_colors_info=&#8220;{}&#8220;][et_pb_image src=&#8220;https:\/\/jamonesibericoseu.eu\/wp-content\/uploads\/2022\/01\/cocinero_02.jpg&#8220; title_text=&#8220;cocinero_02&#8243; _builder_version=&#8220;4.13.0&#8243; _module_preset=&#8220;default&#8220; global_colors_info=&#8220;{}&#8220;][\/et_pb_image][et_pb_image src=&#8220;https:\/\/jamonesibericoseu.eu\/wp-content\/uploads\/2022\/01\/cocinero_06.jpg&#8220; title_text=&#8220;cocinero_06&#8243; _builder_version=&#8220;4.13.0&#8243; _module_preset=&#8220;default&#8220; global_colors_info=&#8220;{}&#8220;][\/et_pb_image][et_pb_image src=&#8220;https:\/\/jamonesibericoseu.eu\/wp-content\/uploads\/2022\/01\/cocinero_10.jpg&#8220; title_text=&#8220;cocinero_10&#8243; _builder_version=&#8220;4.13.0&#8243; _module_preset=&#8220;default&#8220; global_colors_info=&#8220;{}&#8220;][\/et_pb_image][\/et_pb_column][et_pb_column type=&#8220;1_4&#8243; _builder_version=&#8220;4.13.0&#8243; _module_preset=&#8220;default&#8220; global_colors_info=&#8220;{}&#8220;][et_pb_image src=&#8220;https:\/\/jamonesibericoseu.eu\/wp-content\/uploads\/2022\/01\/cocinero_03.jpg&#8220; title_text=&#8220;cocinero_03&#8243; _builder_version=&#8220;4.13.0&#8243; _module_preset=&#8220;default&#8220; global_colors_info=&#8220;{}&#8220;][\/et_pb_image][et_pb_image src=&#8220;https:\/\/jamonesibericoseu.eu\/wp-content\/uploads\/2022\/01\/cocinero_07.jpg&#8220; title_text=&#8220;cocinero_07&#8243; _builder_version=&#8220;4.13.0&#8243; _module_preset=&#8220;default&#8220; global_colors_info=&#8220;{}&#8220;][\/et_pb_image][et_pb_image src=&#8220;https:\/\/jamonesibericoseu.eu\/wp-content\/uploads\/2022\/01\/cocinero_11.jpg&#8220; title_text=&#8220;cocinero_11&#8243; _builder_version=&#8220;4.13.0&#8243; _module_preset=&#8220;default&#8220; global_colors_info=&#8220;{}&#8220;][\/et_pb_image][\/et_pb_column][et_pb_column type=&#8220;1_4&#8243; _builder_version=&#8220;4.13.0&#8243; _module_preset=&#8220;default&#8220; global_colors_info=&#8220;{}&#8220;][et_pb_image src=&#8220;https:\/\/jamonesibericoseu.eu\/wp-content\/uploads\/2022\/01\/cocinero_04.jpg&#8220; title_text=&#8220;cocinero_04&#8243; _builder_version=&#8220;4.13.0&#8243; _module_preset=&#8220;default&#8220; global_colors_info=&#8220;{}&#8220;][\/et_pb_image][et_pb_image src=&#8220;https:\/\/jamonesibericoseu.eu\/wp-content\/uploads\/2022\/01\/cocinero_08.jpg&#8220; title_text=&#8220;cocinero_08&#8243; _builder_version=&#8220;4.13.0&#8243; _module_preset=&#8220;default&#8220; global_colors_info=&#8220;{}&#8220;][\/et_pb_image][et_pb_image src=&#8220;https:\/\/jamonesibericoseu.eu\/wp-content\/uploads\/2022\/01\/cocinero_12.jpg&#8220; title_text=&#8220;cocinero_12&#8243; _builder_version=&#8220;4.13.0&#8243; _module_preset=&#8220;default&#8220; global_colors_info=&#8220;{}&#8220;][\/et_pb_image][\/et_pb_column][\/et_pb_row][et_pb_row _builder_version=&#8220;4.10.8&#8243; _module_preset=&#8220;default&#8220; global_colors_info=&#8220;{}&#8220;][et_pb_column type=&#8220;4_4&#8243; _builder_version=&#8220;4.10.8&#8243; _module_preset=&#8220;default&#8220; global_colors_info=&#8220;{}&#8220;][et_pb_text _builder_version=&#8220;4.13.0&#8243; _module_preset=&#8220;default&#8220; text_font_size=&#8220;16px&#8220; header_font=&#8220;|700||on|||||&#8220; header_text_color=&#8220;#a31c27&#8243; header_2_font=&#8220;|700||on|||||&#8220; header_2_text_align=&#8220;center&#8220; header_2_text_color=&#8220;#a31c27&#8243; header_2_font_size=&#8220;30px&#8220; background_color=&#8220;RGBA(0,0,0,0)&#8220; z_index=&#8220;500&#8243; width=&#8220;80%&#8220; module_alignment=&#8220;center&#8220; sticky_limit_bottom=&#8220;body&#8220; hover_enabled=&#8220;0&#8243; global_colors_info=&#8220;{}&#8220; sticky_enabled=&#8220;0&#8243;]<\/p>\n<h2>DER SINN F\u00dcR IB\u00c9RICO AUF DER WICHTIGSTEN LEBENSMITTELMESSE UNSERES PLANETEN<\/h2>\n<p>[\/et_pb_text][et_pb_text _builder_version=&#8220;4.13.0&#8243; _module_preset=&#8220;default&#8220; text_font_size=&#8220;16px&#8220; header_font=&#8220;|700||on|||||&#8220; header_text_color=&#8220;#a31c27&#8243; header_2_font=&#8220;|700||on|||||&#8220; header_2_text_color=&#8220;#a31c27&#8243; header_2_font_size=&#8220;30px&#8220; background_color=&#8220;RGBA(0,0,0,0)&#8220; z_index=&#8220;500&#8243; sticky_limit_bottom=&#8220;body&#8220; hover_enabled=&#8220;0&#8243; global_colors_info=&#8220;{}&#8220; sticky_enabled=&#8220;0&#8243;]<\/p>\n<p>Als Botschafter Europas in der Welt konnte der <strong>Jam\u00f3n Ib\u00e9rico<\/strong> aus Spanien bei der <strong>gr\u00f6\u00dften Lebensmittelmesse der Welt, der ANUGA,<\/strong> nicht fehlen, die alle zwei Jahre in K\u00f6ln stattfindet und dieses Jahr vom <strong>9. bis 13. Oktober<\/strong> stattfand.<\/p>\n<p>W\u00e4hrend der Veranstaltung konnten wir den <strong>Sinn f\u00fcr Ib\u00e9rico unter den Besuchern wecken, die sich \u00fcber die unterschiedlichen Werte des Produkts informieren, sensorische Verkostungen von Jam\u00f3n Ib\u00e9rico genie\u00dfen und eine Live-Vorf\u00fchrung der Schnittkunst durch unseren Schnittmeister erleben konnten.<\/strong><\/p>\n<p>Im Rahmen der Veranstaltung konnten wir ein <strong>Restaurant<\/strong> mit einer Kapazit\u00e4t von <strong>100 Pl\u00e4tzen<\/strong> nutzen, in dem die verschiedenen von <strong>renommierten K\u00f6chen<\/strong> zubereiteten Gerichte mit <strong>Jam\u00f3n Ib\u00e9rico<\/strong> und <strong>Ib\u00e9rico-Fleisch<\/strong> als Protagonisten verkostet wurden.<\/p>\n<p>Im Rahmen dieser Messe fand auch die bekannte <strong>\u201eKitchenparty Champions Edition\u201c<\/strong> statt, eine <strong>gastronomische Party<\/strong>, an der wir vertreten durch<strong> unseren deutschen Botschafter, Christian Sturm-Willms<\/strong>, teilnahmen, der verschiedene <strong>Gourmetgerichte<\/strong> auf der Basis von <strong>Jam\u00f3n Ib\u00e9rico<\/strong> und<strong> Ib\u00e9rico-Fleisch<\/strong> zubereitete.<\/p>\n<p>W\u00e4hrend der Veranstaltung wurde <strong>jedem der 6 Finalisten f\u00fcr den Preis \u201eKoch des Jahres\u201c ein Jam\u00f3n Ib\u00e9rico \u00fcberreicht.<\/strong><\/p>\n<p>Ein <strong>wunderbares Erlebnis rund um den Jam\u00f3n Ib\u00e9rico aus Spanien,<\/strong> das <strong>bei den Tausenden von Messebesuchern den Sinn f\u00fcr Ib\u00e9rico weckte.<\/strong><\/p>\n<p>[\/et_pb_text][\/et_pb_column][\/et_pb_row][et_pb_row column_structure=&#8220;1_4,1_4,1_4,1_4&#8243; use_custom_gutter=&#8220;on&#8220; gutter_width=&#8220;2&#8243; _builder_version=&#8220;4.13.0&#8243; _module_preset=&#8220;default&#8220; global_colors_info=&#8220;{}&#8220;][et_pb_column type=&#8220;1_4&#8243; _builder_version=&#8220;4.13.0&#8243; _module_preset=&#8220;default&#8220; global_colors_info=&#8220;{}&#8220;][et_pb_image src=&#8220;https:\/\/jamonesibericoseu.eu\/wp-content\/uploads\/2022\/01\/anuga_01.jpg&#8220; title_text=&#8220;anuga_01&#8243; _builder_version=&#8220;4.13.0&#8243; _module_preset=&#8220;default&#8220; global_colors_info=&#8220;{}&#8220;][\/et_pb_image][et_pb_image src=&#8220;https:\/\/jamonesibericoseu.eu\/wp-content\/uploads\/2022\/01\/anuga_05.jpg&#8220; title_text=&#8220;anuga_05&#8243; _builder_version=&#8220;4.13.0&#8243; _module_preset=&#8220;default&#8220; global_colors_info=&#8220;{}&#8220;][\/et_pb_image][\/et_pb_column][et_pb_column type=&#8220;1_4&#8243; _builder_version=&#8220;4.13.0&#8243; _module_preset=&#8220;default&#8220; global_colors_info=&#8220;{}&#8220;][et_pb_image src=&#8220;https:\/\/jamonesibericoseu.eu\/wp-content\/uploads\/2022\/01\/anuga_02.jpg&#8220; title_text=&#8220;anuga_02&#8243; _builder_version=&#8220;4.13.0&#8243; _module_preset=&#8220;default&#8220; global_colors_info=&#8220;{}&#8220;][\/et_pb_image][et_pb_image src=&#8220;https:\/\/jamonesibericoseu.eu\/wp-content\/uploads\/2022\/01\/anuga_06.jpg&#8220; title_text=&#8220;anuga_06&#8243; _builder_version=&#8220;4.13.0&#8243; _module_preset=&#8220;default&#8220; global_colors_info=&#8220;{}&#8220;][\/et_pb_image][\/et_pb_column][et_pb_column type=&#8220;1_4&#8243; _builder_version=&#8220;4.13.0&#8243; _module_preset=&#8220;default&#8220; global_colors_info=&#8220;{}&#8220;][et_pb_image src=&#8220;https:\/\/jamonesibericoseu.eu\/wp-content\/uploads\/2022\/01\/anuga_03.jpg&#8220; title_text=&#8220;anuga_03&#8243; _builder_version=&#8220;4.13.0&#8243; _module_preset=&#8220;default&#8220; global_colors_info=&#8220;{}&#8220;][\/et_pb_image][et_pb_image src=&#8220;https:\/\/jamonesibericoseu.eu\/wp-content\/uploads\/2022\/01\/anuga_07.jpg&#8220; title_text=&#8220;anuga_07&#8243; _builder_version=&#8220;4.13.0&#8243; _module_preset=&#8220;default&#8220; global_colors_info=&#8220;{}&#8220;][\/et_pb_image][\/et_pb_column][et_pb_column type=&#8220;1_4&#8243; _builder_version=&#8220;4.13.0&#8243; _module_preset=&#8220;default&#8220; global_colors_info=&#8220;{}&#8220;][et_pb_image src=&#8220;https:\/\/jamonesibericoseu.eu\/wp-content\/uploads\/2022\/01\/anuga_04.jpg&#8220; title_text=&#8220;anuga_04&#8243; _builder_version=&#8220;4.13.0&#8243; _module_preset=&#8220;default&#8220; global_colors_info=&#8220;{}&#8220;][\/et_pb_image][\/et_pb_column][\/et_pb_row][et_pb_row _builder_version=&#8220;4.13.0&#8243; _module_preset=&#8220;default&#8220; global_colors_info=&#8220;{}&#8220;][et_pb_column type=&#8220;4_4&#8243; _builder_version=&#8220;4.13.0&#8243; _module_preset=&#8220;default&#8220; global_colors_info=&#8220;{}&#8220;][et_pb_text _builder_version=&#8220;4.13.0&#8243; _module_preset=&#8220;default&#8220; width=&#8220;60%&#8220; module_alignment=&#8220;center&#8220; hover_enabled=&#8220;0&#8243; global_colors_info=&#8220;{}&#8220; sticky_enabled=&#8220;0&#8243;]<a class=\"vp-a vp-dr\" href=\"https:\/\/youtu.be\/5j6r89zbhmw\" rel=\"nofollow\" data-width=\"1920\" data-height=\"1080\" data-dwrap=\"1\" data-controls=\"1\" data-iv=\"1\"><img decoding=\"async\" class=\"vp-img\" src=\"https:\/\/jamonesibericoseu.eu\/wp-content\/uploads\/2022\/01\/cocinero_anuga_play.jpg\"><\/a>[\/et_pb_text][\/et_pb_column][\/et_pb_row][\/et_pb_section]<\/p>\n","protected":false},"excerpt":{"rendered":"<p>DER SINN F\u00dcR IB\u00c9RICO IST ZU GAST BEI DER WICHTIGSTEN GASTRONOMIEVERANSTALTUNG DEUTSCHLANDSAls Botschafter der europ\u00e4ischen Kultur und Gastronomie durfte der Jam\u00f3n Ib\u00e9rico nicht bei der wichtigsten Gastronomieveranstaltung Deutschlands, dem \u201eKoch des Jahres\u201c fehlen. Unter der Leitung des deutschen Kochs mit 1 Michelinstern, Christian Sturm-Willms, Botschafter des Jam\u00f3n Ib\u00e9rico aus Spanien in Deutschland und Gewinner dieses Wettbewerbs im Jahr 2013, konnten die Teilnehmer dieses Juwel der europ\u00e4ischen Gastronomie perfekt kennenlernen und so ihren Sinn f\u00fcr Ib\u00e9rico wecken. An der Veranstaltung, die am 17., 18., 19. und 20. Juli 2021 in Bonn stattfand, nahmen mehr als 2.000 Personen teil, die das Halbfinale dieses beliebten Wettbewerbs sowie die Zubereitungen der K\u00f6che Christian Sturm-Willms und Diego Lira Manarelli mit dem Jam\u00f3n Ib\u00e9rico als Protagonist genie\u00dfen konnten. Der Wettbewerb wurde 2006 von dem renommierten K\u00fcchenchef Mart\u00edn Berasategui ins Leben gerufen und z\u00e4hlt neben unserem Botschafter Christian Sturm-Willms auch den ber\u00fchmten spanischen Koch Jordi Cruz zu seinen Gewinnern. Heute ist er zu einem Bezugspunkt f\u00fcr Fachleute in der Gastronomie und des Gastgewerbes und ein unverzichtbarer Treffpunkt geworden, um die neuesten kulinarischen Trends zu entdecken. Eine Veranstaltung, bei der eines der emblematischsten Produkte der europ\u00e4ischen Gastronomie, unser Jam\u00f3n Ib\u00e9rico, nicht fehlen durfte.DER SINN F\u00dcR IB\u00c9RICO AUF DER [&hellip;]<\/p>\n","protected":false},"author":1,"featured_media":0,"parent":4338,"menu_order":2,"comment_status":"closed","ping_status":"closed","template":"","meta":{"_et_pb_use_builder":"on","_et_pb_old_content":"","_et_gb_content_width":"","footnotes":""},"class_list":["post-4345","page","type-page","status-publish","hentry"],"_links":{"self":[{"href":"https:\/\/jamonesibericoseu.eu\/de\/wp-json\/wp\/v2\/pages\/4345","targetHints":{"allow":["GET"]}}],"collection":[{"href":"https:\/\/jamonesibericoseu.eu\/de\/wp-json\/wp\/v2\/pages"}],"about":[{"href":"https:\/\/jamonesibericoseu.eu\/de\/wp-json\/wp\/v2\/types\/page"}],"author":[{"embeddable":true,"href":"https:\/\/jamonesibericoseu.eu\/de\/wp-json\/wp\/v2\/users\/1"}],"replies":[{"embeddable":true,"href":"https:\/\/jamonesibericoseu.eu\/de\/wp-json\/wp\/v2\/comments?post=4345"}],"version-history":[{"count":3,"href":"https:\/\/jamonesibericoseu.eu\/de\/wp-json\/wp\/v2\/pages\/4345\/revisions"}],"predecessor-version":[{"id":4352,"href":"https:\/\/jamonesibericoseu.eu\/de\/wp-json\/wp\/v2\/pages\/4345\/revisions\/4352"}],"up":[{"embeddable":true,"href":"https:\/\/jamonesibericoseu.eu\/de\/wp-json\/wp\/v2\/pages\/4338"}],"wp:attachment":[{"href":"https:\/\/jamonesibericoseu.eu\/de\/wp-json\/wp\/v2\/media?parent=4345"}],"curies":[{"name":"wp","href":"https:\/\/api.w.org\/{rel}","templated":true}]}}