{"id":4257,"date":"2022-02-22T10:10:22","date_gmt":"2022-02-22T10:10:22","guid":{"rendered":"https:\/\/jamonesibericoseu.eu\/iberico-qualitaetsstandard\/"},"modified":"2022-02-22T10:12:08","modified_gmt":"2022-02-22T10:12:08","slug":"iberico-qualitaetsstandard","status":"publish","type":"page","link":"https:\/\/jamonesibericoseu.eu\/de\/iberico-qualitaetsstandard\/","title":{"rendered":"Ib\u00e9rico-Qualit\u00e4tsstandard"},"content":{"rendered":"<p>[et_pb_section fb_built=&#8220;1&#8243; _builder_version=&#8220;4.10.8&#8243; _module_preset=&#8220;default&#8220; global_colors_info=&#8220;{}&#8220;][et_pb_row _builder_version=&#8220;4.10.8&#8243; _module_preset=&#8220;default&#8220; global_colors_info=&#8220;{}&#8220;][et_pb_column type=&#8220;4_4&#8243; _builder_version=&#8220;4.10.8&#8243; _module_preset=&#8220;default&#8220; global_colors_info=&#8220;{}&#8220;][et_pb_text _builder_version=&#8220;4.13.0&#8243; _module_preset=&#8220;default&#8220; text_font_size=&#8220;16px&#8220; header_font=&#8220;|700||on|||||&#8220; header_text_color=&#8220;#a31c27&#8243; header_2_font=&#8220;|700||on|||||&#8220; header_2_text_color=&#8220;#a31c27&#8243; header_2_font_size=&#8220;30px&#8220; background_color=&#8220;RGBA(0,0,0,0)&#8220; z_index=&#8220;500&#8243; sticky_limit_bottom=&#8220;body&#8220; hover_enabled=&#8220;0&#8243; global_colors_info=&#8220;{}&#8220; sticky_enabled=&#8220;0&#8243;]<\/p>\n<h2>QUALIT\u00c4TSSTANDARD (RD 4\/2014)<\/h2>\n<p>&nbsp;<\/p>\n<p>Mit dem K\u00f6niglichen Dekret 4\/2014 vom 10. Januar wird die Qualit\u00e4tsnorm f\u00fcr Ib\u00e9rico-Fleisch, -Schinken, -Schulter und -Lende genehmigt, die die Qualit\u00e4tsmerkmale festlegt, die Ib\u00e9rico-Produkte erf\u00fcllen m\u00fcssen, die R\u00fcckverfolgbarkeit verbessert und verst\u00e4rkt und strengere Anforderungen an die Etikettierung dieser Produkte festlegt, um die Information der Verbraucher zu verbessern und ihre Unterscheidungsmerkmale zu st\u00e4rken.<\/p>\n<p>Diese Norm, die den Status eines k\u00f6niglichen Dekrets hat und f\u00fcr alle Produkte, die den Begriff \u201eIb\u00e9rico%22 verwenden, verbindlich ist, enth\u00e4lt Bestimmungen \u00fcber die Verkehrsbezeichnung und die Etikettierung von Ib\u00e9rico-Produkten, die Gewinnung des Rohmaterials, die Kennzeichnung mit Siegeln und die R\u00fcckverfolgbarkeit, die Zubereitung des Produkts (Mindestdauer) oder die Kontrolle, Inspektion und Zertifizierung durch die zust\u00e4ndigen Beh\u00f6rden, unabh\u00e4ngige, vom ENAC oder gegebenenfalls von den Aufsichtsbeh\u00f6rden der g.U. akkreditierte Kontroll- und Zertifizierungsstellen.<\/p>\n<p>[\/et_pb_text][et_pb_image src=&#8220;https:\/\/jamonesibericoseu.eu\/wp-content\/uploads\/2022\/01\/iberian_regulations.jpg&#8220; title_text=&#8220;iberian_regulations&#8220; align=&#8220;center&#8220; _builder_version=&#8220;4.13.0&#8243; _module_preset=&#8220;default&#8220; width=&#8220;65%&#8220; global_colors_info=&#8220;{}&#8220;][\/et_pb_image][\/et_pb_column][\/et_pb_row][\/et_pb_section]<\/p>\n","protected":false},"excerpt":{"rendered":"<p>QUALIT\u00c4TSSTANDARD (RD 4\/2014) &nbsp; Mit dem K\u00f6niglichen Dekret 4\/2014 vom 10. Januar wird die Qualit\u00e4tsnorm f\u00fcr Ib\u00e9rico-Fleisch, -Schinken, -Schulter und -Lende genehmigt, die die Qualit\u00e4tsmerkmale festlegt, die Ib\u00e9rico-Produkte erf\u00fcllen m\u00fcssen, die R\u00fcckverfolgbarkeit verbessert und verst\u00e4rkt und strengere Anforderungen an die Etikettierung dieser Produkte festlegt, um die Information der Verbraucher zu verbessern und ihre Unterscheidungsmerkmale zu st\u00e4rken. Diese Norm, die den Status eines k\u00f6niglichen Dekrets hat und f\u00fcr alle Produkte, die den Begriff \u201eIb\u00e9rico%22 verwenden, verbindlich ist, enth\u00e4lt Bestimmungen \u00fcber die Verkehrsbezeichnung und die Etikettierung von Ib\u00e9rico-Produkten, die Gewinnung des Rohmaterials, die Kennzeichnung mit Siegeln und die R\u00fcckverfolgbarkeit, die Zubereitung des Produkts (Mindestdauer) oder die Kontrolle, Inspektion und Zertifizierung durch die zust\u00e4ndigen Beh\u00f6rden, unabh\u00e4ngige, vom ENAC oder gegebenenfalls von den Aufsichtsbeh\u00f6rden der g.U. akkreditierte Kontroll- und Zertifizierungsstellen.<\/p>\n","protected":false},"author":1,"featured_media":0,"parent":0,"menu_order":1,"comment_status":"closed","ping_status":"closed","template":"","meta":{"_et_pb_use_builder":"on","_et_pb_old_content":"","_et_gb_content_width":"","footnotes":""},"class_list":["post-4257","page","type-page","status-publish","hentry"],"_links":{"self":[{"href":"https:\/\/jamonesibericoseu.eu\/de\/wp-json\/wp\/v2\/pages\/4257","targetHints":{"allow":["GET"]}}],"collection":[{"href":"https:\/\/jamonesibericoseu.eu\/de\/wp-json\/wp\/v2\/pages"}],"about":[{"href":"https:\/\/jamonesibericoseu.eu\/de\/wp-json\/wp\/v2\/types\/page"}],"author":[{"embeddable":true,"href":"https:\/\/jamonesibericoseu.eu\/de\/wp-json\/wp\/v2\/users\/1"}],"replies":[{"embeddable":true,"href":"https:\/\/jamonesibericoseu.eu\/de\/wp-json\/wp\/v2\/comments?post=4257"}],"version-history":[{"count":3,"href":"https:\/\/jamonesibericoseu.eu\/de\/wp-json\/wp\/v2\/pages\/4257\/revisions"}],"predecessor-version":[{"id":4260,"href":"https:\/\/jamonesibericoseu.eu\/de\/wp-json\/wp\/v2\/pages\/4257\/revisions\/4260"}],"wp:attachment":[{"href":"https:\/\/jamonesibericoseu.eu\/de\/wp-json\/wp\/v2\/media?parent=4257"}],"curies":[{"name":"wp","href":"https:\/\/api.w.org\/{rel}","templated":true}]}}