{"id":4248,"date":"2022-02-22T09:53:27","date_gmt":"2022-02-22T09:53:27","guid":{"rendered":"https:\/\/jamonesibericoseu.eu\/umweltvertraegliche-soziale-und-wirtschaftliche-nachhaltigkeit\/"},"modified":"2022-02-22T09:59:27","modified_gmt":"2022-02-22T09:59:27","slug":"umweltvertraegliche-soziale-und-wirtschaftliche-nachhaltigkeit","status":"publish","type":"page","link":"https:\/\/jamonesibericoseu.eu\/de\/herkunft\/umweltvertraegliche-soziale-und-wirtschaftliche-nachhaltigkeit\/","title":{"rendered":"Umweltvertr\u00e4gliche, soziale und wirtschaftliche nachhaltigkeit"},"content":{"rendered":"<p>[et_pb_section fb_built=&#8220;1&#8243; _builder_version=&#8220;4.10.8&#8243; _module_preset=&#8220;default&#8220; global_colors_info=&#8220;{}&#8220;][et_pb_row _builder_version=&#8220;4.13.0&#8243; _module_preset=&#8220;default&#8220; global_colors_info=&#8220;{}&#8220;][et_pb_column type=&#8220;4_4&#8243; _builder_version=&#8220;4.13.0&#8243; _module_preset=&#8220;default&#8220; global_colors_info=&#8220;{}&#8220;][et_pb_text _builder_version=&#8220;4.13.0&#8243; _module_preset=&#8220;default&#8220; text_text_color=&#8220;#000000&#8243; text_font_size=&#8220;16px&#8220; text_line_height=&#8220;1.3em&#8220; header_2_font=&#8220;|700||on|||||&#8220; header_2_text_align=&#8220;center&#8220; header_2_text_color=&#8220;#a31c27&#8243; header_2_font_size=&#8220;30px&#8220; header_2_line_height=&#8220;2em&#8220; hover_enabled=&#8220;0&#8243; global_colors_info=&#8220;{}&#8220; sticky_enabled=&#8220;0&#8243;]<\/p>\n<h2>UMWELTVERTR\u00c4GLICHE, SOZIALE UND WIRTSCHAFTLICHE NACHHALTIGKEIT<\/h2>\n<p>Der Ib\u00e9rico-Sektor hat sich bei diesem notwendigen \u00dcbergang zu einem nachhaltigeren Lebensmittelsystem an den europ\u00e4ischen Green Deal und seine Verpflichtungen (Klimaneutralit\u00e4t bis 2050) gehalten und steht im Einklang mit den von der UNO festgelegten Zielen f\u00fcr nachhaltige Entwicklung (SDGs). In diesem Sinne setzt sich der Sektor f\u00fcr eine effiziente Ressourcennutzung im Rahmen einer sauberen und kreislauforientierten Wirtschaft ein, um die Auswirkungen seiner Produktionst\u00e4tigkeit auf die Umwelt zu verringern und seinen \u00f6kologischen Fu\u00dfabdruck zu kompensieren.<\/p>\n<p>Der Ib\u00e9rico-Sektor engagiert sich nicht nur f\u00fcr die Umwelt, sondern auch f\u00fcr die soziale und wirtschaftliche Entwicklung der l\u00e4ndlichen Gebiete. Aus diesem Grund f\u00fchrt er seit Jahren eine Reihe von Initiativen durch, die sein starkes Engagement f\u00fcr die Umwelt widerspiegeln und seine grundlegende Rolle als sozialer und wirtschaftlicher Akteur im l\u00e4ndlichen Raum unterstreichen.<\/p>\n<p>[\/et_pb_text][\/et_pb_column][\/et_pb_row][et_pb_row column_structure=&#8220;1_2,1_2&#8243; _builder_version=&#8220;4.10.8&#8243; _module_preset=&#8220;default&#8220; global_colors_info=&#8220;{}&#8220;][et_pb_column type=&#8220;1_2&#8243; _builder_version=&#8220;4.10.8&#8243; _module_preset=&#8220;default&#8220; global_colors_info=&#8220;{}&#8220;][et_pb_text module_class=&#8220;divicon_rojo&#8220; _builder_version=&#8220;4.13.0&#8243; _module_preset=&#8220;default&#8220; text_font_size=&#8220;16px&#8220; ul_font_size=&#8220;16px&#8220; header_font=&#8220;|700||on|||||&#8220; header_text_color=&#8220;#a31c27&#8243; header_2_font=&#8220;|700||on|||||&#8220; header_2_text_color=&#8220;#a31c27&#8243; header_2_font_size=&#8220;30px&#8220; header_3_font=&#8220;|700|||||||&#8220; header_3_text_color=&#8220;#a31c27&#8243; background_color=&#8220;RGBA(0,0,0,0)&#8220; z_index=&#8220;500&#8243; sticky_limit_bottom=&#8220;body&#8220; hover_enabled=&#8220;0&#8243; global_colors_info=&#8220;{}&#8220; sticky_enabled=&#8220;0&#8243;]<\/p>\n<h3>CO2-FUSSABDRUCK<\/h3>\n<ul>\n<li>\n<ul>\n<li>Die Dehesa als Quelle der CO2-Absorption.<\/li>\n<li>Engagement f\u00fcr nat\u00fcrliche Futtermittel und lokale Bodenbewirtschaftung (Getreide).<\/li>\n<li>Verringerung der Treibhausgase.<\/li>\n<li>Kompensation des \u00f6kologischen Fu\u00dfabdrucks durch die Wiederaufforstung von W\u00e4ldern.<\/li>\n<li>Pl\u00e4ne zur Minimierung des CO2-Fu\u00dfabdrucks (Ersatz veralteter Ger\u00e4te durch effizientere, Senkung des Stromverbrauchs, Regulierung der Reinigungswassertemperaturen usw.).<\/li>\n<\/ul>\n<\/li>\n<\/ul>\n<p>[\/et_pb_text][\/et_pb_column][et_pb_column type=&#8220;1_2&#8243; _builder_version=&#8220;4.10.8&#8243; _module_preset=&#8220;default&#8220; global_colors_info=&#8220;{}&#8220;][et_pb_image src=&#8220;https:\/\/jamonesibericoseu.eu\/wp-content\/uploads\/2022\/01\/carbon_fingerprint.jpg&#8220; title_text=&#8220;carbon_fingerprint&#8220; _builder_version=&#8220;4.13.0&#8243; _module_preset=&#8220;default&#8220; global_colors_info=&#8220;{}&#8220;][\/et_pb_image][\/et_pb_column][\/et_pb_row][et_pb_row column_structure=&#8220;1_2,1_2&#8243; _builder_version=&#8220;4.10.8&#8243; _module_preset=&#8220;default&#8220; global_colors_info=&#8220;{}&#8220;][et_pb_column type=&#8220;1_2&#8243; _builder_version=&#8220;4.10.8&#8243; _module_preset=&#8220;default&#8220; global_colors_info=&#8220;{}&#8220;][et_pb_text module_class=&#8220;divicon_rojo&#8220; _builder_version=&#8220;4.13.0&#8243; _module_preset=&#8220;default&#8220; text_font_size=&#8220;16px&#8220; ul_font_size=&#8220;16px&#8220; header_font=&#8220;|700||on|||||&#8220; header_text_color=&#8220;#a31c27&#8243; header_2_font=&#8220;|700||on|||||&#8220; header_2_text_color=&#8220;#a31c27&#8243; header_2_font_size=&#8220;30px&#8220; header_3_font=&#8220;|700|||||||&#8220; header_3_text_color=&#8220;#a31c27&#8243; background_color=&#8220;RGBA(0,0,0,0)&#8220; z_index=&#8220;500&#8243; sticky_limit_bottom=&#8220;body&#8220; hover_enabled=&#8220;0&#8243; global_colors_info=&#8220;{}&#8220; sticky_enabled=&#8220;0&#8243;]<\/p>\n<h3>WASSER-FUSSABDRUCK<\/h3>\n<ul>\n<li>\n<ul>\n<li>Nachhaltige Wasserwirtschaft.<\/li>\n<li>Optimierung des Wasserverbrauchs. Verringerung des Wasserverbrauchs um 30 % in den letzten Jahren.<\/li>\n<li>Obligatorischer Bau von eingez\u00e4unten und abgedichteten Teichen, um das Risiko von Filtration und der Verunreinigung von Oberfl\u00e4chen- und Grundwasser zu vermeiden.<\/li>\n<\/ul>\n<\/li>\n<\/ul>\n<p>[\/et_pb_text][\/et_pb_column][et_pb_column type=&#8220;1_2&#8243; _builder_version=&#8220;4.10.8&#8243; _module_preset=&#8220;default&#8220; global_colors_info=&#8220;{}&#8220;][et_pb_image src=&#8220;https:\/\/jamonesibericoseu.eu\/wp-content\/uploads\/2022\/01\/water_fingerprint.jpg&#8220; title_text=&#8220;water_fingerprint&#8220; _builder_version=&#8220;4.13.0&#8243; _module_preset=&#8220;default&#8220; global_colors_info=&#8220;{}&#8220;][\/et_pb_image][\/et_pb_column][\/et_pb_row][et_pb_row column_structure=&#8220;1_2,1_2&#8243; _builder_version=&#8220;4.10.8&#8243; _module_preset=&#8220;default&#8220; global_colors_info=&#8220;{}&#8220;][et_pb_column type=&#8220;1_2&#8243; _builder_version=&#8220;4.10.8&#8243; _module_preset=&#8220;default&#8220; global_colors_info=&#8220;{}&#8220;][et_pb_text module_class=&#8220;divicon_rojo&#8220; _builder_version=&#8220;4.13.0&#8243; _module_preset=&#8220;default&#8220; text_font_size=&#8220;16px&#8220; ul_font_size=&#8220;16px&#8220; header_font=&#8220;|700||on|||||&#8220; header_text_color=&#8220;#a31c27&#8243; header_2_font=&#8220;|700||on|||||&#8220; header_2_text_color=&#8220;#a31c27&#8243; header_2_font_size=&#8220;30px&#8220; header_3_font=&#8220;|700|||||||&#8220; header_3_text_color=&#8220;#a31c27&#8243; background_color=&#8220;RGBA(0,0,0,0)&#8220; z_index=&#8220;500&#8243; sticky_limit_bottom=&#8220;body&#8220; hover_enabled=&#8220;0&#8243; global_colors_info=&#8220;{}&#8220; sticky_enabled=&#8220;0&#8243;]<\/p>\n<h3>ERNEUERBARE ENERGIEN<\/h3>\n<ul>\n<li>\n<ul>\n<li>Engagement f\u00fcr Energie aus erneuerbaren Quellen.<\/li>\n<li>Verringerung des Energieverbrauchs.<\/li>\n<\/ul>\n<\/li>\n<\/ul>\n<p>[\/et_pb_text][et_pb_text module_class=&#8220;divicon_rojo&#8220; _builder_version=&#8220;4.13.0&#8243; _module_preset=&#8220;default&#8220; text_font_size=&#8220;16px&#8220; ul_font_size=&#8220;16px&#8220; header_font=&#8220;|700||on|||||&#8220; header_text_color=&#8220;#a31c27&#8243; header_2_font=&#8220;|700||on|||||&#8220; header_2_text_color=&#8220;#a31c27&#8243; header_2_font_size=&#8220;30px&#8220; header_3_font=&#8220;|700|||||||&#8220; header_3_text_color=&#8220;#a31c27&#8243; background_color=&#8220;RGBA(0,0,0,0)&#8220; z_index=&#8220;500&#8243; sticky_limit_bottom=&#8220;body&#8220; hover_enabled=&#8220;0&#8243; global_colors_info=&#8220;{}&#8220; sticky_enabled=&#8220;0&#8243;]<\/p>\n<h3>ABFALLWIRTSCHAFT<\/h3>\n<ul>\n<li>\n<ul>\n<li>Abfallwirtschaftspl\u00e4ne f\u00fcr gebrauchte Verpackungsabf\u00e4lle.<\/li>\n<li>Weniger Einwegplastik. Umweltfreundlichere Verpackungen.<\/li>\n<\/ul>\n<\/li>\n<\/ul>\n<p>[\/et_pb_text][\/et_pb_column][et_pb_column type=&#8220;1_2&#8243; _builder_version=&#8220;4.10.8&#8243; _module_preset=&#8220;default&#8220; global_colors_info=&#8220;{}&#8220;][et_pb_image src=&#8220;https:\/\/jamonesibericoseu.eu\/wp-content\/uploads\/2022\/01\/renewable_energy.jpg&#8220; title_text=&#8220;renewable_energy&#8220; _builder_version=&#8220;4.13.0&#8243; _module_preset=&#8220;default&#8220; global_colors_info=&#8220;{}&#8220;][\/et_pb_image][\/et_pb_column][\/et_pb_row][et_pb_row column_structure=&#8220;1_2,1_2&#8243; _builder_version=&#8220;4.10.8&#8243; _module_preset=&#8220;default&#8220; global_colors_info=&#8220;{}&#8220;][et_pb_column type=&#8220;1_2&#8243; _builder_version=&#8220;4.10.8&#8243; _module_preset=&#8220;default&#8220; global_colors_info=&#8220;{}&#8220;][et_pb_text module_class=&#8220;divicon_rojo&#8220; _builder_version=&#8220;4.13.0&#8243; _module_preset=&#8220;default&#8220; text_font_size=&#8220;16px&#8220; ul_font_size=&#8220;16px&#8220; header_font=&#8220;|700||on|||||&#8220; header_text_color=&#8220;#a31c27&#8243; header_2_font=&#8220;|700||on|||||&#8220; header_2_text_color=&#8220;#a31c27&#8243; header_2_font_size=&#8220;30px&#8220; header_3_font=&#8220;|700|||||||&#8220; header_3_text_color=&#8220;#a31c27&#8243; background_color=&#8220;RGBA(0,0,0,0)&#8220; z_index=&#8220;500&#8243; sticky_limit_bottom=&#8220;body&#8220; hover_enabled=&#8220;0&#8243; global_colors_info=&#8220;{}&#8220; sticky_enabled=&#8220;0&#8243;]<\/p>\n<h3>SOZIALE NACHHALTIGKEIT<\/h3>\n<ul>\n<li>\n<ul>\n<li>Wirtschaftsmotor des l\u00e4ndlichen Spaniens, der Leben in den am meisten benachteiligten Gebieten schafft.<\/li>\n<li>R\u00fcckgrat der l\u00e4ndlichen Gebiete. Der Ib\u00e9rico-Sektor als Gegenmittel, um der demografischen Herausforderung in Europa Herr zu werden.<\/li>\n<li>Er schafft Wohlstand und Besch\u00e4ftigung, sichert die Zukunft der D\u00f6rfer und tr\u00e4gt dazu bei, die Bewohner in einer von Entv\u00f6lkerung bedrohten Umgebung zu halten.<\/li>\n<li>Er setzt sich f\u00fcr Chancengleichheit ein und strebt eine Frauenbesch\u00e4ftigung von 50 % an.<\/li>\n<li>Er f\u00f6rdert die Besch\u00e4ftigung in verwandten Sektoren, generiert wichtige Forschungs- und Entwicklungsaktivit\u00e4ten und tr\u00e4gt so zum wissenschaftlichen und technischen Fortschritt unseres Landes bei.<\/li>\n<li>Engagement f\u00fcr lokale oder ortsans\u00e4ssige Lieferanten (Hilfsindustrie, Futtermittel, professionelle Dienstleistungen&#8230;).<\/li>\n<\/ul>\n<\/li>\n<\/ul>\n<p>[\/et_pb_text][\/et_pb_column][et_pb_column type=&#8220;1_2&#8243; _builder_version=&#8220;4.10.8&#8243; _module_preset=&#8220;default&#8220; global_colors_info=&#8220;{}&#8220;][et_pb_image src=&#8220;https:\/\/jamonesibericoseu.eu\/wp-content\/uploads\/2022\/01\/social_sustainability.jpg&#8220; title_text=&#8220;Street in the village of San Martin de Trevejo, village of Caceres, Spain&#8220; _builder_version=&#8220;4.13.0&#8243; _module_preset=&#8220;default&#8220; global_colors_info=&#8220;{}&#8220;][\/et_pb_image][\/et_pb_column][\/et_pb_row][et_pb_row column_structure=&#8220;1_2,1_2&#8243; _builder_version=&#8220;4.10.8&#8243; _module_preset=&#8220;default&#8220; global_colors_info=&#8220;{}&#8220;][et_pb_column type=&#8220;1_2&#8243; _builder_version=&#8220;4.10.8&#8243; _module_preset=&#8220;default&#8220; global_colors_info=&#8220;{}&#8220;][et_pb_text module_class=&#8220;divicon_rojo&#8220; _builder_version=&#8220;4.13.0&#8243; _module_preset=&#8220;default&#8220; text_font_size=&#8220;16px&#8220; ul_font_size=&#8220;16px&#8220; header_font=&#8220;|700||on|||||&#8220; header_text_color=&#8220;#a31c27&#8243; header_2_font=&#8220;|700||on|||||&#8220; header_2_text_color=&#8220;#a31c27&#8243; header_2_font_size=&#8220;30px&#8220; header_3_font=&#8220;|700|||||||&#8220; header_3_text_color=&#8220;#a31c27&#8243; background_color=&#8220;RGBA(0,0,0,0)&#8220; z_index=&#8220;500&#8243; sticky_limit_bottom=&#8220;body&#8220; hover_enabled=&#8220;0&#8243; global_colors_info=&#8220;{}&#8220; sticky_enabled=&#8220;0&#8243;]<\/p>\n<h3>WIRTSCHAFTLICHE NACHHALTIGKEIT<\/h3>\n<ul>\n<li>\n<ul>\n<li>St\u00e4rkung der Kreislaufwirtschaft in der gesamten Kette unter der Pr\u00e4misse \u201eReduzieren-Wiederverwenden-Recyceln\u201c.<\/li>\n<li>Soziale Verantwortung der Unternehmen.<\/li>\n<li>Gerechter wirtschaftlicher Ertrag in der Nahrungskette.<\/li>\n<\/ul>\n<\/li>\n<\/ul>\n<p>[\/et_pb_text][\/et_pb_column][et_pb_column type=&#8220;1_2&#8243; _builder_version=&#8220;4.10.8&#8243; _module_preset=&#8220;default&#8220; global_colors_info=&#8220;{}&#8220;][et_pb_image src=&#8220;https:\/\/jamonesibericoseu.eu\/wp-content\/uploads\/2022\/01\/sostenibilidad_economica.jpg&#8220; title_text=&#8220;Sierra de Fuentes at dawn&#8220; _builder_version=&#8220;4.13.0&#8243; _module_preset=&#8220;default&#8220; global_colors_info=&#8220;{}&#8220;][\/et_pb_image][\/et_pb_column][\/et_pb_row][\/et_pb_section]<\/p>\n","protected":false},"excerpt":{"rendered":"<p>UMWELTVERTR\u00c4GLICHE, SOZIALE UND WIRTSCHAFTLICHE NACHHALTIGKEIT Der Ib\u00e9rico-Sektor hat sich bei diesem notwendigen \u00dcbergang zu einem nachhaltigeren Lebensmittelsystem an den europ\u00e4ischen Green Deal und seine Verpflichtungen (Klimaneutralit\u00e4t bis 2050) gehalten und steht im Einklang mit den von der UNO festgelegten Zielen f\u00fcr nachhaltige Entwicklung (SDGs). In diesem Sinne setzt sich der Sektor f\u00fcr eine effiziente Ressourcennutzung im Rahmen einer sauberen und kreislauforientierten Wirtschaft ein, um die Auswirkungen seiner Produktionst\u00e4tigkeit auf die Umwelt zu verringern und seinen \u00f6kologischen Fu\u00dfabdruck zu kompensieren. Der Ib\u00e9rico-Sektor engagiert sich nicht nur f\u00fcr die Umwelt, sondern auch f\u00fcr die soziale und wirtschaftliche Entwicklung der l\u00e4ndlichen Gebiete. Aus diesem Grund f\u00fchrt er seit Jahren eine Reihe von Initiativen durch, die sein starkes Engagement f\u00fcr die Umwelt widerspiegeln und seine grundlegende Rolle als sozialer und wirtschaftlicher Akteur im l\u00e4ndlichen Raum unterstreichen.CO2-FUSSABDRUCK Die Dehesa als Quelle der CO2-Absorption. Engagement f\u00fcr nat\u00fcrliche Futtermittel und lokale Bodenbewirtschaftung (Getreide). Verringerung der Treibhausgase. Kompensation des \u00f6kologischen Fu\u00dfabdrucks durch die Wiederaufforstung von W\u00e4ldern. Pl\u00e4ne zur Minimierung des CO2-Fu\u00dfabdrucks (Ersatz veralteter Ger\u00e4te durch effizientere, Senkung des Stromverbrauchs, Regulierung der Reinigungswassertemperaturen usw.). WASSER-FUSSABDRUCK Nachhaltige Wasserwirtschaft. Optimierung des Wasserverbrauchs. Verringerung des Wasserverbrauchs um 30 % in den letzten Jahren. Obligatorischer Bau von eingez\u00e4unten und abgedichteten Teichen, um das [&hellip;]<\/p>\n","protected":false},"author":1,"featured_media":0,"parent":5741,"menu_order":1,"comment_status":"closed","ping_status":"closed","template":"","meta":{"_et_pb_use_builder":"on","_et_pb_old_content":"","_et_gb_content_width":"","footnotes":""},"class_list":["post-4248","page","type-page","status-publish","hentry"],"_links":{"self":[{"href":"https:\/\/jamonesibericoseu.eu\/de\/wp-json\/wp\/v2\/pages\/4248","targetHints":{"allow":["GET"]}}],"collection":[{"href":"https:\/\/jamonesibericoseu.eu\/de\/wp-json\/wp\/v2\/pages"}],"about":[{"href":"https:\/\/jamonesibericoseu.eu\/de\/wp-json\/wp\/v2\/types\/page"}],"author":[{"embeddable":true,"href":"https:\/\/jamonesibericoseu.eu\/de\/wp-json\/wp\/v2\/users\/1"}],"replies":[{"embeddable":true,"href":"https:\/\/jamonesibericoseu.eu\/de\/wp-json\/wp\/v2\/comments?post=4248"}],"version-history":[{"count":5,"href":"https:\/\/jamonesibericoseu.eu\/de\/wp-json\/wp\/v2\/pages\/4248\/revisions"}],"predecessor-version":[{"id":4253,"href":"https:\/\/jamonesibericoseu.eu\/de\/wp-json\/wp\/v2\/pages\/4248\/revisions\/4253"}],"up":[{"embeddable":true,"href":"https:\/\/jamonesibericoseu.eu\/de\/wp-json\/wp\/v2\/pages\/5741"}],"wp:attachment":[{"href":"https:\/\/jamonesibericoseu.eu\/de\/wp-json\/wp\/v2\/media?parent=4248"}],"curies":[{"name":"wp","href":"https:\/\/api.w.org\/{rel}","templated":true}]}}