{"id":2272,"date":"2021-11-02T12:54:18","date_gmt":"2021-11-02T12:54:18","guid":{"rendered":"https:\/\/jamonesibericoseu.eu\/?page_id=2272"},"modified":"2021-11-05T18:26:45","modified_gmt":"2021-11-05T18:26:45","slug":"es-ist-immer-ein-guter-zeitpunkt","status":"publish","type":"page","link":"https:\/\/jamonesibericoseu.eu\/de\/es-ist-immer-ein-guter-zeitpunkt\/","title":{"rendered":"Es ist immer ein guter Zeitpunkt"},"content":{"rendered":"<p>[et_pb_section fb_built=&#8220;1&#8243; _builder_version=&#8220;4.10.8&#8243; _module_preset=&#8220;default&#8220; global_colors_info=&#8220;{}&#8220;][et_pb_row column_structure=&#8220;1_2,1_2&#8243; _builder_version=&#8220;4.10.8&#8243; _module_preset=&#8220;default&#8220; global_colors_info=&#8220;{}&#8220;][et_pb_column type=&#8220;1_2&#8243; _builder_version=&#8220;4.10.8&#8243; _module_preset=&#8220;default&#8220; global_colors_info=&#8220;{}&#8220;][et_pb_image src=&#8220;https:\/\/jamonesibericoseu.eu\/wp-content\/uploads\/2021\/10\/momento_iberico.jpg&#8220; title_text=&#8220;Ib\u00e9rico-Sinns&#8220; _builder_version=&#8220;4.10.8&#8243; _module_preset=&#8220;default&#8220; global_colors_info=&#8220;{}&#8220;][\/et_pb_image][\/et_pb_column][et_pb_column type=&#8220;1_2&#8243; _builder_version=&#8220;4.10.8&#8243; _module_preset=&#8220;default&#8220; global_colors_info=&#8220;{}&#8220;][et_pb_text _builder_version=&#8220;4.10.8&#8243; _module_preset=&#8220;default&#8220; text_font_size=&#8220;16px&#8220; header_font=&#8220;|700|||||||&#8220; header_text_color=&#8220;#a31c27&#8243; header_line_height=&#8220;1.2em&#8220; global_colors_info=&#8220;{}&#8220;]<\/p>\n<h1><strong>Es ist immer ein guter Zeitpunkt<br \/>\nf\u00fcr die Probe deines<br \/>\nIb\u00e9rico-Sinns<br \/>\n<\/strong><\/h1>\n<p>Deshalb l\u00e4sst sich die <strong>aufregende Wirkung des Jam\u00f3n Ib\u00e9ricos<\/strong> am besten dadurch erkl\u00e4ren, dass man ihn jederzeit <strong>auf die Probe stellt<\/strong>.<\/p>\n<p>Beim Mittagessen, beim Fr\u00fchst\u00fcck, beim Abendessen, mit Freunden oder ohne sie, bei einem Glas Wein, bei einem Sonnenaufgang, an einem gemeinsamen Tisch, bei einem Lied, beim H\u00e4ndeklatschen, bei einer Liebe, bei einem Plan&#8230;<\/p>\n<p>Denn der <strong>Ib\u00e9rico-Sinn<\/strong> ist ein Sinn,<strong> der nicht beschrieben werden kann<\/strong>, sondern <strong>nur <\/strong><strong>gef\u00fchlt und gelebt werden kann. <\/strong>[\/et_pb_text][\/et_pb_column][\/et_pb_row][et_pb_row column_structure=&#8220;1_2,1_2&#8243; _builder_version=&#8220;4.10.8&#8243; _module_preset=&#8220;default&#8220; global_colors_info=&#8220;{}&#8220;][et_pb_column type=&#8220;1_2&#8243; _builder_version=&#8220;4.10.8&#8243; _module_preset=&#8220;default&#8220; global_colors_info=&#8220;{}&#8220;][et_pb_image src=&#8220;https:\/\/jamonesibericoseu.eu\/wp-content\/uploads\/2021\/09\/ir-a-emplaytados.jpg&#8220; title_text=&#8220;gehe zu Anrichtungen&#8220; _builder_version=&#8220;4.10.8&#8243; _module_preset=&#8220;default&#8220; global_colors_info=&#8220;{}&#8220;][\/et_pb_image][et_pb_button button_url=&#8220;@ET-DC@eyJkeW5hbWljIjp0cnVlLCJjb250ZW50IjoicG9zdF9saW5rX3VybF9wYWdlIiwic2V0dGluZ3MiOnsicG9zdF9pZCI6IjIyMSJ9fQ==@&#8220; button_text=&#8220;Anrichtungen&#8220; button_alignment=&#8220;center&#8220; _builder_version=&#8220;4.13.0&#8243; _dynamic_attributes=&#8220;button_url&#8220; _module_preset=&#8220;default&#8220; custom_button=&#8220;on&#8220; button_text_color=&#8220;#FFFFFF&#8220; button_bg_color=&#8220;#000000&#8243; button_border_width=&#8220;7px&#8220; button_border_color=&#8220;#000000&#8243; button_border_radius=&#8220;0px&#8220; button_font=&#8220;glow||||||||&#8220; button_icon=&#8220;&#x45;||divi||400&#8243; global_colors_info=&#8220;{}&#8220;][\/et_pb_button][\/et_pb_column][et_pb_column type=&#8220;1_2&#8243; _builder_version=&#8220;4.10.8&#8243; _module_preset=&#8220;default&#8220; global_colors_info=&#8220;{}&#8220;][et_pb_image src=&#8220;https:\/\/jamonesibericoseu.eu\/wp-content\/uploads\/2021\/09\/ir-a-blister-tips.jpg&#8220; title_text=&#8220;gehe zu blister tips&#8220; _builder_version=&#8220;4.10.8&#8243; _module_preset=&#8220;default&#8220; global_colors_info=&#8220;{}&#8220;][\/et_pb_image][et_pb_button button_url=&#8220;@ET-DC@eyJkeW5hbWljIjp0cnVlLCJjb250ZW50IjoicG9zdF9saW5rX3VybF9wYWdlIiwic2V0dGluZ3MiOnsicG9zdF9pZCI6IjE5MjYifX0=@&#8220; button_text=&#8220;BLISTER TIPS&#8220; button_alignment=&#8220;center&#8220; _builder_version=&#8220;4.13.0&#8243; _dynamic_attributes=&#8220;button_url&#8220; _module_preset=&#8220;default&#8220; custom_button=&#8220;on&#8220; button_text_color=&#8220;#FFFFFF&#8220; button_bg_color=&#8220;#000000&#8243; button_border_width=&#8220;7px&#8220; button_border_color=&#8220;#000000&#8243; button_border_radius=&#8220;0px&#8220; button_font=&#8220;glow||||||||&#8220; button_icon=&#8220;&#x45;||divi||400&#8243; custom_padding=&#8220;|80px||80px|false|false&#8220; hover_enabled=&#8220;0&#8243; global_colors_info=&#8220;{}&#8220; sticky_enabled=&#8220;0&#8243;][\/et_pb_button][\/et_pb_column][\/et_pb_row][\/et_pb_section]<\/p>\n","protected":false},"excerpt":{"rendered":"<p>Es ist immer ein guter Zeitpunkt f\u00fcr die Probe deines Ib\u00e9rico-Sinns Deshalb l\u00e4sst sich die aufregende Wirkung des Jam\u00f3n Ib\u00e9ricos am besten dadurch erkl\u00e4ren, dass man ihn jederzeit auf die Probe stellt. Beim Mittagessen, beim Fr\u00fchst\u00fcck, beim Abendessen, mit Freunden oder ohne sie, bei einem Glas Wein, bei einem Sonnenaufgang, an einem gemeinsamen Tisch, bei einem Lied, beim H\u00e4ndeklatschen, bei einer Liebe, bei einem Plan&#8230; Denn der Ib\u00e9rico-Sinn ist ein Sinn, der nicht beschrieben werden kann, sondern nur gef\u00fchlt und gelebt werden kann.<\/p>\n","protected":false},"author":1,"featured_media":0,"parent":0,"menu_order":0,"comment_status":"closed","ping_status":"closed","template":"","meta":{"_et_pb_use_builder":"on","_et_pb_old_content":"","_et_gb_content_width":"","footnotes":""},"class_list":["post-2272","page","type-page","status-publish","hentry"],"_links":{"self":[{"href":"https:\/\/jamonesibericoseu.eu\/de\/wp-json\/wp\/v2\/pages\/2272","targetHints":{"allow":["GET"]}}],"collection":[{"href":"https:\/\/jamonesibericoseu.eu\/de\/wp-json\/wp\/v2\/pages"}],"about":[{"href":"https:\/\/jamonesibericoseu.eu\/de\/wp-json\/wp\/v2\/types\/page"}],"author":[{"embeddable":true,"href":"https:\/\/jamonesibericoseu.eu\/de\/wp-json\/wp\/v2\/users\/1"}],"replies":[{"embeddable":true,"href":"https:\/\/jamonesibericoseu.eu\/de\/wp-json\/wp\/v2\/comments?post=2272"}],"version-history":[{"count":7,"href":"https:\/\/jamonesibericoseu.eu\/de\/wp-json\/wp\/v2\/pages\/2272\/revisions"}],"predecessor-version":[{"id":3460,"href":"https:\/\/jamonesibericoseu.eu\/de\/wp-json\/wp\/v2\/pages\/2272\/revisions\/3460"}],"wp:attachment":[{"href":"https:\/\/jamonesibericoseu.eu\/de\/wp-json\/wp\/v2\/media?parent=2272"}],"curies":[{"name":"wp","href":"https:\/\/api.w.org\/{rel}","templated":true}]}}